{"id":13124,"date":"2026-03-18T08:14:37","date_gmt":"2026-03-18T08:14:37","guid":{"rendered":"https:\/\/soydeaqui.ddns.net\/pachuca\/index.php\/producto\/panel-de-distribucin-de-fibra-ptica-acepta-8-casetes-quicknet-o-placas-fap-fmp-con-panel-cfappbl2-no-incluido-bandeja-fija-hasta-192-fibras-color-negro-2ur\/"},"modified":"2026-03-18T08:14:40","modified_gmt":"2026-03-18T08:14:40","slug":"panel-de-distribucin-de-fibra-ptica-acepta-8-casetes-quicknet-o-placas-fap-fmp-con-panel-cfappbl2-no-incluido-bandeja-fija-hasta-192-fibras-color-negro-2ur","status":"publish","type":"product","link":"https:\/\/soydeaqui.ddns.net\/pachuca\/index.php\/producto\/panel-de-distribucin-de-fibra-ptica-acepta-8-casetes-quicknet-o-placas-fap-fmp-con-panel-cfappbl2-no-incluido-bandeja-fija-hasta-192-fibras-color-negro-2ur\/","title":{"rendered":"Panel de Distribuci?n de Fibra ?ptica, Acepta 8 Casetes QuickNet o Placas FAP\/FMP con Panel CFAPPBL2 (No Incluido), Bandeja Fija, Hasta 192 Fibras, Color Negro, 2UR"},"content":{"rendered":"<div style='width: 100%; max-width: 1200px; margin: 0 auto; font-family: sans-serif; line-height: 1.6; color: inherit; background-color: transparent;'> <!-- Descripci\u00f3n general --> <\/p>\n<div style='margin-bottom: 30px;'>\n<h2 style='font-size: 24px; border-bottom: 2px solid currentColor; padding-bottom: 8px; margin-top: 0; color: inherit; opacity: 0.9;'>Descripci\u00f3n<\/h2>\n<p style='font-size: 15px; color: inherit; margin-top: 10px;'>El panel de distribuci\u00f3n Panduit\u00ae Opticom\u00ae est\u00e1 dise\u00f1ado para organizar fibra \u00f3ptica cuando el espacio es limitado. Cuando se usa con el panel de conexiones Panduit CFAPPBL2&comma; admite hasta 8 cassettes QuickNet&comma; placas adaptadoras FAP y FMP. Adem\u00e1s&comma; permite elegir c\u00f3mo pasar los cables a trav\u00e9s de la entrada lateral o posterior&comma; e incluye una cubierta superior extra\u00edble para acceso f\u00e1cil a los cables.<\/p>\n<\/p><\/div>\n<p> <!-- Caracter\u00edsticas principales --> <\/p>\n<div style='display: flex; flex-wrap: wrap; gap: 30px; margin-bottom: 30px;'>\n<div style='flex: 1 1 300px; min-width: 280px;'>\n<h3 style='font-size: 22px; border-bottom: 2px solid currentColor; padding-bottom: 5px; margin-top: 0; color: inherit; opacity: 0.8;'>Caracter\u00edsticas Principales<\/h3>\n<ul style='padding-left: 20px; font-size: 15px; color: inherit;'>\n<li style='margin-bottom: 5px;'>Dise\u00f1o modular compatible con cassettes QuickNet&comma; placas adaptadoras FAP y FMP<\/li>\n<li style='margin-bottom: 5px;'>Permite entrada de cables por lado lateral o posterior<\/li>\n<li style='margin-bottom: 5px;'>Cubierta superior extra\u00edble para acceso a cables<\/li>\n<li style='margin-bottom: 5px;'>Construcci\u00f3n en acero para durabilidad<\/li>\n<li style='margin-bottom: 5px;'>Compatible con todos los conectores Panduit: LC&comma; SC&comma; ST&comma; MT-RJ y MTP*<\/li>\n<li style='margin-bottom: 5px;'>Dise\u00f1o angulado que permite mejor gesti\u00f3n de cables<\/li>\n<\/ul><\/div>\n<p> <!-- Especificaciones t\u00e9cnicas --> <\/p>\n<div style='flex: 1 1 300px; min-width: 280px;'>\n<h3 style='font-size: 22px; border-bottom: 2px solid currentColor; padding-bottom: 5px; margin-top: 0; color: inherit; opacity: 0.8;'>Especificaciones T\u00e9cnicas<\/h3>\n<ul style='padding-left: 20px; font-size: 15px; color: inherit;'>\n<li style='margin-bottom: 5px;'><strong>Montaje:<\/strong> Instalaci\u00f3n est\u00e1ndar EIA 19in<\/li>\n<li style='margin-bottom: 5px;'><strong>Altura:<\/strong> 3.47&#8242; (88.1 mm)<\/li>\n<li style='margin-bottom: 5px;'><strong>Ancho:<\/strong> 19.00&#8242; (482.60 mm)<\/li>\n<li style='margin-bottom: 5px;'><strong>Profundidad:<\/strong> 11.16&#8242; (283.4 mm)<\/li>\n<li style='margin-bottom: 5px;'><strong>Capacidad:<\/strong> Hasta 8 cassettes QuickNet&comma; placas FAP y FMP<\/li>\n<li style='margin-bottom: 5px;'><strong>Material:<\/strong> Acero<\/li>\n<\/ul><\/div>\n<\/p><\/div>\n<p> <!-- Capacidad de fibras --> <\/p>\n<div style='margin-bottom: 30px;'>\n<h3 style='font-size: 22px; border-bottom: 2px solid currentColor; padding-bottom: 5px; margin-top: 0; color: inherit; opacity: 0.8;'>Capacidad de Fibras<\/h3>\n<p style='font-size: 15px; color: inherit; margin-top: 10px;'>Soporta hasta 192 fibras en configuraciones de:<\/p>\n<ul style='padding-left: 20px; font-size: 15px; color: inherit;'>\n<li style='margin-bottom: 5px;'>96 a 192 fibras con adaptadores LC d\u00faplex<\/li>\n<li style='margin-bottom: 5px;'>48 a 96 fibras con adaptadores SC d\u00faplex<\/li>\n<li style='margin-bottom: 5px;'>24 a 48 fibras con adaptadores ST simplex<\/li>\n<\/ul>\n<p> <!-- Imagen --> <\/p>\n<div style='margin-top: 20px;'> <img style='width: 100%; height: auto; border: 1px solid rgba(150&comma;150&comma;150&comma;0.3); border-radius: 8px;' src='https:\/\/ftp3.syscom.mx\/usuarios\/fotos\/FMT1\/182786-sin_t\u00edtulo_2.jpeg' alt='Panel de Distribuci\u00f3n de Fibra \u00d3ptica'> <\/div>\n<\/p><\/div>\n<p> <!-- Aplicaciones --> <\/p>\n<div style='margin-bottom: 30px;'>\n<h3 style='font-size: 22px; border-bottom: 2px solid currentColor; padding-bottom: 5px; margin-top: 0; color: inherit; opacity: 0.8;'>Aplicaciones<\/h3>\n<ul style='padding-left: 20px; font-size: 15px; color: inherit;'>\n<li style='margin-bottom: 5px;'>Administraci\u00f3n de fibra \u00f3ptica en entornos de espacio limitado<\/li>\n<li style='margin-bottom: 5px;'>Soluci\u00f3n modular para instalaciones preterminadas<\/li>\n<li style='margin-bottom: 5px;'>Gesti\u00f3n de conexiones en centros de datos y salas de telecomunicaciones<\/li>\n<li style='margin-bottom: 5px;'>Sistemas de terminaci\u00f3n de fibra \u00f3ptica en diversas configuraciones<\/li>\n<\/ul><\/div>\n<p> <!-- Compatibilidad --> <\/p>\n<div style='margin-bottom: 30px;'>\n<h3 style='font-size: 22px; border-bottom: 2px solid currentColor; padding-bottom: 5px; margin-top: 0; color: inherit; opacity: 0.8;'>Compatibilidad<\/h3>\n<ul style='padding-left: 20px; font-size: 15px; color: inherit;'>\n<li style='margin-bottom: 5px;'>Cassettes QuickNet<\/li>\n<li style='margin-bottom: 5px;'>Placas adaptadoras FAP y FMP<\/li>\n<li style='margin-bottom: 5px;'>Conectores LC&comma; SC&comma; ST&comma; MT-RJ y MTP*<\/li>\n<li style='margin-bottom: 5px;'>Cables verticales y horizontales<\/li>\n<\/ul><\/div>\n<p> <!-- Componentes incluidos --> <\/p>\n<div style='margin-bottom: 30px;'>\n<h3 style='font-size: 22px; border-bottom: 2px solid currentColor; padding-bottom: 5px; margin-top: 0; color: inherit; opacity: 0.8;'>Componentes Incluidos<\/h3>\n<ul style='padding-left: 20px; font-size: 15px; color: inherit;'>\n<li style='margin-bottom: 5px;'>Bandeja fija para organizaci\u00f3n de cables<\/li>\n<li style='margin-bottom: 5px;'>Kit de hardware para montaje<\/li>\n<li style='margin-bottom: 5px;'>Etiquetas identificadoras<\/li>\n<\/ul><\/div>\n<p> <!-- Nota sobre marca --> <\/p>\n<div style='margin-top: 30px; padding-top: 15px; border-top: 1px solid rgba(150&comma;150&comma;150&comma;0.3); font-size: 13px; color: inherit; opacity: 0.7;'>\n<p style='margin: 0;'>*MTP es una marca registrada de US Conec Ltd.<\/p>\n<\/p><\/div>\n<\/p><\/div>\n","protected":false},"excerpt":{"rendered":"<p>Panel de Distribuci?n de Fibra ?ptica, Acepta 8 Casetes QuickNet o Placas FAP\/FMP con Panel CFAPPBL2 (No Incluido), Bandeja Fija, Hasta 192 Fibras, Color Negro, 2UR<\/p>\n","protected":false},"featured_media":13123,"comment_status":"open","ping_status":"closed","template":"","meta":[],"product_brand":[],"product_cat":[621],"product_tag":[622,611,445],"class_list":{"0":"post-13124","1":"product","2":"type-product","3":"status-publish","4":"has-post-thumbnail","6":"product_cat-distribuidores-de-fibra-optica","7":"product_tag-distribuidores-de-fibra-optica","8":"product_tag-fibra-optica","9":"product_tag-panduit","11":"first","12":"outofstock","13":"sale","14":"shipping-taxable","15":"purchasable","16":"product-type-simple"},"_links":{"self":[{"href":"https:\/\/soydeaqui.ddns.net\/pachuca\/index.php\/wp-json\/wp\/v2\/product\/13124","targetHints":{"allow":["GET"]}}],"collection":[{"href":"https:\/\/soydeaqui.ddns.net\/pachuca\/index.php\/wp-json\/wp\/v2\/product"}],"about":[{"href":"https:\/\/soydeaqui.ddns.net\/pachuca\/index.php\/wp-json\/wp\/v2\/types\/product"}],"replies":[{"embeddable":true,"href":"https:\/\/soydeaqui.ddns.net\/pachuca\/index.php\/wp-json\/wp\/v2\/comments?post=13124"}],"wp:featuredmedia":[{"embeddable":true,"href":"https:\/\/soydeaqui.ddns.net\/pachuca\/index.php\/wp-json\/wp\/v2\/media\/13123"}],"wp:attachment":[{"href":"https:\/\/soydeaqui.ddns.net\/pachuca\/index.php\/wp-json\/wp\/v2\/media?parent=13124"}],"wp:term":[{"taxonomy":"product_brand","embeddable":true,"href":"https:\/\/soydeaqui.ddns.net\/pachuca\/index.php\/wp-json\/wp\/v2\/product_brand?post=13124"},{"taxonomy":"product_cat","embeddable":true,"href":"https:\/\/soydeaqui.ddns.net\/pachuca\/index.php\/wp-json\/wp\/v2\/product_cat?post=13124"},{"taxonomy":"product_tag","embeddable":true,"href":"https:\/\/soydeaqui.ddns.net\/pachuca\/index.php\/wp-json\/wp\/v2\/product_tag?post=13124"}],"curies":[{"name":"wp","href":"https:\/\/api.w.org\/{rel}","templated":true}]}}