{"id":13111,"date":"2026-03-18T08:14:27","date_gmt":"2026-03-18T08:14:27","guid":{"rendered":"https:\/\/soydeaqui.ddns.net\/pachuca\/index.php\/producto\/accesorio-de-apilamiento-para-charola-de-empalme-fst6-para-instalacin-en-distribuidores-de-fibra-ptica-de-pared-fwme4-y-fwme8\/"},"modified":"2026-03-18T08:14:28","modified_gmt":"2026-03-18T08:14:28","slug":"accesorio-de-apilamiento-para-charola-de-empalme-fst6-para-instalacin-en-distribuidores-de-fibra-ptica-de-pared-fwme4-y-fwme8","status":"publish","type":"product","link":"https:\/\/soydeaqui.ddns.net\/pachuca\/index.php\/producto\/accesorio-de-apilamiento-para-charola-de-empalme-fst6-para-instalacin-en-distribuidores-de-fibra-ptica-de-pared-fwme4-y-fwme8\/","title":{"rendered":"Accesorio de Apilamiento para Charola de Empalme FST6, para Instalaci?n en Distribuidores de Fibra ?ptica de Pared FWME4 y FWME8"},"content":{"rendered":"<div style='width: 100%; max-width: 1200px; margin: 0 auto; font-family: sans-serif; line-height: 1.6; color: inherit; background-color: transparent;'> <!-- Secci\u00f3n de descripci\u00f3n general --> <\/p>\n<div style='display: flex; flex-wrap: wrap; gap: 30px; margin-bottom: 30px;'>\n<div style='flex: 1 1 300px; min-width: 280px;'>\n<h3 style='font-size: 22px; border-bottom: 2px solid currentColor; padding-bottom: 5px; margin-top: 0; color: inherit; opacity: 0.8;'>Descripci\u00f3n General<\/h3>\n<p style='font-size: 15px; color: inherit;'> Soporte de apilamiento de fibra para bandeja de empalme de fibra FST6. Sostiene y asegura de 1 a 4 bandejas de empalme (FST6) con cinchos Panduit Tak-Ty. Para uso en gabinetes de montaje en pared FWME4 y FWME8. <\/p>\n<ul style='padding-left: 20px; font-size: 15px; color: inherit;'>\n<li style='margin-bottom: 5px;'>Material: Aluminio<\/li>\n<li style='margin-bottom: 5px;'>Color: Negro<\/li>\n<li style='margin-bottom: 5px;'>Cumple con RoHS<\/li>\n<\/ul><\/div>\n<\/p><\/div>\n<p> <!-- Secci\u00f3n de dimensiones --> <\/p>\n<div style='display: flex; flex-wrap: wrap; gap: 20px; margin-bottom: 30px;'>\n<div style='flex: 1 1 250px; border: 1px solid rgba(150&comma; 150&comma; 150&comma; 0.4); border-radius: 8px; overflow: hidden; display: flex; flex-direction: column;'>\n<div style='padding: 15px; border-bottom: 1px solid rgba(150&comma; 150&comma; 150&comma; 0.2); font-weight: bold; font-size: 18px; color: inherit;'>Dimensiones<\/div>\n<div style='padding: 15px; color: inherit;'>\n<ul style='padding-left: 20px; margin: 0; font-size: 14px; list-style-type: disc;'>\n<li style='margin-bottom: 5px;'><strong>Ancho total:<\/strong> 117.5 mm (4.63 in)<\/li>\n<li style='margin-bottom: 5px;'><strong>Profundidad total:<\/strong> 114.3 mm (4.50 in)<\/li>\n<li style='margin-bottom: 5px;'><strong>Altura total:<\/strong> 80.8 mm (3.18 in)<\/li>\n<\/ul><\/div>\n<\/p><\/div>\n<\/p><\/div>\n<p> <!-- Secci\u00f3n de compatibilidad --> <\/p>\n<div style='display: flex; flex-wrap: wrap; gap: 20px; margin-bottom: 30px;'>\n<div style='flex: 1 1 250px; border: 1px solid rgba(150&comma; 150&comma; 150&comma; 0.4); border-radius: 8px; overflow: hidden; display: flex; flex-direction: column;'>\n<div style='padding: 15px; border-bottom: 1px solid rgba(150&comma; 150&comma; 150&comma; 0.2); font-weight: bold; font-size: 18px; color: inherit;'>Compatibilidad<\/div>\n<div style='padding: 15px; color: inherit;'>\n<ul style='padding-left: 20px; margin: 0; font-size: 14px; list-style-type: disc;'>\n<li style='margin-bottom: 5px;'>Gabinetes compatibles: FWME4 y FWME8<\/li>\n<li style='margin-bottom: 5px;'>Bandejas de empalme compatibles: FST6<\/li>\n<li style='margin-bottom: 5px;'>Cincho compatible: Panduit Tak-Ty<\/li>\n<\/ul><\/div>\n<\/p><\/div>\n<\/p><\/div>\n<p> <!-- Secci\u00f3n de capacidad --> <\/p>\n<div style='display: flex; flex-wrap: wrap; gap: 20px; margin-bottom: 30px;'>\n<div style='flex: 1 1 250px; border: 1px solid rgba(150&comma; 150&comma; 150&comma; 0.4); border-radius: 8px; overflow: hidden; display: flex; flex-direction: column;'>\n<div style='padding: 15px; border-bottom: 1px solid rgba(150&comma; 150&comma; 150&comma; 0.2); font-weight: bold; font-size: 18px; color: inherit;'>Capacidad<\/div>\n<div style='padding: 15px; color: inherit;'>\n<ul style='padding-left: 20px; margin: 0; font-size: 14px; list-style-type: disc;'>\n<li style='margin-bottom: 5px;'>Soporta de 1 a 4 bandejas de empalme FST6<\/li>\n<li style='margin-bottom: 5px;'>Capacidad de almacenamiento de empalmes: Hasta 4 FST6 por soporte<\/li>\n<li style='margin-bottom: 5px;'>FWME4: Soporta 1 FST6H4 que acomoda hasta 4 FST6s<\/li>\n<li style='margin-bottom: 5px;'>FWME8: Soporta 2 FST6H4 que acomoda hasta 4 FST6s cada uno<\/li>\n<\/ul><\/div>\n<\/p><\/div>\n<\/p><\/div>\n<p> <!-- Separador --> <\/p>\n<hr style='border: 0; border-top: 1px solid rgba(150&comma; 150&comma; 150&comma; 0.3); margin: 30px 0;'> <!-- Secci\u00f3n de aplicaciones --> <\/p>\n<div style='display: flex; flex-wrap: wrap; gap: 30px; margin-bottom: 30px;'>\n<div style='flex: 1 1 300px; min-width: 280px;'>\n<h3 style='font-size: 22px; border-bottom: 2px solid currentColor; padding-bottom: 5px; margin-top: 0; color: inherit; opacity: 0.8;'>Aplicaciones<\/h3>\n<ul style='padding-left: 20px; font-size: 15px; color: inherit;'>\n<li style='margin-bottom: 5px;'>Gesti\u00f3n y organizaci\u00f3n de fibra \u00f3ptica en \u00e1reas con espacio limitado<\/li>\n<li style='margin-bottom: 5px;'>Interconexi\u00f3n o cruce en cualquier sala de telecomunicaciones<\/li>\n<li style='margin-bottom: 5px;'>Gesti\u00f3n de cable desde el exterior de la instalaci\u00f3n<\/li>\n<li style='margin-bottom: 5px;'>Uso con cualquier panel de adaptador est\u00e1ndar FAP o FMP<\/li>\n<li style='margin-bottom: 5px;'>Sistema completamente modular para gesti\u00f3n de cables de fibra y cobre<\/li>\n<\/ul><\/div>\n<\/p><\/div>\n<p> <!-- Secci\u00f3n de caracter\u00edsticas clave --> <\/p>\n<div style='display: flex; flex-wrap: wrap; gap: 20px; margin-bottom: 30px;'>\n<div style='flex: 1 1 250px; border: 1px solid rgba(150&comma; 150&comma; 150&comma; 0.4); border-radius: 8px; overflow: hidden; display: flex; flex-direction: column;'>\n<div style='padding: 15px; border-bottom: 1px solid rgba(150&comma; 150&comma; 150&comma; 0.2); font-weight: bold; font-size: 18px; color: inherit;'>Caracter\u00edsticas Clave<\/div>\n<div style='padding: 15px; color: inherit;'>\n<ul style='padding-left: 20px; margin: 0; font-size: 14px; list-style-type: disc;'>\n<li style='margin-bottom: 5px;'>Protecci\u00f3n de radio de curvatura de fibra<\/li>\n<li style='margin-bottom: 5px;'>Cierre con llave opcional entre segmentos de servicio y usuario<\/li>\n<li style='margin-bottom: 5px;'>\u00c1rea de almacenamiento para organizar el exceso de fibra<\/li>\n<li style='margin-bottom: 5px;'>Gancho de goma para protecci\u00f3n contra polvo y sujeci\u00f3n del cable<\/li>\n<li style='margin-bottom: 5px;'>Cierre mejorado para cierre seguro<\/li>\n<li style='margin-bottom: 5px;'>Compatibilidad con m\u00f3dulos Mini-Com\u00ae&comma; Opti-Jack\u00ae ST&comma; SC&comma; Coax y cassettes de fibra<\/li>\n<li style='margin-bottom: 5px;'>Cierre montado al ras para minimizar la profundidad desde la pared<\/li>\n<li style='margin-bottom: 5px;'>Soporte para bandeja de empalme opcional permite empalmes dentro de los gabinetes de conexi\u00f3n<\/li>\n<\/ul><\/div>\n<\/p><\/div>\n<\/p><\/div>\n<p> <!-- Secci\u00f3n de especificaciones t\u00e9cnicas --> <\/p>\n<div style='display: flex; flex-wrap: wrap; gap: 20px; margin-bottom: 30px;'>\n<div style='flex: 1 1 250px; border: 1px solid rgba(150&comma; 150&comma; 150&comma; 0.4); border-radius: 8px; overflow: hidden; display: flex; flex-direction: column;'>\n<div style='padding: 15px; border-bottom: 1px solid rgba(150&comma; 150&comma; 150&comma; 0.2); font-weight: bold; font-size: 18px; color: inherit;'>Especificaciones T\u00e9cnicas<\/div>\n<div style='padding: 15px; color: inherit;'>\n<ul style='padding-left: 20px; margin: 0; font-size: 14px; list-style-type: disc;'>\n<li style='margin-bottom: 5px;'>Material: Aluminio<\/li>\n<li style='margin-bottom: 5px;'>Color: Negro<\/li>\n<li style='margin-bottom: 5px;'>Cumple con RoHS<\/li>\n<li style='margin-bottom: 5px;'>Construcci\u00f3n de acero para gabinetes<\/li>\n<li style='margin-bottom: 5px;'>Protecci\u00f3n de radio de curvatura para 12\/24 fibras<\/li>\n<li style='margin-bottom: 5px;'>Opci\u00f3n de cierre con llave discreta entre segmentos de servicio y usuario<\/li>\n<\/ul><\/div>\n<\/p><\/div>\n<\/p><\/div>\n<p> <!-- Secci\u00f3n de compatibilidad de gabinetes --> <\/p>\n<div style='display: flex; flex-wrap: wrap; gap: 20px; margin-bottom: 30px;'>\n<div style='flex: 1 1 250px; border: 1px solid rgba(150&comma; 150&comma; 150&comma; 0.4); border-radius: 8px; overflow: hidden; display: flex; flex-direction: column;'>\n<div style='padding: 15px; border-bottom: 1px solid rgba(150&comma; 150&comma; 150&comma; 0.2); font-weight: bold; font-size: 18px; color: inherit;'>Compatibilidad de Gabinetes<\/div>\n<div style='padding: 15px; color: inherit;'>\n<ul style='padding-left: 20px; margin: 0; font-size: 14px; list-style-type: disc;'>\n<li style='margin-bottom: 5px;'>FWME2: Soporta (1) FSTHS que acomoda hasta 2 FSTKs<\/li>\n<li style='margin-bottom: 5px;'>FWME4: Soporta (1) FST6H4 que acomoda hasta 4 FST6s<\/li>\n<li style='margin-bottom: 5px;'>FWME8: Soporta (2) FST6H4s que acomoda hasta 4 FST6s cada uno<\/li>\n<\/ul><\/div>\n<\/p><\/div>\n<\/p><\/div>\n<p> <!-- Secci\u00f3n de informaci\u00f3n de empaque --> <\/p>\n<div style='display: flex; flex-wrap: wrap; gap: 20px; margin-bottom: 30px;'>\n<div style='flex: 1 1 250px; border: 1px solid rgba(150&comma; 150&comma; 150&comma; 0.4); border-radius: 8px; overflow: hidden; display: flex; flex-direction: column;'>\n<div style='padding: 15px; border-bottom: 1px solid rgba(150&comma; 150&comma; 150&comma; 0.2); font-weight: bold; font-size: 18px; color: inherit;'>Informaci\u00f3n de Empaque<\/div>\n<div style='padding: 15px; color: inherit;'>\n<ul style='padding-left: 20px; margin: 0; font-size: 14px; list-style-type: disc;'>\n<li style='margin-bottom: 5px;'>Incluye kit de accesorios<\/li>\n<li style='margin-bottom: 5px;'>Incluye etiquetas<\/li>\n<\/ul><\/div>\n<\/p><\/div>\n<\/p><\/div>\n<\/p><\/div>\n","protected":false},"excerpt":{"rendered":"<p>Accesorio de Apilamiento para Charola de Empalme FST6, para Instalaci?n en Distribuidores de Fibra ?ptica de Pared FWME4 y FWME8<\/p>\n","protected":false},"featured_media":13110,"comment_status":"open","ping_status":"closed","template":"","meta":[],"product_brand":[],"product_cat":[621],"product_tag":[622,611,445],"class_list":{"0":"post-13111","1":"product","2":"type-product","3":"status-publish","4":"has-post-thumbnail","6":"product_cat-distribuidores-de-fibra-optica","7":"product_tag-distribuidores-de-fibra-optica","8":"product_tag-fibra-optica","9":"product_tag-panduit","11":"first","12":"outofstock","13":"sale","14":"shipping-taxable","15":"purchasable","16":"product-type-simple"},"_links":{"self":[{"href":"https:\/\/soydeaqui.ddns.net\/pachuca\/index.php\/wp-json\/wp\/v2\/product\/13111","targetHints":{"allow":["GET"]}}],"collection":[{"href":"https:\/\/soydeaqui.ddns.net\/pachuca\/index.php\/wp-json\/wp\/v2\/product"}],"about":[{"href":"https:\/\/soydeaqui.ddns.net\/pachuca\/index.php\/wp-json\/wp\/v2\/types\/product"}],"replies":[{"embeddable":true,"href":"https:\/\/soydeaqui.ddns.net\/pachuca\/index.php\/wp-json\/wp\/v2\/comments?post=13111"}],"wp:featuredmedia":[{"embeddable":true,"href":"https:\/\/soydeaqui.ddns.net\/pachuca\/index.php\/wp-json\/wp\/v2\/media\/13110"}],"wp:attachment":[{"href":"https:\/\/soydeaqui.ddns.net\/pachuca\/index.php\/wp-json\/wp\/v2\/media?parent=13111"}],"wp:term":[{"taxonomy":"product_brand","embeddable":true,"href":"https:\/\/soydeaqui.ddns.net\/pachuca\/index.php\/wp-json\/wp\/v2\/product_brand?post=13111"},{"taxonomy":"product_cat","embeddable":true,"href":"https:\/\/soydeaqui.ddns.net\/pachuca\/index.php\/wp-json\/wp\/v2\/product_cat?post=13111"},{"taxonomy":"product_tag","embeddable":true,"href":"https:\/\/soydeaqui.ddns.net\/pachuca\/index.php\/wp-json\/wp\/v2\/product_tag?post=13111"}],"curies":[{"name":"wp","href":"https:\/\/api.w.org\/{rel}","templated":true}]}}