{"id":13106,"date":"2026-03-18T08:14:22","date_gmt":"2026-03-18T08:14:22","guid":{"rendered":"https:\/\/soydeaqui.ddns.net\/pachuca\/index.php\/producto\/charola-de-empalme-para-fibra-ptica-para-proteccin-de-12-empalmes-de-fusin-o-mecnicos-compatible-con-los-paneles-fmt-fwme4-y-fwme8\/"},"modified":"2026-03-18T08:14:25","modified_gmt":"2026-03-18T08:14:25","slug":"charola-de-empalme-para-fibra-ptica-para-proteccin-de-12-empalmes-de-fusin-o-mecnicos-compatible-con-los-paneles-fmt-fwme4-y-fwme8","status":"publish","type":"product","link":"https:\/\/soydeaqui.ddns.net\/pachuca\/index.php\/producto\/charola-de-empalme-para-fibra-ptica-para-proteccin-de-12-empalmes-de-fusin-o-mecnicos-compatible-con-los-paneles-fmt-fwme4-y-fwme8\/","title":{"rendered":"Charola de Empalme para Fibra ?ptica, Para Protecci?n de 12 Empalmes de Fusi?n o Mec?nicos, Compatible con los Paneles FMT, FWME4 y FWME8"},"content":{"rendered":"<div style='width: 100%; max-width: 1200px; margin: 0 auto; font-family: sans-serif; line-height: 1.6; color: inherit; background-color: transparent;'> <!-- Secci\u00f3n de descripci\u00f3n general --> <\/p>\n<div style='margin-bottom: 30px;'>\n<h3 style='font-size: 22px; border-bottom: 2px solid currentColor; padding-bottom: 5px; margin-top: 0; color: inherit; opacity: 0.8;'>Descripci\u00f3n General<\/h3>\n<p style='font-size: 15px; color: inherit; margin-bottom: 15px;'>La charola de empalme para fibra \u00f3ptica FST6 est\u00e1 dise\u00f1ada para proteger hasta 12 empalmes de fusi\u00f3n o mec\u00e1nicos. Se adapta a los gabinetes de las series Panduit FMT&comma; FWME4 y FWME8 y permite apilar hasta cuatro unidades de altura mediante el uso de la unidad de apilamiento FST6H4 en gabinetes de montaje en pared.<\/p>\n<\/p><\/div>\n<p> <!-- Secci\u00f3n de caracter\u00edsticas t\u00e9cnicas --> <\/p>\n<div style='display: flex; flex-wrap: wrap; gap: 30px; margin-bottom: 30px;'>\n<div style='flex: 1 1 300px; min-width: 280px;'>\n<h3 style='font-size: 22px; border-bottom: 2px solid currentColor; padding-bottom: 5px; margin-top: 0; color: inherit; opacity: 0.8;'>Caracter\u00edsticas T\u00e9cnicas<\/h3>\n<ul style='padding-left: 20px; font-size: 15px; color: inherit;'>\n<li style='margin-bottom: 5px;'><strong>Material:<\/strong> Pl\u00e1stico<\/li>\n<li style='margin-bottom: 5px;'><strong>Color:<\/strong> Negro<\/li>\n<li style='margin-bottom: 5px;'><strong>Capacidad de empalmes:<\/strong> 12 empalmes de fusi\u00f3n o mec\u00e1nicos<\/li>\n<li style='margin-bottom: 5px;'><strong>Compatibilidad:<\/strong> Gabinetes FMT&comma; FWME4 y FWME8<\/li>\n<li style='margin-bottom: 5px;'><strong>Apilamiento:<\/strong> Hasta 4 unidades de altura<\/li>\n<li style='margin-bottom: 5px;'><strong>Normativas:<\/strong> Cumple con RoHS<\/li>\n<\/ul><\/div>\n<p> <!-- Secci\u00f3n de dimensiones --> <\/p>\n<div style='flex: 1 1 300px; min-width: 280px;'>\n<h3 style='font-size: 22px; border-bottom: 2px solid currentColor; padding-bottom: 5px; margin-top: 0; color: inherit; opacity: 0.8;'>Dimensiones<\/h3>\n<ul style='padding-left: 20px; font-size: 15px; color: inherit;'>\n<li style='margin-bottom: 5px;'><strong>Ancho total:<\/strong> 112.1 mm<\/li>\n<li style='margin-bottom: 5px;'><strong>Profundidad total:<\/strong> 200.7 mm<\/li>\n<li style='margin-bottom: 5px;'><strong>Altura total:<\/strong> 9.5 mm<\/li>\n<\/ul><\/div>\n<\/p><\/div>\n<p> <!-- Secci\u00f3n de aplicaciones --> <\/p>\n<div style='margin-bottom: 30px;'>\n<h3 style='font-size: 22px; border-bottom: 2px solid currentColor; padding-bottom: 5px; margin-top: 0; color: inherit; opacity: 0.8;'>Aplicaciones<\/h3>\n<p style='font-size: 15px; color: inherit; margin-bottom: 15px;'>La charola de empalme FST6 se utiliza para gestionar y organizar la distribuci\u00f3n de fibra \u00f3ptica en \u00e1reas con espacio limitado. Puede emplearse como interconexi\u00f3n o conexi\u00f3n cruzada en cualquier sala de telecomunicaciones&comma; y es compatible con la mayor\u00eda de los m\u00f3dulos Mini-Com\u00ae&comma; Opti-Jack\u00ae ST&comma; SC&comma; Coax y cassettes de fibra \u00f3ptica. Es completamente modular y puede gestionar tanto cables de fibra \u00f3ptica como de cobre.<\/p>\n<\/p><\/div>\n<p> <!-- Secci\u00f3n de especificaciones adicionales --> <\/p>\n<div style='display: flex; flex-wrap: wrap; gap: 20px; margin-bottom: 30px;'>\n<div style='flex: 1 1 250px; border: 1px solid rgba(150&comma; 150&comma; 150&comma; 0.4); border-radius: 8px; overflow: hidden; display: flex; flex-direction: column;'>\n<div style='padding: 15px; border-bottom: 1px solid rgba(150&comma; 150&comma; 150&comma; 0.2); font-weight: bold; font-size: 18px; color: inherit;'>Compatibilidad<\/div>\n<div style='padding: 15px; color: inherit;'>\n<ul style='padding-left: 20px; margin: 0; font-size: 14px; list-style-type: disc;'>\n<li style='margin-bottom: 5px;'>Gabinetes FMT<\/li>\n<li style='margin-bottom: 5px;'>Gabinetes FWME4<\/li>\n<li style='margin-bottom: 5px;'>Gabinetes FWME8<\/li>\n<\/ul><\/div>\n<\/p><\/div>\n<div style='flex: 1 1 250px; border: 1px solid rgba(150&comma; 150&comma; 150&comma; 0.4); border-radius: 8px; overflow: hidden; display: flex; flex-direction: column;'>\n<div style='padding: 15px; border-bottom: 1px solid rgba(150&comma; 150&comma; 150&comma; 0.2); font-weight: bold; font-size: 18px; color: inherit;'>Capacidad<\/div>\n<div style='padding: 15px; color: inherit;'>\n<ul style='padding-left: 20px; margin: 0; font-size: 14px; list-style-type: disc;'>\n<li style='margin-bottom: 5px;'>Hasta 12 empalmes de fusi\u00f3n o mec\u00e1nicos<\/li>\n<li style='margin-bottom: 5px;'>Soporta hasta 4 unidades FST6 apiladas<\/li>\n<\/ul><\/div>\n<\/p><\/div>\n<div style='flex: 1 1 250px; border: 1px solid rgba(150&comma; 150&comma; 150&comma; 0.4); border-radius: 8px; overflow: hidden; display: flex; flex-direction: column;'>\n<div style='padding: 15px; border-bottom: 1px solid rgba(150&comma; 150&comma; 150&comma; 0.2); font-weight: bold; font-size: 18px; color: inherit;'>Dise\u00f1o<\/div>\n<div style='padding: 15px; color: inherit;'>\n<ul style='padding-left: 20px; margin: 0; font-size: 14px; list-style-type: disc;'>\n<li style='margin-bottom: 5px;'>Material pl\u00e1stico resistente<\/li>\n<li style='margin-bottom: 5px;'>Color negro para identificaci\u00f3n<\/li>\n<li style='margin-bottom: 5px;'>Dise\u00f1o compacto para optimizar espacio<\/li>\n<\/ul><\/div>\n<\/p><\/div>\n<\/p><\/div>\n<p> <!-- Separador --> <\/p>\n<hr style='border: 0; border-top: 1px solid rgba(150&comma; 150&comma; 150&comma; 0.3); margin: 30px 0;'> <\/div>\n","protected":false},"excerpt":{"rendered":"<p>Charola de Empalme para Fibra ?ptica, Para Protecci?n de 12 Empalmes de Fusi?n o Mec?nicos, Compatible con los Paneles FMT, FWME4 y FWME8<\/p>\n","protected":false},"featured_media":13105,"comment_status":"open","ping_status":"closed","template":"","meta":[],"product_brand":[],"product_cat":[621],"product_tag":[622,611,445],"class_list":{"0":"post-13106","1":"product","2":"type-product","3":"status-publish","4":"has-post-thumbnail","6":"product_cat-distribuidores-de-fibra-optica","7":"product_tag-distribuidores-de-fibra-optica","8":"product_tag-fibra-optica","9":"product_tag-panduit","11":"first","12":"instock","13":"sale","14":"shipping-taxable","15":"purchasable","16":"product-type-simple"},"_links":{"self":[{"href":"https:\/\/soydeaqui.ddns.net\/pachuca\/index.php\/wp-json\/wp\/v2\/product\/13106","targetHints":{"allow":["GET"]}}],"collection":[{"href":"https:\/\/soydeaqui.ddns.net\/pachuca\/index.php\/wp-json\/wp\/v2\/product"}],"about":[{"href":"https:\/\/soydeaqui.ddns.net\/pachuca\/index.php\/wp-json\/wp\/v2\/types\/product"}],"replies":[{"embeddable":true,"href":"https:\/\/soydeaqui.ddns.net\/pachuca\/index.php\/wp-json\/wp\/v2\/comments?post=13106"}],"wp:featuredmedia":[{"embeddable":true,"href":"https:\/\/soydeaqui.ddns.net\/pachuca\/index.php\/wp-json\/wp\/v2\/media\/13105"}],"wp:attachment":[{"href":"https:\/\/soydeaqui.ddns.net\/pachuca\/index.php\/wp-json\/wp\/v2\/media?parent=13106"}],"wp:term":[{"taxonomy":"product_brand","embeddable":true,"href":"https:\/\/soydeaqui.ddns.net\/pachuca\/index.php\/wp-json\/wp\/v2\/product_brand?post=13106"},{"taxonomy":"product_cat","embeddable":true,"href":"https:\/\/soydeaqui.ddns.net\/pachuca\/index.php\/wp-json\/wp\/v2\/product_cat?post=13106"},{"taxonomy":"product_tag","embeddable":true,"href":"https:\/\/soydeaqui.ddns.net\/pachuca\/index.php\/wp-json\/wp\/v2\/product_tag?post=13106"}],"curies":[{"name":"wp","href":"https:\/\/api.w.org\/{rel}","templated":true}]}}