{"id":13090,"date":"2026-03-18T08:14:10","date_gmt":"2026-03-18T08:14:10","guid":{"rendered":"https:\/\/soydeaqui.ddns.net\/pachuca\/index.php\/producto\/cable-de-fibra-ptica-6-hilos-osp-planta-externa-armada-mdpe-polietileno-de-media-densidad-multimodo-om3-50-125-optimizada-precio-por-metro\/"},"modified":"2026-03-18T08:14:11","modified_gmt":"2026-03-18T08:14:11","slug":"cable-de-fibra-ptica-6-hilos-osp-planta-externa-armada-mdpe-polietileno-de-media-densidad-multimodo-om3-50-125-optimizada-precio-por-metro","status":"publish","type":"product","link":"https:\/\/soydeaqui.ddns.net\/pachuca\/index.php\/producto\/cable-de-fibra-ptica-6-hilos-osp-planta-externa-armada-mdpe-polietileno-de-media-densidad-multimodo-om3-50-125-optimizada-precio-por-metro\/","title":{"rendered":"Cable de Fibra ?ptica 6 Hilos, OSP (Planta Externa), Armada, MDPE (Polietileno de Media Densidad), Multimodo OM3 50\/125 Optimizada, Precio Por Metro"},"content":{"rendered":"<div style='width: 100%; max-width: 1200px; margin: 0 auto; font-family: sans-serif; line-height: 1.6; color: inherit; background-color: transparent;'> <!-- Descripci\u00f3n principal --> <\/p>\n<div style='margin-bottom: 30px; font-size: 15px; color: inherit;'>\n<p>El cable de planta externa sin gel Opti-Core\u00ae ofrece tecnolog\u00eda de bloqueo de agua en seco&comma; resistencia a los rayos UV y alta densidad para proporcionar cumplimiento de normas y flexibilidad para uso en exteriores. El cable de planta exterior sin gel Opti-Core\u00ae est\u00e1 disponible en dise\u00f1os de cables totalmente diel\u00e9ctricos y armados para satisfacer sus requisitos de instalaci\u00f3n espec\u00edficos.<\/p>\n<p>El cable armado de planta externa sin gel Opti-Core\u00ae tiene una armadura de acero corrugado para proporcionar una resistencia superior al aplastamiento para aplicaciones de enterrado directo. Opti-Core\u00ae Gel Free Exterior Plant Cable cumple con los requisitos RUS 7 CFR 1755.900 para cables de entrada de servicio de fibra \u00f3ptica.<\/p>\n<p>Tambi\u00e9n cumple o supera los requisitos de rendimiento de Telcordia GR-20&comma; Issue 2 e ICEA 640 para soportar las duras demandas ambientales al aire libre. El cable de planta exterior sin gel Opti-Core\u00ae est\u00e1 disponible en tipos de fibra monomodo (cumple con los est\u00e1ndares OS1 y OS2 propuestos) y multimodo (OM1&comma; OM2&comma; OM3 y OM4 optimizados para l\u00e1ser)&comma; y en fibra cuenta hasta 144 fibras como &#8216;dise\u00f1o de tubo holgado&#8217;. Todo el cable de fibra \u00f3ptica Opti-Core\u00ae cumple con RoHS.<\/p>\n<\/p><\/div>\n<p> <!-- Secci\u00f3n de especificaciones --> <\/p>\n<div style='display: flex; flex-wrap: wrap; gap: 30px; margin-bottom: 30px;'>\n<div style='flex: 1 1 300px; min-width: 280px;'>\n<h3 style='font-size: 22px; border-bottom: 2px solid currentColor; padding-bottom: 5px; margin-top: 0; color: inherit; opacity: 0.8;'>Especificaciones t\u00e9cnicas<\/h3>\n<ul style='padding-left: 20px; font-size: 15px; color: inherit;'>\n<li style='margin-bottom: 5px;'><strong>Loose Tube:<\/strong> 250\u03bcm<\/li>\n<li style='margin-bottom: 5px;'><strong>Revestimiento de Fibra \u00d3ptica:<\/strong> 125\u03bcm<\/li>\n<li style='margin-bottom: 5px;'><strong>Marcas de longitud de incremento:<\/strong> cada 2 pies<\/li>\n<li style='margin-bottom: 5px;'><strong>C\u00f3digo de colores:<\/strong> TIA-598-C<\/li>\n<li style='margin-bottom: 5px;'><strong>Tipo de fibra:<\/strong> Armada<\/li>\n<li style='margin-bottom: 5px;'><strong>Di\u00e1metro nominal:<\/strong> 0.50 in (12.7 mm)<\/li>\n<\/ul><\/div>\n<p> <!-- Secci\u00f3n de cumplimiento de est\u00e1ndares --> <\/p>\n<div style='flex: 1 1 300px; min-width: 280px;'>\n<h3 style='font-size: 22px; border-bottom: 2px solid currentColor; padding-bottom: 5px; margin-top: 0; color: inherit; opacity: 0.8;'>Cumplimiento de Est\u00e1ndares<\/h3>\n<ul style='padding-left: 20px; font-size: 15px; color: inherit;'>\n<li style='margin-bottom: 5px;'>TIA 455 series<\/li>\n<li style='margin-bottom: 5px;'>FOTPS<\/li>\n<li style='margin-bottom: 5px;'>ICEA 640<\/li>\n<li style='margin-bottom: 5px;'>Telcordia GR-20<\/li>\n<li style='margin-bottom: 5px;'>IEC 60794-3-11<\/li>\n<li style='margin-bottom: 5px;'>RUS 7 DVR 1755 (Listado PE90)<\/li>\n<\/ul><\/div>\n<\/p><\/div>\n<p> <!-- Separador --> <\/p>\n<hr style='border: 0; border-top: 1px solid rgba(150&comma; 150&comma; 150&comma; 0.3); margin: 30px 0;'> <\/div>\n","protected":false},"excerpt":{"rendered":"<p>Cable de Fibra ?ptica 6 Hilos, OSP (Planta Externa), Armada, MDPE (Polietileno de Media Densidad), Multimodo OM3 50\/125 Optimizada, Precio Por Metro<\/p>\n","protected":false},"featured_media":13089,"comment_status":"open","ping_status":"closed","template":"","meta":[],"product_brand":[],"product_cat":[610],"product_tag":[612,611,445],"class_list":{"0":"post-13090","1":"product","2":"type-product","3":"status-publish","4":"has-post-thumbnail","6":"product_cat-cable","7":"product_tag-cable","8":"product_tag-fibra-optica","9":"product_tag-panduit","11":"first","12":"instock","13":"sale","14":"shipping-taxable","15":"purchasable","16":"product-type-simple"},"_links":{"self":[{"href":"https:\/\/soydeaqui.ddns.net\/pachuca\/index.php\/wp-json\/wp\/v2\/product\/13090","targetHints":{"allow":["GET"]}}],"collection":[{"href":"https:\/\/soydeaqui.ddns.net\/pachuca\/index.php\/wp-json\/wp\/v2\/product"}],"about":[{"href":"https:\/\/soydeaqui.ddns.net\/pachuca\/index.php\/wp-json\/wp\/v2\/types\/product"}],"replies":[{"embeddable":true,"href":"https:\/\/soydeaqui.ddns.net\/pachuca\/index.php\/wp-json\/wp\/v2\/comments?post=13090"}],"wp:featuredmedia":[{"embeddable":true,"href":"https:\/\/soydeaqui.ddns.net\/pachuca\/index.php\/wp-json\/wp\/v2\/media\/13089"}],"wp:attachment":[{"href":"https:\/\/soydeaqui.ddns.net\/pachuca\/index.php\/wp-json\/wp\/v2\/media?parent=13090"}],"wp:term":[{"taxonomy":"product_brand","embeddable":true,"href":"https:\/\/soydeaqui.ddns.net\/pachuca\/index.php\/wp-json\/wp\/v2\/product_brand?post=13090"},{"taxonomy":"product_cat","embeddable":true,"href":"https:\/\/soydeaqui.ddns.net\/pachuca\/index.php\/wp-json\/wp\/v2\/product_cat?post=13090"},{"taxonomy":"product_tag","embeddable":true,"href":"https:\/\/soydeaqui.ddns.net\/pachuca\/index.php\/wp-json\/wp\/v2\/product_tag?post=13090"}],"curies":[{"name":"wp","href":"https:\/\/api.w.org\/{rel}","templated":true}]}}