{"id":13021,"date":"2026-03-18T08:13:10","date_gmt":"2026-03-18T08:13:10","guid":{"rendered":"https:\/\/soydeaqui.ddns.net\/pachuca\/index.php\/producto\/panel-de-distribucion-de-fibra-optica-acepta-6-placas-fap-o-fmp-bandeja-deslizable-hasta-144-fibras-color-negro-2ur\/"},"modified":"2026-03-18T08:13:13","modified_gmt":"2026-03-18T08:13:13","slug":"panel-de-distribucion-de-fibra-optica-acepta-6-placas-fap-o-fmp-bandeja-deslizable-hasta-144-fibras-color-negro-2ur","status":"publish","type":"product","link":"https:\/\/soydeaqui.ddns.net\/pachuca\/index.php\/producto\/panel-de-distribucion-de-fibra-optica-acepta-6-placas-fap-o-fmp-bandeja-deslizable-hasta-144-fibras-color-negro-2ur\/","title":{"rendered":"Panel de Distribuci\u00f3n de Fibra \u00d3ptica, Acepta 6 Placas FAP o FMP, Bandeja Deslizable, Hasta 144 Fibras, Color Negro, 2UR"},"content":{"rendered":"<div style='width: 100%; max-width: 1200px; margin: 0 auto; font-family: sans-serif; line-height: 1.6; color: inherit; background-color: transparent;'> <!-- Descripci\u00f3n principal --> <\/p>\n<div style='margin-bottom: 30px; font-size: 15px; color: inherit;'>\n<p style='margin: 0 0 15px; color: inherit;'>El panel de distribuci\u00f3n Panduit\u00ae Opticom\u00ae de montaje en Rack garantiza la confiabilidad de la red al alojar&comma; organizar&comma; administrar y proteger el cable de fibra \u00f3ptica&comma; terminaciones&comma; empalmes&comma; conectores y cables de conexi\u00f3n utilizando hasta 6 placas acopladoras FAP o FMP. Debido a su versatilidad&comma; el panel puede servir como una transici\u00f3n del cableado troncal al Switch de distribuci\u00f3n&comma; una interconexi\u00f3n a un equipo activo&comma; o como una conexi\u00f3n cruzada o interconexi\u00f3n en un \u00e1rea de distribuci\u00f3n principal u horizontal. Los usuarios incluso pueden acceder f\u00e1cilmente a las fibras a trav\u00e9s de una bandeja deslizable&comma; mientras que la gesti\u00f3n del cable por la parte de atras mantiene la holgura y el enrollado adecuado.<\/p>\n<\/p><\/div>\n<p> <!-- Especificaciones t\u00e9cnicas --> <\/p>\n<div style='display: flex; flex-wrap: wrap; gap: 30px;'>\n<div style='flex: 1 1 300px; min-width: 280px;'>\n<h3 style='font-size: 22px; border-bottom: 2px solid currentColor; padding-bottom: 5px; margin-top: 0; color: inherit; opacity: 0.8;'>Especificaciones t\u00e9cnicas<\/h3>\n<ul style='padding-left: 20px; font-size: 15px; color: inherit;'>\n<li style='margin-bottom: 5px;'>Funciona con todos los paneles y casetes adaptadores de fibra Panduit LC&comma; SC&comma; ST&comma; MT-RJ y MTP<\/li>\n<li style='margin-bottom: 5px;'>Montaje: instalaci\u00f3n est\u00e1ndar EIA 19in<\/li>\n<li style='margin-bottom: 5px;'>Dimensiones: 88 x 432 x 361 mm (Alto x Ancho x Profundidad)<\/li>\n<\/ul><\/div>\n<\/p><\/div>\n<p> <!-- Separador --> <\/p>\n<hr style='border: 0; border-top: 1px solid rgba(150&comma; 150&comma; 150&comma; 0.3); margin: 30px 0;'> <\/div>\n","protected":false},"excerpt":{"rendered":"<p>Panel de Distribuci\u00f3n de Fibra \u00d3ptica, Acepta 6 Placas FAP o FMP, Bandeja Deslizable, Hasta 144 Fibras, Color Negro, 2UR<\/p>\n","protected":false},"featured_media":13020,"comment_status":"open","ping_status":"closed","template":"","meta":[],"product_brand":[],"product_cat":[621],"product_tag":[622,611,445],"class_list":{"0":"post-13021","1":"product","2":"type-product","3":"status-publish","4":"has-post-thumbnail","6":"product_cat-distribuidores-de-fibra-optica","7":"product_tag-distribuidores-de-fibra-optica","8":"product_tag-fibra-optica","9":"product_tag-panduit","11":"first","12":"outofstock","13":"sale","14":"shipping-taxable","15":"purchasable","16":"product-type-simple"},"_links":{"self":[{"href":"https:\/\/soydeaqui.ddns.net\/pachuca\/index.php\/wp-json\/wp\/v2\/product\/13021","targetHints":{"allow":["GET"]}}],"collection":[{"href":"https:\/\/soydeaqui.ddns.net\/pachuca\/index.php\/wp-json\/wp\/v2\/product"}],"about":[{"href":"https:\/\/soydeaqui.ddns.net\/pachuca\/index.php\/wp-json\/wp\/v2\/types\/product"}],"replies":[{"embeddable":true,"href":"https:\/\/soydeaqui.ddns.net\/pachuca\/index.php\/wp-json\/wp\/v2\/comments?post=13021"}],"wp:featuredmedia":[{"embeddable":true,"href":"https:\/\/soydeaqui.ddns.net\/pachuca\/index.php\/wp-json\/wp\/v2\/media\/13020"}],"wp:attachment":[{"href":"https:\/\/soydeaqui.ddns.net\/pachuca\/index.php\/wp-json\/wp\/v2\/media?parent=13021"}],"wp:term":[{"taxonomy":"product_brand","embeddable":true,"href":"https:\/\/soydeaqui.ddns.net\/pachuca\/index.php\/wp-json\/wp\/v2\/product_brand?post=13021"},{"taxonomy":"product_cat","embeddable":true,"href":"https:\/\/soydeaqui.ddns.net\/pachuca\/index.php\/wp-json\/wp\/v2\/product_cat?post=13021"},{"taxonomy":"product_tag","embeddable":true,"href":"https:\/\/soydeaqui.ddns.net\/pachuca\/index.php\/wp-json\/wp\/v2\/product_tag?post=13021"}],"curies":[{"name":"wp","href":"https:\/\/api.w.org\/{rel}","templated":true}]}}