{"id":13003,"date":"2026-03-18T08:12:57","date_gmt":"2026-03-18T08:12:57","guid":{"rendered":"https:\/\/soydeaqui.ddns.net\/pachuca\/index.php\/producto\/marco-de-placa-frontal-ejecutiva-para-dos-insertos-de-1-2-o-tres-insertos-de-1-3-color-blanco-mate\/"},"modified":"2026-03-18T08:12:58","modified_gmt":"2026-03-18T08:12:58","slug":"marco-de-placa-frontal-ejecutiva-para-dos-insertos-de-1-2-o-tres-insertos-de-1-3-color-blanco-mate","status":"publish","type":"product","link":"https:\/\/soydeaqui.ddns.net\/pachuca\/index.php\/producto\/marco-de-placa-frontal-ejecutiva-para-dos-insertos-de-1-2-o-tres-insertos-de-1-3-color-blanco-mate\/","title":{"rendered":"Marco de Placa Frontal Ejecutiva, Para Dos Insertos de 1\/2 o Tres Insertos de 1\/3, Color Blanco Mate"},"content":{"rendered":"<div style='width: 100%; max-width: 1200px; margin: 0 auto; font-family: sans-serif; line-height: 1.6; color: inherit; background-color: transparent;'>\n<div style='display: flex; flex-wrap: wrap; gap: 30px; margin-bottom: 30px;'>\n<div style='flex: 1 1 300px; min-width: 280px;'>\n<h3 style='font-size: 22px; border-bottom: 2px solid currentColor; padding-bottom: 5px; margin-top: 0; color: inherit; opacity: 0.8;'>Descripci\u00f3n<\/h3>\n<p style='font-size: 15px; color: inherit;'>Los marcos de placa frontal est\u00e1n disponibles en versiones de uno o dos elementos y aceptan una gran variedad de inserciones. Los marcos de placas frontales de dise\u00f1o ejecutivo tienen una apariencia curva e incluyen etiquetas y cubiertas de etiquetas. Los insertos est\u00e1n disponibles en versiones inclinadas&comma; con contraventanas inclinadas y planas&comma; y aceptan todos los m\u00f3dulos para una mayor flexibilidad de dise\u00f1o. Los m\u00f3dulos son accesibles desde el frente para facilitar movimientos&comma; adiciones y cambios.<\/p>\n<\/p><\/div>\n<\/p><\/div>\n<div style='display: flex; flex-wrap: wrap; gap: 20px; margin-bottom: 30px;'>\n<div style='flex: 1 1 250px; border: 1px solid rgba(150&comma; 150&comma; 150&comma; 0.4); border-radius: 8px; overflow: hidden; display: flex; flex-direction: column;'>\n<div style='padding: 15px; border-bottom: 1px solid rgba(150&comma; 150&comma; 150&comma; 0.2); font-weight: bold; font-size: 18px; color: inherit;'>Caracter\u00edsticas T\u00e9cnicas<\/div>\n<div style='padding: 15px; color: inherit;'>\n<ul style='padding-left: 20px; margin: 0; font-size: 14px; list-style-type: disc;'>\n<li style='margin-bottom: 5px;'><strong>Material:<\/strong> Pl\u00e1stico ABS<\/li>\n<li style='margin-bottom: 5px;'><strong>Serie:<\/strong> Ejecutiva<\/li>\n<li style='margin-bottom: 5px;'><strong>Color:<\/strong> Blanco Mate<\/li>\n<li style='margin-bottom: 5px;'><strong>Dimensiones:<\/strong> 69.85 x 114.3 x 0.58 mm (Ancho x Alto x Profundidad)<\/li>\n<\/ul><\/div>\n<\/p><\/div>\n<div style='flex: 1 1 250px; border: 1px solid rgba(150&comma; 150&comma; 150&comma; 0.4); border-radius: 8px; overflow: hidden; display: flex; flex-direction: column;'>\n<div style='padding: 15px; border-bottom: 1px solid rgba(150&comma; 150&comma; 150&comma; 0.2); font-weight: bold; font-size: 18px; color: inherit;'>Caracter\u00edsticas Funcionales<\/div>\n<div style='padding: 15px; color: inherit;'>\n<ul style='padding-left: 20px; margin: 0; font-size: 14px; list-style-type: disc;'>\n<li style='margin-bottom: 5px;'>Insertos disponibles para todos los m\u00f3dulos Mini-Com\u00ae<\/li>\n<li style='margin-bottom: 5px;'>Acceso a los m\u00f3dulos Mini-Com\u00ae desde el frente para facilitar movimientos&comma; adiciones y cambios<\/li>\n<li style='margin-bottom: 5px;'>Proporciona un control adicional del radio de curvatura para proteger el cable<\/li>\n<\/ul><\/div>\n<\/p><\/div>\n<div style='flex: 1 1 250px; border: 1px solid rgba(150&comma; 150&comma; 150&comma; 0.4); border-radius: 8px; overflow: hidden; display: flex; flex-direction: column;'>\n<div style='padding: 15px; border-bottom: 1px solid rgba(150&comma; 150&comma; 150&comma; 0.2); font-weight: bold; font-size: 18px; color: inherit;'>Opciones de Montaje<\/div>\n<div style='padding: 15px; color: inherit;'>\n<ul style='padding-left: 20px; margin: 0; font-size: 14px; list-style-type: disc;'>\n<li style='margin-bottom: 5px;'>Compatible con adaptadores de caja de pared (MWBA1 y MWBA-2G)<\/li>\n<li style='margin-bottom: 5px;'>Para cajas de conexiones sencillas o dobles<\/li>\n<li style='margin-bottom: 5px;'>Montaje con soportes para bandeja portacables<\/li>\n<\/ul><\/div>\n<\/p><\/div>\n<\/p><\/div>\n<div style='display: flex; flex-wrap: wrap; gap: 20px; margin-bottom: 30px;'>\n<div style='flex: 1 1 250px; border: 1px solid rgba(150&comma; 150&comma; 150&comma; 0.4); border-radius: 8px; overflow: hidden; display: flex; flex-direction: column;'>\n<div style='padding: 15px; border-bottom: 1px solid rgba(150&comma; 150&comma; 150&comma; 0.2); font-weight: bold; font-size: 18px; color: inherit;'>Versiones Disponibles<\/div>\n<div style='padding: 15px; color: inherit;'>\n<ul style='padding-left: 20px; margin: 0; font-size: 14px; list-style-type: disc;'>\n<li style='margin-bottom: 5px;'>Versiones de 1\/2 tama\u00f1o: Inclinadas&comma; con contraventanas inclinadas y planas<\/li>\n<li style='margin-bottom: 5px;'>Versiones de 1\/3 tama\u00f1o: Planas y en blanco<\/li>\n<li style='margin-bottom: 5px;'>Insertos para D-Subminiatura: Acopladores hembra a hembra de 9 pines y 15 pines<\/li>\n<\/ul><\/div>\n<\/p><\/div>\n<div style='flex: 1 1 250px; border: 1px solid rgba(150&comma; 150&comma; 150&comma; 0.4); border-radius: 8px; overflow: hidden; display: flex; flex-direction: column;'>\n<div style='padding: 15px; border-bottom: 1px solid rgba(150&comma; 150&comma; 150&comma; 0.2); font-weight: bold; font-size: 18px; color: inherit;'>Aplicaciones<\/div>\n<div style='padding: 15px; color: inherit;'>\n<ul style='padding-left: 20px; margin: 0; font-size: 14px; list-style-type: disc;'>\n<li style='margin-bottom: 5px;'>Dise\u00f1o flexible para instalaciones en cajas de conexiones sencillas o dobles<\/li>\n<li style='margin-bottom: 5px;'>Ideal para montaje en adaptadores de pared y bandejas portacables<\/li>\n<li style='margin-bottom: 5px;'>Insertos inclinados ideales para control adicional del radio de curvatura<\/li>\n<li style='margin-bottom: 5px;'>Espacios en blanco permiten crecimiento futuro<\/li>\n<\/ul><\/div>\n<\/p><\/div>\n<\/p><\/div>\n<div style='display: flex; flex-wrap: wrap; gap: 20px; margin-bottom: 30px;'>\n<div style='flex: 1 1 250px; border: 1px solid rgba(150&comma; 150&comma; 150&comma; 0.4); border-radius: 8px; overflow: hidden; display: flex; flex-direction: column;'>\n<div style='padding: 15px; border-bottom: 1px solid rgba(150&comma; 150&comma; 150&comma; 0.2); font-weight: bold; font-size: 18px; color: inherit;'>Contenido del Empaque<\/div>\n<div style='padding: 15px; color: inherit;'>\n<ul style='padding-left: 20px; margin: 0; font-size: 14px; list-style-type: disc;'>\n<li style='margin-bottom: 5px;'>Dos etiquetas<\/li>\n<li style='margin-bottom: 5px;'>Dos cubiertas para etiquetas<\/li>\n<li style='margin-bottom: 5px;'>Tornillos #6-32 con punta no roscada de 1&#8242; de longitud<\/li>\n<\/ul><\/div>\n<\/p><\/div>\n<\/p><\/div>\n<hr style='border: 0; border-top: 1px solid rgba(150&comma; 150&comma; 150&comma; 0.3); margin: 30px 0;'> <\/div>\n","protected":false},"excerpt":{"rendered":"<p>Marco de Placa Frontal Ejecutiva, Para Dos Insertos de 1\/2 o Tres Insertos de 1\/3, Color Blanco Mate<\/p>\n","protected":false},"featured_media":13002,"comment_status":"open","ping_status":"closed","template":"","meta":[],"product_brand":[],"product_cat":[601],"product_tag":[586,602,445],"class_list":{"0":"post-13003","1":"product","2":"type-product","3":"status-publish","4":"has-post-thumbnail","6":"product_cat-faceplates","7":"product_tag-cableado-de-cobre","8":"product_tag-faceplates","9":"product_tag-panduit","11":"first","12":"instock","13":"sale","14":"shipping-taxable","15":"purchasable","16":"product-type-simple"},"_links":{"self":[{"href":"https:\/\/soydeaqui.ddns.net\/pachuca\/index.php\/wp-json\/wp\/v2\/product\/13003","targetHints":{"allow":["GET"]}}],"collection":[{"href":"https:\/\/soydeaqui.ddns.net\/pachuca\/index.php\/wp-json\/wp\/v2\/product"}],"about":[{"href":"https:\/\/soydeaqui.ddns.net\/pachuca\/index.php\/wp-json\/wp\/v2\/types\/product"}],"replies":[{"embeddable":true,"href":"https:\/\/soydeaqui.ddns.net\/pachuca\/index.php\/wp-json\/wp\/v2\/comments?post=13003"}],"wp:featuredmedia":[{"embeddable":true,"href":"https:\/\/soydeaqui.ddns.net\/pachuca\/index.php\/wp-json\/wp\/v2\/media\/13002"}],"wp:attachment":[{"href":"https:\/\/soydeaqui.ddns.net\/pachuca\/index.php\/wp-json\/wp\/v2\/media?parent=13003"}],"wp:term":[{"taxonomy":"product_brand","embeddable":true,"href":"https:\/\/soydeaqui.ddns.net\/pachuca\/index.php\/wp-json\/wp\/v2\/product_brand?post=13003"},{"taxonomy":"product_cat","embeddable":true,"href":"https:\/\/soydeaqui.ddns.net\/pachuca\/index.php\/wp-json\/wp\/v2\/product_cat?post=13003"},{"taxonomy":"product_tag","embeddable":true,"href":"https:\/\/soydeaqui.ddns.net\/pachuca\/index.php\/wp-json\/wp\/v2\/product_tag?post=13003"}],"curies":[{"name":"wp","href":"https:\/\/api.w.org\/{rel}","templated":true}]}}