{"id":12998,"date":"2026-03-18T08:12:52","date_gmt":"2026-03-18T08:12:52","guid":{"rendered":"https:\/\/soydeaqui.ddns.net\/pachuca\/index.php\/producto\/caja-de-montaje-en-superficie-para-1-mdulo-mini-com-color-blanco-mate\/"},"modified":"2026-03-18T08:12:55","modified_gmt":"2026-03-18T08:12:55","slug":"caja-de-montaje-en-superficie-para-1-mdulo-mini-com-color-blanco-mate","status":"publish","type":"product","link":"https:\/\/soydeaqui.ddns.net\/pachuca\/index.php\/producto\/caja-de-montaje-en-superficie-para-1-mdulo-mini-com-color-blanco-mate\/","title":{"rendered":"Caja de Montaje en Superficie, Para 1 M?dulo Mini-Com, Color Blanco Mate"},"content":{"rendered":"<div style='width: 100%; max-width: 1200px; margin: 0 auto; font-family: sans-serif; line-height: 1.6; color: inherit; background-color: transparent;'> <!-- Descripci\u00f3n principal --> <\/p>\n<div style='margin-bottom: 30px; font-size: 15px; color: inherit;'>\n<p style='margin: 0 0 20px 0;'>Las cajas de montaje en superficie tienen un dise\u00f1o de bajo perfil est\u00e1n disponibles en una variedad de densidades de puertos. Las cajas aceptan la mayor\u00eda de los m\u00f3dulos Mini-Com\u00ae para aplicaciones de fibra&comma; cobre y audio \/ video. Las cajas pueden instalarse con tornillos&comma; adhesivos o imanes opcionales.<\/p>\n<\/p><\/div>\n<p> <!-- Secci\u00f3n de caracter\u00edsticas --> <\/p>\n<div style='display: flex; flex-wrap: wrap; gap: 20px; margin-bottom: 30px;'>\n<div style='flex: 1 1 250px; border: 1px solid rgba(150&comma; 150&comma; 150&comma; 0.4); border-radius: 8px; overflow: hidden; display: flex; flex-direction: column;'>\n<div style='padding: 15px; border-bottom: 1px solid rgba(150&comma; 150&comma; 150&comma; 0.2); font-weight: bold; font-size: 18px; color: inherit;'>Caracter\u00edsticas<\/div>\n<div style='padding: 15px; color: inherit;'>\n<ul style='padding-left: 20px; margin: 0; font-size: 14px; list-style-type: disc;'>\n<li style='margin-bottom: 5px;'>Tipo: Caja de montaje en superficie<\/li>\n<li style='margin-bottom: 5px;'>Color: Blanco Mate<\/li>\n<li style='margin-bottom: 5px;'>No. de espacios para m\u00f3dulo: 1<\/li>\n<li style='margin-bottom: 5px;'>No. de puertos: 1<\/li>\n<li style='margin-bottom: 5px;'>Tipo de m\u00f3dulo: Mini-Com<\/li>\n<li style='margin-bottom: 5px;'>Dimensiones: 26.3 x 23.2 x 48.1 mm (Ancho x Alto x Profundidad)<\/li>\n<li style='margin-bottom: 5px;'>Material: ABS<\/li>\n<li style='margin-bottom: 5px;'>Cumple con: RoHS<\/li>\n<\/ul><\/div>\n<\/p><\/div>\n<\/p><\/div>\n<\/p><\/div>\n","protected":false},"excerpt":{"rendered":"<p>Caja de Montaje en Superficie, Para 1 M?dulo Mini-Com, Color Blanco Mate<\/p>\n","protected":false},"featured_media":12997,"comment_status":"open","ping_status":"closed","template":"","meta":[],"product_brand":[],"product_cat":[585],"product_tag":[586,587,445],"class_list":{"0":"post-12998","1":"product","2":"type-product","3":"status-publish","4":"has-post-thumbnail","6":"product_cat-cajas-superficiales","7":"product_tag-cableado-de-cobre","8":"product_tag-cajas-superficiales","9":"product_tag-panduit","11":"first","12":"outofstock","13":"sale","14":"shipping-taxable","15":"purchasable","16":"product-type-simple"},"_links":{"self":[{"href":"https:\/\/soydeaqui.ddns.net\/pachuca\/index.php\/wp-json\/wp\/v2\/product\/12998","targetHints":{"allow":["GET"]}}],"collection":[{"href":"https:\/\/soydeaqui.ddns.net\/pachuca\/index.php\/wp-json\/wp\/v2\/product"}],"about":[{"href":"https:\/\/soydeaqui.ddns.net\/pachuca\/index.php\/wp-json\/wp\/v2\/types\/product"}],"replies":[{"embeddable":true,"href":"https:\/\/soydeaqui.ddns.net\/pachuca\/index.php\/wp-json\/wp\/v2\/comments?post=12998"}],"wp:featuredmedia":[{"embeddable":true,"href":"https:\/\/soydeaqui.ddns.net\/pachuca\/index.php\/wp-json\/wp\/v2\/media\/12997"}],"wp:attachment":[{"href":"https:\/\/soydeaqui.ddns.net\/pachuca\/index.php\/wp-json\/wp\/v2\/media?parent=12998"}],"wp:term":[{"taxonomy":"product_brand","embeddable":true,"href":"https:\/\/soydeaqui.ddns.net\/pachuca\/index.php\/wp-json\/wp\/v2\/product_brand?post=12998"},{"taxonomy":"product_cat","embeddable":true,"href":"https:\/\/soydeaqui.ddns.net\/pachuca\/index.php\/wp-json\/wp\/v2\/product_cat?post=12998"},{"taxonomy":"product_tag","embeddable":true,"href":"https:\/\/soydeaqui.ddns.net\/pachuca\/index.php\/wp-json\/wp\/v2\/product_tag?post=12998"}],"curies":[{"name":"wp","href":"https:\/\/api.w.org\/{rel}","templated":true}]}}