{"id":12889,"date":"2026-03-18T08:11:21","date_gmt":"2026-03-18T08:11:21","guid":{"rendered":"https:\/\/soydeaqui.ddns.net\/pachuca\/index.php\/producto\/panel-de-parcheo-de-impacto-110-angulado-categora-6-de-48-puertos-2ur\/"},"modified":"2026-03-18T08:11:24","modified_gmt":"2026-03-18T08:11:24","slug":"panel-de-parcheo-de-impacto-110-angulado-categora-6-de-48-puertos-2ur","status":"publish","type":"product","link":"https:\/\/soydeaqui.ddns.net\/pachuca\/index.php\/producto\/panel-de-parcheo-de-impacto-110-angulado-categora-6-de-48-puertos-2ur\/","title":{"rendered":"Panel de Parcheo de Impacto (110), Angulado, Categor?a 6, de 48 Puertos, 2UR"},"content":{"rendered":"<div style='width: 100%; max-width: 1200px; margin: 0 auto; font-family: sans-serif; line-height: 1.6; color: inherit; background-color: transparent;'>\n<div style='display: flex; flex-wrap: wrap; gap: 30px; margin-bottom: 30px;'>\n<div style='flex: 1 1 300px; min-width: 280px;'>\n<h3 style='font-size: 22px; border-bottom: 2px solid currentColor; padding-bottom: 5px; margin-top: 0; color: inherit; opacity: 0.8;'>Descripci\u00f3n<\/h3>\n<p style='font-size: 15px; color: inherit; margin-bottom: 15px;'>Los paneles de conexi\u00f3n de impacto Categor\u00eda 6\/Clase E&comma; se deben terminar con cables de par trenzado sin blindaje de 100 ohms&comma; 22-26 AWG&comma; de 4 pares con una herramienta de impacto 110. Los paneles de conexi\u00f3n incluyen una etiqueta universal codificada para los esquemas de cableado T568A y T568B y pueden montarse en Racks o Gabinetes de 19in. Los paneles de conexi\u00f3n son f\u00e1ciles de identificar con n\u00fameros preimpresos&comma; \u00e1reas de escritura y kits de etiquetas opcionales.<\/p>\n<\/p><\/div>\n<\/p><\/div>\n<div style='display: flex; flex-wrap: wrap; gap: 20px; margin-bottom: 30px;'>\n<div style='flex: 1 1 250px; border: 1px solid rgba(150&comma; 150&comma; 150&comma; 0.4); border-radius: 8px; overflow: hidden; display: flex; flex-direction: column;'>\n<div style='padding: 15px; border-bottom: 1px solid rgba(150&comma; 150&comma; 150&comma; 0.2); font-weight: bold; font-size: 18px; color: inherit;'>Especificaciones T\u00e9cnicas<\/div>\n<div style='padding: 15px; color: inherit;'>\n<ul style='padding-left: 20px; margin: 0; font-size: 14px; list-style-type: disc;'>\n<li style='margin-bottom: 5px;'>Supera los requisitos de canal de las normas ANSI \/ TIA-568-C.2 Categor\u00eda 6 e ISO 11801 Clase E en frecuencias barridas de 1 a 250 MHz<\/li>\n<li style='margin-bottom: 5px;'>Cumplimiento FCC y ANSI: Cumple con todos los requisitos ANSI \/ TIA-968-A aplicables; contactos chapados con 50 micras de oro para un rendimiento superior<\/li>\n<li style='margin-bottom: 5px;'>Cumplimiento IEC: Cumple con IEC 60603-7<\/li>\n<li style='margin-bottom: 5px;'>Cumplimiento PoE: Soporta IEEE 802.3af&comma; 802.3at e IEEE 802.3bt tipo 3 y 4 para aplicaciones PoE de hasta 100 W<\/li>\n<li style='margin-bottom: 5px;'>Rango de conductor: Compatible con cable s\u00f3lido o multifilar 22 &#8211; 26 AWG con di\u00e1metros de aislamiento del conductor de 0.048 pulg.<\/li>\n<li style='margin-bottom: 5px;'>Opci\u00f3n de Montaje: Se monta en bastidores EIA est\u00e1ndar de 19in. La versi\u00f3n de 12 puertos se puede montar en la pared con el soporte opcional 89D<\/li>\n<li style='margin-bottom: 5px;'>Incluye torilleria M6 y #12-24 para montaje en Rack<\/li>\n<\/ul><\/div>\n<\/p><\/div>\n<\/p><\/div>\n<hr style='border: 0; border-top: 1px solid rgba(150&comma; 150&comma; 150&comma; 0.3); margin: 30px 0;'> <\/div>\n","protected":false},"excerpt":{"rendered":"<p>Panel de Parcheo de Impacto (110), Angulado, Categor?a 6, de 48 Puertos, 2UR<\/p>\n","protected":false},"featured_media":12888,"comment_status":"open","ping_status":"closed","template":"","meta":[],"product_brand":[],"product_cat":[613],"product_tag":[586,445,614],"class_list":{"0":"post-12889","1":"product","2":"type-product","3":"status-publish","4":"has-post-thumbnail","6":"product_cat-patch-panels","7":"product_tag-cableado-de-cobre","8":"product_tag-panduit","9":"product_tag-patch-panels","11":"first","12":"instock","13":"sale","14":"shipping-taxable","15":"purchasable","16":"product-type-simple"},"_links":{"self":[{"href":"https:\/\/soydeaqui.ddns.net\/pachuca\/index.php\/wp-json\/wp\/v2\/product\/12889","targetHints":{"allow":["GET"]}}],"collection":[{"href":"https:\/\/soydeaqui.ddns.net\/pachuca\/index.php\/wp-json\/wp\/v2\/product"}],"about":[{"href":"https:\/\/soydeaqui.ddns.net\/pachuca\/index.php\/wp-json\/wp\/v2\/types\/product"}],"replies":[{"embeddable":true,"href":"https:\/\/soydeaqui.ddns.net\/pachuca\/index.php\/wp-json\/wp\/v2\/comments?post=12889"}],"wp:featuredmedia":[{"embeddable":true,"href":"https:\/\/soydeaqui.ddns.net\/pachuca\/index.php\/wp-json\/wp\/v2\/media\/12888"}],"wp:attachment":[{"href":"https:\/\/soydeaqui.ddns.net\/pachuca\/index.php\/wp-json\/wp\/v2\/media?parent=12889"}],"wp:term":[{"taxonomy":"product_brand","embeddable":true,"href":"https:\/\/soydeaqui.ddns.net\/pachuca\/index.php\/wp-json\/wp\/v2\/product_brand?post=12889"},{"taxonomy":"product_cat","embeddable":true,"href":"https:\/\/soydeaqui.ddns.net\/pachuca\/index.php\/wp-json\/wp\/v2\/product_cat?post=12889"},{"taxonomy":"product_tag","embeddable":true,"href":"https:\/\/soydeaqui.ddns.net\/pachuca\/index.php\/wp-json\/wp\/v2\/product_tag?post=12889"}],"curies":[{"name":"wp","href":"https:\/\/api.w.org\/{rel}","templated":true}]}}