{"id":12831,"date":"2026-03-18T08:10:21","date_gmt":"2026-03-18T08:10:21","guid":{"rendered":"https:\/\/soydeaqui.ddns.net\/pachuca\/index.php\/producto\/gabinete-panzone-premium-de-montaje-en-techo-con-8-ur-para-equipo-pasivo-fabricado-en-acero-color-blanco\/"},"modified":"2026-03-18T08:10:26","modified_gmt":"2026-03-18T08:10:26","slug":"gabinete-panzone-premium-de-montaje-en-techo-con-8-ur-para-equipo-pasivo-fabricado-en-acero-color-blanco","status":"publish","type":"product","link":"https:\/\/soydeaqui.ddns.net\/pachuca\/index.php\/producto\/gabinete-panzone-premium-de-montaje-en-techo-con-8-ur-para-equipo-pasivo-fabricado-en-acero-color-blanco\/","title":{"rendered":"Gabinete PanZone Premium, de Montaje en Techo, Con 8 UR Para Equipo Pasivo, Fabricado en Acero, Color Blanco"},"content":{"rendered":"<div style='width: 100%; max-width: 1200px; margin: 0 auto; font-family: sans-serif; line-height: 1.6; color: inherit; background-color: transparent;'>\n<div style='display: flex; flex-wrap: wrap; gap: 30px; margin-bottom: 30px;'>\n<div style='flex: 1 1 300px; min-width: 280px;'>\n<h3 style='font-size: 22px; border-bottom: 2px solid currentColor; padding-bottom: 5px; margin-top: 0; color: inherit; opacity: 0.8;'>Descripci\u00f3n<\/h3>\n<p style='font-size: 15px; color: inherit; margin-bottom: 15px;'>El gabinete de techo permite que los equipos de red se ubiquen convenientemente en el espacio de manejo de aire por encima de un falso techo. El gabinete de instalaci\u00f3n en techo esta dise\u00f1ado para instalar equipos que permitan una topolog\u00eda de infraestructura de red de cableado por zonas. El gabinete incluye un soporte de montaje TIA \/ EIA de 19&#8242; con dos niveles&comma; un administrador de holgura horizontal integrado para proporcionar una soluci\u00f3n de administraci\u00f3n de cables todo en uno para realizar movimientos&comma; adiciones y cambios accesibles desde el frente. El gabinete en el techo debe estar dise\u00f1ado para acomodar tambi\u00e9n equipos de red pasivos que incluyen soluciones de panel de conexi\u00f3n 110 punchdown o TIA\/EIA 19&#8242;.<\/p>\n<\/p><\/div>\n<\/p><\/div>\n<div style='display: flex; flex-wrap: wrap; gap: 20px; margin-bottom: 30px;'>\n<div style='flex: 1 1 250px; border: 1px solid rgba(150&comma; 150&comma; 150&comma; 0.4); border-radius: 8px; overflow: hidden; display: flex; flex-direction: column;'>\n<div style='padding: 15px; border-bottom: 1px solid rgba(150&comma; 150&comma; 150&comma; 0.2); font-weight: bold; font-size: 18px; color: inherit;'>Caracter\u00edsticas<\/div>\n<div style='padding: 15px; color: inherit;'>\n<ul style='padding-left: 20px; margin: 0; font-size: 14px; list-style-type: disc;'>\n<li style='margin-bottom: 5px;'>Organizador de cable horizontal integrado: Elimina la necesidad de organizadores de cable adicionales para una mayor facilidad de instalaci\u00f3n&comma; enrutamiento de cable mejorado y la capacidad de realizar movimientos&comma; adiciones y cambios accesibles desde el frente<\/li>\n<li style='margin-bottom: 5px;'>Cerradura incluida: Protege contra da\u00f1os f\u00edsicos&comma; vandalismo&comma; manipulaci\u00f3n o robo<\/li>\n<li style='margin-bottom: 5px;'>Placa de montaje configurable: Acomoda bloques 110 de perforaci\u00f3n o paneles de conexi\u00f3n est\u00e1ndar de 19 &#8216;para una mayor flexibilidad de dise\u00f1o<\/li>\n<li style='margin-bottom: 5px;'>Kit de puesta y uni\u00f3n a tierra: Cumple con las especificaciones TIA\/EIA para minimizar el riesgo de descarga el\u00e9ctrica<\/li>\n<\/ul><\/div>\n<\/p><\/div>\n<\/p><\/div>\n<div style='display: flex; flex-wrap: wrap; gap: 20px;'>\n<div style='flex: 1 1 250px; border: 1px solid rgba(150&comma; 150&comma; 150&comma; 0.4); border-radius: 8px; overflow: hidden; display: flex; flex-direction: column;'>\n<div style='padding: 15px; border-bottom: 1px solid rgba(150&comma; 150&comma; 150&comma; 0.2); font-weight: bold; font-size: 18px; color: inherit;'>Especificaciones T\u00e9cnicas<\/div>\n<div style='padding: 15px; color: inherit;'>\n<ul style='padding-left: 20px; margin: 0; font-size: 14px; list-style-type: disc;'>\n<li style='margin-bottom: 5px;'>Dimensiones: 596.9 x 596.9 x 341.1 mm (Alto x Ancho x Profundidad)<\/li>\n<li style='margin-bottom: 5px;'>Capacidad de peso: 22.69 Kg.<\/li>\n<li style='margin-bottom: 5px;'>Cumplimiento: Clasificado Plenum UL2043 y UL1063<\/li>\n<li style='margin-bottom: 5px;'>Incluye caja&comma; soporte de montaje TIA \/EIA de dos niveles de 19&#8217;&comma; administrador de holgura horizontal&comma; cuatro placas modulares de entrada\/salida de cable&comma; seis arandelas&comma; dos rollos Tak-Ty\u00ae&comma; plantilla de corte de losetas de techo e instrucciones de instalaci\u00f3n.<\/li>\n<\/ul><\/div>\n<\/p><\/div>\n<\/p><\/div>\n<hr style='border: 0; border-top: 1px solid rgba(150&comma; 150&comma; 150&comma; 0.3); margin: 30px 0;'> <\/div>\n","protected":false},"excerpt":{"rendered":"<p>Gabinete PanZone Premium, de Montaje en Techo, Con 8 UR Para Equipo Pasivo, Fabricado en Acero, Color Blanco<\/p>\n","protected":false},"featured_media":12830,"comment_status":"open","ping_status":"closed","template":"","meta":[],"product_brand":[],"product_cat":[623],"product_tag":[445,624,605],"class_list":{"0":"post-12831","1":"product","2":"type-product","3":"status-publish","4":"has-post-thumbnail","6":"product_cat-racks-cerrados","7":"product_tag-panduit","8":"product_tag-racks-cerrados","9":"product_tag-racks-y-gabinetes","11":"first","12":"instock","13":"sale","14":"shipping-taxable","15":"purchasable","16":"product-type-simple"},"_links":{"self":[{"href":"https:\/\/soydeaqui.ddns.net\/pachuca\/index.php\/wp-json\/wp\/v2\/product\/12831","targetHints":{"allow":["GET"]}}],"collection":[{"href":"https:\/\/soydeaqui.ddns.net\/pachuca\/index.php\/wp-json\/wp\/v2\/product"}],"about":[{"href":"https:\/\/soydeaqui.ddns.net\/pachuca\/index.php\/wp-json\/wp\/v2\/types\/product"}],"replies":[{"embeddable":true,"href":"https:\/\/soydeaqui.ddns.net\/pachuca\/index.php\/wp-json\/wp\/v2\/comments?post=12831"}],"wp:featuredmedia":[{"embeddable":true,"href":"https:\/\/soydeaqui.ddns.net\/pachuca\/index.php\/wp-json\/wp\/v2\/media\/12830"}],"wp:attachment":[{"href":"https:\/\/soydeaqui.ddns.net\/pachuca\/index.php\/wp-json\/wp\/v2\/media?parent=12831"}],"wp:term":[{"taxonomy":"product_brand","embeddable":true,"href":"https:\/\/soydeaqui.ddns.net\/pachuca\/index.php\/wp-json\/wp\/v2\/product_brand?post=12831"},{"taxonomy":"product_cat","embeddable":true,"href":"https:\/\/soydeaqui.ddns.net\/pachuca\/index.php\/wp-json\/wp\/v2\/product_cat?post=12831"},{"taxonomy":"product_tag","embeddable":true,"href":"https:\/\/soydeaqui.ddns.net\/pachuca\/index.php\/wp-json\/wp\/v2\/product_tag?post=12831"}],"curies":[{"name":"wp","href":"https:\/\/api.w.org\/{rel}","templated":true}]}}