{"id":12794,"date":"2026-03-18T08:09:46","date_gmt":"2026-03-18T08:09:46","guid":{"rendered":"https:\/\/soydeaqui.ddns.net\/pachuca\/index.php\/producto\/jack-z-max-45-montaje-hbrido-a-45-grados-ideal-para-espacios-reducidos-categora-6a-blindado-color-negro\/"},"modified":"2026-03-18T08:09:47","modified_gmt":"2026-03-18T08:09:47","slug":"jack-z-max-45-montaje-hbrido-a-45-grados-ideal-para-espacios-reducidos-categora-6a-blindado-color-negro","status":"publish","type":"product","link":"https:\/\/soydeaqui.ddns.net\/pachuca\/index.php\/producto\/jack-z-max-45-montaje-hbrido-a-45-grados-ideal-para-espacios-reducidos-categora-6a-blindado-color-negro\/","title":{"rendered":"Jack Z-MAX 45 Montaje H?brido a 45 Grados Ideal para Espacios Reducidos, Categor?a 6A, Blindado, Color Negro"},"content":{"rendered":"<div style='width: 100%; max-width: 1200px; margin: 0 auto; font-family: sans-serif; line-height: 1.6; color: inherit; background-color: transparent;'>\n<div style='display: flex; flex-wrap: wrap; gap: 30px; margin-bottom: 30px;'>\n<div style='flex: 1 1 300px; min-width: 280px;'>\n<p style='font-size: 15px; color: inherit; margin-top: 0;'> La soluci\u00f3n Z-MAX 45 de siemon&comma; supera todos los requisitos de rendimiento de la Categor\u00eda 6A&comma; incluyendo la diafonia ex\u00f3gena o alien crosstalk&comma; las innovadoras funciones y herramientas permiten la mejor terminaci\u00f3n de sus clase. <\/p>\n<\/p><\/div>\n<\/p><\/div>\n<div style='display: flex; flex-wrap: wrap; gap: 20px; margin-bottom: 30px;'>\n<div style='flex: 1 1 250px; border: 1px solid rgba(150&comma; 150&comma; 150&comma; 0.4); border-radius: 8px; overflow: hidden; display: flex; flex-direction: column;'>\n<div style='padding: 15px; border-bottom: 1px solid rgba(150&comma; 150&comma; 150&comma; 0.2); font-weight: bold; font-size: 18px; color: inherit;'>Beneficios<\/div>\n<div style='padding: 15px; color: inherit;'>\n<ul style='padding-left: 20px; margin: 0; font-size: 14px; list-style-type: disc; color: inherit;'>\n<li style='margin-bottom: 5px;'>Terminaciones r\u00e1pidas y repetibles: mejor terminaci\u00f3n en su clase en combinaci\u00f3n con un rendimiento repetible.<\/li>\n<li style='margin-bottom: 5px;'>Apilable&comma; delgado y lateral: en comparaci\u00f3n con los jacks de 90 grados&comma; el Z-MAX45 permite el aplilamiento lateral para aplicaciones de alta densidad.<\/li>\n<li style='margin-bottom: 5px;'>Dise\u00f1o h\u00edbrido compacto: su dise\u00f1o m\u00e1s peque\u00f1o disminuye la profundidad en un 40% para el acomodo en cajas traseras poco profundas sin exceder el radio de curvatura.<\/li>\n<li style='margin-bottom: 5px;'>Integridad de contacto: los Jack&#8217;s de SIEMON mejoran el rendimiento el\u00e9ctrico y mec\u00e1nico&comma; patentando una forma de contacto curvada o &#8216;Coronada&#8217;.<\/li>\n<\/ul><\/div>\n<\/p><\/div>\n<\/p><\/div>\n<hr style='border: 0; border-top: 1px solid rgba(150&comma; 150&comma; 150&comma; 0.3); margin: 30px 0;'> <\/div>\n","protected":false},"excerpt":{"rendered":"<p>Jack Z-MAX 45 Montaje H?brido a 45 Grados Ideal para Espacios Reducidos, Categor?a 6A, Blindado, Color Negro<\/p>\n","protected":false},"featured_media":12793,"comment_status":"open","ping_status":"closed","template":"","meta":[],"product_brand":[],"product_cat":[595],"product_tag":[586,596,600],"class_list":{"0":"post-12794","1":"product","2":"type-product","3":"status-publish","4":"has-post-thumbnail","6":"product_cat-jacks-plugs","7":"product_tag-cableado-de-cobre","8":"product_tag-jacks-plugs","9":"product_tag-siemon","11":"first","12":"outofstock","13":"sale","14":"shipping-taxable","15":"purchasable","16":"product-type-simple"},"_links":{"self":[{"href":"https:\/\/soydeaqui.ddns.net\/pachuca\/index.php\/wp-json\/wp\/v2\/product\/12794","targetHints":{"allow":["GET"]}}],"collection":[{"href":"https:\/\/soydeaqui.ddns.net\/pachuca\/index.php\/wp-json\/wp\/v2\/product"}],"about":[{"href":"https:\/\/soydeaqui.ddns.net\/pachuca\/index.php\/wp-json\/wp\/v2\/types\/product"}],"replies":[{"embeddable":true,"href":"https:\/\/soydeaqui.ddns.net\/pachuca\/index.php\/wp-json\/wp\/v2\/comments?post=12794"}],"wp:featuredmedia":[{"embeddable":true,"href":"https:\/\/soydeaqui.ddns.net\/pachuca\/index.php\/wp-json\/wp\/v2\/media\/12793"}],"wp:attachment":[{"href":"https:\/\/soydeaqui.ddns.net\/pachuca\/index.php\/wp-json\/wp\/v2\/media?parent=12794"}],"wp:term":[{"taxonomy":"product_brand","embeddable":true,"href":"https:\/\/soydeaqui.ddns.net\/pachuca\/index.php\/wp-json\/wp\/v2\/product_brand?post=12794"},{"taxonomy":"product_cat","embeddable":true,"href":"https:\/\/soydeaqui.ddns.net\/pachuca\/index.php\/wp-json\/wp\/v2\/product_cat?post=12794"},{"taxonomy":"product_tag","embeddable":true,"href":"https:\/\/soydeaqui.ddns.net\/pachuca\/index.php\/wp-json\/wp\/v2\/product_tag?post=12794"}],"curies":[{"name":"wp","href":"https:\/\/api.w.org\/{rel}","templated":true}]}}