{"id":12773,"date":"2026-03-18T08:09:27","date_gmt":"2026-03-18T08:09:27","guid":{"rendered":"https:\/\/soydeaqui.ddns.net\/pachuca\/index.php\/producto\/jack-industrial-rj45-categora-6-blindado-ip67-waterproof\/"},"modified":"2026-03-18T08:09:29","modified_gmt":"2026-03-18T08:09:29","slug":"jack-industrial-rj45-categora-6-blindado-ip67-waterproof","status":"publish","type":"product","link":"https:\/\/soydeaqui.ddns.net\/pachuca\/index.php\/producto\/jack-industrial-rj45-categora-6-blindado-ip67-waterproof\/","title":{"rendered":"Jack Industrial RJ45 Categor?a 6 Blindado, IP67 (Waterproof)"},"content":{"rendered":"<div style='width: 100%; max-width: 1200px; margin: 0 auto; font-family: sans-serif; line-height: 1.6; color: inherit; background-color: transparent;'> <!-- Logo --> <\/p>\n<div style='margin-bottom: 30px;'> <img style='width: 100%; max-width: 500px; height: auto; border: 1px solid rgba(150&comma;150&comma;150&comma;0.3); border-radius: 8px;' src='https:\/\/ftp3.syscom.mx\/usuarios\/orobles\/LinkedPro\/linkedpro_logo.png' alt='Logo'> <\/div>\n<p> <!-- Caracter\u00edsticas --> <\/p>\n<div style='margin-bottom: 30px;'>\n<h3 style='font-size: 22px; border-bottom: 2px solid currentColor; padding-bottom: 5px; margin-top: 0; color: inherit; opacity: 0.8;'>Caracter\u00edsticas:<\/h3>\n<ul style='padding-left: 20px; font-size: 15px; color: inherit;'>\n<li style='margin-bottom: 5px;'><span style='font-size: 14pt; font-family: helvetica&comma; arial&comma; sans-serif;'>Categor\u00eda 6\/Clase E con blindaje<\/span><\/li>\n<li style='margin-bottom: 5px;'><span style='font-size: 14pt; font-family: helvetica&comma; arial&comma; sans-serif;'>Estilo de terminaci\u00f3n: 110 (Impacto)<\/span><\/li>\n<li style='margin-bottom: 5px;'><span style='font-size: 14pt; font-family: helvetica&comma; arial&comma; sans-serif;'>Temperatura de Operaci\u00f3n: -10\u00b0C ~ 60\u00b0C<\/span><\/li>\n<li style='margin-bottom: 5px;'><span style='font-size: 14pt; font-family: helvetica&comma; arial&comma; sans-serif;'>Humedad: 10% ~ 90% RH<\/span><\/li>\n<li style='margin-bottom: 5px;'><span style='font-size: 14pt; font-family: helvetica&comma; arial&comma; sans-serif;'>Certificaciones: ANSI\/TIA-568-C.2&comma; UL&comma; RoHS<\/span><\/li>\n<li style='margin-bottom: 5px;'><span style='font-size: 14pt; font-family: helvetica&comma; arial&comma; sans-serif;'>IP67<\/span><\/li>\n<li style='margin-bottom: 5px;'><span style='font-size: 14pt; font-family: helvetica&comma; arial&comma; sans-serif;'>Ciclo de Vida: 750 ciclos de inserci\u00f3n<\/span><\/li>\n<li style='margin-bottom: 5px;'><span style='font-size: 14pt; font-family: helvetica&comma; arial&comma; sans-serif;'>Contactos chapados a 50 micras de oro para m\u00e1xima durabilidad<\/span><\/li>\n<li style='margin-bottom: 5px;'><span style='font-size: 14pt; font-family: helvetica&comma; arial&comma; sans-serif;'>Soporta inmersi\u00f3n en agua por 30 min a 1 metro de profundidad<\/span><\/li>\n<\/ul><\/div>\n<p> <!-- Imagen principal --> <\/p>\n<div style='margin-bottom: 30px;'> <img style='width: 100%; height: auto; border: 1px solid rgba(150&comma;150&comma;150&comma;0.3); border-radius: 8px;' src='https:\/\/ftp3.syscom.mx\/usuarios\/orobles\/LinkedPro\/LP-C6WP-JK.jpg' alt=''> <\/div>\n<p> <!-- Pruebas IP --> <\/p>\n<div style='display: flex; flex-wrap: wrap; gap: 30px; margin-bottom: 30px;'>\n<div style='flex: 1 1 300px; min-width: 280px;'>\n<h3 style='font-size: 22px; border-bottom: 2px solid currentColor; padding-bottom: 5px; margin-top: 0; color: inherit; opacity: 0.8;'>Prueba de Proteci\u00f3n al Ingreso (IP) contra l\u00edquidos<\/h3>\n<div style='margin-top: 15px;'> <img style='width: 100%; height: auto; border: 1px solid rgba(150&comma;150&comma;150&comma;0.3); border-radius: 8px;' src='https:\/\/ftp3.syscom.mx\/usuarios\/orobles\/LinkedPro\/Prueba_IP67-1.JPG' alt=''> <\/div>\n<\/p><\/div>\n<div style='flex: 1 1 300px; min-width: 280px;'>\n<h3 style='font-size: 22px; border-bottom: 2px solid currentColor; padding-bottom: 5px; margin-top: 0; color: inherit; opacity: 0.8;'>Prueba de Proteci\u00f3n al Ingreso (IP) contra part\u00edculas s\u00f3lidas<\/h3>\n<div style='margin-top: 15px;'> <img style='width: 100%; height: auto; border: 1px solid rgba(150&comma;150&comma;150&comma;0.3); border-radius: 8px;' src='https:\/\/ftp3.syscom.mx\/usuarios\/orobles\/LinkedPro\/Prueba_IP67-2.JPG' alt=''> <\/div>\n<\/p><\/div>\n<\/p><\/div>\n<\/p><\/div>\n","protected":false},"excerpt":{"rendered":"<p>Jack Industrial RJ45 Categor?a 6 Blindado, IP67 (Waterproof)<\/p>\n","protected":false},"featured_media":12772,"comment_status":"open","ping_status":"closed","template":"","meta":[],"product_brand":[],"product_cat":[595],"product_tag":[586,596,435],"class_list":{"0":"post-12773","1":"product","2":"type-product","3":"status-publish","4":"has-post-thumbnail","6":"product_cat-jacks-plugs","7":"product_tag-cableado-de-cobre","8":"product_tag-jacks-plugs","9":"product_tag-linkedpro-by-epcom","11":"first","12":"instock","13":"sale","14":"shipping-taxable","15":"purchasable","16":"product-type-simple"},"_links":{"self":[{"href":"https:\/\/soydeaqui.ddns.net\/pachuca\/index.php\/wp-json\/wp\/v2\/product\/12773","targetHints":{"allow":["GET"]}}],"collection":[{"href":"https:\/\/soydeaqui.ddns.net\/pachuca\/index.php\/wp-json\/wp\/v2\/product"}],"about":[{"href":"https:\/\/soydeaqui.ddns.net\/pachuca\/index.php\/wp-json\/wp\/v2\/types\/product"}],"replies":[{"embeddable":true,"href":"https:\/\/soydeaqui.ddns.net\/pachuca\/index.php\/wp-json\/wp\/v2\/comments?post=12773"}],"wp:featuredmedia":[{"embeddable":true,"href":"https:\/\/soydeaqui.ddns.net\/pachuca\/index.php\/wp-json\/wp\/v2\/media\/12772"}],"wp:attachment":[{"href":"https:\/\/soydeaqui.ddns.net\/pachuca\/index.php\/wp-json\/wp\/v2\/media?parent=12773"}],"wp:term":[{"taxonomy":"product_brand","embeddable":true,"href":"https:\/\/soydeaqui.ddns.net\/pachuca\/index.php\/wp-json\/wp\/v2\/product_brand?post=12773"},{"taxonomy":"product_cat","embeddable":true,"href":"https:\/\/soydeaqui.ddns.net\/pachuca\/index.php\/wp-json\/wp\/v2\/product_cat?post=12773"},{"taxonomy":"product_tag","embeddable":true,"href":"https:\/\/soydeaqui.ddns.net\/pachuca\/index.php\/wp-json\/wp\/v2\/product_tag?post=12773"}],"curies":[{"name":"wp","href":"https:\/\/api.w.org\/{rel}","templated":true}]}}