{"id":12705,"date":"2026-03-18T08:08:18","date_gmt":"2026-03-18T08:08:18","guid":{"rendered":"https:\/\/soydeaqui.ddns.net\/pachuca\/index.php\/producto\/patch-cord-cat6a-industrialnet-blindado-s-ftp-con-plug-industrial-y-tapa-en-cada-extremo-1-metro-3-28-pies\/"},"modified":"2026-03-18T08:08:21","modified_gmt":"2026-03-18T08:08:21","slug":"patch-cord-cat6a-industrialnet-blindado-s-ftp-con-plug-industrial-y-tapa-en-cada-extremo-1-metro-3-28-pies","status":"publish","type":"product","link":"https:\/\/soydeaqui.ddns.net\/pachuca\/index.php\/producto\/patch-cord-cat6a-industrialnet-blindado-s-ftp-con-plug-industrial-y-tapa-en-cada-extremo-1-metro-3-28-pies\/","title":{"rendered":"Patch Cord Cat6A IndustrialNet, Blindado S\/FTP, Con Plug Industrial y Tapa en Cada Extremo, 1 Metro (3.28 Pies)"},"content":{"rendered":"<div style='width: 100%; max-width: 1200px; margin: 0 auto; font-family: sans-serif; line-height: 1.6; color: inherit; background-color: transparent;'>\n<div style='display: flex; flex-wrap: wrap; gap: 30px; margin-bottom: 30px;'>\n<div style='flex: 1 1 300px; min-width: 280px;'>\n<h3 style='font-size: 22px; border-bottom: 2px solid currentColor; padding-bottom: 5px; margin-top: 0; color: inherit; opacity: 0.8;'>Descripci\u00f3n<\/h3>\n<p style='font-size: 15px; color: inherit; margin-top: 0;'> Los cables de conexi\u00f3n Ethernet de grado industrial se fabrican con cable de par trenzado de categor\u00eda 6A&comma; para instalaciones UTP o STP. Cada cable tiene una terminaci\u00f3n previa para incluir Plugs industriales de Categor\u00eda 6A en cada extremo que est\u00e1n bajo el est\u00e1ndar T568B. Incluyen conectores con clasificaci\u00f3n industrial IP65\/IP67 en ambos extremos o un conector con clasificaci\u00f3n industrial IP65\/IP67 en un extremo y un conector RJ45 con clasificaci\u00f3n IP20 en el otro extremo. Deben incluir tapas atadas en los conectores de industriales para proteger la conectividad en condiciones sin conexi\u00f3n. Se debe lograr una clasificaci\u00f3n IP65\/IP67 cuando se acopla con un conector de grado industrial IP65\/IP67 y NEMA UL Tipo 12. <\/p>\n<\/p><\/div>\n<\/p><\/div>\n<div style='display: flex; flex-wrap: wrap; gap: 20px; margin-bottom: 30px;'>\n<div style='flex: 1 1 250px; border: 1px solid rgba(150&comma; 150&comma; 150&comma; 0.4); border-radius: 8px; overflow: hidden; display: flex; flex-direction: column;'>\n<div style='padding: 15px; border-bottom: 1px solid rgba(150&comma; 150&comma; 150&comma; 0.2); font-weight: bold; font-size: 18px; color: inherit;'>Especificaciones T\u00e9cnicas<\/div>\n<div style='padding: 15px; color: inherit;'>\n<ul style='padding-left: 20px; margin: 0; font-size: 14px; list-style-type: disc;'>\n<li style='margin-bottom: 5px;'>Rendimiento: Supera los requisitos de canal y componentes de las normas ANSI\/ TIA568.2-D Categor\u00eda 6A e ISO11801 Clase EA<\/li>\n<li style='margin-bottom: 5px;'>Rendimiento El\u00e9ctrico\/Mec\u00e1nico: Cumple con todos los requisitos de rendimiento el\u00e9ctrico y mec\u00e1nico ODVA Ethernet\/IP<\/li>\n<li style='margin-bottom: 5px;'>Cumplimiento FCC y ANSI\/TIA: Cumple con ANSI\/TIA-1096-A; contactos chapados con 50 micropulgadas de oro para un rendimiento superior<\/li>\n<li style='margin-bottom: 5px;'>Cumplimiento IEC: Cumple con las especificaciones IEC 60603-7<\/li>\n<li style='margin-bottom: 5px;'>Cumplimiento IP: Clasificaci\u00f3n IP67 para protecci\u00f3n contra el polvo e inmersi\u00f3n temporal en l\u00edquido<\/li>\n<li style='margin-bottom: 5px;'>Cumplimiento NEMA\/UL: Clasificado UL Tipo 12&comma; 6\/6P&comma; 4X<\/li>\n<li style='margin-bottom: 5px;'>Rango de temperatura: -20 a 70\u00baC<\/li>\n<\/ul><\/div>\n<\/p><\/div>\n<\/p><\/div>\n<hr style='border: 0; border-top: 1px solid rgba(150&comma; 150&comma; 150&comma; 0.3); margin: 30px 0;'> <\/div>\n","protected":false},"excerpt":{"rendered":"<p>Patch Cord Cat6A IndustrialNet, Blindado S\/FTP, Con Plug Industrial y Tapa en Cada Extremo, 1 Metro (3.28 Pies)<\/p>\n","protected":false},"featured_media":12704,"comment_status":"open","ping_status":"closed","template":"","meta":[],"product_brand":[],"product_cat":[598],"product_tag":[586,445,599],"class_list":{"0":"post-12705","1":"product","2":"type-product","3":"status-publish","4":"has-post-thumbnail","6":"product_cat-patch-cords","7":"product_tag-cableado-de-cobre","8":"product_tag-panduit","9":"product_tag-patch-cords","11":"first","12":"instock","13":"sale","14":"shipping-taxable","15":"purchasable","16":"product-type-simple"},"_links":{"self":[{"href":"https:\/\/soydeaqui.ddns.net\/pachuca\/index.php\/wp-json\/wp\/v2\/product\/12705","targetHints":{"allow":["GET"]}}],"collection":[{"href":"https:\/\/soydeaqui.ddns.net\/pachuca\/index.php\/wp-json\/wp\/v2\/product"}],"about":[{"href":"https:\/\/soydeaqui.ddns.net\/pachuca\/index.php\/wp-json\/wp\/v2\/types\/product"}],"replies":[{"embeddable":true,"href":"https:\/\/soydeaqui.ddns.net\/pachuca\/index.php\/wp-json\/wp\/v2\/comments?post=12705"}],"wp:featuredmedia":[{"embeddable":true,"href":"https:\/\/soydeaqui.ddns.net\/pachuca\/index.php\/wp-json\/wp\/v2\/media\/12704"}],"wp:attachment":[{"href":"https:\/\/soydeaqui.ddns.net\/pachuca\/index.php\/wp-json\/wp\/v2\/media?parent=12705"}],"wp:term":[{"taxonomy":"product_brand","embeddable":true,"href":"https:\/\/soydeaqui.ddns.net\/pachuca\/index.php\/wp-json\/wp\/v2\/product_brand?post=12705"},{"taxonomy":"product_cat","embeddable":true,"href":"https:\/\/soydeaqui.ddns.net\/pachuca\/index.php\/wp-json\/wp\/v2\/product_cat?post=12705"},{"taxonomy":"product_tag","embeddable":true,"href":"https:\/\/soydeaqui.ddns.net\/pachuca\/index.php\/wp-json\/wp\/v2\/product_tag?post=12705"}],"curies":[{"name":"wp","href":"https:\/\/api.w.org\/{rel}","templated":true}]}}