{"id":12609,"date":"2026-03-18T08:06:42","date_gmt":"2026-03-18T08:06:42","guid":{"rendered":"https:\/\/soydeaqui.ddns.net\/pachuca\/index.php\/producto\/caja-de-conexin-de-fibra-ptica-para-montaje-en-pared-acepta-2-placas-fap-o-fmp-hasta-48-fibras-color-negro\/"},"modified":"2026-03-18T08:06:49","modified_gmt":"2026-03-18T08:06:49","slug":"caja-de-conexin-de-fibra-ptica-para-montaje-en-pared-acepta-2-placas-fap-o-fmp-hasta-48-fibras-color-negro","status":"publish","type":"product","link":"https:\/\/soydeaqui.ddns.net\/pachuca\/index.php\/producto\/caja-de-conexin-de-fibra-ptica-para-montaje-en-pared-acepta-2-placas-fap-o-fmp-hasta-48-fibras-color-negro\/","title":{"rendered":"Caja de Conexi?n de Fibra ?ptica, Para Montaje en Pared, Acepta 2 Placas FAP o FMP, Hasta 48 Fibras, Color Negro"},"content":{"rendered":"<div style='width: 100%; max-width: 1200px; margin: 0 auto; font-family: sans-serif; line-height: 1.6; color: inherit; background-color: transparent;'> <!-- Secci\u00f3n de descripci\u00f3n principal --> <\/p>\n<div style='margin-bottom: 30px;'>\n<h2 style='font-size: 24px; margin-top: 0; color: inherit; opacity: 0.9;'>Descripci\u00f3n del Producto<\/h2>\n<p style='font-size: 15px; color: inherit; margin-bottom: 20px;'>El gabinete de montaje en pared Panduit\u00ae Opticom\u00ae est\u00e1 dise\u00f1ado para administrar y organizar la distribuci\u00f3n de fibra cuando el espacio es limitado. Los gabinetes pueden usarse como interconexi\u00f3n o conexi\u00f3n cruzada en cualquier sala de telecomunicaciones y pueden usar cualquier panel adaptador est\u00e1ndar de la serie FAP o FMP.<\/p>\n<\/p><\/div>\n<p> <!-- Secci\u00f3n de caracter\u00edsticas principales --> <\/p>\n<div style='display: flex; flex-wrap: wrap; gap: 30px; margin-bottom: 30px;'>\n<div style='flex: 1 1 300px; min-width: 280px;'>\n<h3 style='font-size: 22px; border-bottom: 2px solid currentColor; padding-bottom: 5px; margin-top: 0; color: inherit; opacity: 0.8;'>Caracter\u00edsticas Principales<\/h3>\n<ul style='padding-left: 20px; font-size: 15px; color: inherit;'>\n<li style='margin-bottom: 5px;'>Clip de alivio de tensi\u00f3n mejorado: m\u00e1s f\u00e1cil de instalar y alinear la fibra<\/li>\n<li style='margin-bottom: 5px;'>\u00c1rea de bobinado: administra y organiza la holgura de fibra<\/li>\n<li style='margin-bottom: 5px;'>Arandela de goma ofrece protecci\u00f3n contra el polvo\/desechos y ayuda a asegurar el cable al gabinete<\/li>\n<li style='margin-bottom: 5px;'>Cierre mejorado para una mayor seguridad<\/li>\n<li style='margin-bottom: 5px;'>Cerradura con llave opcional (no incluida)<\/li>\n<li style='margin-bottom: 5px;'>Dise\u00f1o compacto para montaje en pared<\/li>\n<li style='margin-bottom: 5px;'>Soporta hasta 48 fibras<\/li>\n<li style='margin-bottom: 5px;'>Acepta 2 placas FAP o FMP<\/li>\n<\/ul><\/div>\n<p> <!-- Secci\u00f3n de especificaciones t\u00e9cnicas --> <\/p>\n<div style='flex: 1 1 300px; min-width: 280px;'>\n<h3 style='font-size: 22px; border-bottom: 2px solid currentColor; padding-bottom: 5px; margin-top: 0; color: inherit; opacity: 0.8;'>Especificaciones T\u00e9cnicas<\/h3>\n<ul style='padding-left: 20px; font-size: 15px; color: inherit;'>\n<li style='margin-bottom: 5px;'><strong>Material:<\/strong> Acero<\/li>\n<li style='margin-bottom: 5px;'><strong>Capacidad:<\/strong> Hasta 48 fibras<\/li>\n<li style='margin-bottom: 5px;'><strong>Soporte:<\/strong> 2 placas FAP o FMP<\/li>\n<li style='margin-bottom: 5px;'><strong>Protecci\u00f3n de radio de curvatura:<\/strong> Para cables de 12\/24 fibras<\/li>\n<li style='margin-bottom: 5px;'><strong>Capacidad de gesti\u00f3n de cables:<\/strong> Administraci\u00f3n de fibra \u00f3ptica<\/li>\n<li style='margin-bottom: 5px;'><strong>Dimensiones:<\/strong> 304.8 x 258.6 x 59.1 mm (Ancho x Alto x Profundidad)<\/li>\n<li style='margin-bottom: 5px;'><strong>Peso:<\/strong> No especificado<\/li>\n<\/ul><\/div>\n<p> <!-- Secci\u00f3n de aplicaciones --> <\/p>\n<div style='flex: 1 1 300px; min-width: 280px;'>\n<h3 style='font-size: 22px; border-bottom: 2px solid currentColor; padding-bottom: 5px; margin-top: 0; color: inherit; opacity: 0.8;'>Aplicaciones<\/h3>\n<ul style='padding-left: 20px; font-size: 15px; color: inherit;'>\n<li style='margin-bottom: 5px;'>Administraci\u00f3n de fibra en espacios reducidos<\/li>\n<li style='margin-bottom: 5px;'>Interconexi\u00f3n o conexi\u00f3n cruzada en salas de telecomunicaciones<\/li>\n<li style='margin-bottom: 5px;'>Gesti\u00f3n de cableado desde exteriores hacia el interior de instalaciones<\/li>\n<li style='margin-bottom: 5px;'>Soluci\u00f3n modular para gesti\u00f3n de fibra y cobre<\/li>\n<\/ul><\/div>\n<p> <!-- Secci\u00f3n de compatibilidad --> <\/p>\n<div style='flex: 1 1 300px; min-width: 280px;'>\n<h3 style='font-size: 22px; border-bottom: 2px solid currentColor; padding-bottom: 5px; margin-top: 0; color: inherit; opacity: 0.8;'>Compatibilidad<\/h3>\n<ul style='padding-left: 20px; font-size: 15px; color: inherit;'>\n<li style='margin-bottom: 5px;'>Compatibilidad con placas FAP y FMP<\/li>\n<li style='margin-bottom: 5px;'>Trayectorias de splicing: FSTHS con capacidad para hasta 2 FSTKs<\/li>\n<li style='margin-bottom: 5px;'>Accesorios incluidos: Kit de accesorios y etiquetas<\/li>\n<li style='margin-bottom: 5px;'>Compatibilidad con Mini-Com\u00ae&comma; Opti-Jack\u00ae ST&comma; SC&comma; Coax y m\u00f3dulos de cassettes de fibra<\/li>\n<\/ul><\/div>\n<\/p><\/div>\n<p> <!-- Secci\u00f3n de detalles constructivos --> <\/p>\n<div style='display: flex; flex-wrap: wrap; gap: 30px; margin-bottom: 30px;'>\n<div style='flex: 1 1 300px; min-width: 280px;'>\n<h3 style='font-size: 22px; border-bottom: 2px solid currentColor; padding-bottom: 5px; margin-top: 0; color: inherit; opacity: 0.8;'>Detalles Constructivos<\/h3>\n<ul style='padding-left: 20px; font-size: 15px; color: inherit;'>\n<li style='margin-bottom: 5px;'>Puerta con cierre mejorado<\/li>\n<li style='margin-bottom: 5px;'>Lado frontal: FELU (User side)<\/li>\n<li style='margin-bottom: 5px;'>Lado de servicio: FELS<\/li>\n<li style='margin-bottom: 5px;'>Dise\u00f1o modular<\/li>\n<li style='margin-bottom: 5px;'>Opci\u00f3n de bandeja de splicing (FST6) con portabandejas (FST6H4)<\/li>\n<\/ul><\/div>\n<p> <!-- Secci\u00f3n de opciones de montaje --> <\/p>\n<div style='flex: 1 1 300px; min-width: 280px;'>\n<h3 style='font-size: 22px; border-bottom: 2px solid currentColor; padding-bottom: 5px; margin-top: 0; color: inherit; opacity: 0.8;'>Opciones de Montaje<\/h3>\n<ul style='padding-left: 20px; font-size: 15px; color: inherit;'>\n<li style='margin-bottom: 5px;'>Montaje en pared<\/li>\n<li style='margin-bottom: 5px;'>Bisagra de puerta intercambiable<\/li>\n<li style='margin-bottom: 5px;'>Profundidad reducida gracias a bisagra optimizada<\/li>\n<\/ul><\/div>\n<\/p><\/div>\n<p> <!-- Separador --> <\/p>\n<hr style='border: 0; border-top: 1px solid rgba(150&comma; 150&comma; 150&comma; 0.3); margin: 30px 0;'> <\/div>\n","protected":false},"excerpt":{"rendered":"<p>Caja de Conexi?n de Fibra ?ptica, Para Montaje en Pared, Acepta 2 Placas FAP o FMP, Hasta 48 Fibras, Color Negro<\/p>\n","protected":false},"featured_media":12608,"comment_status":"open","ping_status":"closed","template":"","meta":[],"product_brand":[],"product_cat":[621],"product_tag":[622,611,445],"class_list":{"0":"post-12609","1":"product","2":"type-product","3":"status-publish","4":"has-post-thumbnail","6":"product_cat-distribuidores-de-fibra-optica","7":"product_tag-distribuidores-de-fibra-optica","8":"product_tag-fibra-optica","9":"product_tag-panduit","11":"first","12":"instock","13":"sale","14":"shipping-taxable","15":"purchasable","16":"product-type-simple"},"_links":{"self":[{"href":"https:\/\/soydeaqui.ddns.net\/pachuca\/index.php\/wp-json\/wp\/v2\/product\/12609","targetHints":{"allow":["GET"]}}],"collection":[{"href":"https:\/\/soydeaqui.ddns.net\/pachuca\/index.php\/wp-json\/wp\/v2\/product"}],"about":[{"href":"https:\/\/soydeaqui.ddns.net\/pachuca\/index.php\/wp-json\/wp\/v2\/types\/product"}],"replies":[{"embeddable":true,"href":"https:\/\/soydeaqui.ddns.net\/pachuca\/index.php\/wp-json\/wp\/v2\/comments?post=12609"}],"wp:featuredmedia":[{"embeddable":true,"href":"https:\/\/soydeaqui.ddns.net\/pachuca\/index.php\/wp-json\/wp\/v2\/media\/12608"}],"wp:attachment":[{"href":"https:\/\/soydeaqui.ddns.net\/pachuca\/index.php\/wp-json\/wp\/v2\/media?parent=12609"}],"wp:term":[{"taxonomy":"product_brand","embeddable":true,"href":"https:\/\/soydeaqui.ddns.net\/pachuca\/index.php\/wp-json\/wp\/v2\/product_brand?post=12609"},{"taxonomy":"product_cat","embeddable":true,"href":"https:\/\/soydeaqui.ddns.net\/pachuca\/index.php\/wp-json\/wp\/v2\/product_cat?post=12609"},{"taxonomy":"product_tag","embeddable":true,"href":"https:\/\/soydeaqui.ddns.net\/pachuca\/index.php\/wp-json\/wp\/v2\/product_tag?post=12609"}],"curies":[{"name":"wp","href":"https:\/\/api.w.org\/{rel}","templated":true}]}}