{"id":12556,"date":"2026-03-18T08:05:57","date_gmt":"2026-03-18T08:05:57","guid":{"rendered":"https:\/\/soydeaqui.ddns.net\/pachuca\/index.php\/producto\/gabinete-de-piso-para-exterior-con-ventiladores-y-termostato-con-rack-de-19-de-16-u-espacio-para-baterias-se-envia-el-gabinete-armado\/"},"modified":"2026-03-18T08:06:02","modified_gmt":"2026-03-18T08:06:02","slug":"gabinete-de-piso-para-exterior-con-ventiladores-y-termostato-con-rack-de-19-de-16-u-espacio-para-baterias-se-envia-el-gabinete-armado","status":"publish","type":"product","link":"https:\/\/soydeaqui.ddns.net\/pachuca\/index.php\/producto\/gabinete-de-piso-para-exterior-con-ventiladores-y-termostato-con-rack-de-19-de-16-u-espacio-para-baterias-se-envia-el-gabinete-armado\/","title":{"rendered":"Gabinete de Piso para Exterior con Ventiladores y Termostato con Rack de 19&#8243; de 16 U + Espacio para Bater\u00edas, Se env\u00eda el Gabinete Armado."},"content":{"rendered":"<div style='width: 100%; max-width: 1200px; margin: 0 auto; font-family: sans-serif; line-height: 1.6; color: inherit; background-color: transparent;'> <!-- Secci\u00f3n de caracter\u00edsticas principales --> <\/p>\n<div style='display: flex; flex-wrap: wrap; gap: 30px; margin-bottom: 30px;'>\n<div style='flex: 1 1 300px; min-width: 280px;'>\n<h3 style='font-size: 22px; border-bottom: 2px solid currentColor; padding-bottom: 5px; margin-top: 0; color: inherit; opacity: 0.8;'>Caracter\u00edsticas principales<\/h3>\n<ul style='padding-left: 20px; font-size: 15px; color: inherit;'>\n<li style='margin-bottom: 5px;'>Gabinete para Exterior con ventiladores.<\/li>\n<li style='margin-bottom: 5px;'>Rack est\u00e1ndar de 19&#8242; con 16 unidades + Espacio para instalaci\u00f3n de bater\u00edas.<\/li>\n<li style='margin-bottom: 5px;'>Incluye tambi\u00e9n 2 postes de 24 Unidades para instalar si no se usa el espacio de las bater\u00edas.<\/li>\n<li style='margin-bottom: 5px;'>Los ventiladores son controlados por un <span style='text-decoration: underline; color: inherit;'>termostato ajustable<\/span>.<\/li>\n<li style='margin-bottom: 5px;'>Cuenta con base y taquetes incluidos para fijaci\u00f3n a piso de concreto.<\/li>\n<li style='margin-bottom: 5px;'>Tiene 4 terminales interiores para conexi\u00f3n de equipos a 110 VCA.<\/li>\n<li style='margin-bottom: 5px;'>Platina interna (al fondo) para instalaci\u00f3n de equipo.<\/li>\n<li style='margin-bottom: 5px;'>Cerradura doble de seguridad con llave.<\/li>\n<li style='margin-bottom: 5px;'>Incluye filtros contra entrada de part\u00edculas de polvo y aislante t\u00e9rmico interno.<\/li>\n<\/ul><\/div>\n<\/p><\/div>\n<p> <!-- Secci\u00f3n de especificaciones f\u00edsicas --> <\/p>\n<div style='display: flex; flex-wrap: wrap; gap: 20px; margin-bottom: 30px;'>\n<div style='flex: 1 1 250px; border: 1px solid rgba(150&comma; 150&comma; 150&comma; 0.4); border-radius: 8px; overflow: hidden; display: flex; flex-direction: column;'>\n<div style='padding: 15px; border-bottom: 1px solid rgba(150&comma; 150&comma; 150&comma; 0.2); font-weight: bold; font-size: 18px; color: inherit;'>Caracter\u00edsticas F\u00edsicas<\/div>\n<div style='padding: 15px; color: inherit;'>\n<ul style='padding-left: 20px; margin: 0; font-size: 14px; list-style-type: disc;'>\n<li style='margin-bottom: 5px;'>Dimensiones de cuerpo de gabinete: 600 x 1429 x 597 mm (ancho x alto x prof.)<\/li>\n<li style='margin-bottom: 5px;'>Peso: 84 Kg.<\/li>\n<li style='margin-bottom: 5px;'>Grado de protecci\u00f3n: IP-54<\/li>\n<li style='margin-bottom: 5px;'>M\u00e1xima distancia entre rack frontal y rack trasero: 372 mm<\/li>\n<li style='margin-bottom: 5px;'>Espacio de rack frontal a puerta: 56 mm<\/li>\n<li style='margin-bottom: 5px;'>Distancia a tope de rack frontal a l\u00e1mina trasera: 483 mm<\/li>\n<li style='margin-bottom: 5px; font-weight: bold;'>Se env\u00eda el Gabinete armado.<\/li>\n<\/ul><\/div>\n<\/p><\/div>\n<\/p><\/div>\n<p> <!-- Secci\u00f3n de caracter\u00edsticas el\u00e9ctricas --> <\/p>\n<div style='display: flex; flex-wrap: wrap; gap: 20px; margin-bottom: 30px;'>\n<div style='flex: 1 1 250px; border: 1px solid rgba(150&comma; 150&comma; 150&comma; 0.4); border-radius: 8px; overflow: hidden; display: flex; flex-direction: column;'>\n<div style='padding: 15px; border-bottom: 1px solid rgba(150&comma; 150&comma; 150&comma; 0.2); font-weight: bold; font-size: 18px; color: inherit;'>Caracter\u00edsticas El\u00e9ctricas<\/div>\n<div style='padding: 15px; color: inherit;'>\n<p style='margin: 0; font-size: 14px;'>Incluye dos ventiladores con consumo de 0.26A 110\/120Vca y termostato con rango de 0 a 60\u00b0C&comma; tomacorriente rack con 4 tomas&comma; switch t\u00e9rmico 15A y cable calibre 18 de 1.6 metros.<\/p>\n<\/p><\/div>\n<\/p><\/div>\n<\/p><\/div>\n<p> <!-- Separador --> <\/p>\n<hr style='border: 0; border-top: 1px solid rgba(150&comma; 150&comma; 150&comma; 0.3); margin: 30px 0;'> <\/div>\n","protected":false},"excerpt":{"rendered":"<p>Gabinete de Piso para Exterior con Ventiladores y Termostato con Rack de 19&#8243; de 16 U + Espacio para Bater\u00edas, Se env\u00eda el Gabinete Armado.<\/p>\n","protected":false},"featured_media":12555,"comment_status":"open","ping_status":"closed","template":"","meta":[],"product_brand":[],"product_cat":[623],"product_tag":[435,624,605],"class_list":{"0":"post-12556","1":"product","2":"type-product","3":"status-publish","4":"has-post-thumbnail","6":"product_cat-racks-cerrados","7":"product_tag-linkedpro-by-epcom","8":"product_tag-racks-cerrados","9":"product_tag-racks-y-gabinetes","11":"first","12":"instock","13":"sale","14":"shipping-taxable","15":"purchasable","16":"product-type-simple"},"_links":{"self":[{"href":"https:\/\/soydeaqui.ddns.net\/pachuca\/index.php\/wp-json\/wp\/v2\/product\/12556","targetHints":{"allow":["GET"]}}],"collection":[{"href":"https:\/\/soydeaqui.ddns.net\/pachuca\/index.php\/wp-json\/wp\/v2\/product"}],"about":[{"href":"https:\/\/soydeaqui.ddns.net\/pachuca\/index.php\/wp-json\/wp\/v2\/types\/product"}],"replies":[{"embeddable":true,"href":"https:\/\/soydeaqui.ddns.net\/pachuca\/index.php\/wp-json\/wp\/v2\/comments?post=12556"}],"wp:featuredmedia":[{"embeddable":true,"href":"https:\/\/soydeaqui.ddns.net\/pachuca\/index.php\/wp-json\/wp\/v2\/media\/12555"}],"wp:attachment":[{"href":"https:\/\/soydeaqui.ddns.net\/pachuca\/index.php\/wp-json\/wp\/v2\/media?parent=12556"}],"wp:term":[{"taxonomy":"product_brand","embeddable":true,"href":"https:\/\/soydeaqui.ddns.net\/pachuca\/index.php\/wp-json\/wp\/v2\/product_brand?post=12556"},{"taxonomy":"product_cat","embeddable":true,"href":"https:\/\/soydeaqui.ddns.net\/pachuca\/index.php\/wp-json\/wp\/v2\/product_cat?post=12556"},{"taxonomy":"product_tag","embeddable":true,"href":"https:\/\/soydeaqui.ddns.net\/pachuca\/index.php\/wp-json\/wp\/v2\/product_tag?post=12556"}],"curies":[{"name":"wp","href":"https:\/\/api.w.org\/{rel}","templated":true}]}}