{"id":12552,"date":"2026-03-18T08:05:54","date_gmt":"2026-03-18T08:05:54","guid":{"rendered":"https:\/\/soydeaqui.ddns.net\/pachuca\/index.php\/producto\/caja-rectangular-de-3-4-19-05-mm-con-4-bocas-a-prueba-de-intemperie\/"},"modified":"2026-03-18T08:05:55","modified_gmt":"2026-03-18T08:05:55","slug":"caja-rectangular-de-3-4-19-05-mm-con-4-bocas-a-prueba-de-intemperie","status":"publish","type":"product","link":"https:\/\/soydeaqui.ddns.net\/pachuca\/index.php\/producto\/caja-rectangular-de-3-4-19-05-mm-con-4-bocas-a-prueba-de-intemperie\/","title":{"rendered":"Caja Rectangular de 3\/4&#8243; (19.05 mm ) con 4 bocas a prueba de intemperie."},"content":{"rendered":"<div style='width: 100%; max-width: 1200px; margin: 0 auto; font-family: sans-serif; line-height: 1.6; color: inherit; background-color: transparent;'> <!-- Secci\u00f3n de caracter\u00edsticas --> <\/p>\n<div style='display: flex; flex-wrap: wrap; gap: 30px; margin-bottom: 30px;'>\n<div style='flex: 1 1 300px; min-width: 280px;'>\n<h3 style='font-size: 22px; border-bottom: 2px solid currentColor; padding-bottom: 5px; margin-top: 0; color: inherit; opacity: 0.8;'>Caracter\u00edsticas principales<\/h3>\n<ul style='padding-left: 20px; font-size: 15px; color: inherit;'>\n<li style='margin-bottom: 5px;'><strong style='color: inherit;'>Material:<\/strong> Aluminio inyectado a presi\u00f3n (diecast)<\/li>\n<li style='margin-bottom: 5px;'><strong style='color: inherit;'>Acabado:<\/strong> Pintura electroest\u00e1tica Ep\u00f3xica-Poli\u00e9ster polimerizada<\/li>\n<li style='margin-bottom: 5px;'><strong style='color: inherit;'>Medida:<\/strong> 19 mm (3\/4&#8242;)<\/li>\n<li style='margin-bottom: 5px;'><strong style='color: inherit;'>Bocas:<\/strong> 1 Arriba \/ 1 Abajo \/ 1 Izquierda \/ 1 Detr\u00e1s<\/li>\n<li style='margin-bottom: 5px;'><strong style='color: inherit;'>Volumen:<\/strong> 275.5 cm<sup style='font-size: 10px; vertical-align: super;'>3<\/sup><\/li>\n<li style='margin-bottom: 5px;'><strong style='color: inherit;'>Peso:<\/strong> 0.27 Kg<\/li>\n<li style='margin-bottom: 5px;'><strong style='color: inherit;'>C\u00f3digo proveedor:<\/strong> 01.01.0455<\/li>\n<li style='margin-bottom: 5px;'><strong style='color: inherit;'>Tornillo de tierra:<\/strong> Pasivado incluido<\/li>\n<li style='margin-bottom: 5px;'><strong style='color: inherit;'>Caracter\u00edstica:<\/strong> A prueba de intemperie cuando se usa con tapa y empaque<\/li>\n<li style='margin-bottom: 5px;'><strong style='color: inherit;'>Rosca:<\/strong> NPT para usarse con tubo conduit r\u00edgido o IMC<\/li>\n<\/ul><\/div>\n<\/p><\/div>\n<p> <!-- Nota importante --> <\/p>\n<div style='margin-bottom: 30px; padding: 15px; border-left: 4px solid rgba(231&comma;76&comma;60&comma;0.6); background-color: rgba(231&comma;76&comma;60&comma;0.05);'>\n<p style='margin: 0; font-size: 15px; color: inherit;'> <strong style='color: inherit;'><span style='color: #e74c3c;'>*<\/span>No incluye tapones<\/strong>&comma; se recomienda hasta 4 tapones roscado modelo: TA-0368 <\/p>\n<\/p><\/div>\n<p> <!-- Secci\u00f3n de aplicaciones --> <\/p>\n<div style='display: flex; flex-wrap: wrap; gap: 30px; margin-bottom: 30px;'>\n<div style='flex: 1 1 300px; min-width: 280px;'>\n<h3 style='font-size: 22px; border-bottom: 2px solid currentColor; padding-bottom: 5px; margin-top: 0; color: inherit; opacity: 0.8;'>Aplicaciones<\/h3>\n<ul style='padding-left: 20px; font-size: 15px; color: inherit;'>\n<li style='margin-bottom: 5px;'>Pueden ser instaladas para recibir accesorios como: Interruptores&comma; contactos&comma; estaciones de botones&comma; luces piloto&comma; etc.<\/li>\n<li style='margin-bottom: 5px;'>Sirven para hacer empalmes y conexiones en el cableado.<\/li>\n<li style='margin-bottom: 5px;'>Permiten f\u00e1cil acceso para mantenimiento.<\/li>\n<li style='margin-bottom: 5px;'>Fabricaci\u00f3n en base a: UL 514 A y UL 514 B CAN\/CAS-C22.2 No.18-92<\/li>\n<\/ul><\/div>\n<\/p><\/div>\n<p> <!-- Informaci\u00f3n adicional --> <\/p>\n<div style='margin-bottom: 30px;'>\n<p style='font-size: 15px; color: inherit; margin-bottom: 15px;'> Las cajas de registro rectangulares y cuadradas RAWELT son dise\u00f1adas y fabricadas bajo los m\u00e1s estrictos controles de calidad&comma; certificadas en normas internacionales por UL y CSA siendo utilizadas en la industria tanto pesada como ligera&comma; as\u00ed mismo en aplicaciones comerciales como residenciales. <\/p>\n<p style='font-size: 15px; color: inherit; margin-bottom: 0;'> Gracias al m\u00e9todo de moldeo por inyecci\u00f3n a presi\u00f3n&comma; sus paredes de aluminio son compactas y libres de porosidad obteni\u00e9ndose una estabilidad dimensional y una resistencia extraordinaria para ser usadas en cualquier tipo de industria&comma; con un peso 3 veces m\u00e1s ligero que otro sistema de moldeo. <\/p>\n<\/p><\/div>\n<p> <!-- Separador --> <\/p>\n<hr style='border: 0; border-top: 1px solid rgba(150&comma; 150&comma; 150&comma; 0.3); margin: 30px 0;'> <\/div>\n","protected":false},"excerpt":{"rendered":"<p>Caja Rectangular de 3\/4&#8243; (19.05 mm ) con 4 bocas a prueba de intemperie.<\/p>\n","protected":false},"featured_media":12551,"comment_status":"open","ping_status":"closed","template":"","meta":[],"product_brand":[],"product_cat":[655],"product_tag":[572,661,656],"class_list":{"0":"post-12552","1":"product","2":"type-product","3":"status-publish","4":"has-post-thumbnail","6":"product_cat-tuberia-metalica-conduit-accesorios","7":"product_tag-canalizacion","8":"product_tag-rawelt","9":"product_tag-tuberia-metalica-conduit-accesorios","11":"first","12":"outofstock","13":"sale","14":"shipping-taxable","15":"purchasable","16":"product-type-simple"},"_links":{"self":[{"href":"https:\/\/soydeaqui.ddns.net\/pachuca\/index.php\/wp-json\/wp\/v2\/product\/12552","targetHints":{"allow":["GET"]}}],"collection":[{"href":"https:\/\/soydeaqui.ddns.net\/pachuca\/index.php\/wp-json\/wp\/v2\/product"}],"about":[{"href":"https:\/\/soydeaqui.ddns.net\/pachuca\/index.php\/wp-json\/wp\/v2\/types\/product"}],"replies":[{"embeddable":true,"href":"https:\/\/soydeaqui.ddns.net\/pachuca\/index.php\/wp-json\/wp\/v2\/comments?post=12552"}],"wp:featuredmedia":[{"embeddable":true,"href":"https:\/\/soydeaqui.ddns.net\/pachuca\/index.php\/wp-json\/wp\/v2\/media\/12551"}],"wp:attachment":[{"href":"https:\/\/soydeaqui.ddns.net\/pachuca\/index.php\/wp-json\/wp\/v2\/media?parent=12552"}],"wp:term":[{"taxonomy":"product_brand","embeddable":true,"href":"https:\/\/soydeaqui.ddns.net\/pachuca\/index.php\/wp-json\/wp\/v2\/product_brand?post=12552"},{"taxonomy":"product_cat","embeddable":true,"href":"https:\/\/soydeaqui.ddns.net\/pachuca\/index.php\/wp-json\/wp\/v2\/product_cat?post=12552"},{"taxonomy":"product_tag","embeddable":true,"href":"https:\/\/soydeaqui.ddns.net\/pachuca\/index.php\/wp-json\/wp\/v2\/product_tag?post=12552"}],"curies":[{"name":"wp","href":"https:\/\/api.w.org\/{rel}","templated":true}]}}