{"id":12459,"date":"2026-03-18T08:04:37","date_gmt":"2026-03-18T08:04:37","guid":{"rendered":"https:\/\/soydeaqui.ddns.net\/pachuca\/index.php\/producto\/bracket-para-montaje-de-regleta-s66-acepta-1-regleta-m150-6-conectores-de-25-pares\/"},"modified":"2026-03-18T08:04:39","modified_gmt":"2026-03-18T08:04:39","slug":"bracket-para-montaje-de-regleta-s66-acepta-1-regleta-m150-6-conectores-de-25-pares","status":"publish","type":"product","link":"https:\/\/soydeaqui.ddns.net\/pachuca\/index.php\/producto\/bracket-para-montaje-de-regleta-s66-acepta-1-regleta-m150-6-conectores-de-25-pares\/","title":{"rendered":"Bracket para Montaje de Regleta S66, Acepta 1 regleta M150, 6 conectores de 25 pares"},"content":{"rendered":"<div style='width: 100%; max-width: 1200px; margin: 0 auto; font-family: sans-serif; line-height: 1.6; color: inherit; background-color: transparent;'> <!-- Secci\u00f3n de contenido con flex\/grid --> <\/p>\n<div style='display: flex; flex-wrap: wrap; gap: 30px; margin-bottom: 30px;'>\n<div style='flex: 1 1 300px; min-width: 280px;'>\n<h3 style='font-size: 22px; border-bottom: 2px solid currentColor; padding-bottom: 5px; margin-top: 0; color: inherit; opacity: 0.8;'>Caracter\u00edsticas principales<\/h3>\n<p style='font-size: 15px; color: inherit; margin-bottom: 20px;'> El bloque de conexi\u00f3n S66 es una soluci\u00f3n aprobada para cableado de red en categor\u00eda 5e. Estas caracter\u00edsticas hacen que este bloque sea una opci\u00f3n ideal para el apoyo de tecnolog\u00edas con el ancho de banda de hoy en d\u00eda&comma; tales como voz sobre IP (VoIP) y Gigabit Ethernet. <\/p>\n<p style='font-size: 15px; color: inherit; margin-bottom: 20px;'> El bloque S66 M1-50 es totalmente compatible con todos los accesorios est\u00e1ndar de la industria e incluye una amplia gama de accesorios de montaje disponibles que permite ser instalado en casi cualquier entorno. <\/p>\n<\/p><\/div>\n<\/p><\/div>\n<p> <!-- Secci\u00f3n de cards con especificaciones --> <\/p>\n<div style='display: flex; flex-wrap: wrap; gap: 20px; margin-bottom: 30px;'>\n<div style='flex: 1 1 250px; border: 1px solid rgba(150&comma; 150&comma; 150&comma; 0.4); border-radius: 8px; overflow: hidden; display: flex; flex-direction: column;'>\n<div style='padding: 15px; border-bottom: 1px solid rgba(150&comma; 150&comma; 150&comma; 0.2); font-weight: bold; font-size: 18px; color: inherit;'>Caracter\u00edsticas t\u00e9cnicas<\/div>\n<div style='padding: 15px; color: inherit;'>\n<ul style='padding-left: 20px; margin: 0; font-size: 14px; list-style-type: disc;'>\n<li style='margin-bottom: 5px;'><strong>Aplicaciones:<\/strong> VoIP y 1000BASE-T&comma; ideal para el uso con todas las aplicaciones en Cat5e&comma; incluyendo VoIP y Ethernet Gigabit<\/li>\n<li style='margin-bottom: 5px;'><strong>Rango de Calibre (AWG):<\/strong> de 22 a 26 AWG (0.81 &#8211; 0.41mm) para cable s\u00f3lido<\/li>\n<li style='margin-bottom: 5px;'><strong>Dise\u00f1o:<\/strong> termopl\u00e1stico de alto impacto&comma; resistente al fuego<\/li>\n<\/ul><\/div>\n<\/p><\/div>\n<\/p><\/div>\n<p> <!-- Separador --> <\/p>\n<hr style='border: 0; border-top: 1px solid rgba(150&comma; 150&comma; 150&comma; 0.3); margin: 30px 0;'> <\/div>\n","protected":false},"excerpt":{"rendered":"<p>Bracket para Montaje de Regleta S66, Acepta 1 regleta M150, 6 conectores de 25 pares<\/p>\n","protected":false},"featured_media":12458,"comment_status":"open","ping_status":"closed","template":"","meta":[],"product_brand":[],"product_cat":[633],"product_tag":[634,605,600],"class_list":{"0":"post-12459","1":"product","2":"type-product","3":"status-publish","4":"has-post-thumbnail","6":"product_cat-accesorios-para-rack-gabinetes","7":"product_tag-accesorios-para-rack-gabinetes","8":"product_tag-racks-y-gabinetes","9":"product_tag-siemon","11":"first","12":"instock","13":"sale","14":"shipping-taxable","15":"purchasable","16":"product-type-simple"},"_links":{"self":[{"href":"https:\/\/soydeaqui.ddns.net\/pachuca\/index.php\/wp-json\/wp\/v2\/product\/12459","targetHints":{"allow":["GET"]}}],"collection":[{"href":"https:\/\/soydeaqui.ddns.net\/pachuca\/index.php\/wp-json\/wp\/v2\/product"}],"about":[{"href":"https:\/\/soydeaqui.ddns.net\/pachuca\/index.php\/wp-json\/wp\/v2\/types\/product"}],"replies":[{"embeddable":true,"href":"https:\/\/soydeaqui.ddns.net\/pachuca\/index.php\/wp-json\/wp\/v2\/comments?post=12459"}],"wp:featuredmedia":[{"embeddable":true,"href":"https:\/\/soydeaqui.ddns.net\/pachuca\/index.php\/wp-json\/wp\/v2\/media\/12458"}],"wp:attachment":[{"href":"https:\/\/soydeaqui.ddns.net\/pachuca\/index.php\/wp-json\/wp\/v2\/media?parent=12459"}],"wp:term":[{"taxonomy":"product_brand","embeddable":true,"href":"https:\/\/soydeaqui.ddns.net\/pachuca\/index.php\/wp-json\/wp\/v2\/product_brand?post=12459"},{"taxonomy":"product_cat","embeddable":true,"href":"https:\/\/soydeaqui.ddns.net\/pachuca\/index.php\/wp-json\/wp\/v2\/product_cat?post=12459"},{"taxonomy":"product_tag","embeddable":true,"href":"https:\/\/soydeaqui.ddns.net\/pachuca\/index.php\/wp-json\/wp\/v2\/product_tag?post=12459"}],"curies":[{"name":"wp","href":"https:\/\/api.w.org\/{rel}","templated":true}]}}