{"id":12453,"date":"2026-03-18T08:04:31","date_gmt":"2026-03-18T08:04:31","guid":{"rendered":"https:\/\/soydeaqui.ddns.net\/pachuca\/index.php\/producto\/bracket-para-montaje-de-regleta-s66-acepta-1-regleta-m150-y-1-conector-de-25-pares-de-cada-lado\/"},"modified":"2026-03-18T08:04:34","modified_gmt":"2026-03-18T08:04:34","slug":"bracket-para-montaje-de-regleta-s66-acepta-1-regleta-m150-y-1-conector-de-25-pares-de-cada-lado","status":"publish","type":"product","link":"https:\/\/soydeaqui.ddns.net\/pachuca\/index.php\/producto\/bracket-para-montaje-de-regleta-s66-acepta-1-regleta-m150-y-1-conector-de-25-pares-de-cada-lado\/","title":{"rendered":"Bracket para Montaje de Regleta S66, Acepta 1 Regleta M150 y 1 Conector de 25 Pares de Cada Lado"},"content":{"rendered":"<div style='width: 100%; max-width: 1200px; margin: 0 auto; font-family: sans-serif; line-height: 1.6; color: inherit;'>\n<div style='display: flex; flex-wrap: wrap; gap: 30px; margin-bottom: 30px;'>\n<div style='flex: 1 1 300px; min-width: 280px;'>\n<p style='font-size: 15px; margin: 0 0 15px 0; color: inherit;'>El bloque de conexi\u00f3n S66&comma; es una soluci\u00f3n aprobada para cableado de red en categor\u00eda 5e. Estas caracter\u00edsticas hacen que este bloque sea una opci\u00f3n ideal para el apoyo de tecnolog\u00edas con el ancho de banda de hoy en d\u00eda&comma; tales como voz sobre IP (VoIP) y Gigabit Ethernet.<\/p>\n<p style='font-size: 15px; margin: 0 0 15px 0; color: inherit;'>El bloque S66 M1-50 es totalmente compatible con todos los accesorios est\u00e1ndar de la industria e incluye una camplia gama de accesorios de montaje disponibles que permite ser instalado en casi cualquier entorno.<\/p>\n<\/p><\/div>\n<\/p><\/div>\n<div style='display: flex; flex-wrap: wrap; gap: 20px; margin-bottom: 30px;'>\n<div style='flex: 1 1 250px; border: 1px solid rgba(150&comma; 150&comma; 150&comma; 0.4); border-radius: 8px; overflow: hidden; display: flex; flex-direction: column;'>\n<div style='padding: 15px; border-bottom: 1px solid rgba(150&comma; 150&comma; 150&comma; 0.2); font-weight: bold; font-size: 18px; color: inherit;'>Caracter\u00edsticas Principales<\/div>\n<div style='padding: 15px; color: inherit;'>\n<ul style='padding-left: 20px; margin: 0; font-size: 14px; list-style-type: disc; color: inherit;'>\n<li style='margin-bottom: 5px; color: inherit;'><span style='color: inherit;'>VoIP y 1000BASE-T: ideal para el uso con todas las aplicaciones en Cat5e&comma; incluyendo VoIp y Ethernet Gigabit<\/span><\/li>\n<li style='margin-bottom: 5px; color: inherit;'><span style='color: inherit;'>Rango de Calibre (AWG): de 22 a 26 AWG (0.81 &#8211; 0.41mm) para cable solido<\/span><\/li>\n<li style='margin-bottom: 5px; color: inherit;'><span style='color: inherit;'>Dise\u00f1o duradero: termopl\u00e1stico de alto impacto&comma; resistente al fuego<\/span><\/li>\n<\/ul><\/div>\n<\/p><\/div>\n<\/p><\/div>\n<\/p><\/div>\n","protected":false},"excerpt":{"rendered":"<p>Bracket para Montaje de Regleta S66, Acepta 1 Regleta M150 y 1 Conector de 25 Pares de Cada Lado<\/p>\n","protected":false},"featured_media":12452,"comment_status":"open","ping_status":"closed","template":"","meta":[],"product_brand":[],"product_cat":[613],"product_tag":[586,614,600],"class_list":{"0":"post-12453","1":"product","2":"type-product","3":"status-publish","4":"has-post-thumbnail","6":"product_cat-patch-panels","7":"product_tag-cableado-de-cobre","8":"product_tag-patch-panels","9":"product_tag-siemon","11":"first","12":"instock","13":"sale","14":"shipping-taxable","15":"purchasable","16":"product-type-simple"},"_links":{"self":[{"href":"https:\/\/soydeaqui.ddns.net\/pachuca\/index.php\/wp-json\/wp\/v2\/product\/12453","targetHints":{"allow":["GET"]}}],"collection":[{"href":"https:\/\/soydeaqui.ddns.net\/pachuca\/index.php\/wp-json\/wp\/v2\/product"}],"about":[{"href":"https:\/\/soydeaqui.ddns.net\/pachuca\/index.php\/wp-json\/wp\/v2\/types\/product"}],"replies":[{"embeddable":true,"href":"https:\/\/soydeaqui.ddns.net\/pachuca\/index.php\/wp-json\/wp\/v2\/comments?post=12453"}],"wp:featuredmedia":[{"embeddable":true,"href":"https:\/\/soydeaqui.ddns.net\/pachuca\/index.php\/wp-json\/wp\/v2\/media\/12452"}],"wp:attachment":[{"href":"https:\/\/soydeaqui.ddns.net\/pachuca\/index.php\/wp-json\/wp\/v2\/media?parent=12453"}],"wp:term":[{"taxonomy":"product_brand","embeddable":true,"href":"https:\/\/soydeaqui.ddns.net\/pachuca\/index.php\/wp-json\/wp\/v2\/product_brand?post=12453"},{"taxonomy":"product_cat","embeddable":true,"href":"https:\/\/soydeaqui.ddns.net\/pachuca\/index.php\/wp-json\/wp\/v2\/product_cat?post=12453"},{"taxonomy":"product_tag","embeddable":true,"href":"https:\/\/soydeaqui.ddns.net\/pachuca\/index.php\/wp-json\/wp\/v2\/product_tag?post=12453"}],"curies":[{"name":"wp","href":"https:\/\/api.w.org\/{rel}","templated":true}]}}