{"id":1243,"date":"2026-03-18T05:46:09","date_gmt":"2026-03-18T05:46:09","guid":{"rendered":"https:\/\/soydeaqui.ddns.net\/pachuca\/index.php\/producto\/radiora3-controlador-hub-principal-para-radio-ra3-soporta-hasta-200-dispositivos\/"},"modified":"2026-03-18T05:46:16","modified_gmt":"2026-03-18T05:46:16","slug":"radiora3-controlador-hub-principal-para-radio-ra3-soporta-hasta-200-dispositivos","status":"publish","type":"product","link":"https:\/\/soydeaqui.ddns.net\/pachuca\/index.php\/producto\/radiora3-controlador-hub-principal-para-radio-ra3-soporta-hasta-200-dispositivos\/","title":{"rendered":"(RadioRa3) Controlador HUB principal para Radio RA3, soporta hasta 200 dispositivos"},"content":{"rendered":"<div style='width: 100%; max-width: 1200px; margin: 0 auto; font-family: sans-serif; line-height: 1.6; color: inherit; background-color: transparent;'>\n<div style='width: 100%; background-color: #0b2a4a; color: #ffffff; padding: 18px 22px; box-sizing: border-box; border-radius: 8px;'>\n<h2 style='margin: 0; font-size: 22px; font-weight: bold; text-align: center;'>Procesador Principal RadioRA3<\/h2>\n<p style='margin: 6px 0 0; font-size: 14px; font-weight: 400; opacity: 0.9; text-align: center;'>HUB Controlador | Automatizaci\u00f3n residencial profesional<\/p>\n<\/p><\/div>\n<div style='margin-top: 30px;'>\n<p style='text-align: justify; margin: 0 0 1.5em; color: inherit;'>Equipos como este son ideales para iniciar o reemplazar proyectos residenciales y comerciales que requieren control integral de iluminaci\u00f3n&comma; cortinas&comma; escenas y automatizaci\u00f3n inteligente con alta fiabilidad y escalabilidad.<\/p>\n<p style='text-align: justify; margin: 0 0 1.5em; color: inherit;'><strong style='color: inherit;'>RadioRA3<\/strong> reduce el tiempo de instalaci\u00f3n al combinar el repetidor principal RadioRA 2 y Bridge a un solo dispositivo. El nuevo software QuickFind integrado facilita la localizaci\u00f3n del procesador en la red dom\u00e9stica durante la configuraci\u00f3n.<\/p>\n<p style='text-align: justify; margin: 0 0 1.5em; color: inherit;'>Aborde proyectos m\u00e1s grandes para nuevos clientes as\u00ed como actualizaciones de instalaciones existentes de RadioRA2 y RA2 Select.<\/p>\n<\/p><\/div>\n<div style='margin: 30px 0;'>\n<h3 style='font-size: 20px; border-bottom: 2px solid currentColor; padding-bottom: 5px; margin-top: 0; margin-bottom: 15px; color: inherit; opacity: 0.8;'>Caracter\u00edsticas principales<\/h3>\n<ul style='padding-left: 20px; margin: 0; font-size: 15px; color: inherit;'>\n<li style='margin-bottom: 8px;'><strong style='color: inherit;'>Soporta hasta 200 dispositivos Sunnata<\/strong> y <strong style='color: inherit;'>200 dispositivos RadioRA2<\/strong> incluyendo atenuadores&comma; apagadores&comma; sensores y controles remotos.<\/li>\n<li style='margin-bottom: 8px;'><strong style='color: inherit;'>Tecnolog\u00eda inal\u00e1mbrica Clear Connect<\/strong> tipo X para RadioRA3 y tipo A para RadioRA2.<\/li>\n<li style='margin-bottom: 8px;'><strong style='color: inherit;'>Integraci\u00f3n nativa con LEAP API<\/strong> de Lutron para control dom\u00f3tico avanzado.<\/li>\n<li style='margin-bottom: 8px;'><strong style='color: inherit;'>Compatible con asistentes de voz<\/strong> y aplicaciones m\u00f3viles a trav\u00e9s de plataformas compatibles (Alexa&comma; GoogleHome&comma; Siri&comma; iOS).<\/li>\n<\/ul><\/div>\n<div style='margin: 30px 0;'>\n<h3 style='font-size: 19px; border-bottom: 2px solid currentColor; padding-bottom: 5px; margin-top: 0; margin-bottom: 15px; color: inherit; opacity: 0.8;'>Especificaciones T\u00e9cnicas<\/h3>\n<div style='display: flex; flex-wrap: wrap; gap: 20px;'>\n<div style='flex: 1 1 250px; border: 1px solid rgba(150&comma; 150&comma; 150&comma; 0.4); border-radius: 8px; overflow: hidden;'>\n<div style='padding: 15px; border-bottom: 1px solid rgba(150&comma; 150&comma; 150&comma; 0.2); font-weight: bold; font-size: 16px; color: inherit;'>Alimentaci\u00f3n<\/div>\n<div style='padding: 15px; color: inherit; font-size: 14px;'>PoE y 9 Vdc (incluye inyector PoE y fuente)<\/div>\n<\/p><\/div>\n<div style='flex: 1 1 250px; border: 1px solid rgba(150&comma; 150&comma; 150&comma; 0.4); border-radius: 8px; overflow: hidden;'>\n<div style='padding: 15px; border-bottom: 1px solid rgba(150&comma; 150&comma; 150&comma; 0.2); font-weight: bold; font-size: 16px; color: inherit;'>Temperatura de operaci\u00f3n<\/div>\n<div style='padding: 15px; color: inherit; font-size: 14px;'>0 \u00b0C a 40 \u00b0C&comma; humedad 0 % \u2013 90 %<\/div>\n<\/p><\/div>\n<div style='flex: 1 1 250px; border: 1px solid rgba(150&comma; 150&comma; 150&comma; 0.4); border-radius: 8px; overflow: hidden;'>\n<div style='padding: 15px; border-bottom: 1px solid rgba(150&comma; 150&comma; 150&comma; 0.2); font-weight: bold; font-size: 16px; color: inherit;'>Uso<\/div>\n<div style='padding: 15px; color: inherit; font-size: 14px;'>Interior<\/div>\n<\/p><\/div>\n<div style='flex: 1 1 250px; border: 1px solid rgba(150&comma; 150&comma; 150&comma; 0.4); border-radius: 8px; overflow: hidden;'>\n<div style='padding: 15px; border-bottom: 1px solid rgba(150&comma; 150&comma; 150&comma; 0.2); font-weight: bold; font-size: 16px; color: inherit;'>Dimensiones<\/div>\n<div style='padding: 15px; color: inherit; font-size: 14px;'>141.35 \u00d7 141.25 mm<\/div>\n<\/p><\/div>\n<div style='flex: 1 1 250px; border: 1px solid rgba(150&comma; 150&comma; 150&comma; 0.4); border-radius: 8px; overflow: hidden;'>\n<div style='padding: 15px; border-bottom: 1px solid rgba(150&comma; 150&comma; 150&comma; 0.2); font-weight: bold; font-size: 16px; color: inherit;'>Conectividad LAN<\/div>\n<div style='padding: 15px; color: inherit; font-size: 14px;'>Puerto Ethernet<\/div>\n<\/p><\/div>\n<div style='flex: 1 1 250px; border: 1px solid rgba(150&comma; 150&comma; 150&comma; 0.4); border-radius: 8px; overflow: hidden;'>\n<div style='padding: 15px; border-bottom: 1px solid rgba(150&comma; 150&comma; 150&comma; 0.2); font-weight: bold; font-size: 16px; color: inherit;'>Programaci\u00f3n<\/div>\n<div style='padding: 15px; color: inherit; font-size: 14px;'>Es necesario el software de programaci\u00f3n Lutron Designer&comma; esta licencia se libera cursando m\u00ednimo el curso online en la plataforma Lutron.com&comma; crea cuenta <a href='https:\/\/umslogin.lutron.com\/identity\/Account\/loginhrd?signid=460c6f28c25b8dd7cf147eaf47499151&#038;clientId=db57909f-3d2c-4c4e-9137-4b69493cc96b' style='color: inherit; text-decoration: underline;'>MyLutron AQUI<\/a><\/div>\n<\/p><\/div>\n<\/p><\/div>\n<\/p><\/div>\n<div style='margin: 30px 0; text-align: center;'> <img style='width: 100%; height: auto; border: 1px solid rgba(150&comma;150&comma;150&comma;0.3); border-radius: 8px; max-width: 800px;' src='https:\/\/ftp3.syscom.mx\/usuarios\/mbarrio\/lutron\/arquitectura_rr3.JPG' alt='Arquitectura RadioRA3'> <\/div>\n<\/p><\/div>\n","protected":false},"excerpt":{"rendered":"<p>(RadioRa3) Controlador HUB principal para Radio RA3, soporta hasta 200 dispositivos<\/p>\n","protected":false},"featured_media":1242,"comment_status":"open","ping_status":"closed","template":"","meta":[],"product_brand":[],"product_cat":[34],"product_tag":[30,35,55],"class_list":{"0":"post-1243","1":"product","2":"type-product","3":"status-publish","4":"has-post-thumbnail","6":"product_cat-lutron","7":"product_tag-automatizacion-casa-inteligente","8":"product_tag-lutron","9":"product_tag-lutron-radiora-3","11":"first","12":"instock","13":"sale","14":"shipping-taxable","15":"purchasable","16":"product-type-simple"},"_links":{"self":[{"href":"https:\/\/soydeaqui.ddns.net\/pachuca\/index.php\/wp-json\/wp\/v2\/product\/1243","targetHints":{"allow":["GET"]}}],"collection":[{"href":"https:\/\/soydeaqui.ddns.net\/pachuca\/index.php\/wp-json\/wp\/v2\/product"}],"about":[{"href":"https:\/\/soydeaqui.ddns.net\/pachuca\/index.php\/wp-json\/wp\/v2\/types\/product"}],"replies":[{"embeddable":true,"href":"https:\/\/soydeaqui.ddns.net\/pachuca\/index.php\/wp-json\/wp\/v2\/comments?post=1243"}],"wp:featuredmedia":[{"embeddable":true,"href":"https:\/\/soydeaqui.ddns.net\/pachuca\/index.php\/wp-json\/wp\/v2\/media\/1242"}],"wp:attachment":[{"href":"https:\/\/soydeaqui.ddns.net\/pachuca\/index.php\/wp-json\/wp\/v2\/media?parent=1243"}],"wp:term":[{"taxonomy":"product_brand","embeddable":true,"href":"https:\/\/soydeaqui.ddns.net\/pachuca\/index.php\/wp-json\/wp\/v2\/product_brand?post=1243"},{"taxonomy":"product_cat","embeddable":true,"href":"https:\/\/soydeaqui.ddns.net\/pachuca\/index.php\/wp-json\/wp\/v2\/product_cat?post=1243"},{"taxonomy":"product_tag","embeddable":true,"href":"https:\/\/soydeaqui.ddns.net\/pachuca\/index.php\/wp-json\/wp\/v2\/product_tag?post=1243"}],"curies":[{"name":"wp","href":"https:\/\/api.w.org\/{rel}","templated":true}]}}