{"id":12422,"date":"2026-03-18T08:04:05","date_gmt":"2026-03-18T08:04:05","guid":{"rendered":"https:\/\/soydeaqui.ddns.net\/pachuca\/index.php\/producto\/organizador-routeit-vertical-sencillo-de-45ur-fabricado-en-acero-laminado-en-frio-16awg-6in-152mm-de-ancho\/"},"modified":"2026-03-18T08:04:06","modified_gmt":"2026-03-18T08:04:06","slug":"organizador-routeit-vertical-sencillo-de-45ur-fabricado-en-acero-laminado-en-frio-16awg-6in-152mm-de-ancho","status":"publish","type":"product","link":"https:\/\/soydeaqui.ddns.net\/pachuca\/index.php\/producto\/organizador-routeit-vertical-sencillo-de-45ur-fabricado-en-acero-laminado-en-frio-16awg-6in-152mm-de-ancho\/","title":{"rendered":"Organizador RouteIT Vertical Sencillo de 45UR, Fabricado en Acero Laminado en Fr\u00edo 16AWG, 6in (152mm) de Ancho"},"content":{"rendered":"<div style='width: 100%; max-width: 1200px; margin: 0 auto; font-family: sans-serif; line-height: 1.6; color: inherit; background-color: transparent;'> <!-- Secci\u00f3n de descripci\u00f3n general --> <\/p>\n<div style='display: flex; flex-wrap: wrap; gap: 30px; margin-bottom: 30px;'>\n<div style='flex: 1 1 300px; min-width: 280px;'>\n<h3 style='font-size: 22px; border-bottom: 2px solid currentColor; padding-bottom: 5px; margin-top: 0; color: inherit; opacity: 0.8;'>Descripci\u00f3n General<\/h3>\n<ul style='padding-left: 20px; font-size: 15px; color: inherit;'>\n<li style='margin-bottom: 5px;'>Dise\u00f1ado para manejar altos vol\u00famenes de cableado de alta densidad<\/li>\n<li style='margin-bottom: 5px;'>Puertas con doble bisagra que protegen y ocultan el cableado<\/li>\n<li style='margin-bottom: 5px;'>Proporciona una apariencia de alta calidad y soporta sistemas de cableado de red de alta velocidad<\/li>\n<li style='margin-bottom: 5px;'>Dedos reemplazables r\u00e1pidamente si sufrieron alg\u00fan da\u00f1o<\/li>\n<li style='margin-bottom: 5px;'>Operaci\u00f3n de cierre de puerta para una apertura r\u00e1pida y f\u00e1cil acceso<\/li>\n<\/ul><\/div>\n<p> <!-- Secci\u00f3n de caracter\u00edsticas t\u00e9cnicas --> <\/p>\n<div style='flex: 1 1 300px; min-width: 280px;'>\n<h3 style='font-size: 22px; border-bottom: 2px solid currentColor; padding-bottom: 5px; margin-top: 0; color: inherit; opacity: 0.8;'>Caracter\u00edsticas T\u00e9cnicas<\/h3>\n<ul style='padding-left: 20px; font-size: 15px; color: inherit;'>\n<li style='margin-bottom: 5px;'><strong>Tipo:<\/strong> Organizador vertical sencillo<\/li>\n<li style='margin-bottom: 5px;'><strong>Modelo:<\/strong> VCM6<\/li>\n<li style='margin-bottom: 5px;'><strong>Capacidad:<\/strong> 45UR<\/li>\n<li style='margin-bottom: 5px;'><strong>Material:<\/strong> Acero laminado en fr\u00edo 16AWG<\/li>\n<li style='margin-bottom: 5px;'><strong>Ancho:<\/strong> 6 pulgadas (152mm)<\/li>\n<li style='margin-bottom: 5px;'><strong>Radio de curvatura fijo:<\/strong> Previene la deformaci\u00f3n de las cubiertas de los cables<\/li>\n<li style='margin-bottom: 5px;'><strong>Profundidad del marco:<\/strong> 6 pulgadas<\/li>\n<\/ul><\/div>\n<\/p><\/div>\n<p> <!-- Secci\u00f3n de capacidades de cableado --> <\/p>\n<div style='display: flex; flex-wrap: wrap; gap: 20px; margin-bottom: 30px;'>\n<div style='flex: 1 1 100%; border: 1px solid rgba(150&comma; 150&comma; 150&comma; 0.4); border-radius: 8px; overflow: hidden; display: flex; flex-direction: column;'>\n<div style='padding: 15px; border-bottom: 1px solid rgba(150&comma; 150&comma; 150&comma; 0.2); font-weight: bold; font-size: 18px; color: inherit;'>Capacidad de Cableado<\/div>\n<div style='padding: 15px; color: inherit;'>\n<p style='margin-bottom: 15px;'>La capacidad de cableado var\u00eda seg\u00fan el di\u00e1metro del cable. A continuaci\u00f3n se muestra la capacidad para el modelo VCM6:<\/p>\n<div style='overflow-x: auto;'>\n<table style='width: 100%; border-collapse: collapse; font-size: 14px;'>\n<thead>\n<tr style='background-color: rgba(150&comma; 150&comma; 150&comma; 0.1);'>\n<th style='padding: 10px; border: 1px solid rgba(150&comma; 150&comma; 150&comma; 0.3);'>Di\u00e1metro del Cable (pulgadas)<\/th>\n<th style='padding: 10px; border: 1px solid rgba(150&comma; 150&comma; 150&comma; 0.3);'>0.13&#8242; (3.30mm)<\/th>\n<th style='padding: 10px; border: 1px solid rgba(150&comma; 150&comma; 150&comma; 0.3);'>0.15&#8242; (3.81mm)<\/th>\n<th style='padding: 10px; border: 1px solid rgba(150&comma; 150&comma; 150&comma; 0.3);'>0.17&#8242; (4.32mm)<\/th>\n<th style='padding: 10px; border: 1px solid rgba(150&comma; 150&comma; 150&comma; 0.3);'>0.19&#8242; (4.83mm)<\/th>\n<th style='padding: 10px; border: 1px solid rgba(150&comma; 150&comma; 150&comma; 0.3);'>0.21&#8242; (5.33mm)<\/th>\n<th style='padding: 10px; border: 1px solid rgba(150&comma; 150&comma; 150&comma; 0.3);'>0.23&#8242; (5.84mm)<\/th>\n<th style='padding: 10px; border: 1px solid rgba(150&comma; 150&comma; 150&comma; 0.3);'>0.25&#8242; (6.35mm)<\/th>\n<th style='padding: 10px; border: 1px solid rgba(150&comma; 150&comma; 150&comma; 0.3);'>0.27&#8242; (6.86mm)<\/th>\n<th style='padding: 10px; border: 1px solid rgba(150&comma; 150&comma; 150&comma; 0.3);'>0.29&#8242; (7.37mm)<\/th>\n<th style='padding: 10px; border: 1px solid rgba(150&comma; 150&comma; 150&comma; 0.3);'>0.31&#8242; (7.87mm)<\/th>\n<th style='padding: 10px; border: 1px solid rgba(150&comma; 150&comma; 150&comma; 0.3);'>0.33&#8242; (8.38mm)<\/th>\n<th style='padding: 10px; border: 1px solid rgba(150&comma; 150&comma; 150&comma; 0.3);'>0.35&#8242; (8.89mm)<\/th>\n<\/tr>\n<\/thead>\n<tbody>\n<tr style='background-color: rgba(150&comma; 150&comma; 150&comma; 0.05);'>\n<td style='padding: 8px; border: 1px solid rgba(150&comma; 150&comma; 150&comma; 0.3); font-weight: bold;'>VCM-6<\/td>\n<td style='padding: 8px; border: 1px solid rgba(150&comma; 150&comma; 150&comma; 0.3);'>1534<\/td>\n<td style='padding: 8px; border: 1px solid rgba(150&comma; 150&comma; 150&comma; 0.3);'>1152<\/td>\n<td style='padding: 8px; border: 1px solid rgba(150&comma; 150&comma; 150&comma; 0.3);'>897<\/td>\n<td style='padding: 8px; border: 1px solid rgba(150&comma; 150&comma; 150&comma; 0.3);'>718<\/td>\n<td style='padding: 8px; border: 1px solid rgba(150&comma; 150&comma; 150&comma; 0.3);'>588<\/td>\n<td style='padding: 8px; border: 1px solid rgba(150&comma; 150&comma; 150&comma; 0.3);'>490<\/td>\n<td style='padding: 8px; border: 1px solid rgba(150&comma; 150&comma; 150&comma; 0.3);'>414<\/td>\n<td style='padding: 8px; border: 1px solid rgba(150&comma; 150&comma; 150&comma; 0.3);'>355<\/td>\n<td style='padding: 8px; border: 1px solid rgba(150&comma; 150&comma; 150&comma; 0.3);'>308<\/td>\n<td style='padding: 8px; border: 1px solid rgba(150&comma; 150&comma; 150&comma; 0.3);'>269<\/td>\n<td style='padding: 8px; border: 1px solid rgba(150&comma; 150&comma; 150&comma; 0.3);'>238<\/td>\n<td style='padding: 8px; border: 1px solid rgba(150&comma; 150&comma; 150&comma; 0.3);'>211<\/td>\n<\/tr>\n<\/tbody>\n<\/table><\/div>\n<p style='margin-top: 15px; font-size: 13px; color: rgba(255&comma; 255&comma; 255&comma; 0.7);'>Nota: Las capacidades reflejan una tasa de llenado calculada del 40%&comma; dise\u00f1ada para reflejar el 100% durante el uso real de la entrada lateral del cable.<\/p>\n<\/p><\/div>\n<\/p><\/div>\n<\/p><\/div>\n<p> <!-- Secci\u00f3n de dise\u00f1o y funcionalidad --> <\/p>\n<div style='display: flex; flex-wrap: wrap; gap: 20px; margin-bottom: 30px;'>\n<div style='flex: 1 1 48%; min-width: 300px; border: 1px solid rgba(150&comma; 150&comma; 150&comma; 0.4); border-radius: 8px; overflow: hidden; display: flex; flex-direction: column;'>\n<div style='padding: 15px; border-bottom: 1px solid rgba(150&comma; 150&comma; 150&comma; 0.2); font-weight: bold; font-size: 18px; color: inherit;'>Dise\u00f1o<\/div>\n<div style='padding: 15px; color: inherit;'>\n<ul style='padding-left: 20px; margin: 0; font-size: 14px; list-style-type: disc; color: inherit;'>\n<li style='margin-bottom: 5px;'>Dise\u00f1o aut\u00f3nomo que permite la libre colocaci\u00f3n y posicionamiento antes de fijar los bastidores abiertos<\/li>\n<li style='margin-bottom: 5px;'>Profundidad del marco central optimizada para coincidir con el carril del cableado propuesto en los bastidores<\/li>\n<li style='margin-bottom: 5px;'>Puertas con bisagras dobles que permiten acceso desde ambas partes o pueden quitarse f\u00e1cilmente para mayor espacio<\/li>\n<\/ul><\/div>\n<\/p><\/div>\n<div style='flex: 1 1 48%; min-width: 300px; border: 1px solid rgba(150&comma; 150&comma; 150&comma; 0.4); border-radius: 8px; overflow: hidden; display: flex; flex-direction: column;'>\n<div style='padding: 15px; border-bottom: 1px solid rgba(150&comma; 150&comma; 150&comma; 0.2); font-weight: bold; font-size: 18px; color: inherit;'>Funcionalidad<\/div>\n<div style='padding: 15px; color: inherit;'>\n<ul style='padding-left: 20px; margin: 0; font-size: 14px; list-style-type: disc; color: inherit;'>\n<li style='margin-bottom: 5px;'>Operaci\u00f3n manual para el cierre de la puerta con apertura y cierre r\u00e1pido en un solo punto<\/li>\n<li style='margin-bottom: 5px;'>Disponibilidad de puntos de fijaci\u00f3n m\u00faltiples para el montaje de los PDU&#8217;s<\/li>\n<li style='margin-bottom: 5px;'>Compatibilidad con accesorios opcionales de Siemon de cuarto de giro y ordenamiento de cintas sujetadoras de cables<\/li>\n<\/ul><\/div>\n<\/p><\/div>\n<\/p><\/div>\n<p> <!-- Secci\u00f3n de accesorios y opciones --> <\/p>\n<div style='display: flex; flex-wrap: wrap; gap: 20px; margin-bottom: 30px;'>\n<div style='flex: 1 1 100%; border: 1px solid rgba(150&comma; 150&comma; 150&comma; 0.4); border-radius: 8px; overflow: hidden; display: flex; flex-direction: column;'>\n<div style='padding: 15px; border-bottom: 1px solid rgba(150&comma; 150&comma; 150&comma; 0.2); font-weight: bold; font-size: 18px; color: inherit;'>Accesorios y Opciones<\/div>\n<div style='padding: 15px; color: inherit;'>\n<ul style='padding-left: 20px; margin: 0; font-size: 14px; list-style-type: disc; color: inherit;'>\n<li style='margin-bottom: 5px;'>VCM-S: Juego de paneles laterales para el RouteIT<\/li>\n<li style='margin-bottom: 5px;'>VCM-FGR-6: Reemplazo de piezas de separaci\u00f3n&comma; paquete de 2&comma; 9U<\/li>\n<li style='margin-bottom: 5px;'>VCM-DR6: Puerta de reposici\u00f3n para modelo de 6&#8242; de ancho<\/li>\n<\/ul><\/div>\n<\/p><\/div>\n<\/p><\/div>\n<p> <!-- Secci\u00f3n de imagen --> <\/p>\n<div style='display: flex; flex-wrap: wrap; gap: 30px; margin-bottom: 30px;'>\n<div style='flex: 1 1 100%;'>\n<h3 style='font-size: 22px; border-bottom: 2px solid currentColor; padding-bottom: 5px; margin-top: 0; color: inherit; opacity: 0.8;'>Tabla de Capacidad Interna<\/h3>\n<p> <img style='width: 100%; height: auto; border: 1px solid rgba(150&comma;150&comma;150&comma;0.3); border-radius: 8px;' src='http:\/\/ftp3.syscom.mx\/usuarios\/fotos\/VCM6\/92349-capacidad.jpg' alt='Tabla de Capacidad Interna'> <\/div>\n<\/p><\/div>\n<p> <!-- Secci\u00f3n de informaci\u00f3n adicional --> <\/p>\n<div style='display: flex; flex-wrap: wrap; gap: 20px; margin-bottom: 30px;'>\n<div style='flex: 1 1 100%; border: 1px solid rgba(150&comma; 150&comma; 150&comma; 0.4); border-radius: 8px; overflow: hidden; display: flex; flex-direction: column;'>\n<div style='padding: 15px; border-bottom: 1px solid rgba(150&comma; 150&comma; 150&comma; 0.2); font-weight: bold; font-size: 18px; color: inherit;'>Informaci\u00f3n Adicional<\/div>\n<div style='padding: 15px; color: inherit;'>\n<ul style='padding-left: 20px; margin: 0; font-size: 14px; list-style-type: disc; color: inherit;'>\n<li style='margin-bottom: 5px;'>Fabricado en acero laminado en fr\u00edo 16AWG para durabilidad<\/li>\n<li style='margin-bottom: 5px;'>Dise\u00f1ado para ordenar m\u00e1s de 48 cables categor\u00eda 6A<\/li>\n<li style='margin-bottom: 5px;'>Capacidad para soportar sistemas de cableado de red de alta densidad<\/li>\n<li style='margin-bottom: 5px;'>Partes reemplazables en campo para mayor flexibilidad y mantenimiento<\/li>\n<li style='margin-bottom: 5px;'>Dise\u00f1o optimizado para m\u00e1xima capacidad de cableado<\/li>\n<\/ul><\/div>\n<\/p><\/div>\n<\/p><\/div>\n<p> <!-- Separador final --> <\/p>\n<hr style='border: 0; border-top: 1px solid rgba(150&comma; 150&comma; 150&comma; 0.3); margin: 30px 0;'> <\/div>\n","protected":false},"excerpt":{"rendered":"<p>Organizador RouteIT Vertical Sencillo de 45UR, Fabricado en Acero Laminado en Fr\u00edo 16AWG, 6in (152mm) de Ancho<\/p>\n","protected":false},"featured_media":12421,"comment_status":"open","ping_status":"closed","template":"","meta":[],"product_brand":[],"product_cat":[604],"product_tag":[606,605,600],"class_list":{"0":"post-12422","1":"product","2":"type-product","3":"status-publish","4":"has-post-thumbnail","6":"product_cat-accesorios-para-racks-y-gabinetes","7":"product_tag-accesorios-para-racks-y-gabinetes","8":"product_tag-racks-y-gabinetes","9":"product_tag-siemon","11":"first","12":"outofstock","13":"sale","14":"shipping-taxable","15":"purchasable","16":"product-type-simple"},"_links":{"self":[{"href":"https:\/\/soydeaqui.ddns.net\/pachuca\/index.php\/wp-json\/wp\/v2\/product\/12422","targetHints":{"allow":["GET"]}}],"collection":[{"href":"https:\/\/soydeaqui.ddns.net\/pachuca\/index.php\/wp-json\/wp\/v2\/product"}],"about":[{"href":"https:\/\/soydeaqui.ddns.net\/pachuca\/index.php\/wp-json\/wp\/v2\/types\/product"}],"replies":[{"embeddable":true,"href":"https:\/\/soydeaqui.ddns.net\/pachuca\/index.php\/wp-json\/wp\/v2\/comments?post=12422"}],"wp:featuredmedia":[{"embeddable":true,"href":"https:\/\/soydeaqui.ddns.net\/pachuca\/index.php\/wp-json\/wp\/v2\/media\/12421"}],"wp:attachment":[{"href":"https:\/\/soydeaqui.ddns.net\/pachuca\/index.php\/wp-json\/wp\/v2\/media?parent=12422"}],"wp:term":[{"taxonomy":"product_brand","embeddable":true,"href":"https:\/\/soydeaqui.ddns.net\/pachuca\/index.php\/wp-json\/wp\/v2\/product_brand?post=12422"},{"taxonomy":"product_cat","embeddable":true,"href":"https:\/\/soydeaqui.ddns.net\/pachuca\/index.php\/wp-json\/wp\/v2\/product_cat?post=12422"},{"taxonomy":"product_tag","embeddable":true,"href":"https:\/\/soydeaqui.ddns.net\/pachuca\/index.php\/wp-json\/wp\/v2\/product_tag?post=12422"}],"curies":[{"name":"wp","href":"https:\/\/api.w.org\/{rel}","templated":true}]}}