{"id":12278,"date":"2026-03-18T08:01:46","date_gmt":"2026-03-18T08:01:46","guid":{"rendered":"https:\/\/soydeaqui.ddns.net\/pachuca\/index.php\/producto\/patch-panel-utp-hd6-categoria-6-de-24-puertos-angulado-1ur\/"},"modified":"2026-03-18T08:01:46","modified_gmt":"2026-03-18T08:01:46","slug":"patch-panel-utp-hd6-categoria-6-de-24-puertos-angulado-1ur","status":"publish","type":"product","link":"https:\/\/soydeaqui.ddns.net\/pachuca\/index.php\/producto\/patch-panel-utp-hd6-categoria-6-de-24-puertos-angulado-1ur\/","title":{"rendered":"Patch Panel UTP HD6 Categor\u00eda 6, de 24 puertos, Angulado, 1UR"},"content":{"rendered":"<div style='width: 100%; max-width: 1200px; margin: 0 auto; font-family: sans-serif; line-height: 1.6; color: inherit; background-color: transparent;'> <!-- Secci\u00f3n de descripci\u00f3n --> <\/p>\n<div style='margin-bottom: 30px;'>\n<h2 style='font-size: 24px; border-bottom: 2px solid currentColor; padding-bottom: 5px; margin-top: 0; color: inherit; opacity: 0.9;'>Descripci\u00f3n<\/h2>\n<p style='font-size: 15px; color: inherit; margin-bottom: 15px;'>El panel de conexi\u00f3n de alta densidad para categor\u00eda 6 de Siemon fue el primero de la industria en cumplir con las normas de esta categor\u00eda hasta 250 MHz. Junto a este desempe\u00f1o superior de Categor\u00eda 6&comma; el Panel HD 6 de Siemon ofrece un f\u00e1cil uso de terminado&comma; etiquetado y caracter\u00edsticas de gesti\u00f3n de cables robustos&comma; todo con el popular panel de conexi\u00f3n HD 6 de Siemon.<\/p>\n<p style='font-size: 15px; color: inherit; margin-bottom: 15px;'>Combine los cordones modulares MC\u00ae6 con los m\u00f3dulos MAX\u00ae6 y los p\u00e1neles de conexi\u00f3n HD6&comma; para una soluci\u00f3n completa de canal categor\u00eda 6.<\/p>\n<\/p><\/div>\n<p> <!-- Secci\u00f3n de caracter\u00edsticas --> <\/p>\n<div style='display: flex; flex-wrap: wrap; gap: 30px; margin-bottom: 30px;'>\n<div style='flex: 1 1 300px; min-width: 280px;'>\n<h3 style='font-size: 22px; border-bottom: 2px solid currentColor; padding-bottom: 5px; margin-top: 0; color: inherit; opacity: 0.8;'>Caracter\u00edsticas<\/h3>\n<ul style='padding-left: 20px; font-size: 15px; color: inherit; list-style-type: disc;'>\n<li style='margin-bottom: 5px;'>Terminaci\u00f3n con herramienta 110 est\u00e1ndar<\/li>\n<li style='margin-bottom: 5px;'>Paneles disponibles en 16&comma; 24&comma; 32&comma; 48 y 96 puertos<\/li>\n<li style='margin-bottom: 5px;'>Iconos para etiquetas incluidos<\/li>\n<li style='margin-bottom: 5px;'>Montaje directamente en Rack de 19in<\/li>\n<li style='margin-bottom: 5px;'>Cableado universal para T568A y T568B<\/li>\n<li style='margin-bottom: 5px;'>Superficie frontal sin protuberancias como cabezas de tornillos<\/li>\n<li style='margin-bottom: 5px;'>Sistema de entrada de cable tipo pir\u00e1mide en bloques S310\u00ae<\/li>\n<li style='margin-bottom: 5px;'>Circuitos impresos protegidos por caja met\u00e1lica trasera<\/li>\n<li style='margin-bottom: 5px;'>Gestor de cable trasero integrado<\/li>\n<\/ul><\/div>\n<p> <!-- Especificaciones el\u00e9ctricas --> <\/p>\n<div style='flex: 1 1 300px; min-width: 280px;'>\n<h3 style='font-size: 22px; border-bottom: 2px solid currentColor; padding-bottom: 5px; margin-top: 0; color: inherit; opacity: 0.8;'>Especificaciones El\u00e9ctricas<\/h3>\n<ul style='padding-left: 20px; font-size: 15px; color: inherit; list-style-type: disc;'>\n<li style='margin-bottom: 5px;'><strong>Resistencia de Contacto:<\/strong> 20 m\u03a9<\/li>\n<li style='margin-bottom: 5px;'><strong>Resistencia de entrada y salida:<\/strong> 200 m\u03a9<\/li>\n<li style='margin-bottom: 5px;'><strong>Voltaje de resistencia diel\u00e9ctrica min. (contacto a contacto):<\/strong> 1000 V DC o AC pico<\/li>\n<li style='margin-bottom: 5px;'><strong>Voltaje de resistencia diel\u00e9ctrica min. (contacto a protecci\u00f3n):<\/strong> 1500 V DC o AC pico<\/li>\n<li style='margin-bottom: 5px;'><strong>Resistencia de aislamiento:<\/strong> 500 M\u03a9<\/li>\n<li style='margin-bottom: 5px;'><strong>Valoraci\u00f3n de corriente:<\/strong> 1.5 A<\/li>\n<li style='margin-bottom: 5px;'><strong>Compatibilidad:<\/strong> PoE&comma; PoE+ y AnPoE<\/li>\n<\/ul><\/div>\n<p> <!-- Especificaciones mec\u00e1nicas --> <\/p>\n<div style='flex: 1 1 300px; min-width: 280px;'>\n<h3 style='font-size: 22px; border-bottom: 2px solid currentColor; padding-bottom: 5px; margin-top: 0; color: inherit; opacity: 0.8;'>Especificaciones Mec\u00e1nicas<\/h3>\n<ul style='padding-left: 20px; font-size: 15px; color: inherit; list-style-type: disc;'>\n<li style='margin-bottom: 5px;'><strong>Rango del tama\u00f1o del cable:<\/strong> 23-26 AWG s\u00f3lido y trenzado<\/li>\n<li style='margin-bottom: 5px;'><strong>Rango del di\u00e1metro de aislamiento del cable:<\/strong> 1.48mm (0.058 in)<\/li>\n<li style='margin-bottom: 5px;'><strong>Tama\u00f1o del Conductor OD (max.):<\/strong> 0.60mm (0.023 in)<\/li>\n<li style='margin-bottom: 5px;'><strong>Cable OD (max.):<\/strong> 9mm (0.354 in)<\/li>\n<li style='margin-bottom: 5px;'><strong>Temperatura de Operaci\u00f3n:<\/strong> -10 a 60 \u00baC (14 a 140 \u00baF)<\/li>\n<li style='margin-bottom: 5px;'><strong>Rango de Flamabilidad:<\/strong> UL 94 V-0<\/li>\n<li style='margin-bottom: 5px;'><strong>N\u00famero de ciclos de inserci\u00f3n del conector:<\/strong> 750<\/li>\n<li style='margin-bottom: 5px;'><strong>Fuerza de retenci\u00f3n del conector (min.):<\/strong> 50N<\/li>\n<li style='margin-bottom: 5px;'><strong>Compatibilidad del conector:<\/strong> RJ45 (8-posici\u00f3n) y RJ11 (6-posici\u00f3n)<\/li>\n<\/ul><\/div>\n<\/p><\/div>\n<p> <!-- Secci\u00f3n de compatibilidad --> <\/p>\n<div style='margin-bottom: 30px;'>\n<h3 style='font-size: 22px; border-bottom: 2px solid currentColor; padding-bottom: 5px; margin-top: 0; color: inherit; opacity: 0.8;'>Compatibilidad<\/h3>\n<ul style='padding-left: 20px; font-size: 15px; color: inherit; list-style-type: disc;'>\n<li style='margin-bottom: 5px;'>Cableado compatible con est\u00e1ndares de Categor\u00eda 6<\/li>\n<li style='margin-bottom: 5px;'>Compatibilidad hacia atr\u00e1s con Categor\u00eda 5e y Categor\u00eda 3<\/li>\n<li style='margin-bottom: 5px;'>Compatible con conectores RJ45 y RJ11<\/li>\n<\/ul><\/div>\n<p> <!-- Secci\u00f3n de materiales --> <\/p>\n<div style='margin-bottom: 30px;'>\n<h3 style='font-size: 22px; border-bottom: 2px solid currentColor; padding-bottom: 5px; margin-top: 0; color: inherit; opacity: 0.8;'>Materiales<\/h3>\n<ul style='padding-left: 20px; font-size: 15px; color: inherit; list-style-type: disc;'>\n<li style='margin-bottom: 5px;'><strong>Material de la cubierta del conector:<\/strong> Vidrio y nailon reforzado<\/li>\n<li style='margin-bottom: 5px;'><strong>Material del contacto del conector:<\/strong> Bronce f\u00f3sforo chapeado&comma; acero inoxidable<\/li>\n<li style='margin-bottom: 5px;'><strong>Material de pl\u00e1stico del conector:<\/strong> Termopl\u00e1stico retardante a la flama<\/li>\n<\/ul><\/div>\n<p> <!-- Secci\u00f3n de modelos --> <\/p>\n<div style='margin-bottom: 30px;'>\n<h3 style='font-size: 22px; border-bottom: 2px solid currentColor; padding-bottom: 5px; margin-top: 0; color: inherit; opacity: 0.8;'>Modelos Disponibles<\/h3>\n<ul style='padding-left: 20px; font-size: 15px; color: inherit; list-style-type: disc;'>\n<li style='margin-bottom: 5px;'><strong>HD6-16:<\/strong> Panel plano de 16 puertos&comma; cableado T568A\/B&comma; 1 RMS<\/li>\n<li style='margin-bottom: 5px;'><strong>HD6-24:<\/strong> Panel plano de 24 puertos&comma; cableado T568A\/B&comma; 1 RMS<\/li>\n<li style='margin-bottom: 5px;'><strong>HD6-32:<\/strong> Panel plano de 32 puertos&comma; cableado T568A\/B&comma; 2 RMS<\/li>\n<li style='margin-bottom: 5px;'><strong>HD6-48:<\/strong> Panel plano de 48 puertos&comma; cableado T568A\/B&comma; 2 RMS<\/li>\n<li style='margin-bottom: 5px;'><strong>HD6-96:<\/strong> Panel plano de 96 puertos&comma; cableado T568A\/B&comma; 4 RMS<\/li>\n<li style='margin-bottom: 5px;'><strong>HD6-24A:<\/strong> Panel angulado de 24 puertos&comma; cableado T568A\/B&comma; 1 RMS<\/li>\n<li style='margin-bottom: 5px;'><strong>HD6-48A:<\/strong> Panel angulado de 48 puertos&comma; cableado T568A\/B&comma; 2 RMS<\/li>\n<\/ul>\n<p style='font-size: 15px; color: inherit; margin-top: 15px;'><strong>Nota:<\/strong> 1 RMS = 44.5 mm (1.75 pulg.). A\u00f1adir &#8216;B&#8217; para paquetes de proyecto de m\u00e1s de cinco paneles (organizadores de cables traseros no incluidos&comma; pero se pueden pedir por separado)<\/p>\n<\/p><\/div>\n<p> <!-- Secci\u00f3n de certificaciones y medio ambiente --> <\/p>\n<div style='margin-bottom: 30px;'>\n<h3 style='font-size: 22px; border-bottom: 2px solid currentColor; padding-bottom: 5px; margin-top: 0; color: inherit; opacity: 0.8;'>Certificaciones y Medio Ambiente<\/h3>\n<ul style='padding-left: 20px; font-size: 15px; color: inherit; list-style-type: disc;'>\n<li style='margin-bottom: 5px;'>Cumple con RoHS<\/li>\n<li style='margin-bottom: 5px;'>Libre de plomo (lead)<\/li>\n<li style='margin-bottom: 5px;'>Libre de hal\u00f3genos<\/li>\n<li style='margin-bottom: 5px;'>Libre de PVC<\/li>\n<li style='margin-bottom: 5px;'>Clasificaci\u00f3n de flamabilidad UL 94 V-0<\/li>\n<\/ul><\/div>\n<p> <!-- Separador final --> <\/p>\n<hr style='border: 0; border-top: 1px solid rgba(150&comma; 150&comma; 150&comma; 0.3); margin: 30px 0;'> <\/div>\n","protected":false},"excerpt":{"rendered":"<p>Patch Panel UTP HD6 Categor\u00eda 6, de 24 puertos, Angulado, 1UR<\/p>\n","protected":false},"featured_media":12277,"comment_status":"open","ping_status":"closed","template":"","meta":[],"product_brand":[],"product_cat":[613],"product_tag":[586,614,600],"class_list":{"0":"post-12278","1":"product","2":"type-product","3":"status-publish","4":"has-post-thumbnail","6":"product_cat-patch-panels","7":"product_tag-cableado-de-cobre","8":"product_tag-patch-panels","9":"product_tag-siemon","11":"first","12":"outofstock","13":"sale","14":"shipping-taxable","15":"purchasable","16":"product-type-simple"},"_links":{"self":[{"href":"https:\/\/soydeaqui.ddns.net\/pachuca\/index.php\/wp-json\/wp\/v2\/product\/12278","targetHints":{"allow":["GET"]}}],"collection":[{"href":"https:\/\/soydeaqui.ddns.net\/pachuca\/index.php\/wp-json\/wp\/v2\/product"}],"about":[{"href":"https:\/\/soydeaqui.ddns.net\/pachuca\/index.php\/wp-json\/wp\/v2\/types\/product"}],"replies":[{"embeddable":true,"href":"https:\/\/soydeaqui.ddns.net\/pachuca\/index.php\/wp-json\/wp\/v2\/comments?post=12278"}],"wp:featuredmedia":[{"embeddable":true,"href":"https:\/\/soydeaqui.ddns.net\/pachuca\/index.php\/wp-json\/wp\/v2\/media\/12277"}],"wp:attachment":[{"href":"https:\/\/soydeaqui.ddns.net\/pachuca\/index.php\/wp-json\/wp\/v2\/media?parent=12278"}],"wp:term":[{"taxonomy":"product_brand","embeddable":true,"href":"https:\/\/soydeaqui.ddns.net\/pachuca\/index.php\/wp-json\/wp\/v2\/product_brand?post=12278"},{"taxonomy":"product_cat","embeddable":true,"href":"https:\/\/soydeaqui.ddns.net\/pachuca\/index.php\/wp-json\/wp\/v2\/product_cat?post=12278"},{"taxonomy":"product_tag","embeddable":true,"href":"https:\/\/soydeaqui.ddns.net\/pachuca\/index.php\/wp-json\/wp\/v2\/product_tag?post=12278"}],"curies":[{"name":"wp","href":"https:\/\/api.w.org\/{rel}","templated":true}]}}