{"id":12267,"date":"2026-03-18T08:01:34","date_gmt":"2026-03-18T08:01:34","guid":{"rendered":"https:\/\/soydeaqui.ddns.net\/pachuca\/index.php\/producto\/pigtail-de-fibra-ptica-sc-upc-simplex-monomodo-os1-os2-xglo-ofnr-color-amarillo-1-metro-3-28-pies\/"},"modified":"2026-03-18T08:01:39","modified_gmt":"2026-03-18T08:01:39","slug":"pigtail-de-fibra-ptica-sc-upc-simplex-monomodo-os1-os2-xglo-ofnr-color-amarillo-1-metro-3-28-pies","status":"publish","type":"product","link":"https:\/\/soydeaqui.ddns.net\/pachuca\/index.php\/producto\/pigtail-de-fibra-ptica-sc-upc-simplex-monomodo-os1-os2-xglo-ofnr-color-amarillo-1-metro-3-28-pies\/","title":{"rendered":"Pigtail de Fibra ?ptica SC\/UPC Simplex, Monomodo OS1\/OS2 XGLO, OFNR, Color Amarillo, 1 Metro (3.28 Pies)"},"content":{"rendered":"<div style='width: 100%; max-width: 1200px; margin: 0 auto; font-family: sans-serif; line-height: 1.6; color: inherit; background-color: transparent;'> <!-- Descripci\u00f3n general --> <\/p>\n<div style='margin-bottom: 30px;'>\n<h2 style='font-size: 24px; border-bottom: 2px solid currentColor; padding-bottom: 5px; margin-top: 0; color: inherit; opacity: 0.9;'>Descripci\u00f3n del producto<\/h2>\n<p style='font-size: 15px; color: inherit; margin-bottom: 15px;'>El conjunto de cables de fibra \u00f3ptica XGLO son ideales para aplicaciones que soportan hasta 10 Gigabit&comma; a trav\u00e9s de distancias extendidas y redes troncales de pr\u00f3xima generaci\u00f3n. Los cables XGLO cumplen con los est\u00e1ndares IEEE 802.3&comma; IEC-60793-2-10 y TIA-492AAAC (OM3)&comma; TIA-492AAAD (OM4) para ancho de banda diferencial de modo de retardo (DMD).<\/p>\n<ul style='padding-left: 20px; font-size: 15px; color: inherit;'>\n<li style='margin-bottom: 5px;'>Cable optimizado para l\u00e1ser que reduce las impurezas en el n\u00facleo de la fibra<\/li>\n<li style='margin-bottom: 5px;'>Tapones de pl\u00e1stico incluidos para proteger de suciedad y da\u00f1os<\/li>\n<li style='margin-bottom: 5px;'>Cumple con los requisitos de Telcordia y ISO\/IEC para geometr\u00eda de extremo de la ferrula<\/li>\n<li style='margin-bottom: 5px;'>Excede los requisitos de envejecimiento&comma; exposici\u00f3n a humedad&comma; temperaturas extremas&comma; impacto&comma; vibraci\u00f3n&comma; resistencia al acoplamiento y al esfuerzo del cable<\/li>\n<\/ul><\/div>\n<p> <!-- Caracter\u00edsticas principales --> <\/p>\n<div style='display: flex; flex-wrap: wrap; gap: 30px; margin-bottom: 30px;'>\n<div style='flex: 1 1 300px; min-width: 280px;'>\n<h3 style='font-size: 22px; border-bottom: 2px solid currentColor; padding-bottom: 5px; margin-top: 0; color: inherit; opacity: 0.8;'>Caracter\u00edsticas principales<\/h3>\n<ul style='padding-left: 20px; font-size: 15px; color: inherit;'>\n<li style='margin-bottom: 5px;'>Soporta hasta 10 gigabit en distancias extendidas<\/li>\n<li style='margin-bottom: 5px;'>Cumple con est\u00e1ndares IEEE 802.3<\/li>\n<li style='margin-bottom: 5px;'>Cable optimizado para l\u00e1ser reduce impurezas<\/li>\n<li style='margin-bottom: 5px;'>Tapones de pl\u00e1stico incluidos para protecci\u00f3n<\/li>\n<li style='margin-bottom: 5px;'>Ideal para redes troncales de pr\u00f3xima generaci\u00f3n<\/li>\n<\/ul><\/div>\n<p> <!-- Especificaciones t\u00e9cnicas --> <\/p>\n<div style='flex: 1 1 300px; min-width: 280px;'>\n<h3 style='font-size: 22px; border-bottom: 2px solid currentColor; padding-bottom: 5px; margin-top: 0; color: inherit; opacity: 0.8;'>Especificaciones t\u00e9cnicas<\/h3>\n<ul style='padding-left: 20px; font-size: 15px; color: inherit;'>\n<li style='margin-bottom: 5px;'><strong>Tipo:<\/strong> Pigtail de Fibra \u00d3ptica SC\/UPC Simplex<\/li>\n<li style='margin-bottom: 5px;'><strong>Modo:<\/strong> Monomodo OS2<\/li>\n<li style='margin-bottom: 5px;'><strong>Est\u00e1ndares:<\/strong> IEEE 802.3&comma; IEC-60793-2-10&comma; TIA-492AAAC (OM3)&comma; TIA-492AAAD (OM4)<\/li>\n<li style='margin-bottom: 5px;'><strong>Color:<\/strong> Amarillo<\/li>\n<li style='margin-bottom: 5px;'><strong>Clasificaci\u00f3n:<\/strong> OFNR<\/li>\n<li style='margin-bottom: 5px;'><strong>Longitud:<\/strong> 1 Metro<\/li>\n<li style='margin-bottom: 5px;'><strong>Conector:<\/strong> SC UPC<\/li>\n<li style='margin-bottom: 5px;'><strong>Material:<\/strong> Fibra de vidrio con revestimiento amarillo<\/li>\n<li style='margin-bottom: 5px;'><strong>Di\u00e1metro:<\/strong> 900 micrones buffer<\/li>\n<\/ul><\/div>\n<\/p><\/div>\n<p> <!-- Rendimiento --> <\/p>\n<div style='display: flex; flex-wrap: wrap; gap: 20px; margin-bottom: 30px;'>\n<div style='flex: 1 1 250px; border: 1px solid rgba(150&comma; 150&comma; 150&comma; 0.4); border-radius: 8px; overflow: hidden; display: flex; flex-direction: column;'>\n<div style='padding: 15px; border-bottom: 1px solid rgba(150&comma; 150&comma; 150&comma; 0.2); font-weight: bold; font-size: 18px; color: inherit;'>Rendimiento<\/div>\n<div style='padding: 15px; color: inherit;'>\n<ul style='padding-left: 20px; margin: 0; font-size: 14px; list-style-type: disc;'>\n<li style='margin-bottom: 5px;'><strong>Insertion Loss:<\/strong> M\u00e1ximo 0.40 dB (0.10 dB t\u00edpico)<\/li>\n<li style='margin-bottom: 5px;'><strong>Return Loss:<\/strong> M\u00ednimo 55 dB (60 dB t\u00edpico)<\/li>\n<li style='margin-bottom: 5px;'><strong>Geometr\u00eda de extremo de ferrula:<\/strong> Radio de curvatura&comma; offset del \u00e1pice y undercut esf\u00e9rico<\/li>\n<\/ul><\/div>\n<\/p><\/div>\n<p> <!-- Aplicaciones --> <\/p>\n<div style='flex: 1 1 250px; border: 1px solid rgba(150&comma; 150&comma; 150&comma; 0.4); border-radius: 8px; overflow: hidden; display: flex; flex-direction: column;'>\n<div style='padding: 15px; border-bottom: 1px solid rgba(150&comma; 150&comma; 150&comma; 0.2); font-weight: bold; font-size: 18px; color: inherit;'>Aplicaciones<\/div>\n<div style='padding: 15px; color: inherit;'>\n<ul style='padding-left: 20px; margin: 0; font-size: 14px; list-style-type: disc;'>\n<li style='margin-bottom: 5px;'>Redes troncales de pr\u00f3xima generaci\u00f3n<\/li>\n<li style='margin-bottom: 5px;'>Sistemas de comunicaci\u00f3n de alta velocidad<\/li>\n<li style='margin-bottom: 5px;'>Redes de fibra \u00f3ptica para edificios<\/li>\n<li style='margin-bottom: 5px;'>Sistemas de transmisi\u00f3n de datos<\/li>\n<\/ul><\/div>\n<\/p><\/div>\n<p> <!-- Certificaciones --> <\/p>\n<div style='flex: 1 1 250px; border: 1px solid rgba(150&comma; 150&comma; 150&comma; 0.4); border-radius: 8px; overflow: hidden; display: flex; flex-direction: column;'>\n<div style='padding: 15px; border-bottom: 1px solid rgba(150&comma; 150&comma; 150&comma; 0.2); font-weight: bold; font-size: 18px; color: inherit;'>Certificaciones<\/div>\n<div style='padding: 15px; color: inherit;'>\n<ul style='padding-left: 20px; margin: 0; font-size: 14px; list-style-type: disc;'>\n<li style='margin-bottom: 5px;'>IEEE 802.3<\/li>\n<li style='margin-bottom: 5px;'>IEC-60793-2-10<\/li>\n<li style='margin-bottom: 5px;'>TIA-492AAAC (OM3)<\/li>\n<li style='margin-bottom: 5px;'>TIA-492AAAD (OM4)<\/li>\n<li style='margin-bottom: 5px;'>Telcordia<\/li>\n<li style='margin-bottom: 5px;'>ISO\/IEC<\/li>\n<\/ul><\/div>\n<\/p><\/div>\n<\/p><\/div>\n<p> <!-- Informaci\u00f3n adicional --> <\/p>\n<div style='margin-bottom: 30px;'>\n<h3 style='font-size: 22px; border-bottom: 2px solid currentColor; padding-bottom: 5px; margin-top: 0; color: inherit; opacity: 0.8;'>Informaci\u00f3n adicional<\/h3>\n<ul style='padding-left: 20px; font-size: 15px; color: inherit;'>\n<li style='margin-bottom: 5px;'><strong>Garant\u00eda:<\/strong> 20 a\u00f1os<\/li>\n<li style='margin-bottom: 5px;'><strong>Material:<\/strong> Fibra de vidrio con revestimiento amarillo<\/li>\n<li style='margin-bottom: 5px;'><strong>Di\u00e1metro del cable:<\/strong> 900 micrones<\/li>\n<li style='margin-bottom: 5px;'><strong>Conector:<\/strong> SC UPC<\/li>\n<li style='margin-bottom: 5px;'><strong>Color del conector:<\/strong> Azul (Monomodo)<\/li>\n<li style='margin-bottom: 5px;'><strong>Clasificaci\u00f3n de fuego:<\/strong> OFNR (Resistente a la propagaci\u00f3n vertical de fuego)<\/li>\n<\/ul><\/div>\n<p> <!-- Tabla de compatibilidad --> <\/p>\n<div style='margin-bottom: 30px; overflow-x: auto;'>\n<h3 style='font-size: 22px; border-bottom: 2px solid currentColor; padding-bottom: 5px; margin-top: 0; color: inherit; opacity: 0.8;'>Compatibilidad<\/h3>\n<table style='width: 100%; border-collapse: collapse; margin-top: 15px; font-size: 14px; color: inherit;'>\n<thead>\n<tr style='background-color: rgba(150&comma;150&comma;150&comma;0.1);'>\n<th style='border: 1px solid rgba(150&comma;150&comma;150&comma;0.3); padding: 10px; text-align: left;'>Tipo de Fibra<\/th>\n<th style='border: 1px solid rgba(150&comma;150&comma;150&comma;0.3); padding: 10px; text-align: left;'>Longitudes de onda (nm)<\/th>\n<th style='border: 1px solid rgba(150&comma;150&comma;150&comma;0.3); padding: 10px; text-align: left;'>Ancho de Banda M\u00ednimo (MHz.km)<\/th>\n<th style='border: 1px solid rgba(150&comma;150&comma;150&comma;0.3); padding: 10px; text-align: left;'>P\u00e9rdida de Inserci\u00f3n M\u00e1xima (dB)<\/th>\n<th style='border: 1px solid rgba(150&comma;150&comma;150&comma;0.3); padding: 10px; text-align: left;'>Retorno M\u00ednimo de P\u00e9rdida (dB)<\/th>\n<\/tr>\n<\/thead>\n<tbody>\n<tr>\n<td style='border: 1px solid rgba(150&comma;150&comma;150&comma;0.3); padding: 8px;'>Monomodo (OS2)<\/td>\n<td style='border: 1px solid rgba(150&comma;150&comma;150&comma;0.3); padding: 8px;'>1310\/1550 nm<\/td>\n<td style='border: 1px solid rgba(150&comma;150&comma;150&comma;0.3); padding: 8px;'>N\/A<\/td>\n<td style='border: 1px solid rgba(150&comma;150&comma;150&comma;0.3); padding: 8px;'>0.40 (0.10 T\u00edpico)<\/td>\n<td style='border: 1px solid rgba(150&comma;150&comma;150&comma;0.3); padding: 8px;'>55 (60 T\u00edpico)<\/td>\n<\/tr>\n<tr>\n<td style='border: 1px solid rgba(150&comma;150&comma;150&comma;0.3); padding: 8px;'>50\/125\u00b5m Multimodo (OM3)<\/td>\n<td style='border: 1px solid rgba(150&comma;150&comma;150&comma;0.3); padding: 8px;'>850\/1300 nm<\/td>\n<td style='border: 1px solid rgba(150&comma;150&comma;150&comma;0.3); padding: 8px;'>1500\/500 (OFL)<\/td>\n<td style='border: 1px solid rgba(150&comma;150&comma;150&comma;0.3); padding: 8px;'>0.25 (0.10 T\u00edpico)<\/td>\n<td style='border: 1px solid rgba(150&comma;150&comma;150&comma;0.3); padding: 8px;'>30 (35 T\u00edpico)<\/td>\n<\/tr>\n<tr>\n<td style='border: 1px solid rgba(150&comma;150&comma;150&comma;0.3); padding: 8px;'>50\/125\u00b5m Multimodo (OM4)<\/td>\n<td style='border: 1px solid rgba(150&comma;150&comma;150&comma;0.3); padding: 8px;'>850 nm<\/td>\n<td style='border: 1px solid rgba(150&comma;150&comma;150&comma;0.3); padding: 8px;'>3500 (OFL)<\/td>\n<td style='border: 1px solid rgba(150&comma;150&comma;150&comma;0.3); padding: 8px;'>0.25 (0.10 T\u00edpico)<\/td>\n<td style='border: 1px solid rgba(150&comma;150&comma;150&comma;0.3); padding: 8px;'>30 (35 T\u00edpico)<\/td>\n<\/tr>\n<\/tbody>\n<\/table><\/div>\n<p> <!-- Garant\u00eda y fabricante --> <\/p>\n<div style='display: flex; flex-wrap: wrap; gap: 20px; margin-bottom: 30px;'>\n<div style='flex: 1 1 250px; border: 1px solid rgba(150&comma; 150&comma; 150&comma; 0.4); border-radius: 8px; overflow: hidden; display: flex; flex-direction: column;'>\n<div style='padding: 15px; border-bottom: 1px solid rgba(150&comma;150&comma;150&comma;0.2); font-weight: bold; font-size: 18px; color: inherit;'>Garant\u00eda<\/div>\n<div style='padding: 15px; color: inherit;'>\n<p style='margin: 0; font-size: 14px;'>20 a\u00f1os de garant\u00eda cuando se instala en un sistema XGLO calificado<\/p>\n<\/p><\/div>\n<\/p><\/div>\n<div style='flex: 1 1 250px; border: 1px solid rgba(150&comma; 150&comma; 150&comma; 0.4); border-radius: 8px; overflow: hidden; display: flex; flex-direction: column;'>\n<div style='padding: 15px; border-bottom: 1px solid rgba(150&comma;150&comma;150&comma;0.2); font-weight: bold; font-size: 18px; color: inherit;'>Fabricante<\/div>\n<div style='padding: 15px; color: inherit;'>\n<p style='margin: 0; font-size: 14px;'>Siemon<\/p>\n<p style='margin: 0; font-size: 14px;'>Modelo: FP1BSCUL01<\/p>\n<\/p><\/div>\n<\/p><\/div>\n<\/p><\/div>\n<p> <!-- Notas importantes --> <\/p>\n<div style='margin-bottom: 30px;'>\n<h3 style='font-size: 22px; border-bottom: 2px solid currentColor; padding-bottom: 5px; margin-top: 0; color: inherit; opacity: 0.8;'>Notas importantes<\/h3>\n<ul style='padding-left: 20px; font-size: 15px; color: inherit;'>\n<li style='margin-bottom: 5px;'>Los cables monomodo OS2 tienen conectores azules con funda amarilla<\/li>\n<li style='margin-bottom: 5px;'>Los cables multimodo tienen conectores beige con funda aqua<\/li>\n<li style='margin-bottom: 5px;'>Los pigtails simplex est\u00e1n disponibles en longitud de 900 micrones<\/li>\n<li style='margin-bottom: 5px;'>Para longitudes personalizadas y colores de funda&comma; contactar al departamento de servicio al cliente<\/li>\n<li style='margin-bottom: 5px;'>Disponible en empaque bulk de 100 jumpers (10 por bolsa) para interfaces SC y LC<\/li>\n<\/ul><\/div>\n<p> <!-- Separador --> <\/p>\n<hr style='border: 0; border-top: 1px solid rgba(150&comma; 150&comma; 150&comma; 0.3); margin: 30px 0;'> <\/div>\n","protected":false},"excerpt":{"rendered":"<p>Pigtail de Fibra ?ptica SC\/UPC Simplex, Monomodo OS1\/OS2 XGLO, OFNR, Color Amarillo, 1 Metro (3.28 Pies)<\/p>\n","protected":false},"featured_media":12266,"comment_status":"open","ping_status":"closed","template":"","meta":[],"product_brand":[],"product_cat":[617],"product_tag":[611,618,600],"class_list":{"0":"post-12267","1":"product","2":"type-product","3":"status-publish","4":"has-post-thumbnail","6":"product_cat-jumpers-y-pigtails","7":"product_tag-fibra-optica","8":"product_tag-jumpers-y-pigtails","9":"product_tag-siemon","11":"first","12":"instock","13":"sale","14":"shipping-taxable","15":"purchasable","16":"product-type-simple"},"_links":{"self":[{"href":"https:\/\/soydeaqui.ddns.net\/pachuca\/index.php\/wp-json\/wp\/v2\/product\/12267","targetHints":{"allow":["GET"]}}],"collection":[{"href":"https:\/\/soydeaqui.ddns.net\/pachuca\/index.php\/wp-json\/wp\/v2\/product"}],"about":[{"href":"https:\/\/soydeaqui.ddns.net\/pachuca\/index.php\/wp-json\/wp\/v2\/types\/product"}],"replies":[{"embeddable":true,"href":"https:\/\/soydeaqui.ddns.net\/pachuca\/index.php\/wp-json\/wp\/v2\/comments?post=12267"}],"wp:featuredmedia":[{"embeddable":true,"href":"https:\/\/soydeaqui.ddns.net\/pachuca\/index.php\/wp-json\/wp\/v2\/media\/12266"}],"wp:attachment":[{"href":"https:\/\/soydeaqui.ddns.net\/pachuca\/index.php\/wp-json\/wp\/v2\/media?parent=12267"}],"wp:term":[{"taxonomy":"product_brand","embeddable":true,"href":"https:\/\/soydeaqui.ddns.net\/pachuca\/index.php\/wp-json\/wp\/v2\/product_brand?post=12267"},{"taxonomy":"product_cat","embeddable":true,"href":"https:\/\/soydeaqui.ddns.net\/pachuca\/index.php\/wp-json\/wp\/v2\/product_cat?post=12267"},{"taxonomy":"product_tag","embeddable":true,"href":"https:\/\/soydeaqui.ddns.net\/pachuca\/index.php\/wp-json\/wp\/v2\/product_tag?post=12267"}],"curies":[{"name":"wp","href":"https:\/\/api.w.org\/{rel}","templated":true}]}}