{"id":12213,"date":"2026-03-18T08:00:41","date_gmt":"2026-03-18T08:00:41","guid":{"rendered":"https:\/\/soydeaqui.ddns.net\/pachuca\/index.php\/producto\/panel-de-conexion-de-fibra-optica-ric3-para-rack-de-19in-acepta-12-placas-quick-pack-hasta-288-fibras-4-ur\/"},"modified":"2026-03-18T08:00:41","modified_gmt":"2026-03-18T08:00:41","slug":"panel-de-conexion-de-fibra-optica-ric3-para-rack-de-19in-acepta-12-placas-quick-pack-hasta-288-fibras-4-ur","status":"publish","type":"product","link":"https:\/\/soydeaqui.ddns.net\/pachuca\/index.php\/producto\/panel-de-conexion-de-fibra-optica-ric3-para-rack-de-19in-acepta-12-placas-quick-pack-hasta-288-fibras-4-ur\/","title":{"rendered":"Panel de Conexi\u00f3n de Fibra \u00d3ptica (RIC3) Para Rack de 19in, Acepta 12 Placas Quick Pack, Hasta 288 Fibras, 4 UR"},"content":{"rendered":"<div style='width: 100%; max-width: 1200px; margin: 0 auto; font-family: sans-serif; line-height: 1.6; color: inherit; background-color: transparent;'>\n<div style='display: flex; flex-wrap: wrap; gap: 30px; margin-bottom: 30px;'>\n<div style='flex: 1 1 300px; min-width: 280px;'>\n<p style='font-size: 15px; color: inherit; margin-bottom: 15px;'> Apoyado junto con los m\u00f3dulos Plug and Play&comma; placas adaptadoras MTP&comma; y placas adaptadoras QuickPack\u2122&comma; la caja de interconexi\u00f3n RIC3 ofrece una densidad de fibras superior (hasta 288 fibras en solo 4UR) sin sacrificar la protecci\u00f3n de la fibra y accesibilidad. <\/p>\n<p style='font-size: 15px; color: inherit; margin-bottom: 15px;'> Compatible con una amplia gama de placas adaptadoras de fibra Siemon QuickPack\u2122 para su elecci\u00f3n en aplicaciones y densidad de puertos. <\/p>\n<\/p><\/div>\n<\/p><\/div>\n<div style='display: flex; flex-wrap: wrap; gap: 20px; margin-bottom: 30px;'>\n<div style='flex: 1 1 250px; border: 1px solid rgba(150&comma; 150&comma; 150&comma; 0.4); border-radius: 8px; overflow: hidden; display: flex; flex-direction: column;'>\n<div style='padding: 15px; border-bottom: 1px solid rgba(150&comma; 150&comma; 150&comma; 0.2); font-weight: bold; font-size: 18px; color: inherit;'>Caracter\u00edsticas<\/div>\n<div style='padding: 15px; color: inherit;'>\n<ul style='padding-left: 20px; margin: 0; font-size: 14px; list-style-type: disc;'>\n<li style='margin-bottom: 5px;'>Bisagras de liberaci\u00f3n r\u00e1pida: Permite una f\u00e1cil extracci\u00f3n de las puertas delanteras y traseras para tener acceso completo a las conexiones de fibra<\/li>\n<li style='margin-bottom: 5px;'>Etiquetado mejorado: Es posible etiquetar cualquier configuraci\u00f3n de puertos con etiquetas con bisagras. La etiqueta se cuelga en la puerta principal para mejor visibilidad. Cuando se abre la puerta&comma; las etiquetas giran hacia abajo permitiendo visualizaci\u00f3n de la etiqueta y los puertos correspondientes<\/li>\n<li style='margin-bottom: 5px;'>Arandelas giratorias: Las arandelas giratorias facilitan la carga y la retenci\u00f3n de puentes y fibras&comma; minimizan la tensi\u00f3n cuando se utiliza la bandeja deslizable<\/li>\n<li style='margin-bottom: 5px;'>Acceso Completo: La Caja de gesti\u00f3n tiene un tope positivo en las posiciones de trabajo delantera y trasera&comma; proporcionando acceso completo para mover&comma; agregar&comma; cambiar o limpiar las conexiones de fibra<\/li>\n<li style='margin-bottom: 5px;'>Capacidad M\u00e1xima: Los RIC3 permite una cantidad m\u00e1xima de fibras para ser parcheado y empalmado en 2&comma; 3 y 4UR sin comprometer la accesibilidad. Esto permite una utilizaci\u00f3n m\u00e1s eficiente del espacio en Rack<\/li>\n<li style='margin-bottom: 5px;'>Dise\u00f1o superior: Los orificios de acceso superior e inferior situados en la parte trasera de la carcasa permiten que las fibras se encaminen entre recintos sin tener que correr fibras fuera de la caja<\/li>\n<\/ul><\/div>\n<\/p><\/div>\n<\/p><\/div>\n<div style='display: flex; flex-wrap: wrap; gap: 30px; margin-bottom: 30px;'>\n<div style='flex: 1 1 300px; min-width: 280px;'>\n<h3 style='font-size: 22px; border-bottom: 2px solid currentColor; padding-bottom: 5px; margin-top: 0; color: inherit; opacity: 0.8;'>Bandeja deslizable<\/h3>\n<div style='margin-top: 15px;'> <img style='width: 100%; height: auto; border: 1px solid rgba(150&comma;150&comma;150&comma;0.3); border-radius: 8px;' src='https:\/\/ftp3.syscom.mx\/usuarios\/fotos\/RIC33601\/91528-foto1.jpg' alt=''> <\/div>\n<\/p><\/div>\n<\/p><\/div>\n<hr style='border: 0; border-top: 1px solid rgba(150&comma; 150&comma; 150&comma; 0.3); margin: 30px 0;'> <\/div>\n","protected":false},"excerpt":{"rendered":"<p>Panel de Conexi\u00f3n de Fibra \u00d3ptica (RIC3) Para Rack de 19in, Acepta 12 Placas Quick Pack, Hasta 288 Fibras, 4 UR<\/p>\n","protected":false},"featured_media":12212,"comment_status":"open","ping_status":"closed","template":"","meta":[],"product_brand":[],"product_cat":[621],"product_tag":[622,611,600],"class_list":{"0":"post-12213","1":"product","2":"type-product","3":"status-publish","4":"has-post-thumbnail","6":"product_cat-distribuidores-de-fibra-optica","7":"product_tag-distribuidores-de-fibra-optica","8":"product_tag-fibra-optica","9":"product_tag-siemon","11":"first","12":"outofstock","13":"sale","14":"shipping-taxable","15":"purchasable","16":"product-type-simple"},"_links":{"self":[{"href":"https:\/\/soydeaqui.ddns.net\/pachuca\/index.php\/wp-json\/wp\/v2\/product\/12213","targetHints":{"allow":["GET"]}}],"collection":[{"href":"https:\/\/soydeaqui.ddns.net\/pachuca\/index.php\/wp-json\/wp\/v2\/product"}],"about":[{"href":"https:\/\/soydeaqui.ddns.net\/pachuca\/index.php\/wp-json\/wp\/v2\/types\/product"}],"replies":[{"embeddable":true,"href":"https:\/\/soydeaqui.ddns.net\/pachuca\/index.php\/wp-json\/wp\/v2\/comments?post=12213"}],"wp:featuredmedia":[{"embeddable":true,"href":"https:\/\/soydeaqui.ddns.net\/pachuca\/index.php\/wp-json\/wp\/v2\/media\/12212"}],"wp:attachment":[{"href":"https:\/\/soydeaqui.ddns.net\/pachuca\/index.php\/wp-json\/wp\/v2\/media?parent=12213"}],"wp:term":[{"taxonomy":"product_brand","embeddable":true,"href":"https:\/\/soydeaqui.ddns.net\/pachuca\/index.php\/wp-json\/wp\/v2\/product_brand?post=12213"},{"taxonomy":"product_cat","embeddable":true,"href":"https:\/\/soydeaqui.ddns.net\/pachuca\/index.php\/wp-json\/wp\/v2\/product_cat?post=12213"},{"taxonomy":"product_tag","embeddable":true,"href":"https:\/\/soydeaqui.ddns.net\/pachuca\/index.php\/wp-json\/wp\/v2\/product_tag?post=12213"}],"curies":[{"name":"wp","href":"https:\/\/api.w.org\/{rel}","templated":true}]}}