{"id":12205,"date":"2026-03-18T08:00:34","date_gmt":"2026-03-18T08:00:34","guid":{"rendered":"https:\/\/soydeaqui.ddns.net\/pachuca\/index.php\/producto\/jack-z-max-utp-categora-6-montaje-hbrido-en-placa-de-pared-plano-y-angulado-color-amarillo\/"},"modified":"2026-03-18T08:00:34","modified_gmt":"2026-03-18T08:00:34","slug":"jack-z-max-utp-categora-6-montaje-hbrido-en-placa-de-pared-plano-y-angulado-color-amarillo","status":"publish","type":"product","link":"https:\/\/soydeaqui.ddns.net\/pachuca\/index.php\/producto\/jack-z-max-utp-categora-6-montaje-hbrido-en-placa-de-pared-plano-y-angulado-color-amarillo\/","title":{"rendered":"Jack Z-Max UTP Categor?a 6, Montaje H?brido en Placa de Pared (Plano y Angulado), Color Amarillo"},"content":{"rendered":"<div style='width: 100%; max-width: 1200px; margin: 0 auto; font-family: sans-serif; line-height: 1.6; color: inherit; background-color: transparent;'> <!-- Contenido principal --> <\/p>\n<div style='margin-bottom: 30px;'>\n<p style='margin: 15px 0;'>El conector Z-MAX UTP es parte del sistema Categor\u00eda 6 de cableado UTP de lado a lado. Cuenta con un f\u00e1cil proceso de terminaci\u00f3n con la herramienta Z-TOOL con un control de ruido interno y capacidad de configuraci\u00f3n avanzada.<\/p>\n<p style='margin: 15px 0;'>La salida Z-MAX puede ser utilizada con cableado UTP de Siemon System 6 o Premium 6&comma; Patch Cord MC6 y MAX&comma; o Patch Panel Z-MAX.<\/p>\n<\/p><\/div>\n<p> <!-- Secci\u00f3n de beneficios --> <\/p>\n<div style='margin-bottom: 30px;'>\n<h3 style='font-size: 22px; border-bottom: 2px solid currentColor; padding-bottom: 5px; margin-top: 0; color: inherit; opacity: 0.8;'>Beneficios<\/h3>\n<ul style='padding-left: 20px; font-size: 15px; color: inherit; margin: 15px 0;'>\n<li style='margin-bottom: 5px;'>IDC con alineaci\u00f3n diagonal&comma; para maximizar la separaci\u00f3n de par a par&comma; lo que garantiza un buen rendimiento en ambientes de alta densidad<\/li>\n<li style='margin-bottom: 5px;'>Herramienta Z-TOOL ergon\u00f3mica y f\u00e1cil de usar&comma; asegura una terminaci\u00f3n simple sin necesidad de mucha fuerza o presi\u00f3n al conector<\/li>\n<li style='margin-bottom: 5px;'>Dise\u00f1o universal que permite montar al mismo Jack con orientaci\u00f3n plana o angulada<\/li>\n<\/ul><\/div>\n<p> <!-- Im\u00e1genes principales --> <\/p>\n<div style='display: flex; flex-wrap: wrap; gap: 15px; margin-bottom: 30px; justify-content: center;'> <img style='width: 100%; max-width: 200px; height: auto; border: 1px solid rgba(150&comma;150&comma;150&comma;0.3); border-radius: 8px;' src='http:\/\/ftp3.syscom.mx\/usuarios\/fotos\/Z601\/88308-foto1.jpg' alt=''> <img style='width: 100%; max-width: 200px; height: auto; border: 1px solid rgba(150&comma;150&comma;150&comma;0.3); border-radius: 8px;' src='http:\/\/ftp3.syscom.mx\/usuarios\/fotos\/Z601\/88308-foto_2.jpg' alt=''> <img style='width: 100%; max-width: 134px; height: auto; border: 1px solid rgba(150&comma;150&comma;150&comma;0.3); border-radius: 8px;' src='http:\/\/ftp3.syscom.mx\/usuarios\/fotos\/Z601\/88308-foto_3.jpg' alt=''> <\/div>\n<p> <!-- Informaci\u00f3n adicional --> <\/p>\n<div style='margin-bottom: 30px;'>\n<ul style='padding-left: 20px; font-size: 15px; color: inherit; margin: 15px 0;'>\n<li style='margin-bottom: 5px;'>Los Jacks Z-MAX de SIEMON mejoran el rendimiento el\u00e9ctrico y mec\u00e1nico&comma; patentando una forma de contacto curvada o &#8216;Coronada&#8217;<\/li>\n<\/ul><\/div>\n<p> <!-- Secci\u00f3n de otros Jacks --> <\/p>\n<div style='margin-bottom: 30px;'>\n<p style='margin: 15px 0;'><strong>Otros Jacks:<\/strong><\/p>\n<div style='display: flex; flex-wrap: wrap; gap: 15px; justify-content: center; margin: 15px 0;'> <img style='width: 100%; max-width: 500px; height: auto; border: 1px solid rgba(150&comma;150&comma;150&comma;0.3); border-radius: 8px;' src='https:\/\/ftp3.syscom.mx\/usuarios\/fotos\/Z601\/135728-non-siemon-jack.jpg' alt=''> <\/div>\n<p style='margin: 15px 0;'><strong>Jacks SIEMON:<\/strong><\/p>\n<div style='display: flex; flex-wrap: wrap; gap: 15px; justify-content: center; margin: 15px 0;'> <img style='width: 100%; max-width: 500px; height: auto; border: 1px solid rgba(150&comma;150&comma;150&comma;0.3); border-radius: 8px;' src='https:\/\/ftp3.syscom.mx\/usuarios\/fotos\/Z601\/135728-siemon-jack.jpg' alt=''> <img style='width: 100%; max-width: 331px; height: auto; border: 1px solid rgba(150&comma;150&comma;150&comma;0.3); border-radius: 8px;' src='https:\/\/ftp3.syscom.mx\/usuarios\/fotos\/Z601\/135728-kingofpoe-animated-whitebackground.gif' alt=''> <\/div>\n<\/p><\/div>\n<p> <!-- Video de terminaci\u00f3n --> <\/p>\n<div style='margin-bottom: 30px;'>\n<p style='margin: 15px 0;'><strong>Terminaci\u00f3n de Conectores Z-MAX:<\/strong><\/p>\n<div style='position: relative; padding-bottom: 56.25%; height: 0; overflow: hidden; margin-bottom: 30px;'>   <\/div>\n<\/p><\/div>\n<p> <!-- Separador final --> <\/p>\n<hr style='border: 0; border-top: 1px solid rgba(150&comma; 150&comma; 150&comma; 0.3); margin: 30px 0;'> <\/div>\n","protected":false},"excerpt":{"rendered":"<p>Jack Z-Max UTP Categor?a 6, Montaje H?brido en Placa de Pared (Plano y Angulado), Color Amarillo<\/p>\n","protected":false},"featured_media":12204,"comment_status":"open","ping_status":"closed","template":"","meta":[],"product_brand":[],"product_cat":[595],"product_tag":[586,596,600],"class_list":{"0":"post-12205","1":"product","2":"type-product","3":"status-publish","4":"has-post-thumbnail","6":"product_cat-jacks-plugs","7":"product_tag-cableado-de-cobre","8":"product_tag-jacks-plugs","9":"product_tag-siemon","11":"first","12":"outofstock","13":"sale","14":"shipping-taxable","15":"purchasable","16":"product-type-simple"},"_links":{"self":[{"href":"https:\/\/soydeaqui.ddns.net\/pachuca\/index.php\/wp-json\/wp\/v2\/product\/12205","targetHints":{"allow":["GET"]}}],"collection":[{"href":"https:\/\/soydeaqui.ddns.net\/pachuca\/index.php\/wp-json\/wp\/v2\/product"}],"about":[{"href":"https:\/\/soydeaqui.ddns.net\/pachuca\/index.php\/wp-json\/wp\/v2\/types\/product"}],"replies":[{"embeddable":true,"href":"https:\/\/soydeaqui.ddns.net\/pachuca\/index.php\/wp-json\/wp\/v2\/comments?post=12205"}],"wp:featuredmedia":[{"embeddable":true,"href":"https:\/\/soydeaqui.ddns.net\/pachuca\/index.php\/wp-json\/wp\/v2\/media\/12204"}],"wp:attachment":[{"href":"https:\/\/soydeaqui.ddns.net\/pachuca\/index.php\/wp-json\/wp\/v2\/media?parent=12205"}],"wp:term":[{"taxonomy":"product_brand","embeddable":true,"href":"https:\/\/soydeaqui.ddns.net\/pachuca\/index.php\/wp-json\/wp\/v2\/product_brand?post=12205"},{"taxonomy":"product_cat","embeddable":true,"href":"https:\/\/soydeaqui.ddns.net\/pachuca\/index.php\/wp-json\/wp\/v2\/product_cat?post=12205"},{"taxonomy":"product_tag","embeddable":true,"href":"https:\/\/soydeaqui.ddns.net\/pachuca\/index.php\/wp-json\/wp\/v2\/product_tag?post=12205"}],"curies":[{"name":"wp","href":"https:\/\/api.w.org\/{rel}","templated":true}]}}