{"id":12047,"date":"2026-03-18T07:58:32","date_gmt":"2026-03-18T07:58:32","guid":{"rendered":"https:\/\/soydeaqui.ddns.net\/pachuca\/index.php\/producto\/union-rapida-para-curvas-fabricadas-en-campo\/"},"modified":"2026-03-18T07:58:35","modified_gmt":"2026-03-18T07:58:35","slug":"union-rapida-para-curvas-fabricadas-en-campo","status":"publish","type":"product","link":"https:\/\/soydeaqui.ddns.net\/pachuca\/index.php\/producto\/union-rapida-para-curvas-fabricadas-en-campo\/","title":{"rendered":"Uni\u00f3n r\u00e1pida para curvas fabricadas en campo"},"content":{"rendered":"<div style='width: 100%; max-width: 1200px; margin: 0 auto; font-family: sans-serif; line-height: 1.6; color: inherit; background-color: transparent;'> <!-- Secci\u00f3n de caracter\u00edsticas principales --> <\/p>\n<div style='display: flex; flex-wrap: wrap; gap: 30px; margin-bottom: 30px;'>\n<div style='flex: 1 1 300px; min-width: 280px;'>\n<h3 style='font-size: 22px; border-bottom: 2px solid currentColor; padding-bottom: 5px; margin-top: 0; color: inherit; opacity: 0.8;'>Caracter\u00edsticas Principales<\/h3>\n<ul style='padding-left: 20px; font-size: 15px; color: inherit;'>\n<li style='margin-bottom: 5px;'>Grapa de sujeci\u00f3n para curvas personalizadas<\/li>\n<li style='margin-bottom: 5px;'>Sistema r\u00e1pido de instalaci\u00f3n en campo<\/li>\n<li style='margin-bottom: 5px;'>Dise\u00f1o adaptable a diversas configuraciones<\/li>\n<li style='margin-bottom: 5px;'>Material resistente para durabilidad prolongada<\/li>\n<li style='margin-bottom: 5px;'>Interfaz intuitiva para f\u00e1cil montaje<\/li>\n<\/ul><\/div>\n<\/p><\/div>\n<p> <!-- Secci\u00f3n de especificaciones t\u00e9cnicas --> <\/p>\n<div style='display: flex; flex-wrap: wrap; gap: 20px; margin-bottom: 30px;'>\n<div style='flex: 1 1 250px; border: 1px solid rgba(150&comma; 150&comma; 150&comma; 0.4); border-radius: 8px; overflow: hidden; display: flex; flex-direction: column;'>\n<div style='padding: 15px; border-bottom: 1px solid rgba(150&comma; 150&comma; 150&comma; 0.2); font-weight: bold; font-size: 18px; color: inherit;'>Normas de Referencia<\/div>\n<div style='padding: 15px; color: inherit;'>\n<h4 style='margin-top: 0; font-size: 16px; color: inherit; opacity: 0.9;'>Normas Internacionales:<\/h4>\n<ul style='padding-left: 20px; margin: 8px 0; font-size: 14px; list-style-type: disc; color: inherit;'>\n<li style='margin-bottom: 5px;'>ASTM635A<\/li>\n<li style='margin-bottom: 5px;'>NFA91-102<\/li>\n<li style='margin-bottom: 5px;'>NFA91-121<\/li>\n<li style='margin-bottom: 5px;'>NFA91-122<\/li>\n<li style='margin-bottom: 5px;'>NFX41002<\/li>\n<li>NFEN12330<\/li>\n<\/ul>\n<h4 style='margin-top: 15px; margin-bottom: 8px; font-size: 16px; color: inherit; opacity: 0.9;'>Normas Nacionales:<\/h4>\n<ul style='padding-left: 20px; margin: 8px 0; font-size: 14px; list-style-type: disc; color: inherit;'>\n<li style='margin-bottom: 5px;'>NMX-J-515-2011<\/li>\n<li style='margin-bottom: 5px;'>NMX-D-122<\/li>\n<li style='margin-bottom: 5px;'>NMX-H-074<\/li>\n<li style='margin-bottom: 5px;'>NMX-004<\/li>\n<li>NMX-013<\/li>\n<\/ul>\n<h4 style='margin-top: 15px; margin-bottom: 8px; font-size: 16px; color: inherit; opacity: 0.9;'>Normas El\u00e9ctricas:<\/h4>\n<ul style='padding-left: 20px; margin: 0; font-size: 14px; list-style-type: disc; color: inherit;'>\n<li>NOM-001-SEDE-2012<\/li>\n<\/ul><\/div>\n<\/p><\/div>\n<div style='flex: 1 1 250px; border: 1px solid rgba(150&comma; 150&comma; 150&comma; 0.4); border-radius: 8px; overflow: hidden; display: flex; flex-direction: column;'>\n<div style='padding: 15px; border-bottom: 1px solid rgba(150&comma; 150&comma; 150&comma; 0.2); font-weight: bold; font-size: 18px; color: inherit;'>Tipos de Acabado<\/div>\n<div style='padding: 15px; color: inherit;'>\n<ul style='padding-left: 20px; margin: 0; font-size: 14px; list-style-type: disc; color: inherit;'>\n<li style='margin-bottom: 5px;'>Electrozincado EZ (Interiores) &#8211; 15 a 20 Micr\u00f3metros<\/li>\n<li style='margin-bottom: 5px;'>Galvanizado por Inmersi\u00f3n en Caliente GAC (Exteriores) &#8211; 60 a 80 Micr\u00f3metros<\/li>\n<li>Acero Inoxidable 304L y 316L<\/li>\n<\/ul><\/div>\n<\/p><\/div>\n<div style='flex: 1 1 250px; border: 1px solid rgba(150&comma; 150&comma; 150&comma; 0.4); border-radius: 8px; overflow: hidden; display: flex; flex-direction: column;'>\n<div style='padding: 15px; border-bottom: 1px solid rgba(150&comma; 150&comma; 150&comma; 0.2); font-weight: bold; font-size: 18px; color: inherit;'>Especificaciones T\u00e9cnicas<\/div>\n<div style='padding: 15px; color: inherit;'>\n<ul style='padding-left: 20px; margin: 0; font-size: 14px; list-style-type: disc; color: inherit;'>\n<li style='margin-bottom: 5px;'>Modelo: MG51423EZ<\/li>\n<li style='margin-bottom: 5px;'>Tipo: Grapa de sujeci\u00f3n entre secciones de curvas<\/li>\n<li style='margin-bottom: 5px;'>Sistema de instalaci\u00f3n: F\u00e1cil instalaci\u00f3n<\/li>\n<li style='margin-bottom: 5px;'>Material: Acero<\/li>\n<li>Aplicaci\u00f3n: Instalaciones el\u00e9ctricas<\/li>\n<\/ul><\/div>\n<\/p><\/div>\n<\/p><\/div>\n<p> <!-- Ejemplo de instalaci\u00f3n --> <\/p>\n<div style='display: flex; flex-wrap: wrap; gap: 30px; margin-bottom: 30px;'>\n<div style='flex: 1 1 100%;'>\n<h3 style='font-size: 22px; border-bottom: 2px solid currentColor; padding-bottom: 5px; margin-top: 0; color: inherit; opacity: 0.8;'>Ejemplo de Instalaci\u00f3n<\/h3>\n<div style='display: flex; flex-wrap: wrap; gap: 15px; justify-content: center;'>\n<div style='flex: 1 1 400px; max-width: 400px;'> <img style='width: 100%; height: auto; border: 1px solid rgba(150&comma;150&comma;150&comma;0.3); border-radius: 8px;' src='http:\/\/ftp3.syscom.mx\/usuarios\/fotos\/MG51423EZ\/87658-mg51423ez.jpg' alt='Ejemplo de instalaci\u00f3n de grapa de sujeci\u00f3n'> <\/div>\n<div style='flex: 1 1 400px; max-width: 400px;'> <img style='width: 100%; height: auto; border: 1px solid rgba(150&comma;150&comma;150&comma;0.3); border-radius: 8px;' src='http:\/\/ftp3.syscom.mx\/usuarios\/fotos\/MG51423EZ\/87658-foto1.jpg' alt='Detalle de instalaci\u00f3n de grapa de sujeci\u00f3n'> <\/div>\n<\/p><\/div>\n<\/p><\/div>\n<\/p><\/div>\n<p> <!-- Separador --> <\/p>\n<hr style='border: 0; border-top: 1px solid rgba(150&comma; 150&comma; 150&comma; 0.3); margin: 30px 0;'> <\/div>\n","protected":false},"excerpt":{"rendered":"<p>Uni\u00f3n r\u00e1pida para curvas fabricadas en campo<\/p>\n","protected":false},"featured_media":12046,"comment_status":"open","ping_status":"closed","template":"","meta":[],"product_brand":[],"product_cat":[597],"product_tag":[93,580,593],"class_list":{"0":"post-12047","1":"product","2":"type-product","3":"status-publish","4":"has-post-thumbnail","6":"product_cat-accesorios-charola","7":"product_tag-accesorios","8":"product_tag-charofil","9":"product_tag-charola","11":"first","12":"instock","13":"sale","14":"shipping-taxable","15":"purchasable","16":"product-type-simple"},"_links":{"self":[{"href":"https:\/\/soydeaqui.ddns.net\/pachuca\/index.php\/wp-json\/wp\/v2\/product\/12047","targetHints":{"allow":["GET"]}}],"collection":[{"href":"https:\/\/soydeaqui.ddns.net\/pachuca\/index.php\/wp-json\/wp\/v2\/product"}],"about":[{"href":"https:\/\/soydeaqui.ddns.net\/pachuca\/index.php\/wp-json\/wp\/v2\/types\/product"}],"replies":[{"embeddable":true,"href":"https:\/\/soydeaqui.ddns.net\/pachuca\/index.php\/wp-json\/wp\/v2\/comments?post=12047"}],"wp:featuredmedia":[{"embeddable":true,"href":"https:\/\/soydeaqui.ddns.net\/pachuca\/index.php\/wp-json\/wp\/v2\/media\/12046"}],"wp:attachment":[{"href":"https:\/\/soydeaqui.ddns.net\/pachuca\/index.php\/wp-json\/wp\/v2\/media?parent=12047"}],"wp:term":[{"taxonomy":"product_brand","embeddable":true,"href":"https:\/\/soydeaqui.ddns.net\/pachuca\/index.php\/wp-json\/wp\/v2\/product_brand?post=12047"},{"taxonomy":"product_cat","embeddable":true,"href":"https:\/\/soydeaqui.ddns.net\/pachuca\/index.php\/wp-json\/wp\/v2\/product_cat?post=12047"},{"taxonomy":"product_tag","embeddable":true,"href":"https:\/\/soydeaqui.ddns.net\/pachuca\/index.php\/wp-json\/wp\/v2\/product_tag?post=12047"}],"curies":[{"name":"wp","href":"https:\/\/api.w.org\/{rel}","templated":true}]}}