{"id":120345,"date":"2026-03-24T06:43:02","date_gmt":"2026-03-24T06:43:02","guid":{"rendered":"https:\/\/soydeaqui.ddns.net\/pachuca\/index.php\/producto\/kit-extensor-hdmi-4k2k60hz-hdr-444-hdbaset-120-150m-salida-de-audio-hdcp-2-2-ir-bidireccional\/"},"modified":"2026-03-24T06:43:02","modified_gmt":"2026-03-24T06:43:02","slug":"kit-extensor-hdmi-4k2k60hz-hdr-444-hdbaset-120-150m-salida-de-audio-hdcp-2-2-ir-bidireccional","status":"publish","type":"product","link":"https:\/\/soydeaqui.ddns.net\/pachuca\/index.php\/producto\/kit-extensor-hdmi-4k2k60hz-hdr-444-hdbaset-120-150m-salida-de-audio-hdcp-2-2-ir-bidireccional\/","title":{"rendered":"Kit Extensor HDMI | 4K2K@60HZ | HDR 4:4:4 | HDBaseT | 120\/150m | Salida de Audio | HDCP 2.2 | IR Bidireccional"},"content":{"rendered":"<div style='width: 100%; max-width: 1200px; margin: 0 auto; font-family: sans-serif; line-height: 1.6; color: inherit; background-color: transparent;'> <!-- Imagen 1 --> <\/p>\n<div style='margin: 30px 0;'> <img style='width: 100%; height: auto; border: 1px solid rgba(150&comma;150&comma;150&comma;0.3); border-radius: 8px;' src='https:\/\/ftp3.syscom.mx\/usuarios\/luis.vargas\/EpcomProAudio\/Video\/epcomup.jpg' alt=''> <\/div>\n<p> <!-- Descripci\u00f3n principal --> <\/p>\n<div style='margin: 30px 0;'>\n<p style='text-align: center; margin: 10px 70px 50px 70px; font-size: 14px; color: inherit;'> Este extensor HDMI de 18 Gbps puede prolongar la se\u00f1al de v\u00eddeo\/audio de alta definici\u00f3n&comma; RS-232&comma; IR bidireccional y la distancia alcanza hasta 492 pies \/ 150 metros entre el transmisor y el receptor a trav\u00e9s de un solo cable CAT. Admite resoluciones de hasta 4K2K@60Hz 4:4:4&comma; 18 Gbps y HDCP 2.2. Dispone de un puerto de bucle HDMI para la salida. Adem\u00e1s&comma; el extensor tambi\u00e9n admite audio desincrustado para la salida de audio L\/R. Asimismo&comma; est\u00e1 equipado con un paso bidireccional de IR que permite el control de la fuente y la pantalla. <\/p>\n<\/p><\/div>\n<p> <!-- Imagen 2 --> <\/p>\n<div style='margin: 30px 0;'> <img style='width: 60%; height: auto; border: 1px solid rgba(150&comma;150&comma;150&comma;0.3); border-radius: 8px; margin: 0 20%;' src='https:\/\/ftp3.syscom.mx\/usuarios\/luis.vargas\/EpcomProAudio\/Video\/HDBaseT\/EPCEHB150\/EPCEHB150-1.png' alt=''> <\/div>\n<p> <!-- Caracter\u00edsticas --> <\/p>\n<div style='margin: 30px 0;'>\n<h3 style='font-size: 22px; border-bottom: 2px solid currentColor; padding-bottom: 5px; margin-top: 0; color: inherit; opacity: 0.8; text-align: center;'>Caracter\u00edsticas<\/h3>\n<div style='display: flex; flex-wrap: wrap; gap: 20px; margin-top: 20px;'>\n<div style='flex: 1 1 45%; min-width: 280px;'>\n<div style='border-left: 5px double #439cc7; border-radius: 5px; padding: 0 5px; margin-bottom: 25px; min-height: 180px;'>\n<ul style='padding-left: 20px; margin: 0; font-size: 14px; color: inherit; list-style-type: disc;'>\n<li style='margin-bottom: 5px;'>Compatible con HDCP 2.2\/HDCP 1.4 y DVI 1.0<\/li>\n<li style='margin-bottom: 5px;'>Admite ancho de banda de v\u00eddeo de 18 Gbps<\/li>\n<li style='margin-bottom: 5px;'>La distancia m\u00e1xima de transmisi\u00f3n extendida a trav\u00e9s de un solo cable Cat5e\/6:\n<ul style='padding-left: 20px; margin: 5px 0;'>\n<li style='margin-bottom: 5px;'>394ft \/ 120 metros for 4K2K signal<\/li>\n<li style='margin-bottom: 5px;'>492ft \/ 150 metros for 1080P signal<\/li>\n<\/ul>\n<\/li>\n<li style='margin-bottom: 5px;'>Admite una salida de bucle HDMI en el transmisor<\/li>\n<\/ul><\/div>\n<\/p><\/div>\n<div style='flex: 1 1 45%; min-width: 280px;'>\n<div style='border-left: 5px double #439cc7; border-radius: 5px; padding: 0 5px; margin-bottom: 25px; min-height: 180px;'>\n<ul style='padding-left: 20px; margin: 0; font-size: 14px; color: inherit; list-style-type: disc;'>\n<li style='margin-bottom: 5px;'>Extraiga audio a la salida est\u00e9reo anal\u00f3gica del receptor<\/li>\n<li style='margin-bottom: 5px;'>Con paso IR bidireccional&comma; RS-232 y CEC<\/li>\n<li style='margin-bottom: 5px;'>Compatible con las funciones HDR&comma; HDR10+&comma; Dolby Vision y HLG<\/li>\n<li style='margin-bottom: 5px;'>Admite la funci\u00f3n PoC (alimentaci\u00f3n a trav\u00e9s de cable)<\/li>\n<li style='margin-bottom: 5px;'>Dise\u00f1o compacto para una instalaci\u00f3n f\u00e1cil y flexible<\/li>\n<\/ul><\/div>\n<\/p><\/div>\n<\/p><\/div>\n<\/p><\/div>\n<p> <!-- Imagen 3 --> <\/p>\n<div style='margin: 30px 0;'> <img style='width: 60%; height: auto; border: 1px solid rgba(150&comma;150&comma;150&comma;0.3); border-radius: 8px; margin: 0 20%;' src='https:\/\/ftp3.syscom.mx\/usuarios\/luis.vargas\/EpcomProAudio\/Video\/HDBaseT\/EPCEHB150\/EPCEHB150-2.png' alt=''> <\/div>\n<\/p><\/div>\n","protected":false},"excerpt":{"rendered":"<p>Kit Extensor HDMI | 4K2K@60HZ | HDR 4:4:4 | HDBaseT | 120\/150m | Salida de Audio | HDCP 2.2 | IR Bidireccional<\/p>\n","protected":false},"featured_media":120344,"comment_status":"open","ping_status":"closed","template":"","meta":[],"product_brand":[],"product_cat":[2221],"product_tag":[110,2222,2120],"class_list":{"0":"post-120345","1":"product","2":"type-product","3":"status-publish","4":"has-post-thumbnail","6":"product_cat-extensores-de-video","7":"product_tag-epcom-proaudio","8":"product_tag-extensores-de-video","9":"product_tag-proav","11":"first","12":"instock","13":"sale","14":"shipping-taxable","15":"purchasable","16":"product-type-simple"},"_links":{"self":[{"href":"https:\/\/soydeaqui.ddns.net\/pachuca\/index.php\/wp-json\/wp\/v2\/product\/120345","targetHints":{"allow":["GET"]}}],"collection":[{"href":"https:\/\/soydeaqui.ddns.net\/pachuca\/index.php\/wp-json\/wp\/v2\/product"}],"about":[{"href":"https:\/\/soydeaqui.ddns.net\/pachuca\/index.php\/wp-json\/wp\/v2\/types\/product"}],"replies":[{"embeddable":true,"href":"https:\/\/soydeaqui.ddns.net\/pachuca\/index.php\/wp-json\/wp\/v2\/comments?post=120345"}],"wp:featuredmedia":[{"embeddable":true,"href":"https:\/\/soydeaqui.ddns.net\/pachuca\/index.php\/wp-json\/wp\/v2\/media\/120344"}],"wp:attachment":[{"href":"https:\/\/soydeaqui.ddns.net\/pachuca\/index.php\/wp-json\/wp\/v2\/media?parent=120345"}],"wp:term":[{"taxonomy":"product_brand","embeddable":true,"href":"https:\/\/soydeaqui.ddns.net\/pachuca\/index.php\/wp-json\/wp\/v2\/product_brand?post=120345"},{"taxonomy":"product_cat","embeddable":true,"href":"https:\/\/soydeaqui.ddns.net\/pachuca\/index.php\/wp-json\/wp\/v2\/product_cat?post=120345"},{"taxonomy":"product_tag","embeddable":true,"href":"https:\/\/soydeaqui.ddns.net\/pachuca\/index.php\/wp-json\/wp\/v2\/product_tag?post=120345"}],"curies":[{"name":"wp","href":"https:\/\/api.w.org\/{rel}","templated":true}]}}