{"id":120326,"date":"2026-03-24T06:41:58","date_gmt":"2026-03-24T06:41:58","guid":{"rendered":"https:\/\/soydeaqui.ddns.net\/pachuca\/index.php\/producto\/adaptador-convertidor-de-audio-3-5mm-hembra-a-6-5mm-macho-plug-play-superficie-de-rosca-antideslizante-calidad-de-sonido-sin-perdidas\/"},"modified":"2026-03-24T06:42:09","modified_gmt":"2026-03-24T06:42:09","slug":"adaptador-convertidor-de-audio-3-5mm-hembra-a-6-5mm-macho-plug-play-superficie-de-rosca-antideslizante-calidad-de-sonido-sin-perdidas","status":"publish","type":"product","link":"https:\/\/soydeaqui.ddns.net\/pachuca\/index.php\/producto\/adaptador-convertidor-de-audio-3-5mm-hembra-a-6-5mm-macho-plug-play-superficie-de-rosca-antideslizante-calidad-de-sonido-sin-perdidas\/","title":{"rendered":"Adaptador (Convertidor) de Audio 3.5mm Hembra a 6.5mm Macho \/ Plug &#038; Play \/ Superficie de Rosca Antideslizante \/ Calidad de sonido sin p\u00e9rdidas"},"content":{"rendered":"<div style='width: 100%; max-width: 1200px; margin: 0 auto; font-family: sans-serif; line-height: 1.6; color: inherit; background-color: transparent;'>\n<div style='display: flex; flex-wrap: wrap; gap: 30px; margin-bottom: 30px;'>\n<div style='flex: 1 1 300px; min-width: 280px;'>\n<h3 style='font-size: 22px; border-bottom: 2px solid currentColor; padding-bottom: 5px; margin-top: 0; color: inherit; opacity: 0.8;'>Descripci\u00f3n general<\/h3>\n<p style='font-size: 15px; color: inherit;'>Este adaptador de jack para audio convierte un cable de audio con un enchufe de 3&comma;5 mm en un enchufe de 6&comma;3 mm. Por lo tanto&comma; puede conectar f\u00e1cilmente sus auriculares a dispositivos de audio con conectores de 6&comma;3 mm&comma; como sistemas de alta fidelidad.<\/p>\n<\/p><\/div>\n<\/p><\/div>\n<div style='display: flex; flex-wrap: wrap; gap: 30px; margin-bottom: 30px;'>\n<div style='flex: 1 1 300px; min-width: 280px;'>\n<h3 style='font-size: 22px; border-bottom: 2px solid currentColor; padding-bottom: 5px; margin-top: 0; color: inherit; opacity: 0.8;'>Durabilidad y confiabilidad<\/h3>\n<p style='font-size: 15px; color: inherit;'>Los conectores chapados en oro resisten la corrosi\u00f3n y garantizan una p\u00e9rdida de se\u00f1al m\u00ednima. Las bandas de rodadura con agarre de 360 grados ayudan a enchufar y desenchufar f\u00e1cilmente. Fabricado en cobre lat\u00f3n macizo&comma; con una vida \u00fatil mucho m\u00e1s larga en comparaci\u00f3n con el de pl\u00e1stico.<\/p>\n<\/p><\/div>\n<\/p><\/div>\n<div style='display: flex; flex-wrap: wrap; gap: 30px; margin-bottom: 30px;'>\n<div style='flex: 1 1 300px; min-width: 280px;'>\n<h3 style='font-size: 22px; border-bottom: 2px solid currentColor; padding-bottom: 5px; margin-top: 0; color: inherit; opacity: 0.8;'>Aplicaci\u00f3n amplia<\/h3>\n<p style='font-size: 15px; color: inherit;'>Este adaptador de audio de 6&comma;35 mm a 3&comma;5 mm est\u00e1 dise\u00f1ado para conectar sus tel\u00e9fonos inteligentes&comma; tabletas&comma; iPod&comma; MP3 o auriculares con est\u00e1ndar de 3&comma;5 mm y 1\/8 de pulgada a la mayor\u00eda de los equipos de audio profesional y dom\u00e9stico&comma; como amplificadores&comma; mezcladoras&comma; home theaters&comma; amplificadores o receptores AV.<\/p>\n<\/p><\/div>\n<\/p><\/div>\n<div style='display: flex; flex-wrap: wrap; gap: 30px; margin-bottom: 30px;'>\n<div style='flex: 1 1 300px; min-width: 280px;'>\n<h4 style='font-size: 18px; border-bottom: 2px solid currentColor; padding-bottom: 5px; margin-top: 0; color: inherit; opacity: 0.8;'>1 A\u00f1o de Garant\u00eda<\/h4>\n<\/p><\/div>\n<\/p><\/div>\n<div style='display: grid; grid-template-columns: repeat(auto-fill&comma; minmax(280px&comma; 1fr)); gap: 30px; margin-bottom: 30px;'>\n<div style='width: 100%;'> <img style='width: 100%; height: auto; border: 1px solid rgba(150&comma;150&comma;150&comma;0.3); border-radius: 8px;' src='http:\/\/ftp3.syscom.mx\/usuarios\/hallende\/UGREEN2\/Audio\/20503\/20503-12.jpg' alt=''> <\/div>\n<div style='width: 100%;'> <img style='width: 100%; height: auto; border: 1px solid rgba(150&comma;150&comma;150&comma;0.3); border-radius: 8px;' src='http:\/\/ftp3.syscom.mx\/usuarios\/hallende\/UGREEN2\/Audio\/20503\/20503-13-2.jpg' alt=''> <\/div>\n<div style='width: 100%;'> <img style='width: 100%; height: auto; border: 1px solid rgba(150&comma;150&comma;150&comma;0.3); border-radius: 8px;' src='http:\/\/ftp3.syscom.mx\/usuarios\/hallende\/UGREEN2\/Audio\/20503\/20503-13-3.jpg' alt=''> <\/div>\n<div style='width: 100%;'> <img style='width: 100%; height: auto; border: 1px solid rgba(150&comma;150&comma;150&comma;0.3); border-radius: 8px;' src='http:\/\/ftp3.syscom.mx\/usuarios\/maguilar\/Ugreen\/20503\/20503-Banner2.png' alt=''> <\/div>\n<\/p><\/div>\n<\/p><\/div>\n","protected":false},"excerpt":{"rendered":"<p>Adaptador (Convertidor) de Audio 3.5mm Hembra a 6.5mm Macho \/ Plug &#038; Play \/ Superficie de Rosca Antideslizante \/ Calidad de sonido sin p\u00e9rdidas<\/p>\n","protected":false},"featured_media":120325,"comment_status":"open","ping_status":"closed","template":"","meta":[],"product_brand":[],"product_cat":[2204],"product_tag":[93,52,650],"class_list":{"0":"post-120326","1":"product","2":"type-product","3":"status-publish","4":"has-post-thumbnail","6":"product_cat-accesorios-audio-residencial-comercial","7":"product_tag-accesorios","8":"product_tag-audio-residencial-comercial","9":"product_tag-ugreen","11":"first","12":"instock","13":"sale","14":"shipping-taxable","15":"purchasable","16":"product-type-simple"},"_links":{"self":[{"href":"https:\/\/soydeaqui.ddns.net\/pachuca\/index.php\/wp-json\/wp\/v2\/product\/120326","targetHints":{"allow":["GET"]}}],"collection":[{"href":"https:\/\/soydeaqui.ddns.net\/pachuca\/index.php\/wp-json\/wp\/v2\/product"}],"about":[{"href":"https:\/\/soydeaqui.ddns.net\/pachuca\/index.php\/wp-json\/wp\/v2\/types\/product"}],"replies":[{"embeddable":true,"href":"https:\/\/soydeaqui.ddns.net\/pachuca\/index.php\/wp-json\/wp\/v2\/comments?post=120326"}],"wp:featuredmedia":[{"embeddable":true,"href":"https:\/\/soydeaqui.ddns.net\/pachuca\/index.php\/wp-json\/wp\/v2\/media\/120325"}],"wp:attachment":[{"href":"https:\/\/soydeaqui.ddns.net\/pachuca\/index.php\/wp-json\/wp\/v2\/media?parent=120326"}],"wp:term":[{"taxonomy":"product_brand","embeddable":true,"href":"https:\/\/soydeaqui.ddns.net\/pachuca\/index.php\/wp-json\/wp\/v2\/product_brand?post=120326"},{"taxonomy":"product_cat","embeddable":true,"href":"https:\/\/soydeaqui.ddns.net\/pachuca\/index.php\/wp-json\/wp\/v2\/product_cat?post=120326"},{"taxonomy":"product_tag","embeddable":true,"href":"https:\/\/soydeaqui.ddns.net\/pachuca\/index.php\/wp-json\/wp\/v2\/product_tag?post=120326"}],"curies":[{"name":"wp","href":"https:\/\/api.w.org\/{rel}","templated":true}]}}