{"id":120267,"date":"2026-03-24T05:53:59","date_gmt":"2026-03-24T05:53:59","guid":{"rendered":"https:\/\/soydeaqui.ddns.net\/pachuca\/index.php\/producto\/pantalla-profesional-led-55-para-exterior-con-vidrio-templado-de-proteccion-5t-full-hd-1080p-hdmi-hdbaset-lan-brillo-3500-cd-m2-compatible-vesa\/"},"modified":"2026-03-24T05:54:16","modified_gmt":"2026-03-24T05:54:16","slug":"pantalla-profesional-led-55-para-exterior-con-vidrio-templado-de-proteccion-5t-full-hd-1080p-hdmi-hdbaset-lan-brillo-3500-cd-m2-compatible-vesa","status":"publish","type":"product","link":"https:\/\/soydeaqui.ddns.net\/pachuca\/index.php\/producto\/pantalla-profesional-led-55-para-exterior-con-vidrio-templado-de-proteccion-5t-full-hd-1080p-hdmi-hdbaset-lan-brillo-3500-cd-m2-compatible-vesa\/","title":{"rendered":"Pantalla Profesional LED 55&#8243; para Exterior con Vidrio Templado de Protecci\u00f3n 5T, Full HD (1080p), HDMI\/HDBaseT (LAN), Brillo 3500 cd\/m2. Compatible VESA"},"content":{"rendered":"<div style='width: 100%; max-width: 1200px; margin: 0 auto; font-family: sans-serif; line-height: 1.6; color: inherit; background-color: transparent;'> <!-- Secci\u00f3n de caracter\u00edsticas principales --> <\/p>\n<div style='display: flex; flex-wrap: wrap; gap: 30px; margin-bottom: 30px;'>\n<div style='flex: 1 1 300px; min-width: 280px;'>\n<h3 style='font-size: 22px; border-bottom: 2px solid currentColor; padding-bottom: 5px; margin-top: 0; color: inherit; opacity: 0.8;'>Caracter\u00edsticas principales<\/h3>\n<ul style='padding-left: 20px; font-size: 15px; color: inherit;'>\n<li style='margin-bottom: 5px;'><strong>Tama\u00f1o diagonal:<\/strong> 55&#8242;<\/li>\n<li style='margin-bottom: 5px;'><strong>Resoluci\u00f3n:<\/strong> 1920 x 1080 pix.<\/li>\n<li style='margin-bottom: 5px;'><strong>Relaci\u00f3n de aspecto:<\/strong> 16:9<\/li>\n<li style='margin-bottom: 5px;'><strong>Brillo:<\/strong> 3&comma;500 nit.<\/li>\n<li style='margin-bottom: 5px;'><strong>Bisel:<\/strong> 24.9 (arriba&comma; lados&comma; abajo) mm<\/li>\n<li style='margin-bottom: 5px;'><strong>Relaci\u00f3n de contraste:<\/strong> 6000:1<\/li>\n<li style='margin-bottom: 5px;'><strong>Colores:<\/strong> 16.7 M<\/li>\n<li style='margin-bottom: 5px;'><strong>Aplicable para:<\/strong> video y texto<\/li>\n<li style='margin-bottom: 5px;'><strong>Compatible con:<\/strong> <a href='https:\/\/www.syscom.mx\/products\/241706' target='_blank' rel='noopener' style='color: inherit; text-decoration: underline; opacity: 0.85;'>Samsung VXT<\/a><\/li>\n<li style='margin-bottom: 5px;'><strong>Operaci\u00f3n:<\/strong> 24\/7<\/li>\n<\/ul><\/div>\n<p> <!-- Secci\u00f3n de conectividad --> <\/p>\n<div style='flex: 1 1 300px; min-width: 280px;'>\n<h3 style='font-size: 22px; border-bottom: 2px solid currentColor; padding-bottom: 5px; margin-top: 0; color: inherit; opacity: 0.8;'>Conectividad<\/h3>\n<h4 style='font-size: 18px; margin-top: 15px; margin-bottom: 10px; color: inherit; opacity: 0.9;'>Entradas de Video<\/h4>\n<ul style='padding-left: 20px; font-size: 15px; color: inherit;'>\n<li style='margin-bottom: 5px;'>2x HDMI&comma; HDBaseT<\/li>\n<li style='margin-bottom: 5px;'>HDCP 2.2<\/li>\n<li style='margin-bottom: 5px;'>Puerto USB 2.0<\/li>\n<li style='margin-bottom: 5px;'>Salidas de Audio mini Jack Estereo<\/li>\n<\/ul>\n<h4 style='font-size: 18px; margin-top: 15px; margin-bottom: 10px; color: inherit; opacity: 0.9;'>Control externo<\/h4>\n<ul style='padding-left: 20px; font-size: 15px; color: inherit;'>\n<li style='margin-bottom: 5px;'>Puerto RS-232C<\/li>\n<li style='margin-bottom: 5px;'>Puerto RJ45<\/li>\n<li style='margin-bottom: 5px;'>HDBaseT<\/li>\n<\/ul>\n<h4 style='font-size: 18px; margin-top: 15px; margin-bottom: 10px; color: inherit; opacity: 0.9;'>Montajes compatibles<\/h4>\n<ul style='padding-left: 20px; font-size: 15px; color: inherit;'>\n<li style='margin-bottom: 5px;'>Montaje tipo Kiosco para exterior para 1 pantalla <a href='https:\/\/www.syscom.mx\/products\/246167' target='_blank' rel='noopener' style='color: inherit; text-decoration: underline; opacity: 0.85;'>KOF555-1<\/a><\/li>\n<li style='margin-bottom: 5px;'>Montaje tipo Kiosco para exterior para 2 pantallas <a href='https:\/\/www.syscom.mx\/products\/246213' target='_blank' rel='noopener' style='color: inherit; text-decoration: underline; opacity: 0.85;'>KOF555-2<\/a><\/li>\n<\/ul><\/div>\n<p> <!-- Secci\u00f3n de caracter\u00edsticas f\u00edsicas y el\u00e9ctricas --> <\/p>\n<div style='flex: 1 1 300px; min-width: 280px;'>\n<h3 style='font-size: 22px; border-bottom: 2px solid currentColor; padding-bottom: 5px; margin-top: 0; color: inherit; opacity: 0.8;'>Caracter\u00edsticas f\u00edsicas y el\u00e9ctricas<\/h3>\n<ul style='padding-left: 20px; font-size: 15px; color: inherit;'>\n<li style='margin-bottom: 5px;'><strong>Protecci\u00f3n:<\/strong> IP56 para exterior<\/li>\n<li style='margin-bottom: 5px;'><strong>Vidrio de protecci\u00f3n:<\/strong> templado 5T (IK10)<\/li>\n<li style='margin-bottom: 5px;'><strong>Temperatura de operaci\u00f3n:<\/strong> -30 a 50 \u00b0C<\/li>\n<li style='margin-bottom: 5px;'><strong>Alimentaci\u00f3n:<\/strong> 100-240 Vca&comma; 530 W.<\/li>\n<li style='margin-bottom: 5px;'><strong>Compatibilidad VESA:<\/strong> 1200 x 400 mm.<\/li>\n<li style='margin-bottom: 5px;'><strong>Dimensiones:<\/strong> 1260.6 x 731.4 x 85 mm.<\/li>\n<li style='margin-bottom: 5px;'><strong>Peso:<\/strong> 52.6 Kg.<\/li>\n<li style='margin-bottom: 5px;'><strong>Accesorios:<\/strong> No incluye montajes de pared&comma; ni de escritorio<\/li>\n<\/ul><\/div>\n<\/p><\/div>\n<p> <!-- Secci\u00f3n de im\u00e1genes --> <\/p>\n<div style='display: flex; flex-direction: column; gap: 30px; margin-bottom: 30px;'>\n<div style='width: 100%; text-align: center;'>\n<p style='margin: 0 0 15px; font-weight: bold; color: inherit;'>Excelente Brillo 3&comma;500 cd\/m2<\/p>\n<p> <img style='width: 100%; height: auto; border: 1px solid rgba(150&comma;150&comma;150&comma;0.3); border-radius: 8px;' src='https:\/\/ftp3.syscom.mx\/usuarios\/fotos\/OH55F\/161306-ae-feature-ohf-93886990.jpeg' alt=''> <\/div>\n<p> <img style='width: 100%; height: auto; border: 1px solid rgba(150&comma;150&comma;150&comma;0.3); border-radius: 8px;' src='https:\/\/ftp3.syscom.mx\/usuarios\/fotos\/OH55AS\/205504-oh55a_kv_pc.jpg' alt=''> <\/p>\n<div style='display: flex; flex-direction: column; align-items: center; gap: 15px;'> <img style='width: 100%; height: auto; border: 1px solid rgba(150&comma;150&comma;150&comma;0.3); border-radius: 8px;' src='https:\/\/ftp3.syscom.mx\/usuarios\/fotos\/OH55F\/161306-ae-feature-ohf-93886994.jpeg' alt=''> <\/p>\n<p style='margin: 0; font-weight: bold; color: inherit;'>Protecci\u00f3n IP56 para exterior y Vidrio Templado<\/p>\n<\/p><\/div>\n<div style='display: flex; flex-direction: column; align-items: center; gap: 15px;'> <img style='width: 100%; height: auto; border: 1px solid rgba(150&comma;150&comma;150&comma;0.3); border-radius: 8px;' src='https:\/\/ftp3.syscom.mx\/usuarios\/fotos\/OH55F\/161306-ae-feature-ohf-93886992.jpeg' alt=''> <\/p>\n<p style='margin: 0; font-weight: bold; color: inherit;'>Excelente imagen con antirreflejo<\/p>\n<\/p><\/div>\n<\/p><\/div>\n<p> <!-- Secci\u00f3n de especificaciones adicionales en cards --> <\/p>\n<div style='display: flex; flex-wrap: wrap; gap: 20px; margin-bottom: 30px;'>\n<div style='flex: 1 1 250px; border: 1px solid rgba(150&comma; 150&comma; 150&comma; 0.4); border-radius: 8px; overflow: hidden; display: flex; flex-direction: column;'>\n<div style='padding: 15px; border-bottom: 1px solid rgba(150&comma; 150&comma; 150&comma; 0.2); font-weight: bold; font-size: 18px; color: inherit;'>Especificaciones de brillo<\/div>\n<div style='padding: 15px; color: inherit;'>\n<ul style='padding-left: 20px; margin: 0; font-size: 14px; list-style-type: disc;'>\n<li style='margin-bottom: 5px;'><strong>Brillo:<\/strong> 3&comma;500 cd\/m\u00b2<\/li>\n<li style='margin-bottom: 5px;'><strong>Excelente visibilidad:<\/strong> a\u00fan con luz solar directa<\/li>\n<\/ul><\/div>\n<\/p><\/div>\n<div style='flex: 1 1 250px; border: 1px solid rgba(150&comma; 150&comma; 150&comma; 0.4); border-radius: 8px; overflow: hidden; display: flex; flex-direction: column;'>\n<div style='padding: 15px; border-bottom: 1px solid rgba(150&comma; 150&comma; 150&comma; 0.2); font-weight: bold; font-size: 18px; color: inherit;'>Protecci\u00f3n exterior<\/div>\n<div style='padding: 15px; color: inherit;'>\n<ul style='padding-left: 20px; margin: 0; font-size: 14px; list-style-type: disc;'>\n<li style='margin-bottom: 5px;'><strong>Protecci\u00f3n:<\/strong> IP56<\/li>\n<li style='margin-bottom: 5px;'><strong>Vidrio:<\/strong> templado 5T (IK10)<\/li>\n<li style='margin-bottom: 5px;'><strong>Temperatura de operaci\u00f3n:<\/strong> -30 a 50 \u00b0C<\/li>\n<\/ul><\/div>\n<\/p><\/div>\n<div style='flex: 1 1 250px; border: 1px solid rgba(150&comma; 150&comma; 150&comma; 0.4); border-radius: 8px; overflow: hidden; display: flex; flex-direction: column;'>\n<div style='padding: 15px; border-bottom: 1px solid rgba(150&comma; 150&comma; 150&comma; 0.2); font-weight: bold; font-size: 18px; color: inherit;'>Compatibilidad<\/div>\n<div style='padding: 15px; color: inherit;'>\n<ul style='padding-left: 20px; margin: 0; font-size: 14px; list-style-type: disc;'>\n<li style='margin-bottom: 5px;'><strong>Entradas:<\/strong> 2x HDMI&comma; HDBaseT<\/li>\n<li style='margin-bottom: 5px;'><strong>Control:<\/strong> RS-232C&comma; RJ45<\/li>\n<li style='margin-bottom: 5px;'><strong>Montaje:<\/strong> VESA 1200 x 400 mm<\/li>\n<\/ul><\/div>\n<\/p><\/div>\n<\/p><\/div>\n<p> <!-- Separador final --> <\/p>\n<hr style='border: 0; border-top: 1px solid rgba(150&comma; 150&comma; 150&comma; 0.3); margin: 30px 0;'> <\/div>\n","protected":false},"excerpt":{"rendered":"<p>Pantalla Profesional LED 55&#8243; para Exterior con Vidrio Templado de Protecci\u00f3n 5T, Full HD (1080p), HDMI\/HDBaseT (LAN), Brillo 3500 cd\/m2. Compatible VESA<\/p>\n","protected":false},"featured_media":120266,"comment_status":"open","ping_status":"closed","template":"","meta":[],"product_brand":[],"product_cat":[2191],"product_tag":[2089,2192,2193],"class_list":{"0":"post-120267","1":"product","2":"type-product","3":"status-publish","4":"has-post-thumbnail","6":"product_cat-pantallas-monitores-monitores-pantallas-y-mobiliario","7":"product_tag-monitores-pantallas-y-mobiliario","8":"product_tag-pantallas-monitores-2","9":"product_tag-samsung-electronics","11":"first","12":"outofstock","13":"sale","14":"shipping-taxable","15":"purchasable","16":"product-type-simple"},"_links":{"self":[{"href":"https:\/\/soydeaqui.ddns.net\/pachuca\/index.php\/wp-json\/wp\/v2\/product\/120267","targetHints":{"allow":["GET"]}}],"collection":[{"href":"https:\/\/soydeaqui.ddns.net\/pachuca\/index.php\/wp-json\/wp\/v2\/product"}],"about":[{"href":"https:\/\/soydeaqui.ddns.net\/pachuca\/index.php\/wp-json\/wp\/v2\/types\/product"}],"replies":[{"embeddable":true,"href":"https:\/\/soydeaqui.ddns.net\/pachuca\/index.php\/wp-json\/wp\/v2\/comments?post=120267"}],"wp:featuredmedia":[{"embeddable":true,"href":"https:\/\/soydeaqui.ddns.net\/pachuca\/index.php\/wp-json\/wp\/v2\/media\/120266"}],"wp:attachment":[{"href":"https:\/\/soydeaqui.ddns.net\/pachuca\/index.php\/wp-json\/wp\/v2\/media?parent=120267"}],"wp:term":[{"taxonomy":"product_brand","embeddable":true,"href":"https:\/\/soydeaqui.ddns.net\/pachuca\/index.php\/wp-json\/wp\/v2\/product_brand?post=120267"},{"taxonomy":"product_cat","embeddable":true,"href":"https:\/\/soydeaqui.ddns.net\/pachuca\/index.php\/wp-json\/wp\/v2\/product_cat?post=120267"},{"taxonomy":"product_tag","embeddable":true,"href":"https:\/\/soydeaqui.ddns.net\/pachuca\/index.php\/wp-json\/wp\/v2\/product_tag?post=120267"}],"curies":[{"name":"wp","href":"https:\/\/api.w.org\/{rel}","templated":true}]}}