{"id":120249,"date":"2026-03-24T05:52:56","date_gmt":"2026-03-24T05:52:56","guid":{"rendered":"https:\/\/soydeaqui.ddns.net\/pachuca\/index.php\/producto\/controlador-para-videowall-full-hd-1920-x-1080-4-salidas-de-video-compatible-con-pantallas-led-para-exterior-compatible-con-ds-d4440fo-bki-y-ds-d4225fo-bgf\/"},"modified":"2026-03-24T05:53:13","modified_gmt":"2026-03-24T05:53:13","slug":"controlador-para-videowall-full-hd-1920-x-1080-4-salidas-de-video-compatible-con-pantallas-led-para-exterior-compatible-con-ds-d4440fo-bki-y-ds-d4225fo-bgf","status":"publish","type":"product","link":"https:\/\/soydeaqui.ddns.net\/pachuca\/index.php\/producto\/controlador-para-videowall-full-hd-1920-x-1080-4-salidas-de-video-compatible-con-pantallas-led-para-exterior-compatible-con-ds-d4440fo-bki-y-ds-d4225fo-bgf\/","title":{"rendered":"Controlador para Videowall  \/ Full HD (1920 X 1080) \/ 4 Salidas de Video \/ Compatible con Pantallas LED Para Exterior \/ Compatible con DS-D4440FO-BKI y DS-D4225FO-BGF"},"content":{"rendered":"<div style='width: 100%; max-width: 1200px; margin: 0 auto; font-family: sans-serif; line-height: 1.6; color: inherit; background-color: transparent;'>\n<div style='display: flex; justify-content: center; margin-bottom: 30px;'> <img style='width: 45%; height: auto; border: 1px solid rgba(150&comma;150&comma;150&comma;0.3); border-radius: 8px;' src='https:\/\/ftp3.syscom.mx\/usuarios\/nortega\/hikvision\/HPD.png' alt=''> <\/div>\n<div style='display: flex; flex-wrap: wrap; gap: 30px; margin-bottom: 30px;'>\n<div style='flex: 1 1 300px; min-width: 280px;'>\n<h3 style='font-size: 22px; border-bottom: 2px solid currentColor; padding-bottom: 5px; margin-top: 0; color: inherit; opacity: 0.8;'>Caracter\u00edsticas principales<\/h3>\n<ul style='padding-left: 20px; font-size: 15px; color: inherit;'>\n<li style='margin-bottom: 5px;'>Resolucion de entrada HD a 1920 x 1080<\/li>\n<li style='margin-bottom: 5px;'>Interfaces de entrada: 1 DVI&comma; 1 HDMI&comma; 1 DP<\/li>\n<li style='margin-bottom: 5px;'>Visualizaci\u00f3n de subtitulos personalizable<\/li>\n<li style='margin-bottom: 5px;'>4 Puertos de salida Ethernet Gigabit<\/li>\n<li style='margin-bottom: 5px;'>Visualizaci\u00f3n en cascada multicontrolador<\/li>\n<li style='margin-bottom: 5px;'>Ajustes de mejora de imagen<\/li>\n<li style='margin-bottom: 5px;'>Control de multidifusi\u00f3n<\/li>\n<li style='margin-bottom: 5px;'><strong>Compatible con equipos NovaStar<\/strong><\/li>\n<\/ul><\/div>\n<div style='flex: 1 1 300px; min-width: 280px;'>\n<h3 style='font-size: 22px; border-bottom: 2px solid currentColor; padding-bottom: 5px; margin-top: 0; color: inherit; opacity: 0.8;'>Caracter\u00edsticas F\u00edsicas y El\u00e9ctricas<\/h3>\n<ul style='padding-left: 20px; font-size: 15px; color: inherit;'>\n<li style='margin-bottom: 5px;'>Alimentacion: 100 to 240 VAC&comma; 50\/60 Hz<\/li>\n<li style='margin-bottom: 5px;'>Consumo: M\u00e1ximo 20 Watts.<\/li>\n<li style='margin-bottom: 5px;'>Temperatura de operacion: -10\u00b0 a 45\u00b0.<\/li>\n<li style='margin-bottom: 5px;'>Dimensiones: 482.6 x 250 x 44.5 mm<\/li>\n<\/ul><\/div>\n<\/p><\/div>\n<hr style='border: 0; border-top: 1px solid rgba(150&comma; 150&comma; 150&comma; 0.3); margin: 30px 0;'>\n<div style='display: flex; justify-content: center;'> <img style='width: 100%; height: auto; border: 1px solid rgba(150&comma;150&comma;150&comma;0.3); border-radius: 8px;' src='https:\/\/ftp3.syscom.mx\/usuarios\/nortega\/hikvision\/HIKVISION-PRODUCTOS-VIDEOWALL.png' alt=''> <\/div>\n<\/p><\/div>\n","protected":false},"excerpt":{"rendered":"<p>Controlador para Videowall  \/ Full HD (1920 X 1080) \/ 4 Salidas de Video \/ Compatible con Pantallas LED Para Exterior \/ Compatible con DS-D4440FO-BKI y DS-D4225FO-BGF<\/p>\n","protected":false},"featured_media":120248,"comment_status":"open","ping_status":"closed","template":"","meta":[],"product_brand":[],"product_cat":[2303],"product_tag":[2304,54,2242],"class_list":{"0":"post-120249","1":"product","2":"type-product","3":"status-publish","4":"has-post-thumbnail","6":"product_cat-controladores-led","7":"product_tag-controladores-led","8":"product_tag-hikvision","9":"product_tag-videowalls","11":"first","12":"outofstock","13":"sale","14":"shipping-taxable","15":"purchasable","16":"product-type-simple"},"_links":{"self":[{"href":"https:\/\/soydeaqui.ddns.net\/pachuca\/index.php\/wp-json\/wp\/v2\/product\/120249","targetHints":{"allow":["GET"]}}],"collection":[{"href":"https:\/\/soydeaqui.ddns.net\/pachuca\/index.php\/wp-json\/wp\/v2\/product"}],"about":[{"href":"https:\/\/soydeaqui.ddns.net\/pachuca\/index.php\/wp-json\/wp\/v2\/types\/product"}],"replies":[{"embeddable":true,"href":"https:\/\/soydeaqui.ddns.net\/pachuca\/index.php\/wp-json\/wp\/v2\/comments?post=120249"}],"wp:featuredmedia":[{"embeddable":true,"href":"https:\/\/soydeaqui.ddns.net\/pachuca\/index.php\/wp-json\/wp\/v2\/media\/120248"}],"wp:attachment":[{"href":"https:\/\/soydeaqui.ddns.net\/pachuca\/index.php\/wp-json\/wp\/v2\/media?parent=120249"}],"wp:term":[{"taxonomy":"product_brand","embeddable":true,"href":"https:\/\/soydeaqui.ddns.net\/pachuca\/index.php\/wp-json\/wp\/v2\/product_brand?post=120249"},{"taxonomy":"product_cat","embeddable":true,"href":"https:\/\/soydeaqui.ddns.net\/pachuca\/index.php\/wp-json\/wp\/v2\/product_cat?post=120249"},{"taxonomy":"product_tag","embeddable":true,"href":"https:\/\/soydeaqui.ddns.net\/pachuca\/index.php\/wp-json\/wp\/v2\/product_tag?post=120249"}],"curies":[{"name":"wp","href":"https:\/\/api.w.org\/{rel}","templated":true}]}}