{"id":120236,"date":"2026-03-24T05:52:13","date_gmt":"2026-03-24T05:52:13","guid":{"rendered":"https:\/\/soydeaqui.ddns.net\/pachuca\/index.php\/producto\/tarjeta-de-control-de-paneles-led\/"},"modified":"2026-03-24T05:52:18","modified_gmt":"2026-03-24T05:52:18","slug":"tarjeta-de-control-de-paneles-led","status":"publish","type":"product","link":"https:\/\/soydeaqui.ddns.net\/pachuca\/index.php\/producto\/tarjeta-de-control-de-paneles-led\/","title":{"rendered":"Tarjeta de Control de Paneles LED"},"content":{"rendered":"<div style='width: 100%; max-width: 1200px; margin: 0 auto; font-family: sans-serif; line-height: 1.6; color: inherit; background-color: transparent;'>\n<div style='width: 100%; text-align: center; margin-bottom: 30px;'> <img style='width: 100%; max-width: 45%; height: auto; border: 1px solid rgba(150&comma;150&comma;150&comma;0.3); border-radius: 8px;' src='https:\/\/ftp3.syscom.mx\/usuarios\/nortega\/hikvision\/HPD.png' alt=''> <\/div>\n<div style='display: flex; flex-wrap: wrap; gap: 30px;'>\n<div style='flex: 1 1 300px; min-width: 280px;'>\n<h3 style='font-size: 22px; border-bottom: 2px solid currentColor; padding-bottom: 5px; margin-top: 0; color: inherit; opacity: 0.8;'>Caracter\u00edsticas principales<\/h3>\n<ul style='padding-left: 20px; font-size: 15px; color: inherit;'>\n<li style='margin-bottom: 5px;'>Herramienta para control de paneles LED<\/li>\n<li style='margin-bottom: 5px;'>Simplifica la manipulaci\u00f3n y control de calidad de imagen de los paneles LED<\/li>\n<li style='margin-bottom: 5px;'>Sencillo de usar<\/li>\n<\/ul><\/div>\n<div style='flex: 1 1 300px; min-width: 280px;'>\n<h3 style='font-size: 22px; border-bottom: 2px solid currentColor; padding-bottom: 5px; margin-top: 0; color: inherit; opacity: 0.8;'>Caracter\u00edsticas F\u00edsicas y El\u00e9ctricas<\/h3>\n<ul style='padding-left: 20px; font-size: 15px; color: inherit;'>\n<li style='margin-bottom: 5px;'><strong style='color: inherit;'>Alimentaci\u00f3n:<\/strong> 12V CD&comma; 1A<\/li>\n<li style='margin-bottom: 5px;'><strong style='color: inherit;'>Color:<\/strong> Negro<\/li>\n<li style='margin-bottom: 5px;'><strong style='color: inherit;'>Dimensiones:<\/strong> 200 x 42 x 126.7 mm<\/li>\n<li style='margin-bottom: 5px;'><strong style='color: inherit;'>Peso:<\/strong> 0.7 kg<\/li>\n<\/ul><\/div>\n<\/p><\/div>\n<div style='width: 100%; text-align: center; margin-top: 30px;'> <img style='width: 100%; height: auto; border: 1px solid rgba(150&comma;150&comma;150&comma;0.3); border-radius: 8px;' src='https:\/\/ftp3.syscom.mx\/usuarios\/nortega\/hikvision\/HIKVISION-PRODUCTOS-VIDEOWALL.png' alt=''> <\/div>\n<\/p><\/div>\n","protected":false},"excerpt":{"rendered":"<p>Tarjeta de Control de Paneles LED<\/p>\n","protected":false},"featured_media":120235,"comment_status":"open","ping_status":"closed","template":"","meta":[],"product_brand":[],"product_cat":[2336],"product_tag":[93,54,2242],"class_list":{"0":"post-120236","1":"product","2":"type-product","3":"status-publish","4":"has-post-thumbnail","6":"product_cat-accesorios-videowalls","7":"product_tag-accesorios","8":"product_tag-hikvision","9":"product_tag-videowalls","11":"first","12":"instock","13":"sale","14":"shipping-taxable","15":"purchasable","16":"product-type-simple"},"_links":{"self":[{"href":"https:\/\/soydeaqui.ddns.net\/pachuca\/index.php\/wp-json\/wp\/v2\/product\/120236","targetHints":{"allow":["GET"]}}],"collection":[{"href":"https:\/\/soydeaqui.ddns.net\/pachuca\/index.php\/wp-json\/wp\/v2\/product"}],"about":[{"href":"https:\/\/soydeaqui.ddns.net\/pachuca\/index.php\/wp-json\/wp\/v2\/types\/product"}],"replies":[{"embeddable":true,"href":"https:\/\/soydeaqui.ddns.net\/pachuca\/index.php\/wp-json\/wp\/v2\/comments?post=120236"}],"wp:featuredmedia":[{"embeddable":true,"href":"https:\/\/soydeaqui.ddns.net\/pachuca\/index.php\/wp-json\/wp\/v2\/media\/120235"}],"wp:attachment":[{"href":"https:\/\/soydeaqui.ddns.net\/pachuca\/index.php\/wp-json\/wp\/v2\/media?parent=120236"}],"wp:term":[{"taxonomy":"product_brand","embeddable":true,"href":"https:\/\/soydeaqui.ddns.net\/pachuca\/index.php\/wp-json\/wp\/v2\/product_brand?post=120236"},{"taxonomy":"product_cat","embeddable":true,"href":"https:\/\/soydeaqui.ddns.net\/pachuca\/index.php\/wp-json\/wp\/v2\/product_cat?post=120236"},{"taxonomy":"product_tag","embeddable":true,"href":"https:\/\/soydeaqui.ddns.net\/pachuca\/index.php\/wp-json\/wp\/v2\/product_tag?post=120236"}],"curies":[{"name":"wp","href":"https:\/\/api.w.org\/{rel}","templated":true}]}}