{"id":120218,"date":"2026-03-24T05:51:14","date_gmt":"2026-03-24T05:51:14","guid":{"rendered":"https:\/\/soydeaqui.ddns.net\/pachuca\/index.php\/producto\/cable-extensor-hdmi-de-1-metro-3-28-pies-4k60hz-3d-hdr-macho-a-hembra-ncleo-de-cobre-estaado-transmisin-estable\/"},"modified":"2026-03-24T05:51:32","modified_gmt":"2026-03-24T05:51:32","slug":"cable-extensor-hdmi-de-1-metro-3-28-pies-4k60hz-3d-hdr-macho-a-hembra-ncleo-de-cobre-estaado-transmisin-estable","status":"publish","type":"product","link":"https:\/\/soydeaqui.ddns.net\/pachuca\/index.php\/producto\/cable-extensor-hdmi-de-1-metro-3-28-pies-4k60hz-3d-hdr-macho-a-hembra-ncleo-de-cobre-estaado-transmisin-estable\/","title":{"rendered":"Cable Extensor HDMI de 1 Metro (3.28 Pies) \/ 4K@60Hz \/ 3D \/ HDR \/ Macho a Hembra \/ N?cleo de Cobre Esta?ado \/ Transmisi?n Estable"},"content":{"rendered":"<div style='width: 100%; max-width: 1200px; margin: 0 auto; font-family: sans-serif; line-height: 1.6; color: inherit; background-color: transparent;'> <!-- Banner principal --> <\/p>\n<div style='margin-bottom: 30px;'> <img style='width: 100%; height: auto; border: 1px solid rgba(150&comma;150&comma;150&comma;0.3); border-radius: 8px;' src='http:\/\/ftp3.syscom.mx\/usuarios\/maguilar\/Ugreen\/10140\/10140-Banner.png' alt=''> <\/div>\n<p> <!-- Secci\u00f3n de caracter\u00edsticas --> <\/p>\n<div style='display: flex; flex-wrap: wrap; gap: 30px; margin-bottom: 30px;'>\n<div style='flex: 1 1 300px; min-width: 280px;'>\n<h3 style='font-size: 22px; border-bottom: 2px solid currentColor; padding-bottom: 5px; margin-top: 0; color: inherit; opacity: 0.8;'>Max 4K x 2K 60Hz y Soporte 3D<\/h3>\n<p style='font-size: 15px; color: inherit; margin-bottom: 15px;'>Compatible con versiones anteriores de 3840&#215;2160&comma; 2560&#215;1600&comma; 2560&#215;1440&comma; 1920&#215;1200 y 1080p Full HD. Le permite experimentar audio y video de alta calidad desde su sistema de cine en casa. Si su fuente y dispositivo receptor son compatibles con 3D&comma; este cable funcionar\u00e1 perfectamente.<\/p>\n<\/p><\/div>\n<div style='flex: 1 1 300px; min-width: 280px;'>\n<h3 style='font-size: 22px; border-bottom: 2px solid currentColor; padding-bottom: 5px; margin-top: 0; color: inherit; opacity: 0.8;'>HDMI Ethernet y Canal de Retorno de Audio<\/h3>\n<p style='font-size: 15px; color: inherit; margin-bottom: 15px;'>Brinde interconectividad de datos Ethernet a dispositivos compatibles a trav\u00e9s del puerto HDMI&comma; permita que la conexi\u00f3n HDMI entre un televisor y un receptor de A\/V transmita audio de dos maneras&comma; tanto ascendente como descendente.<\/p>\n<\/p><\/div>\n<div style='flex: 1 1 300px; min-width: 280px;'>\n<h3 style='font-size: 22px; border-bottom: 2px solid currentColor; padding-bottom: 5px; margin-top: 0; color: inherit; opacity: 0.8;'>Durabilidad Mejorada<\/h3>\n<p style='font-size: 15px; color: inherit; margin-bottom: 15px;'>Los conductores de cobre esta\u00f1ado de 30 AWG&comma; los conectores enchapados en oro y el triple blindaje protegen eficazmente contra la interferencia EMI&comma; lo que garantiza una transmisi\u00f3n de se\u00f1al m\u00e1s estable.<\/p>\n<\/p><\/div>\n<div style='flex: 1 1 300px; min-width: 280px;'>\n<h3 style='font-size: 22px; border-bottom: 2px solid currentColor; padding-bottom: 5px; margin-top: 0; color: inherit; opacity: 0.8;'>Notas<\/h3>\n<ul style='padding-left: 20px; font-size: 15px; color: inherit; margin-bottom: 15px;'>\n<li style='margin-bottom: 5px;'>Para garantizar 4Kx2K a 30 Hz&comma; la longitud total del cable de extensi\u00f3n HDMI y el cable macho HDMI conectado no debe exceder los 5 m.<\/li>\n<li style='margin-bottom: 5px;'>Para garantizar 4Kx2K a 60 Hz&comma; la longitud total del cable de extensi\u00f3n HDMI y el cable macho HDMI conectado no debe exceder los 3 m.<\/li>\n<\/ul><\/div>\n<div style='flex: 1 1 300px; min-width: 280px;'>\n<h3 style='font-size: 22px; border-bottom: 2px solid currentColor; padding-bottom: 5px; margin-top: 0; color: inherit; opacity: 0.8;'>Contenido del Paquete<\/h3>\n<ul style='padding-left: 20px; font-size: 15px; color: inherit; margin-bottom: 15px;'>\n<li style='margin-bottom: 5px;'>1 x Cable de extensi\u00f3n HDMI<\/li>\n<li style='margin-bottom: 5px;'>1 x Manual de usuario<\/li>\n<\/ul><\/div>\n<div style='flex: 1 1 300px; min-width: 280px;'>\n<h3 style='font-size: 22px; border-bottom: 2px solid currentColor; padding-bottom: 5px; margin-top: 0; color: inherit; opacity: 0.8;'>Especificaciones<\/h3>\n<ul style='padding-left: 20px; font-size: 15px; color: inherit; margin-bottom: 15px;'>\n<li style='margin-bottom: 5px;'><strong>Conector A:<\/strong> HDMI macho<\/li>\n<li style='margin-bottom: 5px;'><strong>Conector B:<\/strong> HDMI Hembra<\/li>\n<li style='margin-bottom: 5px;'><strong>Blindaje:<\/strong> Trenzado<\/li>\n<li style='margin-bottom: 5px;'><strong>Material:<\/strong> PVC<\/li>\n<\/ul><\/div>\n<div style='flex: 1 1 300px; min-width: 280px;'>\n<h4 style='font-size: 20px; border-bottom: 2px solid currentColor; padding-bottom: 5px; margin-top: 0; color: inherit; opacity: 0.8;'>1 A\u00f1o de Garant\u00eda<\/h4>\n<\/p><\/div>\n<p> <!-- Banner secundario --> <\/p>\n<div style='margin-top: 30px;'> <img style='width: 100%; height: auto; border: 1px solid rgba(150&comma;150&comma;150&comma;0.3); border-radius: 8px;' src='http:\/\/ftp3.syscom.mx\/usuarios\/maguilar\/Ugreen\/10140\/10140-Banner2.png' alt=''> <\/div>\n<\/p><\/div>\n<\/p><\/div>\n","protected":false},"excerpt":{"rendered":"<p>Cable Extensor HDMI de 1 Metro (3.28 Pies) \/ 4K@60Hz \/ 3D \/ HDR \/ Macho a Hembra \/ N?cleo de Cobre Esta?ado \/ Transmisi?n Estable<\/p>\n","protected":false},"featured_media":120217,"comment_status":"open","ping_status":"closed","template":"","meta":[],"product_brand":[],"product_cat":[2130],"product_tag":[488,650,2131],"class_list":{"0":"post-120218","1":"product","2":"type-product","3":"status-publish","4":"has-post-thumbnail","6":"product_cat-vga-dvi-hdmi","7":"product_tag-cables-y-conectores","8":"product_tag-ugreen","9":"product_tag-vga-dvi-hdmi","11":"first","12":"instock","13":"sale","14":"shipping-taxable","15":"purchasable","16":"product-type-simple"},"_links":{"self":[{"href":"https:\/\/soydeaqui.ddns.net\/pachuca\/index.php\/wp-json\/wp\/v2\/product\/120218","targetHints":{"allow":["GET"]}}],"collection":[{"href":"https:\/\/soydeaqui.ddns.net\/pachuca\/index.php\/wp-json\/wp\/v2\/product"}],"about":[{"href":"https:\/\/soydeaqui.ddns.net\/pachuca\/index.php\/wp-json\/wp\/v2\/types\/product"}],"replies":[{"embeddable":true,"href":"https:\/\/soydeaqui.ddns.net\/pachuca\/index.php\/wp-json\/wp\/v2\/comments?post=120218"}],"wp:featuredmedia":[{"embeddable":true,"href":"https:\/\/soydeaqui.ddns.net\/pachuca\/index.php\/wp-json\/wp\/v2\/media\/120217"}],"wp:attachment":[{"href":"https:\/\/soydeaqui.ddns.net\/pachuca\/index.php\/wp-json\/wp\/v2\/media?parent=120218"}],"wp:term":[{"taxonomy":"product_brand","embeddable":true,"href":"https:\/\/soydeaqui.ddns.net\/pachuca\/index.php\/wp-json\/wp\/v2\/product_brand?post=120218"},{"taxonomy":"product_cat","embeddable":true,"href":"https:\/\/soydeaqui.ddns.net\/pachuca\/index.php\/wp-json\/wp\/v2\/product_cat?post=120218"},{"taxonomy":"product_tag","embeddable":true,"href":"https:\/\/soydeaqui.ddns.net\/pachuca\/index.php\/wp-json\/wp\/v2\/product_tag?post=120218"}],"curies":[{"name":"wp","href":"https:\/\/api.w.org\/{rel}","templated":true}]}}