{"id":120203,"date":"2026-03-24T05:50:25","date_gmt":"2026-03-24T05:50:25","guid":{"rendered":"https:\/\/soydeaqui.ddns.net\/pachuca\/index.php\/producto\/subwoofer-subterraneo-de-10-in-200-watts-4-ohms-amarillo\/"},"modified":"2026-03-24T05:50:30","modified_gmt":"2026-03-24T05:50:30","slug":"subwoofer-subterraneo-de-10-in-200-watts-4-ohms-amarillo","status":"publish","type":"product","link":"https:\/\/soydeaqui.ddns.net\/pachuca\/index.php\/producto\/subwoofer-subterraneo-de-10-in-200-watts-4-ohms-amarillo\/","title":{"rendered":"Subwoofer subterr\u00e1neo de 10 in | 200 Watts | 4 Ohms | Amarillo"},"content":{"rendered":"<div style='width: 100%; max-width: 1200px; margin: 0 auto; font-family: sans-serif; line-height: 1.6; color: inherit; background-color: transparent;'> <!-- Logo --> <\/p>\n<div style='display: flex; justify-content: center; margin: 30px 0;'> <img style='width: 40%; height: auto; border: 1px solid rgba(150&comma;150&comma;150&comma;0.3); border-radius: 8px;' src='https:\/\/ftp3.syscom.mx\/usuarios\/luis.vargas\/Truaudio\/truaudio-logo.png' alt='Logo TruAudio'> <\/div>\n<p> <!-- Secci\u00f3n intro --> <\/p>\n<div style='display: flex; flex-wrap: wrap; gap: 30px; margin-bottom: 30px;'>\n<div style='flex: 1 1 300px; min-width: 280px;'> <img style='width: 100%; height: auto; border: 1px solid rgba(150&comma;150&comma;150&comma;0.3); border-radius: 8px;' src='https:\/\/ftp3.syscom.mx\/usuarios\/luis.vargas\/Truaudio\/STPRO\/STPRO1.png' alt='Subwoofer ST10PRO'> <\/div>\n<div style='flex: 1 1 300px; min-width: 280px;'>\n<div style='font-size: 12px; line-height: 1.6; color: inherit; margin-bottom: 15px;'> <strong style='font-size: 16px; color: inherit; display: block; margin-bottom: 10px;'>SUBTERRAIN\u2122 SERIES<\/strong> <\/p>\n<p style='margin: 0; color: inherit; font-size: 14px;'> Los subwoofers SubTerrain de TruAudio est\u00e1n dise\u00f1ados para hacer exactamente lo que su nombre pretende: enterrarse en el suelo. Este factor de forma permite que la experiencia auditiva al aire libre ahora incluya graves profundos mientras se integra sin esfuerzo en cualquier paisaje. <\/p>\n<\/p><\/div>\n<\/p><\/div>\n<\/p><\/div>\n<p> <!-- Secci\u00f3n caracter\u00edstica --> <\/p>\n<div style='display: flex; flex-wrap: wrap; gap: 30px; margin-bottom: 30px;'>\n<div style='flex: 1 1 300px; min-width: 280px;'>\n<div style='font-size: 14px; line-height: 1.6; color: inherit;'>\n<p style='margin: 0 0 15px 0; color: inherit; font-size: 14px;'> Los subwoofers ST-10PRO y ST-12PRO de TruAudio est\u00e1n dise\u00f1ados para ser herm\u00e9ticos con una huella m\u00ednima. Se pueden instalar estrat\u00e9gicamente en casi cualquier espacio&comma; ofreciendo un sonido en auge desde una fuente convenientemente escondida en el paisaje. El ST-10PRO viene en 4 ohms&comma; y el ST-12PRO viene en 4 ohms o 70 V&comma; lo que lo hace tan vers\u00e1til como potente. <\/p>\n<\/p><\/div>\n<\/p><\/div>\n<div style='flex: 1 1 300px; min-width: 280px;'> <img style='width: 100%; height: auto; border: 1px solid rgba(150&comma;150&comma;150&comma;0.3); border-radius: 8px;' src='https:\/\/ftp3.syscom.mx\/usuarios\/luis.vargas\/Truaudio\/STPRO\/STPRO3.png' alt='Instalaci\u00f3n subwoofer'> <\/div>\n<\/p><\/div>\n<p> <!-- Imagen full width --> <\/p>\n<div style='margin: 30px 0;'> <img style='width: 100%; height: auto; border: 1px solid rgba(150&comma;150&comma;150&comma;0.3); border-radius: 8px;' src='https:\/\/ftp3.syscom.mx\/usuarios\/luis.vargas\/Truaudio\/Acousticscape\/AS2_4.png' alt='Acousticscape'> <\/div>\n<p> <!-- Caracter\u00edsticas --> <\/p>\n<div style='display: flex; flex-wrap: wrap; gap: 20px; margin-bottom: 30px;'>\n<div style='flex: 1 1 300px; border: 1px solid rgba(150&comma; 150&comma; 150&comma; 0.4); border-radius: 8px; overflow: hidden; display: flex; flex-direction: column;'>\n<div style='padding: 15px; border-bottom: 1px solid rgba(150&comma; 150&comma; 150&comma; 0.2); font-weight: bold; font-size: 16px; color: inherit;'>Caracter\u00edsticas Generales<\/div>\n<div style='padding: 15px; color: inherit;'>\n<ul style='padding-left: 20px; margin: 0; font-size: 14px; list-style-type: disc;'>\n<li style='margin-bottom: 5px;'><strong>Color:<\/strong> Amarillo<\/li>\n<li style='margin-bottom: 5px;'><strong>SPL:<\/strong> 101dB<\/li>\n<li style='margin-bottom: 5px;'><strong>Woofer:<\/strong> Polipropileno inyectado de 10&#8242;<\/li>\n<li style='margin-bottom: 5px;'><strong>Tipo de parrilla:<\/strong> Pl\u00e1stico reforzado con fibra de vidrio<\/li>\n<li style='margin-bottom: 5px;'><strong>Tipo de altavoz:<\/strong> Subwoofer subterr\u00e1neo (pasivo)<\/li>\n<li style='margin-bottom: 5px;'><strong>Enclosure:<\/strong> Pl\u00e1stico reforzado con fibra de vidrio (FRP)<\/li>\n<\/ul><\/div>\n<\/p><\/div>\n<div style='flex: 1 1 300px; border: 1px solid rgba(150&comma; 150&comma; 150&comma; 0.4); border-radius: 8px; overflow: hidden; display: flex; flex-direction: column;'>\n<div style='padding: 15px; border-bottom: 1px solid rgba(150&comma; 150&comma; 150&comma; 0.2); font-weight: bold; font-size: 16px; color: inherit;'>Especificaciones<\/div>\n<div style='padding: 15px; color: inherit;'>\n<ul style='padding-left: 20px; margin: 0; font-size: 14px; list-style-type: disc;'>\n<li style='margin-bottom: 5px;'><strong>Potencia:<\/strong> 250W<\/li>\n<li style='margin-bottom: 5px;'><strong>Impedancia:<\/strong> 4\u03a9<\/li>\n<li style='margin-bottom: 5px;'><strong>Sensibilidad:<\/strong> 88 dB<\/li>\n<li style='margin-bottom: 5px;'><strong>Respuesta de frecuencia:<\/strong> 38 &#8211; 120Hz.<\/li>\n<li style='margin-bottom: 5px;'><strong>Dimensiones de acabado:<\/strong>\n<ul style='margin: 5px 0 0 20px; padding-left: 20px; list-style-type: disc;'>\n<li style='margin-bottom: 5px;'><strong>L:<\/strong> 15.2&#8242; (386 mm)<\/li>\n<li style='margin-bottom: 5px;'><strong>W:<\/strong> 15.2&#8242; (386 mm)<\/li>\n<li style='margin-bottom: 5px;'><strong>H:<\/strong> 19.8&#8242; (504 mm)<\/li>\n<\/ul>\n<\/li>\n<\/ul><\/div>\n<\/p><\/div>\n<\/p><\/div>\n<p> <!-- Videos --> <\/p>\n<div style='display: flex; flex-wrap: wrap; gap: 20px; margin-bottom: 30px;'>\n<div style='flex: 1 1 280px; min-width: 280px;'>\n<div style='position: relative; padding-bottom: 56.25%; height: 0; overflow: hidden;'>   <\/div>\n<\/p><\/div>\n<div style='flex: 1 1 280px; min-width: 280px;'>\n<div style='position: relative; padding-bottom: 56.25%; height: 0; overflow: hidden;'>   <\/div>\n<\/p><\/div>\n<div style='flex: 1 1 280px; min-width: 280px;'>\n<div style='position: relative; padding-bottom: 56.25%; height: 0; overflow: hidden;'>   <\/div>\n<\/p><\/div>\n<\/p><\/div>\n<p> <!-- Separador --> <\/p>\n<hr style='border: 0; border-top: 1px solid rgba(150&comma; 150&comma; 150&comma; 0.3); margin: 30px 0;'> <\/div>\n","protected":false},"excerpt":{"rendered":"<p>Subwoofer subterr\u00e1neo de 10 in | 200 Watts | 4 Ohms | Amarillo<\/p>\n","protected":false},"featured_media":120202,"comment_status":"open","ping_status":"closed","template":"","meta":[],"product_brand":[],"product_cat":[422],"product_tag":[52,423,2060],"class_list":{"0":"post-120203","1":"product","2":"type-product","3":"status-publish","4":"has-post-thumbnail","6":"product_cat-bocinas-exterior","7":"product_tag-audio-residencial-comercial","8":"product_tag-bocinas-exterior","9":"product_tag-truaudio","11":"first","12":"outofstock","13":"sale","14":"shipping-taxable","15":"purchasable","16":"product-type-simple"},"_links":{"self":[{"href":"https:\/\/soydeaqui.ddns.net\/pachuca\/index.php\/wp-json\/wp\/v2\/product\/120203","targetHints":{"allow":["GET"]}}],"collection":[{"href":"https:\/\/soydeaqui.ddns.net\/pachuca\/index.php\/wp-json\/wp\/v2\/product"}],"about":[{"href":"https:\/\/soydeaqui.ddns.net\/pachuca\/index.php\/wp-json\/wp\/v2\/types\/product"}],"replies":[{"embeddable":true,"href":"https:\/\/soydeaqui.ddns.net\/pachuca\/index.php\/wp-json\/wp\/v2\/comments?post=120203"}],"wp:featuredmedia":[{"embeddable":true,"href":"https:\/\/soydeaqui.ddns.net\/pachuca\/index.php\/wp-json\/wp\/v2\/media\/120202"}],"wp:attachment":[{"href":"https:\/\/soydeaqui.ddns.net\/pachuca\/index.php\/wp-json\/wp\/v2\/media?parent=120203"}],"wp:term":[{"taxonomy":"product_brand","embeddable":true,"href":"https:\/\/soydeaqui.ddns.net\/pachuca\/index.php\/wp-json\/wp\/v2\/product_brand?post=120203"},{"taxonomy":"product_cat","embeddable":true,"href":"https:\/\/soydeaqui.ddns.net\/pachuca\/index.php\/wp-json\/wp\/v2\/product_cat?post=120203"},{"taxonomy":"product_tag","embeddable":true,"href":"https:\/\/soydeaqui.ddns.net\/pachuca\/index.php\/wp-json\/wp\/v2\/product_tag?post=120203"}],"curies":[{"name":"wp","href":"https:\/\/api.w.org\/{rel}","templated":true}]}}