{"id":120194,"date":"2026-03-24T05:49:54","date_gmt":"2026-03-24T05:49:54","guid":{"rendered":"https:\/\/soydeaqui.ddns.net\/pachuca\/index.php\/producto\/pantalla-led-de-22-para-publicidad-digital-programacion-de-horarios-contenido-personalizado-sistema-operativo-android-1-entrada-usb-wifi\/"},"modified":"2026-03-24T05:50:19","modified_gmt":"2026-03-24T05:50:19","slug":"pantalla-led-de-22-para-publicidad-digital-programacion-de-horarios-contenido-personalizado-sistema-operativo-android-1-entrada-usb-wifi","status":"publish","type":"product","link":"https:\/\/soydeaqui.ddns.net\/pachuca\/index.php\/producto\/pantalla-led-de-22-para-publicidad-digital-programacion-de-horarios-contenido-personalizado-sistema-operativo-android-1-entrada-usb-wifi\/","title":{"rendered":"Pantalla LED de 22&#8243; para Publicidad Digital \/ Programaci\u00f3n de Horarios \/ Contenido Personalizado \/ Sistema Operativo Android \/ 1 Entrada USB \/ WiFi"},"content":{"rendered":"<div style='width: 100%; max-width: 1200px; margin: 0 auto; font-family: sans-serif; line-height: 1.6; color: inherit; background-color: transparent;'>\n<p style='text-align: center; margin: 0; padding: 20px 0;'><img style='width: 100%; max-width: 600px; height: auto; border: 1px solid rgba(150&comma;150&comma;150&comma;0.3); border-radius: 8px;' src='https:\/\/ftp3.syscom.mx\/usuarios\/nortega\/hikvision\/HPD.png' alt=''><\/p>\n<p> <!-- Caracter\u00edsticas de Pantalla --> <\/p>\n<div style='display: flex; flex-wrap: wrap; gap: 30px; margin-bottom: 30px;'>\n<div style='flex: 1 1 300px; min-width: 280px;'>\n<h3 style='font-size: 22px; border-bottom: 2px solid currentColor; padding-bottom: 5px; margin-top: 0; color: inherit; opacity: 0.8;'>Caracter\u00edsticas de Pantalla<\/h3>\n<ul style='padding-left: 20px; font-size: 15px; color: inherit;'>\n<li style='margin-bottom: 5px;'>Tama\u00f1o: 21.5&#8242;<\/li>\n<li style='margin-bottom: 5px;'>Resoluci\u00f3n: 1920 x 1080<\/li>\n<li style='margin-bottom: 5px;'>\u00c1rea activa: 478.656 mm x 260.28 mm<\/li>\n<li style='margin-bottom: 5px;'>Backlight: ELED<\/li>\n<li style='margin-bottom: 5px;'>\u00c1ngulo de visi\u00f3n: 178\u00b0 (H) \/ 178\u00b0 (V)<\/li>\n<li style='margin-bottom: 5px;'>Contraste: 3000:1<\/li>\n<li style='margin-bottom: 5px;'>Brillo: 250 cd\/m2<\/li>\n<li style='margin-bottom: 5px;'>Bit: 8 bit<\/li>\n<li style='margin-bottom: 5px;'>Gama de colores: 72% NTSC<\/li>\n<li style='margin-bottom: 5px;'>Tasa de refrescamiento: 60 Hz<\/li>\n<li style='margin-bottom: 5px;'>Capacidad de trabajo: 24\/7<\/li>\n<\/ul><\/div>\n<p> <!-- Sistema Operativo e Interfaz de Conexi\u00f3n --> <\/p>\n<div style='flex: 1 1 300px; min-width: 280px;'>\n<h3 style='font-size: 22px; border-bottom: 2px solid currentColor; padding-bottom: 5px; margin-top: 0; color: inherit; opacity: 0.8;'>Sistema Operativo e Interfaz de Conexi\u00f3n<\/h3>\n<ul style='padding-left: 20px; font-size: 15px; color: inherit;'>\n<li style='margin-bottom: 5px;'>Sistema operativo: Android 8.1<\/li>\n<li style='margin-bottom: 5px;'>Procesador: Cortex-a17&comma; 4-core&comma; 1.6 GHz<\/li>\n<li style='margin-bottom: 5px;'>Memoria RAM: 2GB<\/li>\n<li style='margin-bottom: 5px;'>Almacenamiento interno: 16 GB EMMC<\/li>\n<\/ul>\n<h4 style='font-size: 18px; margin-top: 20px; margin-bottom: 10px; color: inherit;'>Interfaces de conexi\u00f3n<\/h4>\n<ul style='padding-left: 20px; font-size: 15px; color: inherit;'>\n<li style='margin-bottom: 5px;'>Entrada: 1 x Audio<\/li>\n<li style='margin-bottom: 5px;'>Salida: 1 x Audio<\/li>\n<li style='margin-bottom: 5px;'>Bocinas: 2 x 8 Ohm 5W<\/li>\n<li style='margin-bottom: 5px;'>Red: 1 x RJ45&comma; 1 x Wi-Fi<\/li>\n<li style='margin-bottom: 5px;'>Datos: 2 x USB2.0&comma; 1 x TF Card&comma; 1 x Bluetooth 4.0<\/li>\n<\/ul><\/div>\n<\/p><\/div>\n<p> <!-- Corriente&comma; Dimensiones y Temperatura --> <\/p>\n<div style='margin-bottom: 30px;'>\n<h3 style='font-size: 22px; border-bottom: 2px solid currentColor; padding-bottom: 5px; margin-top: 0; color: inherit; opacity: 0.8;'>Corriente&comma; Dimensiones y Temperatura<\/h3>\n<h4 style='font-size: 18px; margin-top: 20px; margin-bottom: 10px; color: inherit;'>Corriente<\/h4>\n<ul style='padding-left: 20px; font-size: 15px; color: inherit;'>\n<li style='margin-bottom: 5px;'>Voltaje de entrada: 100 a 240V ac&comma; 50\/60 Hz<\/li>\n<li style='margin-bottom: 5px;'>Consumo m\u00e1ximo: 40W<\/li>\n<li style='margin-bottom: 5px;'>Consumo m\u00e1ximo en espera: 10W<\/li>\n<\/ul>\n<h4 style='font-size: 18px; margin-top: 20px; margin-bottom: 10px; color: inherit;'>Dimensiones<\/h4>\n<ul style='padding-left: 20px; font-size: 15px; color: inherit;'>\n<li style='margin-bottom: 5px;'>Dimensiones sin montaje: 492.36 mm x 289.68 mm x 41.88 mm<\/li>\n<li style='margin-bottom: 5px;'>Dimensiones con montaje: 492.36 mm x 289.68 mm x 42.48 mm<\/li>\n<li style='margin-bottom: 5px;'>Tipo de montaje: A pared (incluido)&comma; se puede montar horizontal o vertical<\/li>\n<li style='margin-bottom: 5px;'>Peso: 3.03 kg<\/li>\n<\/ul>\n<h4 style='font-size: 18px; margin-top: 20px; margin-bottom: 10px; color: inherit;'>Temperatura<\/h4>\n<ul style='padding-left: 20px; font-size: 15px; color: inherit;'>\n<li style='margin-bottom: 5px;'>Temperatura de Operaci\u00f3n y Almacenaje<\/li>\n<li style='margin-bottom: 5px;'>Temperatura de operaci\u00f3n: 0 \u00b0C a 40 \u00b0C<\/li>\n<li style='margin-bottom: 5px;'>Humedad de operaci\u00f3n: 10% a 80% RH<\/li>\n<li style='margin-bottom: 5px;'>Temperatura de almacenamiento: -20 \u00b0C a 60 \u00b0C<\/li>\n<li style='margin-bottom: 5px;'>Humedad de almacenamiento: 5% a 90% RH<\/li>\n<\/ul>\n<p style='text-align: center; margin: 20px 0 0;'> <img style='width: 100%; max-width: 500px; height: auto; border: 1px solid rgba(150&comma;150&comma;150&comma;0.3); border-radius: 8px;' src='https:\/\/ftp3.syscom.mx\/usuarios\/nortega\/hikvision\/digitalsignage\/6022fnb\/dimensiones.png' alt=''> <\/p>\n<\/p><\/div>\n<p> <!-- Accesorios Incluidos --> <\/p>\n<div style='margin-bottom: 30px;'>\n<h3 style='font-size: 22px; border-bottom: 2px solid currentColor; padding-bottom: 5px; margin-top: 0; color: inherit; opacity: 0.8;'>Accesorios Incluidos<\/h3>\n<ul style='padding-left: 20px; font-size: 15px; color: inherit;'>\n<li style='margin-bottom: 5px;'>1 x Cable de corriente<\/li>\n<li style='margin-bottom: 5px;'>1 x Control remoto<\/li>\n<li style='margin-bottom: 5px;'>1 x Montaje de pared<\/li>\n<li style='margin-bottom: 5px;'>4 x Tornillos de montaje<\/li>\n<li style='margin-bottom: 5px;'>1 x Kit de accesorios de instalaci\u00f3n<\/li>\n<li style='margin-bottom: 5px;'>1 x Gu\u00eda r\u00e1pida<\/li>\n<\/ul><\/div>\n<p> <!-- Caracter\u00edsticas Destacadas --> <\/p>\n<div style='margin-bottom: 30px;'>\n<h3 style='font-size: 22px; border-bottom: 2px solid currentColor; padding-bottom: 5px; margin-top: 0; color: inherit; opacity: 0.8;'>Caracter\u00edsticas Destacadas<\/h3>\n<ul style='padding-left: 20px; font-size: 15px; color: inherit;'>\n<li style='margin-bottom: 5px;'>La administraci\u00f3n de los dispositivos puede ser de manera local o remota.<\/li>\n<li style='margin-bottom: 5px;'>Para la administraci\u00f3n remota solo es necesario tener una IP p\u00fablica fija (dedicada) en el servidor con las licencias y por parte de los dispositivos (caja digital o pantallas) que se encuentran en sitio solo es necesario tener una conexi\u00f3n a internet ya sea cableada o inal\u00e1mbrica.<\/li>\n<li style='margin-bottom: 5px;'>Podemos enviar de manera masiva en diferentes lugares remotos cualquier video&comma; imagen o informaci\u00f3n que sea necesaria&comma; se actualiza en tiempo real.<\/li>\n<\/ul><\/div>\n<p> <!-- Software de Administraci\u00f3n y Licencias --> <\/p>\n<div style='margin-bottom: 30px;'>\n<h3 style='font-size: 22px; border-bottom: 2px solid currentColor; padding-bottom: 5px; margin-top: 0; color: inherit; opacity: 0.8;'>Software de Administraci\u00f3n y Licencias<\/h3>\n<ul style='padding-left: 20px; font-size: 15px; color: inherit;'>\n<li style='margin-bottom: 5px;'>Software de administraci\u00f3n: HikCentral FocSign 2.0<\/li>\n<li style='margin-bottom: 5px;'>El software es gratuito hasta 5 dispositivos&comma; a partir del n\u00famero 6 requiere licencia&comma; es una licencia por dispositivo.\n<ul style='margin-top: 5px;'>\n<li style='margin-bottom: 5px;'>HCFB\/5C (Licencia base y 5 dispositivos de Digital Signage). Se requiere comprar esta licencia primero para agregar el dispositivo n\u00famero 6<\/li>\n<\/ul>\n<\/li>\n<\/ul>\n<p style='font-size: 15px; color: inherit; margin: 15px 0;'>La licencia base tambien permite habilitar:<\/p>\n<ul style='padding-left: 20px; font-size: 15px; color: inherit;'>\n<li style='margin-bottom: 5px;'>Funci\u00f3n de videowall con las pantallas (No compatible con DS-D60C-B).<\/li>\n<li style='margin-bottom: 5px;'>Integraci\u00f3n con reconocimiento facial y detecci\u00f3n de temperatura (Se requiere c\u00e1mara con esta funci\u00f3n).<\/li>\n<li style='margin-bottom: 5px;'>HCF\/1C (Licencias para a\u00f1adir 1 dispositivo de Digital Signage).<\/li>\n<\/ul><\/div>\n<\/p><\/div>\n","protected":false},"excerpt":{"rendered":"<p>Pantalla LED de 22&#8243; para Publicidad Digital \/ Programaci\u00f3n de Horarios \/ Contenido Personalizado \/ Sistema Operativo Android \/ 1 Entrada USB \/ WiFi<\/p>\n","protected":false},"featured_media":120193,"comment_status":"open","ping_status":"closed","template":"","meta":[],"product_brand":[],"product_cat":[2293],"product_tag":[54,2161,2294],"class_list":{"0":"post-120194","1":"product","2":"type-product","3":"status-publish","4":"has-post-thumbnail","6":"product_cat-publicidad-digital","7":"product_tag-hikvision","8":"product_tag-pantallas-monitores","9":"product_tag-publicidad-digital","11":"first","12":"instock","13":"sale","14":"shipping-taxable","15":"purchasable","16":"product-type-simple"},"_links":{"self":[{"href":"https:\/\/soydeaqui.ddns.net\/pachuca\/index.php\/wp-json\/wp\/v2\/product\/120194","targetHints":{"allow":["GET"]}}],"collection":[{"href":"https:\/\/soydeaqui.ddns.net\/pachuca\/index.php\/wp-json\/wp\/v2\/product"}],"about":[{"href":"https:\/\/soydeaqui.ddns.net\/pachuca\/index.php\/wp-json\/wp\/v2\/types\/product"}],"replies":[{"embeddable":true,"href":"https:\/\/soydeaqui.ddns.net\/pachuca\/index.php\/wp-json\/wp\/v2\/comments?post=120194"}],"wp:featuredmedia":[{"embeddable":true,"href":"https:\/\/soydeaqui.ddns.net\/pachuca\/index.php\/wp-json\/wp\/v2\/media\/120193"}],"wp:attachment":[{"href":"https:\/\/soydeaqui.ddns.net\/pachuca\/index.php\/wp-json\/wp\/v2\/media?parent=120194"}],"wp:term":[{"taxonomy":"product_brand","embeddable":true,"href":"https:\/\/soydeaqui.ddns.net\/pachuca\/index.php\/wp-json\/wp\/v2\/product_brand?post=120194"},{"taxonomy":"product_cat","embeddable":true,"href":"https:\/\/soydeaqui.ddns.net\/pachuca\/index.php\/wp-json\/wp\/v2\/product_cat?post=120194"},{"taxonomy":"product_tag","embeddable":true,"href":"https:\/\/soydeaqui.ddns.net\/pachuca\/index.php\/wp-json\/wp\/v2\/product_tag?post=120194"}],"curies":[{"name":"wp","href":"https:\/\/api.w.org\/{rel}","templated":true}]}}