{"id":120184,"date":"2026-03-24T05:49:15","date_gmt":"2026-03-24T05:49:15","guid":{"rendered":"https:\/\/soydeaqui.ddns.net\/pachuca\/index.php\/producto\/kit-divisor-y-extensor-hdmi-extender-splitter-divide-1-fuente-hdmi-a-4-pantallas-extiende-la-senal-hdmi-hasta-120-m-resolucion-4kx2k-60-hz-cat-6-6a-uso-24-7-longitud-del-cable-autoajus\/"},"modified":"2026-03-24T05:49:15","modified_gmt":"2026-03-24T05:49:15","slug":"kit-divisor-y-extensor-hdmi-extender-splitter-divide-1-fuente-hdmi-a-4-pantallas-extiende-la-senal-hdmi-hasta-120-m-resolucion-4kx2k-60-hz-cat-6-6a-uso-24-7-longitud-del-cable-autoajus","status":"publish","type":"product","link":"https:\/\/soydeaqui.ddns.net\/pachuca\/index.php\/producto\/kit-divisor-y-extensor-hdmi-extender-splitter-divide-1-fuente-hdmi-a-4-pantallas-extiende-la-senal-hdmi-hasta-120-m-resolucion-4kx2k-60-hz-cat-6-6a-uso-24-7-longitud-del-cable-autoajus\/","title":{"rendered":"Kit Divisor y Extensor HDMI (Extender Splitter) | Divide 1 Fuente HDMI a 4 Pantallas | Extiende la se\u00f1al HDMI hasta 120 m | Resoluci\u00f3n 4Kx2K @ 60 Hz | Cat 6\/6a | Uso 24\/7 | Longitud del cable autoajustable"},"content":{"rendered":"<div style='width: 100%; max-width: 1200px; margin: 0 auto; font-family: sans-serif; line-height: 1.6; color: inherit; background-color: transparent;'>\n<div style='width: 100%; text-align: center; margin-bottom: 30px;'>\n<h1 style='font-size: 28px; margin: 0 0 10px; color: inherit; opacity: 0.9;'><strong>TT314-4K-HDBITT<\/strong><\/h1>\n<h3 style='font-size: 20px; margin: 0 0 20px; color: inherit; opacity: 0.8;'>Kit de 1 entrada a 4 salidas 4K x 2K HDMI por cable Cat 6 a 120 metros<\/h3>\n<p style='font-size: 15px; max-width: 800px; margin: 0 auto 30px; color: inherit;'>Este producto combina la funci\u00f3n de extensi\u00f3n y divisor para dividir 1 se\u00f1al HDMI a 4 se\u00f1ales HDMI id\u00e9nticas a trav\u00e9s de cable de red y se utiliza como un transmisor para trabajar con 4 receptores (MODELO TT-683-RX) con se\u00f1alizaci\u00f3n HDMI de hasta 120 metros con cable CAT6. Con control de se\u00f1al IR para controlar la operaci\u00f3n del dispositivo de la fuente transmisora\u2026<\/p>\n<\/p><\/div>\n<div style='display: flex; flex-wrap: wrap; gap: 30px; margin-bottom: 30px;'>\n<div style='flex: 1 1 300px; min-width: 280px;'>\n<h3 style='font-size: 22px; border-bottom: 2px solid currentColor; padding-bottom: 5px; margin-top: 0; color: inherit; opacity: 0.8;'>Caracter\u00edsticas Principales:<\/h3>\n<ul style='padding-left: 20px; font-size: 15px; color: inherit;'>\n<li style='margin-bottom: 5px;'><strong>Divide y extiende una se\u00f1al HDMI a 4 monitores<\/strong><\/li>\n<li style='margin-bottom: 5px;'><strong>Soporta Cable UTP : CAT6(120m)<\/strong><\/li>\n<li style='margin-bottom: 5px;'>Soporte de resoluci\u00f3n : 4K\u00d72K@60Hz<\/li>\n<li style='margin-bottom: 5px;'>Entradas HDMI : 1<\/li>\n<li style='margin-bottom: 5px;'>Salidas HDMI : 4<\/li>\n<\/ul><\/div>\n<div style='flex: 1 1 300px; min-width: 280px;'>\n<h3 style='font-size: 22px; border-bottom: 2px solid currentColor; padding-bottom: 5px; margin-top: 0; color: inherit; opacity: 0.8;'>Caracter\u00edsticas F\u00edsicas y El\u00e9ctricas:<\/h3>\n<ul style='padding-left: 20px; font-size: 15px; color: inherit;'>\n<li style='margin-bottom: 5px;'><strong>Alimentaci\u00f3n incluida de 5 Vcc&comma; 2 A (para Transmisor y Receptores)<\/strong><\/li>\n<li style='margin-bottom: 5px;'>Consumo de potencia TX: 6W ; RX: 3W<\/li>\n<li style='margin-bottom: 5px;'>Dimensiones TX :252 mm (W) x 100 mm (D) x 25 mm (H) mm ; RX : 96.8 mm (L) x 94 mm (W) x 23.7mm (H)<\/li>\n<li style='margin-bottom: 5px;'>Peso: TX : 1000g X 1 Pcs ; RX : 167g X 4 Pcs<\/li>\n<\/ul><\/div>\n<div style='flex: 1 1 300px; min-width: 280px;'>\n<h3 style='font-size: 22px; border-bottom: 2px solid currentColor; padding-bottom: 5px; margin-top: 0; color: inherit; opacity: 0.8;'>Caracter\u00edsticas Destacadas:<\/h3>\n<ul style='padding-left: 20px; font-size: 15px; color: inherit;'>\n<li style='margin-bottom: 5px;'>Se ajusta autom\u00e1ticamente a diferentes longitudes del cable<\/li>\n<li style='margin-bottom: 5px;'>Soporta control remoto IR de 20 a 60 KHz<\/li>\n<li style='margin-bottom: 5px;'>El equipo est\u00e1 dise\u00f1ado para trabajar 24\/7<\/li>\n<li style='margin-bottom: 5px;'>Soporta HDCP<\/li>\n<li style='margin-bottom: 5px;'><strong>1 a\u00f1o de Garant\u00eda<\/strong><\/li>\n<\/ul><\/div>\n<\/p><\/div>\n<div style='width: 100%; text-align: center; margin: 40px 0;'> <img style='width: 100%; max-width: 1139px; height: auto; border: 1px solid rgba(150&comma;150&comma;150&comma;0.3); border-radius: 8px;' src='http:\/\/ftp3.syscom.mx\/usuarios\/ftp\/2025\/06\/30\/2807\/TT3144KHDBITT_poster.jpg_froala_68630a9fb171d' alt='Kit Divisor y Extensor HDMI EPCOM TITANIUM TT3144KHDBITT'> <\/div>\n<\/p><\/div>\n","protected":false},"excerpt":{"rendered":"<p>Kit Divisor y Extensor HDMI (Extender Splitter) | Divide 1 Fuente HDMI a 4 Pantallas | Extiende la se\u00f1al HDMI hasta 120 m | Resoluci\u00f3n 4Kx2K @ 60 Hz | Cat 6\/6a | Uso 24\/7 | Longitud del cable autoajustable<\/p>\n","protected":false},"featured_media":120183,"comment_status":"open","ping_status":"closed","template":"","meta":[],"product_brand":[],"product_cat":[2073,2074,2077,2075,2072,2076],"product_tag":[417,2079,2080,2083,507,2081,2078,2082],"class_list":{"0":"post-120184","1":"product","2":"type-product","3":"status-publish","4":"has-post-thumbnail","6":"product_cat-convertidores","7":"product_cat-divisores","8":"product_cat-dvi","9":"product_cat-hdmi","10":"product_cat-kits-extensores","11":"product_cat-vga","12":"product_tag-accesorios-generales","13":"product_tag-convertidores","14":"product_tag-divisores","15":"product_tag-dvi","16":"product_tag-epcom-titanium","17":"product_tag-hdmi","18":"product_tag-kits-extensores","19":"product_tag-vga","21":"first","22":"instock","23":"sale","24":"shipping-taxable","25":"purchasable","26":"product-type-simple"},"_links":{"self":[{"href":"https:\/\/soydeaqui.ddns.net\/pachuca\/index.php\/wp-json\/wp\/v2\/product\/120184","targetHints":{"allow":["GET"]}}],"collection":[{"href":"https:\/\/soydeaqui.ddns.net\/pachuca\/index.php\/wp-json\/wp\/v2\/product"}],"about":[{"href":"https:\/\/soydeaqui.ddns.net\/pachuca\/index.php\/wp-json\/wp\/v2\/types\/product"}],"replies":[{"embeddable":true,"href":"https:\/\/soydeaqui.ddns.net\/pachuca\/index.php\/wp-json\/wp\/v2\/comments?post=120184"}],"wp:featuredmedia":[{"embeddable":true,"href":"https:\/\/soydeaqui.ddns.net\/pachuca\/index.php\/wp-json\/wp\/v2\/media\/120183"}],"wp:attachment":[{"href":"https:\/\/soydeaqui.ddns.net\/pachuca\/index.php\/wp-json\/wp\/v2\/media?parent=120184"}],"wp:term":[{"taxonomy":"product_brand","embeddable":true,"href":"https:\/\/soydeaqui.ddns.net\/pachuca\/index.php\/wp-json\/wp\/v2\/product_brand?post=120184"},{"taxonomy":"product_cat","embeddable":true,"href":"https:\/\/soydeaqui.ddns.net\/pachuca\/index.php\/wp-json\/wp\/v2\/product_cat?post=120184"},{"taxonomy":"product_tag","embeddable":true,"href":"https:\/\/soydeaqui.ddns.net\/pachuca\/index.php\/wp-json\/wp\/v2\/product_tag?post=120184"}],"curies":[{"name":"wp","href":"https:\/\/api.w.org\/{rel}","templated":true}]}}