{"id":120168,"date":"2026-03-24T05:48:23","date_gmt":"2026-03-24T05:48:23","guid":{"rendered":"https:\/\/soydeaqui.ddns.net\/pachuca\/index.php\/producto\/altavoces-de-montaje-en-la-pared-woofers-dobles-de-5in-tweeter-de-1in-100w-8ohms\/"},"modified":"2026-03-24T05:48:33","modified_gmt":"2026-03-24T05:48:33","slug":"altavoces-de-montaje-en-la-pared-woofers-dobles-de-5in-tweeter-de-1in-100w-8ohms","status":"publish","type":"product","link":"https:\/\/soydeaqui.ddns.net\/pachuca\/index.php\/producto\/altavoces-de-montaje-en-la-pared-woofers-dobles-de-5in-tweeter-de-1in-100w-8ohms\/","title":{"rendered":"altavoces de montaje en la pared | woofers dobles de 5in | tweeter de 1in | 100W | 8ohms"},"content":{"rendered":"<div style='width: 100%; max-width: 1200px; margin: 0 auto; font-family: sans-serif; line-height: 1.6; color: inherit; background-color: transparent;'> <!-- Imagen 1 --> <\/p>\n<div style='width: 100%; margin-bottom: 30px;'> <img style='width: 40%; height: auto; border: 1px solid rgba(150&comma;150&comma;150&comma;0.3); border-radius: 8px;' src='https:\/\/ftp3.syscom.mx\/usuarios\/luis.vargas\/Truaudio\/Ghost\/ghostlogo.png' alt='Logo'> <\/div>\n<p> <!-- Imagen 2 --> <\/p>\n<div style='display: flex; flex-wrap: wrap; gap: 30px; margin-bottom: 30px;'>\n<div style='flex: 1 1 300px; min-width: 280px;'> <img style='width: 100%; height: auto; border: 1px solid rgba(150&comma;150&comma;150&comma;0.3); border-radius: 8px;' src='https:\/\/ftp3.syscom.mx\/usuarios\/luis.vargas\/Truaudio\/GHT\/GHT66_1.png' alt='Imagen 2'> <\/div>\n<div style='flex: 1 1 300px; min-width: 280px;'>\n<div style='font-size: 22px; margin-bottom: 15px; color: inherit; opacity: 0.8;'>GHT Series<\/div>\n<p style='font-size: 15px; color: inherit; text-align: justify;'>Tener la opci\u00f3n de altavoces empotrados en la pared y en el techo&comma; dentro de la misma coincidencia de voz y timbre es exactamente lo que ofrece nuestra Serie GHT. Esta versatilidad le permite crear la configuraci\u00f3n perfecta de cine en casa. Con nuestro tweeter de gu\u00eda de ondas que le brinda flexibilidad para dirigir el escenario de sonido para adaptarse a cualquier habitaci\u00f3n.<\/p>\n<\/p><\/div>\n<\/p><\/div>\n<p> <!-- Imagen 3 --> <\/p>\n<div style='display: flex; flex-wrap: wrap; gap: 30px; margin-bottom: 30px;'>\n<div style='flex: 1 1 300px; min-width: 280px;'>\n<p style='font-size: 15px; color: inherit; text-align: justify;'>El tweeter de c\u00fapula blanda de seda de 1&#8217;brinda a los instaladores la flexibilidad y la opci\u00f3n de dirigir el escenario de sonido para que se adapte a cualquier habitaci\u00f3n. Dise\u00f1ado para instalaci\u00f3n horizontal o vertical. Los convenientes ajustes de ecualizaci\u00f3n de agudos y graves facilitan la afinaci\u00f3n de precisi\u00f3n.<\/p>\n<\/p><\/div>\n<div style='flex: 1 1 300px; min-width: 280px;'> <img style='width: 100%; height: auto; border: 1px solid rgba(150&comma;150&comma;150&comma;0.3); border-radius: 8px;' src='https:\/\/ftp3.syscom.mx\/usuarios\/luis.vargas\/Truaudio\/GHT\/GHT66_2.png' alt='Imagen 3'> <\/div>\n<\/p><\/div>\n<p> <!-- Imagen 4 --> <\/p>\n<div style='display: flex; flex-wrap: wrap; gap: 30px; margin-bottom: 30px;'>\n<div style='flex: 1 1 300px; min-width: 280px;'> <img style='width: 100%; height: auto; border: 1px solid rgba(150&comma;150&comma;150&comma;0.3); border-radius: 8px;' src='https:\/\/ftp3.syscom.mx\/usuarios\/luis.vargas\/Truaudio\/GHT\/GHT.png' alt='Imagen 4'> <\/div>\n<div style='flex: 1 1 300px; min-width: 280px;'>\n<p style='font-size: 15px; color: inherit; text-align: justify;'>Todos los altavoces de la serie Ghost \u2122 vienen con una rejilla sin marco magn\u00e9tica patentada de revelaci\u00f3n de 2 mil\u00edmetros. La rejilla de tela sin reborde se adhiere f\u00e1cilmente y cubre el borde. Una vez instalado&comma; no se muestra ninguna parte del altavoz excepto la rejilla&comma; lo que hace que el altavoz desaparezca en el entorno de instalaci\u00f3n. Haciendo del altavoz un verdadero ahorro de tiempo y trabajo.<\/p>\n<\/p><\/div>\n<\/p><\/div>\n<p> <!-- Imagen GIF --> <\/p>\n<div style='width: 100%; margin-bottom: 30px;'> <img style='width: 100%; height: auto; border: 1px solid rgba(150&comma;150&comma;150&comma;0.3); border-radius: 8px;' src='https:\/\/ftp3.syscom.mx\/usuarios\/luis.vargas\/Truaudio\/truaudiogif1.gif' alt='Animaci\u00f3n'> <\/div>\n<p> <!-- Caracter\u00edsticas --> <\/p>\n<div style='display: flex; flex-wrap: wrap; gap: 30px; margin-bottom: 30px;'>\n<div style='flex: 1 1 300px; min-width: 280px;'>\n<h3 style='font-size: 22px; border-bottom: 2px solid currentColor; padding-bottom: 5px; margin-top: 0; color: inherit; opacity: 0.8;'>Caracter\u00edsticas Generales<\/h3>\n<ul style='padding-left: 20px; font-size: 15px; color: inherit;'>\n<li style='margin-bottom: 5px;'><strong>Color:<\/strong> Negro<\/li>\n<li style='margin-bottom: 5px;'><strong>Tipo de Altavoz:<\/strong> In-wall home theater LCR<\/li>\n<li style='margin-bottom: 5px;'><strong>Tweeter:<\/strong> C\u00fapula suave de seda de 1&#8242;<\/li>\n<li style='margin-bottom: 5px;'><strong>Rango Medio:<\/strong> No disponible<\/li>\n<li style='margin-bottom: 5px;'><strong>Woofer:<\/strong> (2) polipropileno inyectado de 5.25&#8242;<\/li>\n<li style='margin-bottom: 5px;'><strong>Ajuste EQ:<\/strong> No disponible<\/li>\n<li style='margin-bottom: 5px;'><strong>Potencia:<\/strong> 5-100W<\/li>\n<\/ul><\/div>\n<div style='flex: 1 1 300px; min-width: 280px;'>\n<h3 style='font-size: 22px; border-bottom: 2px solid currentColor; padding-bottom: 5px; margin-top: 0; color: inherit; opacity: 0.8;'>Especificaciones<\/h3>\n<ul style='padding-left: 20px; font-size: 15px; color: inherit;'>\n<li style='margin-bottom: 5px;'><strong>Tipo de Parrilla:<\/strong> Ghost\u2122 style&comma; Blanco y Negro<\/li>\n<li style='margin-bottom: 5px;'><strong>Sensibilidad:<\/strong> 90 dB (+3dB)<\/li>\n<li style='margin-bottom: 5px;'><strong>Respuesta frecuente:<\/strong> 40 &#8211; 20kHz (+\/- 3dB)<\/li>\n<li style='margin-bottom: 5px;'><strong>Impedancia:<\/strong> 8\u03a9<\/li>\n<li style='margin-bottom: 5px;'><strong>Dimensiones de corte:<\/strong> H: 13&#8242; (330mm) x W: 7.5&#8242; (191mm)<\/li>\n<li style='margin-bottom: 5px;'><strong>Dimensiones de acabado:<\/strong> H: 14.1&#8242; (359mm) x W: 8.5&#8242; (216mm) x D: 3.6&#8242; (92mm)<\/li>\n<\/ul><\/div>\n<\/p><\/div>\n<p> <!-- Videos --> <\/p>\n<div style='display: flex; flex-wrap: wrap; gap: 30px; margin-bottom: 30px;'>\n<div style='flex: 1 1 300px; min-width: 280px; width: 100%;'>\n<div style='position: relative; padding-bottom: 56.25%; height: 0; overflow: hidden; margin-bottom: 30px;'>   <\/div>\n<\/p><\/div>\n<div style='flex: 1 1 300px; min-width: 280px; width: 100%;'>\n<div style='position: relative; padding-bottom: 56.25%; height: 0; overflow: hidden; margin-bottom: 30px;'>   <\/div>\n<\/p><\/div>\n<div style='flex: 1 1 300px; min-width: 280px; width: 100%;'>\n<div style='position: relative; padding-bottom: 56.25%; height: 0; overflow: hidden; margin-bottom: 30px;'>   <\/div>\n<\/p><\/div>\n<\/p><\/div>\n<p> <!-- Separador --> <\/p>\n<hr style='border: 0; border-top: 1px solid rgba(150&comma; 150&comma; 150&comma; 0.3); margin: 30px 0;'> <\/div>\n","protected":false},"excerpt":{"rendered":"<p>altavoces de montaje en la pared | woofers dobles de 5in | tweeter de 1in | 100W | 8ohms<\/p>\n","protected":false},"featured_media":120167,"comment_status":"open","ping_status":"closed","template":"","meta":[],"product_brand":[],"product_cat":[2202],"product_tag":[52,2203,2060],"class_list":{"0":"post-120168","1":"product","2":"type-product","3":"status-publish","4":"has-post-thumbnail","6":"product_cat-bocinas-pared","7":"product_tag-audio-residencial-comercial","8":"product_tag-bocinas-pared","9":"product_tag-truaudio","11":"first","12":"outofstock","13":"sale","14":"shipping-taxable","15":"purchasable","16":"product-type-simple"},"_links":{"self":[{"href":"https:\/\/soydeaqui.ddns.net\/pachuca\/index.php\/wp-json\/wp\/v2\/product\/120168","targetHints":{"allow":["GET"]}}],"collection":[{"href":"https:\/\/soydeaqui.ddns.net\/pachuca\/index.php\/wp-json\/wp\/v2\/product"}],"about":[{"href":"https:\/\/soydeaqui.ddns.net\/pachuca\/index.php\/wp-json\/wp\/v2\/types\/product"}],"replies":[{"embeddable":true,"href":"https:\/\/soydeaqui.ddns.net\/pachuca\/index.php\/wp-json\/wp\/v2\/comments?post=120168"}],"wp:featuredmedia":[{"embeddable":true,"href":"https:\/\/soydeaqui.ddns.net\/pachuca\/index.php\/wp-json\/wp\/v2\/media\/120167"}],"wp:attachment":[{"href":"https:\/\/soydeaqui.ddns.net\/pachuca\/index.php\/wp-json\/wp\/v2\/media?parent=120168"}],"wp:term":[{"taxonomy":"product_brand","embeddable":true,"href":"https:\/\/soydeaqui.ddns.net\/pachuca\/index.php\/wp-json\/wp\/v2\/product_brand?post=120168"},{"taxonomy":"product_cat","embeddable":true,"href":"https:\/\/soydeaqui.ddns.net\/pachuca\/index.php\/wp-json\/wp\/v2\/product_cat?post=120168"},{"taxonomy":"product_tag","embeddable":true,"href":"https:\/\/soydeaqui.ddns.net\/pachuca\/index.php\/wp-json\/wp\/v2\/product_tag?post=120168"}],"curies":[{"name":"wp","href":"https:\/\/api.w.org\/{rel}","templated":true}]}}