{"id":120136,"date":"2026-03-24T05:46:34","date_gmt":"2026-03-24T05:46:34","guid":{"rendered":"https:\/\/soydeaqui.ddns.net\/pachuca\/index.php\/producto\/altavoz-comercial-de-2-vias-70v-100v-8-ohms-montaje-en-techo-woofer-de-6-5-in-60-watts\/"},"modified":"2026-03-24T05:46:34","modified_gmt":"2026-03-24T05:46:34","slug":"altavoz-comercial-de-2-vias-70v-100v-8-ohms-montaje-en-techo-woofer-de-6-5-in-60-watts","status":"publish","type":"product","link":"https:\/\/soydeaqui.ddns.net\/pachuca\/index.php\/producto\/altavoz-comercial-de-2-vias-70v-100v-8-ohms-montaje-en-techo-woofer-de-6-5-in-60-watts\/","title":{"rendered":"Altavoz comercial de 2 v\u00edas | 70V \/100V | 8 Ohms | montaje en techo | woofer de 6.5 in | 60 Watts |"},"content":{"rendered":"<div style='width: 100%; max-width: 1200px; margin: 0 auto; font-family: sans-serif; line-height: 1.6; color: inherit; background-color: transparent;'>\n<div style='width: 100%; margin-bottom: 30px;'> <img style='width: 40%; height: auto; border: 1px solid rgba(150&comma;150&comma;150&comma;0.3); border-radius: 8px; margin-left: 30%;' src='https:\/\/ftp3.syscom.mx\/usuarios\/luis.vargas\/Truaudio\/truaudio-logo.png' alt='Logo TruAudio'> <\/div>\n<div style='display: flex; flex-wrap: wrap; gap: 30px; margin-bottom: 30px;'>\n<div style='flex: 1 1 300px; min-width: 280px;'> <img style='width: 100%; height: auto; border: 1px solid rgba(150&comma;150&comma;150&comma;0.3); border-radius: 8px;' src='https:\/\/ftp3.syscom.mx\/usuarios\/luis.vargas\/Truaudio\/CLSeries\/CLSeries_1.png' alt='CL Series Front View'> <\/div>\n<div style='flex: 1 1 300px; min-width: 280px;'>\n<h3 style='font-size: 22px; border-bottom: 2px solid currentColor; padding-bottom: 5px; margin-top: 0; color: inherit; opacity: 0.8;'>CL Series<\/h3>\n<p style='font-size: 15px; color: inherit;'>El altavoz CL-70v-6UL est\u00e1 listado en UL 1480 y cumple con los requisitos de UL\u00ae 2043 para la instalaci\u00f3n en espacios de tratamiento de aire. Est\u00e1 dise\u00f1ado con una amplia dispersi\u00f3n&comma; que es ideal para aplicaciones comerciales como restaurantes&comma; bares&comma; tiendas&comma; edificios de oficinas&comma; hoteles y aulas.<\/p>\n<\/p><\/div>\n<\/p><\/div>\n<div style='display: flex; flex-wrap: wrap; gap: 30px; margin-bottom: 30px;'>\n<div style='flex: 1 1 300px; min-width: 280px;'>\n<h3 style='font-size: 22px; border-bottom: 2px solid currentColor; padding-bottom: 5px; margin-top: 0; color: inherit; opacity: 0.8;'>Back Boxes<\/h3>\n<p style='font-size: 15px; color: inherit;'>El CL-70 est\u00e1 dise\u00f1ado con una lata de metal de resistencia industrial&comma; que proporciona un rendimiento de audio mejorado y protecci\u00f3n de componentes. El CL-70 tambi\u00e9n funciona con el puente de azulejos B-70 de TruAudio para falsos techos y tiene clasificaci\u00f3n de humedad para lugares cubiertos al aire libre. \u00a1El toque final de este gran altavoz es nuestra exclusiva parrilla estilo Ghost \u2122!<\/p>\n<\/p><\/div>\n<div style='flex: 1 1 300px; min-width: 280px;'> <img style='width: 100%; height: auto; border: 1px solid rgba(150&comma;150&comma;150&comma;0.3); border-radius: 8px;' src='https:\/\/ftp3.syscom.mx\/usuarios\/luis.vargas\/Truaudio\/CLSeries\/CLSeries_Backbox.png' alt='Back Box'> <\/div>\n<\/p><\/div>\n<div style='display: flex; flex-wrap: wrap; gap: 30px; margin-bottom: 30px;'>\n<div style='flex: 1 1 300px; min-width: 280px;'> <img style='width: 100%; height: auto; border: 1px solid rgba(150&comma;150&comma;150&comma;0.3); border-radius: 8px;' src='https:\/\/ftp3.syscom.mx\/usuarios\/luis.vargas\/Truaudio\/CLSeries\/CLSeries1.png' alt='Front View'> <\/div>\n<div style='flex: 1 1 300px; min-width: 280px;'>\n<h3 style='font-size: 22px; border-bottom: 2px solid currentColor; padding-bottom: 5px; margin-top: 0; color: inherit; opacity: 0.8;'>Front Facing Tap Setting<\/h3>\n<ul style='padding-left: 20px; font-size: 15px; color: inherit;'>\n<li style='margin-bottom: 5px;'><strong>70v&comma; 100v and 8 ohm settings<\/strong><\/li>\n<li style='margin-bottom: 5px;'><strong>70v Tap Settings:<\/strong> 2.5W&comma; 5W&comma; 10W&comma; 15W&comma; 25W<\/li>\n<li style='margin-bottom: 5px;'><strong>100v Tap Settings:<\/strong> 5W&comma; 10W&comma; 15W&comma; 25W<\/li>\n<\/ul><\/div>\n<\/p><\/div>\n<div style='width: 100%; margin-bottom: 30px;'> <img style='width: 100%; height: auto; border: 1px solid rgba(150&comma;150&comma;150&comma;0.3); border-radius: 8px;' src='https:\/\/ftp3.syscom.mx\/usuarios\/luis.vargas\/Truaudio\/truaudiogif1.gif' alt='Installation Example'> <\/div>\n<div style='display: flex; flex-wrap: wrap; gap: 20px; margin-bottom: 30px;'>\n<div style='flex: 1 1 250px; border: 1px solid rgba(150&comma; 150&comma; 150&comma; 0.4); border-radius: 8px; overflow: hidden; display: flex; flex-direction: column;'>\n<div style='padding: 15px; border-bottom: 1px solid rgba(150&comma; 150&comma; 150&comma; 0.2); font-weight: bold; font-size: 18px; color: inherit;'>Caracter\u00edsticas Generales<\/div>\n<div style='padding: 15px; color: inherit;'>\n<ul style='padding-left: 20px; margin: 0; font-size: 14px; list-style-type: disc;'>\n<li style='margin-bottom: 5px;'><strong>Color:<\/strong> Bisel blanco mate&comma; woofer negro y tweeter<\/li>\n<li style='margin-bottom: 5px;'><strong>Tipo de altavoz:<\/strong> En techo&comma; 70V&comma; 2 v\u00edas<\/li>\n<li style='margin-bottom: 5px;'><strong>Tweeter:<\/strong> .75&#8242; PEI<\/li>\n<li style='margin-bottom: 5px;'><strong>Rango medio:<\/strong> Ninguna<\/li>\n<li style='margin-bottom: 5px;'><strong>Woofer:<\/strong> Polipropineno de 6.5&#8242;<\/li>\n<li style='margin-bottom: 5px;'><strong>Ajuste de EQ:<\/strong> Ninguna<\/li>\n<li style='margin-bottom: 5px;'><strong>Power:<\/strong> 5-60 Watts<\/li>\n<li style='margin-bottom: 5px;'><strong>Incluye regilla color blanco (pintable)<\/strong><\/li>\n<li style='margin-bottom: 5px;'><strong>Tipo de parrilla:<\/strong> Estilo fantasma sin marco<\/li>\n<\/ul><\/div>\n<\/p><\/div>\n<div style='flex: 1 1 250px; border: 1px solid rgba(150&comma; 150&comma; 150&comma; 0.4); border-radius: 8px; overflow: hidden; display: flex; flex-direction: column;'>\n<div style='padding: 15px; border-bottom: 1px solid rgba(150&comma; 150&comma; 150&comma; 0.2); font-weight: bold; font-size: 18px; color: inherit;'>Especificaciones<\/div>\n<div style='padding: 15px; color: inherit;'>\n<ul style='padding-left: 20px; margin: 0; font-size: 14px; list-style-type: disc;'>\n<li style='margin-bottom: 5px;'><strong>Sensibilidad:<\/strong> 88 dB (2&comma;83 Volts \/ 1 metro&comma; + 3dB)<\/li>\n<li style='margin-bottom: 5px;'><strong>Respuesta Frecuente:<\/strong> 60 &#8211; 20K Hz. (+\/- 3 dB)<\/li>\n<li style='margin-bottom: 5px;'><strong>Impedancia:<\/strong> 8 ohms o 70v \/ 100v<\/li>\n<li style='margin-bottom: 5px;'><strong>Dimensiones de corte:<\/strong> Di\u00e1metro: 8.8&#8242; (224 mm)<\/li>\n<li style='margin-bottom: 5px;'><strong>Dimensiones de acabado:<\/strong> Di\u00e1metro: 10.4&#8242; (264 mm) x Profundo: 9&#8242; (229 mm)<\/li>\n<li style='margin-bottom: 5px;'><strong>70V Taps:<\/strong> 2.5W-25W seleccionable<\/li>\n<li style='margin-bottom: 5px;'><strong>100V Taps:<\/strong> 5W-25W seleccionable<\/li>\n<li style='margin-bottom: 5px;'><strong>Dispersion de sonido:<\/strong> 110 \u00b0<\/li>\n<\/ul><\/div>\n<\/p><\/div>\n<\/p><\/div>\n<div style='display: flex; flex-wrap: wrap; gap: 20px; margin-bottom: 30px;'>\n<div style='flex: 1 1 300px;'>\n<div style='position: relative; padding-bottom: 56.25%; height: 0; overflow: hidden; margin-bottom: 30px;'>   <\/div>\n<\/p><\/div>\n<div style='flex: 1 1 300px;'>\n<div style='position: relative; padding-bottom: 56.25%; height: 0; overflow: hidden; margin-bottom: 30px;'>   <\/div>\n<\/p><\/div>\n<div style='flex: 1 1 300px;'>\n<div style='position: relative; padding-bottom: 56.25%; height: 0; overflow: hidden; margin-bottom: 30px;'>   <\/div>\n<\/p><\/div>\n<\/p><\/div>\n<hr style='border: 0; border-top: 1px solid rgba(150&comma; 150&comma; 150&comma; 0.3); margin: 30px 0;'> <\/div>\n","protected":false},"excerpt":{"rendered":"<p>Altavoz comercial de 2 v\u00edas | 70V \/100V | 8 Ohms | montaje en techo | woofer de 6.5 in | 60 Watts |<\/p>\n","protected":false},"featured_media":120135,"comment_status":"open","ping_status":"closed","template":"","meta":[],"product_brand":[],"product_cat":[424],"product_tag":[52,425,2060],"class_list":{"0":"post-120136","1":"product","2":"type-product","3":"status-publish","4":"has-post-thumbnail","6":"product_cat-bocinas-plafon","7":"product_tag-audio-residencial-comercial","8":"product_tag-bocinas-plafon","9":"product_tag-truaudio","11":"first","12":"instock","13":"sale","14":"shipping-taxable","15":"purchasable","16":"product-type-simple"},"_links":{"self":[{"href":"https:\/\/soydeaqui.ddns.net\/pachuca\/index.php\/wp-json\/wp\/v2\/product\/120136","targetHints":{"allow":["GET"]}}],"collection":[{"href":"https:\/\/soydeaqui.ddns.net\/pachuca\/index.php\/wp-json\/wp\/v2\/product"}],"about":[{"href":"https:\/\/soydeaqui.ddns.net\/pachuca\/index.php\/wp-json\/wp\/v2\/types\/product"}],"replies":[{"embeddable":true,"href":"https:\/\/soydeaqui.ddns.net\/pachuca\/index.php\/wp-json\/wp\/v2\/comments?post=120136"}],"wp:featuredmedia":[{"embeddable":true,"href":"https:\/\/soydeaqui.ddns.net\/pachuca\/index.php\/wp-json\/wp\/v2\/media\/120135"}],"wp:attachment":[{"href":"https:\/\/soydeaqui.ddns.net\/pachuca\/index.php\/wp-json\/wp\/v2\/media?parent=120136"}],"wp:term":[{"taxonomy":"product_brand","embeddable":true,"href":"https:\/\/soydeaqui.ddns.net\/pachuca\/index.php\/wp-json\/wp\/v2\/product_brand?post=120136"},{"taxonomy":"product_cat","embeddable":true,"href":"https:\/\/soydeaqui.ddns.net\/pachuca\/index.php\/wp-json\/wp\/v2\/product_cat?post=120136"},{"taxonomy":"product_tag","embeddable":true,"href":"https:\/\/soydeaqui.ddns.net\/pachuca\/index.php\/wp-json\/wp\/v2\/product_tag?post=120136"}],"curies":[{"name":"wp","href":"https:\/\/api.w.org\/{rel}","templated":true}]}}