{"id":120126,"date":"2026-03-24T05:45:59","date_gmt":"2026-03-24T05:45:59","guid":{"rendered":"https:\/\/soydeaqui.ddns.net\/pachuca\/index.php\/producto\/altavoz-colgante-8-in-70v-100v-8-ohms-125-watts-negro\/"},"modified":"2026-03-24T05:46:13","modified_gmt":"2026-03-24T05:46:13","slug":"altavoz-colgante-8-in-70v-100v-8-ohms-125-watts-negro","status":"publish","type":"product","link":"https:\/\/soydeaqui.ddns.net\/pachuca\/index.php\/producto\/altavoz-colgante-8-in-70v-100v-8-ohms-125-watts-negro\/","title":{"rendered":"Altavoz colgante | 8 in | 70v \/100v | 8 Ohms | 125 Watts | Negro"},"content":{"rendered":"<div style='width: 100%; max-width: 1200px; margin: 0 auto; font-family: sans-serif; line-height: 1.6; color: inherit; background-color: transparent;'> <!-- Logo --> <\/p>\n<div style='width: 100%; text-align: center; margin: 30px 0;'> <img style='width: 40%; max-width: 300px; height: auto; border: 1px solid rgba(150&comma;150&comma;150&comma;0.3); border-radius: 8px;' src='https:\/\/ftp3.syscom.mx\/usuarios\/luis.vargas\/Truaudio\/truaudio-logo.png' alt='Logo Truaudio'> <\/div>\n<p> <!-- Secci\u00f3n de descripci\u00f3n --> <\/p>\n<div style='display: flex; flex-wrap: wrap; gap: 30px; margin-bottom: 30px;'>\n<div style='flex: 1 1 300px; min-width: 280px;'> <img style='width: 100%; height: auto; border: 1px solid rgba(150&comma;150&comma;150&comma;0.3); border-radius: 8px;' src='https:\/\/ftp3.syscom.mx\/usuarios\/luis.vargas\/Truaudio\/Beatdrop\/beatdrop.png' alt='BeatDrop'> <\/div>\n<div style='flex: 1 1 300px; min-width: 280px;'>\n<div style='font-size: 22px; font-weight: bold; margin-bottom: 15px; color: inherit; opacity: 0.8;'>BEATDROP<\/div>\n<p style='font-size: 15px; color: inherit; margin-bottom: 15px;'> Combinando innovaci\u00f3n&comma; est\u00e9tica moderna y ac\u00fastica de vanguardia&comma; los altavoces de la serie BeatDrop \u2122 son una opci\u00f3n ideal para habitaciones o lugares con arquitectura abierta o techos altos. <\/p>\n<\/p><\/div>\n<\/p><\/div>\n<p> <!-- Secci\u00f3n con imagen y texto --> <\/p>\n<div style='display: flex; flex-wrap: wrap; gap: 30px; margin-bottom: 30px;'>\n<div style='flex: 1 1 300px; min-width: 280px;'>\n<p style='font-size: 15px; color: inherit; margin-bottom: 15px;'> El BeatDrop \u2122 es un altavoz colgante con puerto de dos v\u00edas de 8 pulgadas dise\u00f1ado con un patr\u00f3n de dispersi\u00f3n preciso y amplio. Combinado con una extensi\u00f3n de bajos bajos&comma; el BeatDrop \u2122 proporciona una excelente reproducci\u00f3n de sonido. <\/p>\n<\/p><\/div>\n<div style='flex: 1 1 300px; min-width: 280px;'> <img style='width: 100%; height: auto; border: 1px solid rgba(150&comma;150&comma;150&comma;0.3); border-radius: 8px;' src='https:\/\/ftp3.syscom.mx\/usuarios\/luis.vargas\/Truaudio\/Beatdrop\/Beatdrop2.1.png' alt='BeatDrop 2'> <\/div>\n<\/p><\/div>\n<p> <!-- Secci\u00f3n con imagen y texto invertido --> <\/p>\n<div style='display: flex; flex-wrap: wrap; gap: 30px; margin-bottom: 30px;'>\n<div style='flex: 1 1 300px; min-width: 280px;'> <img style='width: 100%; height: auto; border: 1px solid rgba(150&comma;150&comma;150&comma;0.3); border-radius: 8px;' src='https:\/\/ftp3.syscom.mx\/usuarios\/luis.vargas\/Truaudio\/Beatdrop\/Beatdrop3.png' alt='BeatDrop 3'> <\/div>\n<div style='flex: 1 1 300px; min-width: 280px;'>\n<p style='font-size: 15px; color: inherit; margin-bottom: 15px;'> Est\u00e1 espec\u00edficamente dise\u00f1ado para \u00e1reas comerciales populares como arenas deportivas&comma; restaurantes&comma; bares&comma; tiendas&comma; centros de convenciones&comma; lofts y centros comerciales. <\/p>\n<\/p><\/div>\n<\/p><\/div>\n<p> <!-- Gif --> <\/p>\n<div style='width: 100%; text-align: center; margin: 30px 0;'> <img style='width: 100%; max-width: 800px; height: auto; border: 1px solid rgba(150&comma;150&comma;150&comma;0.3); border-radius: 8px;' src='https:\/\/ftp3.syscom.mx\/usuarios\/luis.vargas\/Truaudio\/truaudiogif1.gif' alt='BeatDrop en funcionamiento'> <\/div>\n<p> <!-- Secci\u00f3n de caracter\u00edsticas --> <\/p>\n<div style='display: flex; flex-wrap: wrap; gap: 30px; margin-bottom: 30px;'>\n<div style='flex: 1 1 300px; min-width: 280px;'>\n<h3 style='font-size: 22px; border-bottom: 2px solid currentColor; padding-bottom: 5px; margin-top: 0; color: inherit; opacity: 0.8;'>Caracter\u00edsticas Generales<\/h3>\n<ul style='padding-left: 20px; font-size: 15px; color: inherit;'>\n<li style='margin-bottom: 5px;'><strong>Color:<\/strong> Negro<\/li>\n<li style='margin-bottom: 5px;'><strong>Tipo de altavoz:<\/strong> Colgante&comma; 2 v\u00edas<\/li>\n<li style='margin-bottom: 5px;'><strong>Tweeter:<\/strong> Domo suave de seda de 1 &#8216;<\/li>\n<li style='margin-bottom: 5px;'><strong>Rango medio:<\/strong> No disponible<\/li>\n<li style='margin-bottom: 5px;'><strong>Woofer:<\/strong> Polipropileno moldeado de 8 &#8216;<\/li>\n<li style='margin-bottom: 5px;'><strong>Ajuste de EQ:<\/strong> No disponible<\/li>\n<li style='margin-bottom: 5px;'><strong>Power:<\/strong> 125V<\/li>\n<li style='margin-bottom: 5px;'><strong>Tipo de parrilla:<\/strong> Malla de aluminio<\/li>\n<\/ul><\/div>\n<div style='flex: 1 1 300px; min-width: 280px;'>\n<h3 style='font-size: 22px; border-bottom: 2px solid currentColor; padding-bottom: 5px; margin-top: 0; color: inherit; opacity: 0.8;'>Especificaciones<\/h3>\n<ul style='padding-left: 20px; font-size: 15px; color: inherit;'>\n<li style='margin-bottom: 5px;'><strong>Sensibilidad:<\/strong> 90dB<\/li>\n<li style='margin-bottom: 5px;'><strong>Respuesta frecuente:<\/strong> 62-20K Hz (+\/- 3 dB)<\/li>\n<li style='margin-bottom: 5px;'><strong>Impedancia:<\/strong> 8\u03a9 o 70V \/ 100v<\/li>\n<li style='margin-bottom: 5px;'><strong>Dimensiones de acabado:<\/strong> H: 12.6 (320 mm) x W: 12.3 &#8216; (312 mm) x Profundidad: 17&#8217; (432 mm)<\/li>\n<li style='margin-bottom: 5px;'><strong>70V Taps:<\/strong> 4W-60W seleccionable<\/li>\n<li style='margin-bottom: 5px;'><strong>100V Taps:<\/strong> 8W-60W seleccionable<\/li>\n<li style='margin-bottom: 5px;'><strong>Tipo de montaje:<\/strong> Gripple con cable<\/li>\n<\/ul><\/div>\n<\/p><\/div>\n<p> <!-- Secci\u00f3n de videos --> <\/p>\n<div style='margin: 30px 0;'>\n<h3 style='font-size: 22px; border-bottom: 2px solid currentColor; padding-bottom: 5px; margin-top: 0; margin-bottom: 20px; color: inherit; opacity: 0.8;'>V\u00eddeos<\/h3>\n<div style='display: flex; flex-wrap: wrap; gap: 20px;'>\n<div style='flex: 1 1 300px; min-width: 280px; position: relative; padding-bottom: 56.25%; height: 0; overflow: hidden;'>   <\/div>\n<div style='flex: 1 1 300px; min-width: 280px; position: relative; padding-bottom: 56.25%; height: 0; overflow: hidden;'>   <\/div>\n<div style='flex: 1 1 300px; min-width: 280px; position: relative; padding-bottom: 56.25%; height: 0; overflow: hidden;'>   <\/div>\n<\/p><\/div>\n<\/p><\/div>\n<p> <!-- Separador final --> <\/p>\n<hr style='border: 0; border-top: 1px solid rgba(150&comma; 150&comma; 150&comma; 0.3); margin: 30px 0;'> <\/div>\n","protected":false},"excerpt":{"rendered":"<p>Altavoz colgante | 8 in | 70v \/100v | 8 Ohms | 125 Watts | Negro<\/p>\n","protected":false},"featured_media":120125,"comment_status":"open","ping_status":"closed","template":"","meta":[],"product_brand":[],"product_cat":[194],"product_tag":[52,195,2060],"class_list":{"0":"post-120126","1":"product","2":"type-product","3":"status-publish","4":"has-post-thumbnail","6":"product_cat-bocinas-colgantes","7":"product_tag-audio-residencial-comercial","8":"product_tag-bocinas-colgantes","9":"product_tag-truaudio","11":"first","12":"instock","13":"sale","14":"shipping-taxable","15":"purchasable","16":"product-type-simple"},"_links":{"self":[{"href":"https:\/\/soydeaqui.ddns.net\/pachuca\/index.php\/wp-json\/wp\/v2\/product\/120126","targetHints":{"allow":["GET"]}}],"collection":[{"href":"https:\/\/soydeaqui.ddns.net\/pachuca\/index.php\/wp-json\/wp\/v2\/product"}],"about":[{"href":"https:\/\/soydeaqui.ddns.net\/pachuca\/index.php\/wp-json\/wp\/v2\/types\/product"}],"replies":[{"embeddable":true,"href":"https:\/\/soydeaqui.ddns.net\/pachuca\/index.php\/wp-json\/wp\/v2\/comments?post=120126"}],"wp:featuredmedia":[{"embeddable":true,"href":"https:\/\/soydeaqui.ddns.net\/pachuca\/index.php\/wp-json\/wp\/v2\/media\/120125"}],"wp:attachment":[{"href":"https:\/\/soydeaqui.ddns.net\/pachuca\/index.php\/wp-json\/wp\/v2\/media?parent=120126"}],"wp:term":[{"taxonomy":"product_brand","embeddable":true,"href":"https:\/\/soydeaqui.ddns.net\/pachuca\/index.php\/wp-json\/wp\/v2\/product_brand?post=120126"},{"taxonomy":"product_cat","embeddable":true,"href":"https:\/\/soydeaqui.ddns.net\/pachuca\/index.php\/wp-json\/wp\/v2\/product_cat?post=120126"},{"taxonomy":"product_tag","embeddable":true,"href":"https:\/\/soydeaqui.ddns.net\/pachuca\/index.php\/wp-json\/wp\/v2\/product_tag?post=120126"}],"curies":[{"name":"wp","href":"https:\/\/api.w.org\/{rel}","templated":true}]}}