{"id":12012,"date":"2026-03-18T07:58:05","date_gmt":"2026-03-18T07:58:05","guid":{"rendered":"https:\/\/soydeaqui.ddns.net\/pachuca\/index.php\/producto\/caja-de-piso-cuadrada-con-2-puertos-usb-y-contacto-electrico-11000-21203\/"},"modified":"2026-03-18T07:58:05","modified_gmt":"2026-03-18T07:58:05","slug":"caja-de-piso-cuadrada-con-2-puertos-usb-y-contacto-electrico-11000-21203","status":"publish","type":"product","link":"https:\/\/soydeaqui.ddns.net\/pachuca\/index.php\/producto\/caja-de-piso-cuadrada-con-2-puertos-usb-y-contacto-electrico-11000-21203\/","title":{"rendered":"Caja de piso cuadrada con 2 puertos USB y contacto el\u00e9ctrico (11000-21203)"},"content":{"rendered":"<div style='width: 100%; max-width: 1200px; margin: 0 auto; font-family: sans-serif; line-height: 1.6; color: inherit; background-color: transparent;'>\n<div style='display: flex; flex-direction: column; align-items: center; margin-bottom: 30px;'> <img style='width: 100%; max-width: 412px; height: auto; border: 1px solid rgba(150&comma;150&comma;150&comma;0.3); border-radius: 8px;' src='http:\/\/ftp3.syscom.mx\/usuarios\/jdelafuente\/THORSMAN\/THORSMAN%20logo.jpg' alt='Logo THORSMAN'> <\/div>\n<div style='display: flex; flex-wrap: wrap; gap: 30px; margin-bottom: 30px;'>\n<div style='flex: 1 1 300px; min-width: 280px;'>\n<h3 style='font-size: 22px; border-bottom: 2px solid currentColor; padding-bottom: 5px; margin-top: 0; color: inherit; opacity: 0.8;'>Caracter\u00edsticas<\/h3>\n<ul style='padding-left: 20px; font-size: 15px; color: inherit;'>\n<li style='margin-bottom: 5px;'>Mini caja de piso&comma; alimentaci\u00f3n el\u00e9ctrica para equipo de telecomunicaciones y c\u00f3mputo con puertos USB<\/li>\n<li style='margin-bottom: 5px;'>Medidas: 12.4 x 12 x 7.2 cm (Largo x Ancho x Alto)<\/li>\n<li style='margin-bottom: 5px;'>Peso individual: 0.7486 kg<\/li>\n<li style='margin-bottom: 5px;'>Voltaje de operaci\u00f3n para contactos\/USB: 250V-10amp \/ class 2 2&comma;5Vcc-0.7A<\/li>\n<\/ul><\/div>\n<div style='flex: 1 1 300px; min-width: 280px;'>\n<h3 style='font-size: 22px; border-bottom: 2px solid currentColor; padding-bottom: 5px; margin-top: 0; color: inherit; opacity: 0.8;'>Materiales<\/h3>\n<ul style='padding-left: 20px; font-size: 15px; color: inherit;'>\n<li style='margin-bottom: 5px;'>Acabados de aluminio<\/li>\n<\/ul><\/div>\n<div style='flex: 1 1 300px; min-width: 280px;'>\n<h3 style='font-size: 22px; border-bottom: 2px solid currentColor; padding-bottom: 5px; margin-top: 0; color: inherit; opacity: 0.8;'>Presentaci\u00f3n comercial<\/h3>\n<ul style='padding-left: 20px; font-size: 15px; color: inherit;'>\n<li style='margin-bottom: 5px;'>Caja con 1 pieza (incluye caja met\u00e1lica &comma; instructivo de instalaci\u00f3n y 2 tornillos de fijaci\u00f3n)<\/li>\n<\/ul><\/div>\n<\/p><\/div>\n<div style='display: flex; flex-wrap: wrap; gap: 30px; margin-bottom: 30px;'>\n<div style='flex: 1 1 300px; min-width: 280px;'>\n<h3 style='font-size: 22px; border-bottom: 2px solid currentColor; padding-bottom: 5px; margin-top: 0; color: inherit; opacity: 0.8;'>Dimensiones (Acotaci\u00f3n en mm)<\/h3>\n<div style='display: flex; justify-content: center;'> <img style='width: 100%; max-width: 400px; height: auto; border: 1px solid rgba(150&comma;150&comma;150&comma;0.3); border-radius: 8px;' src='http:\/\/ftp3.syscom.mx\/usuarios\/fotos\/THMCPU\/87018-thmcpu.jpg' alt='Dimensiones'> <\/div>\n<\/p><\/div>\n<div style='flex: 1 1 300px; min-width: 280px;'>\n<h3 style='font-size: 22px; border-bottom: 2px solid currentColor; padding-bottom: 5px; margin-top: 0; color: inherit; opacity: 0.8;'>Video de Instalaci\u00f3n<\/h3>\n<div style='position: relative; padding-bottom: 56.25%; height: 0; overflow: hidden; margin-bottom: 30px;'>   <\/div>\n<\/p><\/div>\n<\/p><\/div>\n<hr style='border: 0; border-top: 1px solid rgba(150&comma; 150&comma; 150&comma; 0.3); margin: 30px 0;'>\n<div style='display: flex; flex-wrap: wrap; justify-content: center; gap: 30px; margin-bottom: 30px;'> <img style='width: 100%; max-width: 570px; height: auto; border: 1px solid rgba(150&comma;150&comma;150&comma;0.3); border-radius: 8px;' src='https:\/\/ftp3.syscom.mx\/usuarios\/ftp\/single_page\/thorsman\/Thorsman1-02.jpg' alt='Thorsman 1-02'> <img style='width: 100%; max-width: 570px; height: auto; border: 1px solid rgba(150&comma;150&comma;150&comma;0.3); border-radius: 8px;' src='https:\/\/ftp3.syscom.mx\/usuarios\/ftp\/single_page\/thorsman\/Thorsman1-01.jpg' alt='Thorsman 1-01'> <\/div>\n<div style='margin-bottom: 30px;'>\n<div style='width: 100%; padding: 20px; background: linear-gradient(90deg&comma; #2a397a 50%&comma; #0080ff 100%); text-align: center; border-radius: 8px;'>\n<h1 style='font-size: 22px; font-family: roboto; font-weight: 300; margin: 0; padding: 1% 0; color: inherit;'>Thorsman es la Marca L\u00edder en M\u00e9xico Reconocida por Productos de Canalizaci\u00f3n y Fijaci\u00f3n<\/h1>\n<\/p><\/div>\n<\/p><\/div>\n<div style='display: flex; flex-wrap: wrap; margin-bottom: 30px;'>\n<div style='flex: 1 1 100%; position: relative; margin-bottom: 30px;'> <img style='width: 100%; height: auto; border: 1px solid rgba(150&comma;150&comma;150&comma;0.3); border-radius: 8px;' src='https:\/\/ftp3.syscom.mx\/usuarios\/ftp\/single_page\/thorsman\/Thorsman1-03.jpg' alt='Thorsman 1-03'> <\/p>\n<div style='position: absolute; top: 20%; left: 15%; max-width: 40%;'> <img style='width: 100%; max-width: 200px; height: auto; border: 1px solid rgba(150&comma;150&comma;150&comma;0.3); border-radius: 8px;' src='https:\/\/ftp3.syscom.mx\/usuarios\/ftp\/single_page\/thorsman\/thorsman1-04.png' alt='Thorsman 1-04'> <\/div>\n<div style='position: absolute; top: 20%; right: 15%; max-width: 40%;'>\n<h4 style='line-height: 140%; font-family: roboto; font-weight: 300; color: inherit;'>Cuenta con amplia gama de soluciones para instalaciones el\u00e9ctricas y de cableado estructurado&comma; brindan funcionalidad&comma; distribuci\u00f3n&comma; protecci\u00f3n y est\u00e9tica&comma; tambi\u00e9n lo puede encontrar como: mesa de capacidades para eletrocalhas&comma; capacidad de carga de canaletas aparentes.<\/h4>\n<\/p><\/div>\n<\/p><\/div>\n<\/p><\/div>\n<div style='margin-bottom: 30px;'>\n<div style='width: 100%; padding: 20px; background-color: #2a397a; text-align: center; border-radius: 8px;'>\n<h3 style='font-size: 20px; margin-top: 0; padding-top: 1%; color: inherit;'>Sistemas que cubren todas las necesidades<\/h3>\n<div style='display: flex; flex-wrap: wrap; justify-content: center; gap: 20px; padding: 20px;'>\n<div style='flex: 1 1 150px; text-align: center;'> <img style='width: 100%; max-width: 100px; height: auto; border: 1px solid rgba(150&comma;150&comma;150&comma;0.3); border-radius: 8px;' src='https:\/\/ftp3.syscom.mx\/usuarios\/ftp\/single_page\/thorsman\/thorsman1-09.png' alt='Hospital'> <\/p>\n<p style='margin: 10px 0; color: inherit;'>Hospital<\/p>\n<\/p><\/div>\n<div style='flex: 1 1 150px; text-align: center;'> <img style='width: 100%; max-width: 100px; height: auto; border: 1px solid rgba(150&comma;150&comma;150&comma;0.3); border-radius: 8px;' src='https:\/\/ftp3.syscom.mx\/usuarios\/ftp\/single_page\/thorsman\/thorsman1-08.png' alt='Hogar'> <\/p>\n<p style='margin: 10px 0; color: inherit;'>Hogar<\/p>\n<\/p><\/div>\n<div style='flex: 1 1 150px; text-align: center;'> <img style='width: 100%; max-width: 100px; height: auto; border: 1px solid rgba(150&comma;150&comma;150&comma;0.3); border-radius: 8px;' src='https:\/\/ftp3.syscom.mx\/usuarios\/ftp\/single_page\/thorsman\/thorsman1-10.png' alt='Industria'> <\/p>\n<p style='margin: 10px 0; color: inherit;'>Industria<\/p>\n<\/p><\/div>\n<div style='flex: 1 1 150px; text-align: center;'> <img style='width: 100%; max-width: 100px; height: auto; border: 1px solid rgba(150&comma;150&comma;150&comma;0.3); border-radius: 8px;' src='https:\/\/ftp3.syscom.mx\/usuarios\/ftp\/single_page\/thorsman\/thorsman1-11.png' alt='Oficina'> <\/p>\n<p style='margin: 10px 0; color: inherit;'>Oficina<\/p>\n<\/p><\/div>\n<\/p><\/div>\n<\/p><\/div>\n<\/p><\/div>\n<div style='display: flex; flex-wrap: wrap; gap: 30px;'>\n<div style='flex: 1 1 300px; min-width: 280px;'>\n<div style='padding: 15px; border: 1px solid rgba(150&comma; 150&comma; 150&comma; 0.4); border-radius: 8px; overflow: hidden;'> <img style='width: 100%; max-width: 150px; height: auto; border: none;' src='https:\/\/ftp3.syscom.mx\/usuarios\/ftp\/single_page\/thorsman\/thorsman1-05.png' alt='Sistema 1'> <\/p>\n<p style='padding: 10px; font-size: 14px; color: inherit;'>El 40% de la capacidad es la m\u00e1xima recomendada por EIA\/TIA-569-A para dise\u00f1ar sistemas de cableado estructurado.<\/p>\n<\/p><\/div>\n<\/p><\/div>\n<div style='flex: 1 1 300px; min-width: 280px;'>\n<div style='padding: 15px; border: 1px solid rgba(150&comma; 150&comma; 150&comma; 0.4); border-radius: 8px; overflow: hidden;'> <img style='width: 100%; max-width: 150px; height: auto; border: none;' src='https:\/\/ftp3.syscom.mx\/usuarios\/ftp\/single_page\/thorsman\/thorsman1-06.png' alt='Sistema 2'> <\/p>\n<p style='padding: 10px; font-size: 14px; color: inherit;'>Encuentre los sistemas de fijaci\u00f3n de Thorsman&comma; como las grapas para cable&comma; fleje&comma; cinchos de nylon y acero inoxidable&comma; que son fundamentales para la seguridad en cualquier instalaci\u00f3n.<\/p>\n<\/p><\/div>\n<\/p><\/div>\n<div style='flex: 1 1 300px; min-width: 280px;'>\n<div style='padding: 15px; border: 1px solid rgba(150&comma; 150&comma; 150&comma; 0.4); border-radius: 8px; overflow: hidden;'> <img style='width: 100%; max-width: 150px; height: auto; border: none;' src='https:\/\/ftp3.syscom.mx\/usuarios\/ftp\/single_page\/thorsman\/thorsman1-07.png' alt='Sistema 3'> <\/p>\n<p style='padding: 10px; font-size: 14px; color: inherit;'>Los sistemas thelecom de Thorsman&comma; como las mini cajas de piso de energ\u00eda y voz\/datos&comma; as\u00ed como las cajas de piso de 2 y 4 m\u00f3dulos configurables&comma; brindan la soluci\u00f3n completa en conectividad para centros de entretenimiento como lo son casinos&comma; ferias&comma; museos&comma; plazas comerciales&comma; entre otros.<\/p>\n<\/p><\/div>\n<\/p><\/div>\n<\/p><\/div>\n<\/p><\/div>\n","protected":false},"excerpt":{"rendered":"<p>Caja de piso cuadrada con 2 puertos USB y contacto el\u00e9ctrico (11000-21203)<\/p>\n","protected":false},"featured_media":12011,"comment_status":"open","ping_status":"closed","template":"","meta":[],"product_brand":[],"product_cat":[585],"product_tag":[586,587,583],"class_list":{"0":"post-12012","1":"product","2":"type-product","3":"status-publish","4":"has-post-thumbnail","6":"product_cat-cajas-superficiales","7":"product_tag-cableado-de-cobre","8":"product_tag-cajas-superficiales","9":"product_tag-thorsman","11":"first","12":"outofstock","13":"sale","14":"shipping-taxable","15":"purchasable","16":"product-type-simple"},"_links":{"self":[{"href":"https:\/\/soydeaqui.ddns.net\/pachuca\/index.php\/wp-json\/wp\/v2\/product\/12012","targetHints":{"allow":["GET"]}}],"collection":[{"href":"https:\/\/soydeaqui.ddns.net\/pachuca\/index.php\/wp-json\/wp\/v2\/product"}],"about":[{"href":"https:\/\/soydeaqui.ddns.net\/pachuca\/index.php\/wp-json\/wp\/v2\/types\/product"}],"replies":[{"embeddable":true,"href":"https:\/\/soydeaqui.ddns.net\/pachuca\/index.php\/wp-json\/wp\/v2\/comments?post=12012"}],"wp:featuredmedia":[{"embeddable":true,"href":"https:\/\/soydeaqui.ddns.net\/pachuca\/index.php\/wp-json\/wp\/v2\/media\/12011"}],"wp:attachment":[{"href":"https:\/\/soydeaqui.ddns.net\/pachuca\/index.php\/wp-json\/wp\/v2\/media?parent=12012"}],"wp:term":[{"taxonomy":"product_brand","embeddable":true,"href":"https:\/\/soydeaqui.ddns.net\/pachuca\/index.php\/wp-json\/wp\/v2\/product_brand?post=12012"},{"taxonomy":"product_cat","embeddable":true,"href":"https:\/\/soydeaqui.ddns.net\/pachuca\/index.php\/wp-json\/wp\/v2\/product_cat?post=12012"},{"taxonomy":"product_tag","embeddable":true,"href":"https:\/\/soydeaqui.ddns.net\/pachuca\/index.php\/wp-json\/wp\/v2\/product_tag?post=12012"}],"curies":[{"name":"wp","href":"https:\/\/api.w.org\/{rel}","templated":true}]}}