{"id":120116,"date":"2026-03-24T05:45:31","date_gmt":"2026-03-24T05:45:31","guid":{"rendered":"https:\/\/soydeaqui.ddns.net\/pachuca\/index.php\/producto\/altavoz-de-techo-de-2-vias-woofer-de-8in-120-watts-8-ohms\/"},"modified":"2026-03-24T05:45:45","modified_gmt":"2026-03-24T05:45:45","slug":"altavoz-de-techo-de-2-vias-woofer-de-8in-120-watts-8-ohms","status":"publish","type":"product","link":"https:\/\/soydeaqui.ddns.net\/pachuca\/index.php\/producto\/altavoz-de-techo-de-2-vias-woofer-de-8in-120-watts-8-ohms\/","title":{"rendered":"Altavoz de techo de 2 v\u00edas | woofer de 8in | 120 watts | 8 Ohms"},"content":{"rendered":"<div style='width: 100%; max-width: 1200px; margin: 0 auto; font-family: sans-serif; line-height: 1.6; color: inherit; background-color: transparent;'> <!-- Logo --> <\/p>\n<div style='width: 100%; margin-bottom: 30px;'> <img style='width: 40%; height: auto; border: 1px solid rgba(150&comma;150&comma;150&comma;0.3); border-radius: 8px; margin: 0 auto; display: block;' src='https:\/\/ftp3.syscom.mx\/usuarios\/luis.vargas\/Truaudio\/truaudio-logo.png' alt='Logo Truaudio'> <\/div>\n<p> <!-- Secci\u00f3n 1 --> <\/p>\n<div style='display: flex; flex-wrap: wrap; gap: 30px; margin-bottom: 30px;'>\n<div style='flex: 1 1 300px; min-width: 280px;'> <img style='width: 100%; height: auto; border: 1px solid rgba(150&comma;150&comma;150&comma;0.3); border-radius: 8px;' src='https:\/\/ftp3.syscom.mx\/usuarios\/luis.vargas\/Truaudio\/phantom\/phantom.png' alt='Phantom Series'> <\/div>\n<div style='flex: 1 1 300px; min-width: 280px;'>\n<div style='font-size: 22px; color: inherit; opacity: 0.8; margin-bottom: 15px;'>Phantom Series \u2122<\/div>\n<p style='font-size: 15px; color: inherit; text-align: justify;'> La l\u00ednea Phantom ofrece woofers de vidrio y polipropileno que brindan claridad y reproducci\u00f3n de sonido precisa&comma; junto con un tweeter giratorio de 1 &#8216;que distribuye un sonido claro directo en un \u00e1rea amplia. Un crossover de alto grado utiliza inductores de cobre sin ox\u00edgeno&comma; resistencias cer\u00e1micas de alto vatio&comma; y condensadores de alta calidad. <\/p>\n<\/p><\/div>\n<\/p><\/div>\n<p> <!-- Secci\u00f3n 2 --> <\/p>\n<div style='display: flex; flex-wrap: wrap; gap: 30px; margin-bottom: 30px;'>\n<div style='flex: 1 1 300px; min-width: 280px;'>\n<p style='font-size: 15px; color: inherit; text-align: justify;'> Resistente a la humedad que le permite instalar en su cocina&comma; ba\u00f1o y debajo de aleros al aire libre. El toque final de nuestra parrilla sin marco de estilo fantasma magn\u00e9tico presenta una revelaci\u00f3n de solo 2 mm&comma; y todas las parrillas se pueden pintar para la apariencia perfecta ambiente. Parrillas cuadradas opcionales disponibles. <strong>Heard but not seen\u2122<\/strong> <\/p>\n<\/p><\/div>\n<div style='flex: 1 1 300px; min-width: 280px;'> <img style='width: 100%; height: auto; border: 1px solid rgba(150&comma;150&comma;150&comma;0.3); border-radius: 8px;' src='https:\/\/ftp3.syscom.mx\/usuarios\/luis.vargas\/Truaudio\/phantom\/malla.png' alt='Malla Phantom'> <\/div>\n<\/p><\/div>\n<p> <!-- Secci\u00f3n 3 --> <\/p>\n<div style='display: flex; flex-wrap: wrap; gap: 30px; margin-bottom: 30px;'>\n<div style='flex: 1 1 300px; min-width: 280px;'> <img style='width: 100%; height: auto; border: 1px solid rgba(150&comma;150&comma;150&comma;0.3); border-radius: 8px;' src='https:\/\/ftp3.syscom.mx\/usuarios\/luis.vargas\/Truaudio\/phantom\/phantom1.png' alt='Phantom 1'> <\/div>\n<div style='flex: 1 1 300px; min-width: 280px;'>\n<p style='font-size: 15px; color: inherit; text-align: justify;'> Construido con materiales de alta calidad para resistir los ambientes hostiles en instalaciones al aire libre&comma; el woofer de polipropileno inyectado de 8 &#8216;es altamente amortiguado y con p\u00e9rdidas&comma; lo que resulta en una ca\u00edda de alta frecuencia m\u00e1s suave&comma; reducci\u00f3n de la emisi\u00f3n de luz y superior a frecuencias medias. Un tweeter giratorio de c\u00fapula de seda de 1 &#8216;produce un sonido suave&comma; abierto y aireado al tiempo que permite a los instaladores la flexibilidad y la opci\u00f3n de dirigir el sonido. Un crossover de alto grado utiliza inductores de cobre sin ox\u00edgeno&comma; resistencias cer\u00e1micas de alto vatio y condensadores de alta calidad. <\/p>\n<\/p><\/div>\n<\/p><\/div>\n<p> <!-- GIF --> <\/p>\n<div style='width: 100%; margin-bottom: 30px;'> <img style='width: 100%; height: auto; border: 1px solid rgba(150&comma;150&comma;150&comma;0.3); border-radius: 8px;' src='https:\/\/ftp3.syscom.mx\/usuarios\/luis.vargas\/Truaudio\/truaudiogif1.gif' alt='Truaudio GIF'> <\/div>\n<p> <!-- Caracter\u00edsticas --> <\/p>\n<div style='display: flex; flex-wrap: wrap; gap: 30px; margin-bottom: 30px;'>\n<div style='flex: 1 1 300px; min-width: 280px;'>\n<h3 style='font-size: 22px; border-bottom: 2px solid currentColor; padding-bottom: 5px; margin-top: 0; color: inherit; opacity: 0.8;'>Caracter\u00edsticas generales<\/h3>\n<ul style='padding-left: 20px; font-size: 15px; color: inherit;'>\n<li style='margin-bottom: 5px;'><strong>Color:<\/strong> Negro<\/li>\n<li style='margin-bottom: 5px;'><strong>Tipo de altavoz:<\/strong> En techo&comma; de 2 v\u00edas<\/li>\n<li style='margin-bottom: 5px;'><strong>Tweeter:<\/strong> Domo suave de seda de 1&#8242;<\/li>\n<li style='margin-bottom: 5px;'><strong>Woofer:<\/strong> Polipropileno inyectado de 8&#8242;<\/li>\n<li style='margin-bottom: 5px;'><strong>Incluye:<\/strong> Regilla color blanco (pintable)<\/li>\n<li style='margin-bottom: 5px;'><strong>Tipo de parrilla:<\/strong> Estilo fantasma&comma; sin marco<\/li>\n<\/ul><\/div>\n<div style='flex: 1 1 300px; min-width: 280px;'>\n<h3 style='font-size: 22px; border-bottom: 2px solid currentColor; padding-bottom: 5px; margin-top: 0; color: inherit; opacity: 0.8;'>Especificaciones t\u00e9cnicas<\/h3>\n<ul style='padding-left: 20px; font-size: 15px; color: inherit;'>\n<li style='margin-bottom: 5px;'><strong>Sensibilidad:<\/strong> 90dB<\/li>\n<li style='margin-bottom: 5px;'><strong>Power:<\/strong> 120 Watts<\/li>\n<li style='margin-bottom: 5px;'><strong>Respuesta frecuente:<\/strong> 42 &#8211; 20k Hz (+\/- 3dB)<\/li>\n<li style='margin-bottom: 5px;'><strong>Impedancia:<\/strong> 8\u03a9<\/li>\n<li style='margin-bottom: 5px;'><strong>Dimensiones de corte:<\/strong> Di\u00e1metro: 9.9&#8242; (251mm)<\/li>\n<li style='margin-bottom: 5px;'><strong>Dimensiones de acabado:<\/strong> Di\u00e1metro: 10.4&#8242; (264mm) x Profundidad: 4&#8242; (101mm)<\/li>\n<\/ul><\/div>\n<\/p><\/div>\n<p> <!-- Videos --> <\/p>\n<div style='display: flex; flex-wrap: wrap; gap: 20px; margin-bottom: 30px;'>\n<div style='flex: 1 1 280px; min-width: 280px;'>\n<div style='position: relative; padding-bottom: 56.25%; height: 0; overflow: hidden;'>   <\/div>\n<\/p><\/div>\n<div style='flex: 1 1 280px; min-width: 280px;'>\n<div style='position: relative; padding-bottom: 56.25%; height: 0; overflow: hidden;'>   <\/div>\n<\/p><\/div>\n<div style='flex: 1 1 280px; min-width: 280px;'>\n<div style='position: relative; padding-bottom: 56.25%; height: 0; overflow: hidden;'>   <\/div>\n<\/p><\/div>\n<\/p><\/div>\n<p> <!-- Separador final --> <\/p>\n<hr style='border: 0; border-top: 1px solid rgba(150&comma; 150&comma; 150&comma; 0.3); margin: 30px 0;'> <\/div>\n","protected":false},"excerpt":{"rendered":"<p>Altavoz de techo de 2 v\u00edas | woofer de 8in | 120 watts | 8 Ohms<\/p>\n","protected":false},"featured_media":120115,"comment_status":"open","ping_status":"closed","template":"","meta":[],"product_brand":[],"product_cat":[424],"product_tag":[52,425,2060],"class_list":{"0":"post-120116","1":"product","2":"type-product","3":"status-publish","4":"has-post-thumbnail","6":"product_cat-bocinas-plafon","7":"product_tag-audio-residencial-comercial","8":"product_tag-bocinas-plafon","9":"product_tag-truaudio","11":"first","12":"instock","13":"sale","14":"shipping-taxable","15":"purchasable","16":"product-type-simple"},"_links":{"self":[{"href":"https:\/\/soydeaqui.ddns.net\/pachuca\/index.php\/wp-json\/wp\/v2\/product\/120116","targetHints":{"allow":["GET"]}}],"collection":[{"href":"https:\/\/soydeaqui.ddns.net\/pachuca\/index.php\/wp-json\/wp\/v2\/product"}],"about":[{"href":"https:\/\/soydeaqui.ddns.net\/pachuca\/index.php\/wp-json\/wp\/v2\/types\/product"}],"replies":[{"embeddable":true,"href":"https:\/\/soydeaqui.ddns.net\/pachuca\/index.php\/wp-json\/wp\/v2\/comments?post=120116"}],"wp:featuredmedia":[{"embeddable":true,"href":"https:\/\/soydeaqui.ddns.net\/pachuca\/index.php\/wp-json\/wp\/v2\/media\/120115"}],"wp:attachment":[{"href":"https:\/\/soydeaqui.ddns.net\/pachuca\/index.php\/wp-json\/wp\/v2\/media?parent=120116"}],"wp:term":[{"taxonomy":"product_brand","embeddable":true,"href":"https:\/\/soydeaqui.ddns.net\/pachuca\/index.php\/wp-json\/wp\/v2\/product_brand?post=120116"},{"taxonomy":"product_cat","embeddable":true,"href":"https:\/\/soydeaqui.ddns.net\/pachuca\/index.php\/wp-json\/wp\/v2\/product_cat?post=120116"},{"taxonomy":"product_tag","embeddable":true,"href":"https:\/\/soydeaqui.ddns.net\/pachuca\/index.php\/wp-json\/wp\/v2\/product_tag?post=120116"}],"curies":[{"name":"wp","href":"https:\/\/api.w.org\/{rel}","templated":true}]}}