{"id":120110,"date":"2026-03-24T05:45:12","date_gmt":"2026-03-24T05:45:12","guid":{"rendered":"https:\/\/soydeaqui.ddns.net\/pachuca\/index.php\/producto\/altavoz-de-techo-de-2-vias-woofer-de-6-5in-tweeter-de-1in-90-watts-8-ohms\/"},"modified":"2026-03-24T05:45:26","modified_gmt":"2026-03-24T05:45:26","slug":"altavoz-de-techo-de-2-vias-woofer-de-6-5in-tweeter-de-1in-90-watts-8-ohms","status":"publish","type":"product","link":"https:\/\/soydeaqui.ddns.net\/pachuca\/index.php\/producto\/altavoz-de-techo-de-2-vias-woofer-de-6-5in-tweeter-de-1in-90-watts-8-ohms\/","title":{"rendered":"Altavoz de techo de 2 vias | woofer de 6.5in | Tweeter de 1in | 90 watts | 8 Ohms"},"content":{"rendered":"<div style='width: 100%; max-width: 1200px; margin: 0 auto; font-family: sans-serif; line-height: 1.6; color: inherit; background-color: transparent;'> <!-- Imagen logo --> <\/p>\n<div style='width: 100%; text-align: center; margin: 30px 0;'> <img style='width: 40%; height: auto; border: 1px solid rgba(150&comma;150&comma;150&comma;0.3); border-radius: 8px;' src='https:\/\/ftp3.syscom.mx\/usuarios\/luis.vargas\/Truaudio\/truaudio-logo.png' alt='Logo Truaudio'> <\/div>\n<p> <!-- Secci\u00f3n con imagen y texto 1 --> <\/p>\n<div style='display: flex; flex-wrap: wrap; gap: 30px; margin-bottom: 30px; align-items: center;'>\n<div style='flex: 1 1 300px; min-width: 280px;'> <img style='width: 100%; height: auto; border: 1px solid rgba(150&comma;150&comma;150&comma;0.3); border-radius: 8px;' src='https:\/\/ftp3.syscom.mx\/usuarios\/luis.vargas\/Truaudio\/phantom\/phantom.png' alt='Phantom Series'> <\/div>\n<div style='flex: 1 1 300px; min-width: 280px;'>\n<div style='font-size: 22px; margin-bottom: 15px; color: inherit; opacity: 0.8;'>Phantom Series \u2122<\/div>\n<p style='font-size: 15px; color: inherit; text-align: justify;'>La l\u00ednea Phantom ofrece woofers de vidrio y polipropileno que brindan claridad y reproducci\u00f3n de sonido precisa&comma; junto con un tweeter giratorio de 1 &#8216;que distribuye un sonido claro directo en un \u00e1rea amplia. Un crossover de alto grado utiliza inductores de cobre sin ox\u00edgeno&comma; resistencias cer\u00e1micas de alto vatio&comma; y condensadores de alta calidad.<\/p>\n<\/p><\/div>\n<\/p><\/div>\n<p> <!-- Secci\u00f3n con imagen y texto 2 --> <\/p>\n<div style='display: flex; flex-wrap: wrap; gap: 30px; margin-bottom: 30px; align-items: center;'>\n<div style='flex: 1 1 300px; min-width: 280px; order: 2;'> <img style='width: 100%; height: auto; border: 1px solid rgba(150&comma;150&comma;150&comma;0.3); border-radius: 8px;' src='https:\/\/ftp3.syscom.mx\/usuarios\/luis.vargas\/Truaudio\/phantom\/malla.png' alt='Parrilla sin marco'> <\/div>\n<div style='flex: 1 1 300px; min-width: 280px; order: 1;'>\n<p style='font-size: 15px; color: inherit; text-align: justify;'>Resistente a la humedad que le permite instalar en su cocina&comma; ba\u00f1o y debajo de aleros al aire libre. El toque final de nuestra parrilla sin marco de estilo fantasma magn\u00e9tico presenta una revelaci\u00f3n de solo 2 mm&comma; y todas las parrillas se pueden pintar para la apariencia perfecta ambiente. Parrillas cuadradas opcionales disponibles. <strong style='color: inherit;'>Heard but not seen\u2122<\/strong><\/p>\n<\/p><\/div>\n<\/p><\/div>\n<p> <!-- Secci\u00f3n con imagen y texto 3 --> <\/p>\n<div style='display: flex; flex-wrap: wrap; gap: 30px; margin-bottom: 30px; align-items: center;'>\n<div style='flex: 1 1 300px; min-width: 280px;'> <img style='width: 100%; height: auto; border: 1px solid rgba(150&comma;150&comma;150&comma;0.3); border-radius: 8px;' src='https:\/\/ftp3.syscom.mx\/usuarios\/luis.vargas\/Truaudio\/phantom\/phantom1.png' alt='Construcci\u00f3n'> <\/div>\n<div style='flex: 1 1 300px; min-width: 280px;'>\n<p style='font-size: 15px; color: inherit; text-align: justify;'>Construido con materiales de alta calidad para resistir los ambientes hostiles en instalaciones al aire libre&comma; el woofer de polipropileno inyectado de 6 &#8216;es altamente amortiguado y con p\u00e9rdidas&comma; lo que resulta en una ca\u00edda de alta frecuencia m\u00e1s suave&comma; reducci\u00f3n de la emisi\u00f3n de luz y mayor a frecuencias medias. Un tweeter giratorio de c\u00fapula de seda de 1 &#8216;produce un sonido suave&comma; abierto y aireado. Un crossover de alto grado utiliza inductores de cobre sin ox\u00edgeno&comma; resistencias cer\u00e1micas de alto vatio y condensadores de alta calidad.<\/p>\n<\/p><\/div>\n<\/p><\/div>\n<p> <!-- GIF --> <\/p>\n<div style='width: 100%; text-align: center; margin: 30px 0;'> <img style='width: 100%; height: auto; border: 1px solid rgba(150&comma;150&comma;150&comma;0.3); border-radius: 8px;' src='https:\/\/ftp3.syscom.mx\/usuarios\/luis.vargas\/Truaudio\/truaudiogif1.gif' alt='Instalaci\u00f3n'> <\/div>\n<p> <!-- Caracter\u00edsticas --> <\/p>\n<div style='display: flex; flex-wrap: wrap; gap: 30px; margin-bottom: 30px;'>\n<div style='flex: 1 1 300px; min-width: 280px;'>\n<h3 style='font-size: 22px; border-bottom: 2px solid currentColor; padding-bottom: 5px; margin-top: 0; color: inherit; opacity: 0.8;'>Caracter\u00edsticas generales<\/h3>\n<ul style='padding-left: 20px; font-size: 15px; color: inherit;'>\n<li style='margin-bottom: 5px;'><strong style='color: inherit;'>Color:<\/strong> Negro<\/li>\n<li style='margin-bottom: 5px;'><strong style='color: inherit;'>Tipo de altavoz:<\/strong> En techo&comma; de 2 v\u00edas<\/li>\n<li style='margin-bottom: 5px;'><strong style='color: inherit;'>Tweeter:<\/strong> Domo suave de seda de 1 &#8216;<\/li>\n<li style='margin-bottom: 5px;'><strong style='color: inherit;'>Woofer:<\/strong> Polipropileno inyectado de 6.5 &#8216;<\/li>\n<li style='margin-bottom: 5px;'><strong style='color: inherit;'>Incluye:<\/strong> Regilla color blanco (pintable)<\/li>\n<li style='margin-bottom: 5px;'><strong style='color: inherit;'>Tipo de parrilla:<\/strong> Estilo fantasma&comma; sin marco<\/li>\n<\/ul><\/div>\n<div style='flex: 1 1 300px; min-width: 280px;'>\n<h3 style='font-size: 22px; border-bottom: 2px solid currentColor; padding-bottom: 5px; margin-top: 0; color: inherit; opacity: 0.8;'> <\/h3>\n<ul style='padding-left: 20px; font-size: 15px; color: inherit;'>\n<li style='margin-bottom: 5px;'><strong style='color: inherit;'>Sensibilidad:<\/strong> 90dB<\/li>\n<li style='margin-bottom: 5px;'><strong style='color: inherit;'>Potencia:<\/strong> 90 Watts<\/li>\n<li style='margin-bottom: 5px;'><strong style='color: inherit;'>Respuesta frecuente:<\/strong> 52 &#8211; 20k Hz (+\/- 3dB)<\/li>\n<li style='margin-bottom: 5px;'><strong style='color: inherit;'>Impedancia:<\/strong> 8\u03a9<\/li>\n<li style='margin-bottom: 5px;'><strong style='color: inherit;'>Dimensiones de corte:<\/strong> Di\u00e1metro: 8.2 &#8216; (208 mm)<\/li>\n<li style='margin-bottom: 5px;'><strong style='color: inherit;'>Dimensiones de acabado:<\/strong> 8.9 &#8216; (226 mm) x Profundo: 3.4 &#8216; (86 mm)<\/li>\n<\/ul><\/div>\n<\/p><\/div>\n<p> <!-- Nota --> <\/p>\n<div style='margin-bottom: 30px; font-size: 15px; color: inherit;'>\n<p style='margin: 0;'><strong style='color: inherit;'>Nota:<\/strong> Para uso de las entradas auxiliares an\u00e1logas (RCA&comma; Optical) es necesario registrar y completar la configuraci\u00f3n de las zonas en la aplicaci\u00f3n <strong style='color: inherit;'>&#8216;Google Home&#8217;<\/strong> (disponible para dispositivos Android e iOS)<\/p>\n<\/p><\/div>\n<p> <!-- Videos --> <\/p>\n<div style='display: flex; flex-wrap: wrap; gap: 20px; margin-bottom: 30px;'>\n<div style='flex: 1 1 300px; min-width: 280px;'>\n<div style='position: relative; padding-bottom: 56.25%; height: 0; overflow: hidden;'>   <\/div>\n<\/p><\/div>\n<div style='flex: 1 1 300px; min-width: 280px;'>\n<div style='position: relative; padding-bottom: 56.25%; height: 0; overflow: hidden;'>   <\/div>\n<\/p><\/div>\n<div style='flex: 1 1 300px; min-width: 280px;'>\n<div style='position: relative; padding-bottom: 56.25%; height: 0; overflow: hidden;'>   <\/div>\n<\/p><\/div>\n<\/p><\/div>\n<p> <!-- Separador --> <\/p>\n<hr style='border: 0; border-top: 1px solid rgba(150&comma; 150&comma; 150&comma; 0.3); margin: 30px 0;'> <\/div>\n","protected":false},"excerpt":{"rendered":"<p>Altavoz de techo de 2 vias | woofer de 6.5in | Tweeter de 1in | 90 watts | 8 Ohms<\/p>\n","protected":false},"featured_media":120109,"comment_status":"open","ping_status":"closed","template":"","meta":[],"product_brand":[],"product_cat":[424],"product_tag":[52,425,2060],"class_list":{"0":"post-120110","1":"product","2":"type-product","3":"status-publish","4":"has-post-thumbnail","6":"product_cat-bocinas-plafon","7":"product_tag-audio-residencial-comercial","8":"product_tag-bocinas-plafon","9":"product_tag-truaudio","11":"first","12":"instock","13":"sale","14":"shipping-taxable","15":"purchasable","16":"product-type-simple"},"_links":{"self":[{"href":"https:\/\/soydeaqui.ddns.net\/pachuca\/index.php\/wp-json\/wp\/v2\/product\/120110","targetHints":{"allow":["GET"]}}],"collection":[{"href":"https:\/\/soydeaqui.ddns.net\/pachuca\/index.php\/wp-json\/wp\/v2\/product"}],"about":[{"href":"https:\/\/soydeaqui.ddns.net\/pachuca\/index.php\/wp-json\/wp\/v2\/types\/product"}],"replies":[{"embeddable":true,"href":"https:\/\/soydeaqui.ddns.net\/pachuca\/index.php\/wp-json\/wp\/v2\/comments?post=120110"}],"wp:featuredmedia":[{"embeddable":true,"href":"https:\/\/soydeaqui.ddns.net\/pachuca\/index.php\/wp-json\/wp\/v2\/media\/120109"}],"wp:attachment":[{"href":"https:\/\/soydeaqui.ddns.net\/pachuca\/index.php\/wp-json\/wp\/v2\/media?parent=120110"}],"wp:term":[{"taxonomy":"product_brand","embeddable":true,"href":"https:\/\/soydeaqui.ddns.net\/pachuca\/index.php\/wp-json\/wp\/v2\/product_brand?post=120110"},{"taxonomy":"product_cat","embeddable":true,"href":"https:\/\/soydeaqui.ddns.net\/pachuca\/index.php\/wp-json\/wp\/v2\/product_cat?post=120110"},{"taxonomy":"product_tag","embeddable":true,"href":"https:\/\/soydeaqui.ddns.net\/pachuca\/index.php\/wp-json\/wp\/v2\/product_tag?post=120110"}],"curies":[{"name":"wp","href":"https:\/\/api.w.org\/{rel}","templated":true}]}}