{"id":120081,"date":"2026-03-24T05:43:35","date_gmt":"2026-03-24T05:43:35","guid":{"rendered":"https:\/\/soydeaqui.ddns.net\/pachuca\/index.php\/producto\/modulo-de-encendido-apagado-y-regulacion-de-volumen-para-base-1105-blanco\/"},"modified":"2026-03-24T05:43:39","modified_gmt":"2026-03-24T05:43:39","slug":"modulo-de-encendido-apagado-y-regulacion-de-volumen-para-base-1105-blanco","status":"publish","type":"product","link":"https:\/\/soydeaqui.ddns.net\/pachuca\/index.php\/producto\/modulo-de-encendido-apagado-y-regulacion-de-volumen-para-base-1105-blanco\/","title":{"rendered":"MODULO DE ENCENDIDO\/APAGADO Y REGULACI\u00d3N DE VOLUMEN PARA BASE 1105. BLANCO"},"content":{"rendered":"<div style='width: 100%; max-width: 1200px; margin: 0 auto; font-family: sans-serif; line-height: 1.6; color: inherit; background-color: transparent;'> <!-- Logo --> <\/p>\n<div style='width: 100%; display: flex; justify-content: center; margin: 20px 0;'> <img style='width: 40%; height: auto; border: 1px solid rgba(150&comma;150&comma;150&comma;0.3); border-radius: 8px;' src='https:\/\/ftp3.syscom.mx\/usuarios\/luis.vargas\/EGI\/Logo.png' alt='Logo'> <\/div>\n<p> <!-- Imagen principal --> <\/p>\n<div style='width: 100%; margin: 20px 0;'> <img style='width: 100%; height: auto; border: 1px solid rgba(150&comma;150&comma;150&comma;0.3); border-radius: 8px;' src='https:\/\/ftp3.syscom.mx\/usuarios\/luis.vargas\/EGI\/110710\/1107-2.png' alt='Producto'> <\/div>\n<p> <!-- Contenido con imagen y descripci\u00f3n --> <\/p>\n<div style='display: flex; flex-wrap: wrap; gap: 30px; margin: 30px 0;'>\n<div style='flex: 1 1 300px; min-width: 280px;'> <img style='width: 100%; height: auto; border: 1px solid rgba(150&comma;150&comma;150&comma;0.3); border-radius: 8px;' src='https:\/\/ftp3.syscom.mx\/usuarios\/luis.vargas\/EGI\/110710\/1107-1.png' alt='Producto'> <\/div>\n<div style='flex: 1 1 300px; min-width: 280px;'>\n<h3 style='font-size: 22px; border-bottom: 2px solid currentColor; padding-bottom: 5px; margin-top: 0; color: inherit; opacity: 0.8;'>1107.10<\/h3>\n<p style='font-size: 15px; color: inherit; text-align: justify;'> Pulsador de encendido con piloto luminoso. Regulador de volumen digital de 80 pasos de 1 dB. Entrada de pulsador de doble polaridad para activaci\u00f3n manual del micr\u00f3fono. Automezclable hasta 5 unidades. Datos T\u00e9cnicosT\u00e9cnicos <\/p>\n<\/p><\/div>\n<\/p><\/div>\n<p> <!-- Caracter\u00edsticas y segunda imagen --> <\/p>\n<div style='display: flex; flex-wrap: wrap; gap: 30px; margin: 30px 0;'>\n<div style='flex: 1 1 300px; min-width: 280px;'>\n<h3 style='font-size: 22px; border-bottom: 2px solid currentColor; padding-bottom: 5px; margin-top: 0; color: inherit; opacity: 0.8;'>Caracter\u00edsticas Generales<\/h3>\n<ul style='padding-left: 20px; font-size: 15px; color: inherit;'>\n<li style='margin-bottom: 5px;'>Alimentaci\u00f3n: 15 Vcc<\/li>\n<li style='margin-bottom: 5px;'>Consumo M\u00e1ximo: 2&comma;43 W<\/li>\n<li style='margin-bottom: 5px;'>Potencia de Salida RMS: 1&comma;25 W<\/li>\n<li style='margin-bottom: 5px;'>Impedancia m\u00ednima de carga: 16 \u03a9<\/li>\n<li style='margin-bottom: 5px;'>Impedancia de Entrada: 20 k\u03a9<\/li>\n<li style='margin-bottom: 5px;'><strong>No incluye embellecedor (Faceplate)<\/strong><\/li>\n<\/ul><\/div>\n<div style='flex: 1 1 300px; min-width: 280px;'> <img style='width: 100%; height: auto; border: 1px solid rgba(150&comma;150&comma;150&comma;0.3); border-radius: 8px;' src='https:\/\/ftp3.syscom.mx\/usuarios\/luis.vargas\/EGI\/110710\/1107-3.png' alt='Producto'> <\/div>\n<\/p><\/div>\n<\/p><\/div>\n","protected":false},"excerpt":{"rendered":"<p>MODULO DE ENCENDIDO\/APAGADO Y REGULACI\u00d3N DE VOLUMEN PARA BASE 1105. BLANCO<\/p>\n","protected":false},"featured_media":120080,"comment_status":"open","ping_status":"closed","template":"","meta":[],"product_brand":[],"product_cat":[240],"product_tag":[93,241,697],"class_list":{"0":"post-120081","1":"product","2":"type-product","3":"status-publish","4":"has-post-thumbnail","6":"product_cat-accesorios-audio-ip","7":"product_tag-accesorios","8":"product_tag-audio-ip","9":"product_tag-egi-audio-solutions","11":"first","12":"instock","13":"sale","14":"shipping-taxable","15":"purchasable","16":"product-type-simple"},"_links":{"self":[{"href":"https:\/\/soydeaqui.ddns.net\/pachuca\/index.php\/wp-json\/wp\/v2\/product\/120081","targetHints":{"allow":["GET"]}}],"collection":[{"href":"https:\/\/soydeaqui.ddns.net\/pachuca\/index.php\/wp-json\/wp\/v2\/product"}],"about":[{"href":"https:\/\/soydeaqui.ddns.net\/pachuca\/index.php\/wp-json\/wp\/v2\/types\/product"}],"replies":[{"embeddable":true,"href":"https:\/\/soydeaqui.ddns.net\/pachuca\/index.php\/wp-json\/wp\/v2\/comments?post=120081"}],"wp:featuredmedia":[{"embeddable":true,"href":"https:\/\/soydeaqui.ddns.net\/pachuca\/index.php\/wp-json\/wp\/v2\/media\/120080"}],"wp:attachment":[{"href":"https:\/\/soydeaqui.ddns.net\/pachuca\/index.php\/wp-json\/wp\/v2\/media?parent=120081"}],"wp:term":[{"taxonomy":"product_brand","embeddable":true,"href":"https:\/\/soydeaqui.ddns.net\/pachuca\/index.php\/wp-json\/wp\/v2\/product_brand?post=120081"},{"taxonomy":"product_cat","embeddable":true,"href":"https:\/\/soydeaqui.ddns.net\/pachuca\/index.php\/wp-json\/wp\/v2\/product_cat?post=120081"},{"taxonomy":"product_tag","embeddable":true,"href":"https:\/\/soydeaqui.ddns.net\/pachuca\/index.php\/wp-json\/wp\/v2\/product_tag?post=120081"}],"curies":[{"name":"wp","href":"https:\/\/api.w.org\/{rel}","templated":true}]}}