{"id":120073,"date":"2026-03-24T05:43:11","date_gmt":"2026-03-24T05:43:11","guid":{"rendered":"https:\/\/soydeaqui.ddns.net\/pachuca\/index.php\/producto\/altavoces-amplificada-de-montaje-en-pared-51-5-rms-20w8ohms-y-pasivo-20w-material-abs-reja-metalica-bracket-de-metal-color-blanco\/"},"modified":"2026-03-24T05:43:25","modified_gmt":"2026-03-24T05:43:25","slug":"altavoces-amplificada-de-montaje-en-pared-51-5-rms-20w8ohms-y-pasivo-20w-material-abs-reja-metalica-bracket-de-metal-color-blanco","status":"publish","type":"product","link":"https:\/\/soydeaqui.ddns.net\/pachuca\/index.php\/producto\/altavoces-amplificada-de-montaje-en-pared-51-5-rms-20w8ohms-y-pasivo-20w-material-abs-reja-metalica-bracket-de-metal-color-blanco\/","title":{"rendered":"Altavoces Amplificada de Montaje en Pared 5&#8243;+1.5&#8243; | RMS 20W@8ohms y Pasivo 20W | Material ABS | Reja Met\u00e1lica | Bracket de Metal | Color Blanco"},"content":{"rendered":"<div style='width: 100%; max-width: 1200px; margin: 0 auto; font-family: sans-serif; line-height: 1.6; color: inherit; background-color: transparent;'>\n<div style='display: flex; flex-direction: column; align-items: center; text-align: center; margin-bottom: 30px;'>\n<div style='position: relative; padding-bottom: 56.25%; height: 0; overflow: hidden; margin-bottom: 20px;'>   <\/div>\n<h1 style='font-size: 24px; margin: 0 0 10px 0; color: inherit;'><strong>Altavoces de montaje en pared activo SF-775AW<\/strong><\/h1>\n<p style='margin: 0 70px; font-size: 15px; color: inherit;'>El SF-775AW es un conjunto de altavoces est\u00e9reo de 5&#8221; que consta de un altavoz pasivo y un altavoz activo. Es la opci\u00f3n ideal para aplicaciones AV como salas de reuniones y cualquier otro lugar donde se necesite mostrar una presentaci\u00f3n multimedia.<\/p>\n<\/p><\/div>\n<div style='display: flex; flex-wrap: wrap; gap: 30px; margin-bottom: 40px;'>\n<div style='flex: 1 1 300px; min-width: 280px;'>\n<div style='width: 100%; border: 1px solid rgba(150&comma;150&comma;150&comma;0.3); border-radius: 8px; overflow: hidden; display: flex; flex-direction: column; height: 100%;'>\n<div style='background-color: rgba(238&comma;238&comma;238&comma;0.5);'> <img style='width: 100%; height: auto; border: none; border-radius: 0;' src='http:\/\/imageshack.com\/a\/img923\/1836\/BUSZUa.png' alt=''> <\/div>\n<div style='padding: 15px; border-top: 5px solid #DF001D;'>\n<h3 style='font-size: 18px; margin-top: 0; margin-bottom: 10px; color: inherit;'>Caracter\u00edsticas Principales<\/h3>\n<p style='font-size: 14px; margin: 0; color: inherit;'>Altavoz amplificado con sonido stereo Sistema de altavoces &comma; woofer de 5&#8221; y tweeter de 1.5&#8221; Ideal para escuelas&comma; hospitales&comma; salas de reunion e incluso para computadoras port\u00e1tiles. Alta fidelidad en calidad de sonido. De primer nivel. Cuenta con entrada para PC&comma; Celulares y micr\u00f3fono. 20 Watts est\u00e9reo a 8 Ohms de salida Montaje inclu\u00eddo<\/p>\n<\/p><\/div>\n<\/p><\/div>\n<\/p><\/div>\n<div style='flex: 1 1 300px; min-width: 280px;'>\n<div style='width: 100%; border: 1px solid rgba(150&comma;150&comma;150&comma;0.3); border-radius: 8px; overflow: hidden; display: flex; flex-direction: column; height: 100%;'>\n<div style='background-color: rgba(238&comma;238&comma;238&comma;0.5);'> <img style='width: 100%; height: auto; border: none; border-radius: 0;' src='http:\/\/imageshack.com\/a\/img923\/1869\/rJQa1r.png' alt=''> <\/div>\n<div style='padding: 15px; border-top: 5px solid #DF001D;'>\n<h3 style='font-size: 18px; margin-top: 0; margin-bottom: 10px; color: inherit;'>Caracter\u00edsticas<\/h3>\n<p style='font-size: 14px; margin: 0; color: inherit;'>El paquete de altavoces activos est\u00e1 dise\u00f1ado con controles de vol\u00famen y tono. La potencia de salida nominal es de 20W estable a 8 Ohms. El gabinete est\u00e1 hecho en ABS&comma; la rejilla de metal y el soporte o montaje de metal son de acabado blanco&comma; el montaje se coloca de manera f\u00e1cil y va inclu\u00eddo.<\/p>\n<\/p><\/div>\n<\/p><\/div>\n<\/p><\/div>\n<div style='flex: 1 1 300px; min-width: 280px;'>\n<div style='width: 100%; border: 1px solid rgba(150&comma;150&comma;150&comma;0.3); border-radius: 8px; overflow: hidden; display: flex; flex-direction: column; height: 100%;'>\n<div style='background-color: rgba(238&comma;238&comma;238&comma;0.5);'> <img style='width: 100%; height: auto; border: none; border-radius: 0;' src='http:\/\/imageshack.com\/a\/img923\/1784\/qSynCw.png' alt=''> <\/div>\n<div style='padding: 15px; border-top: 5px solid #DF001D;'>\n<h3 style='font-size: 18px; margin-top: 0; margin-bottom: 10px; color: inherit;'>Caracter\u00edsticas F\u00edsicas y El\u00e9ctricas<\/h3>\n<ul style='padding-left: 20px; margin: 0; font-size: 14px; list-style-type: disc; color: inherit;'>\n<li style='margin-bottom: 5px;'>RMS: 20W X 2@8\u03a9 Entrada: 0.5V<\/li>\n<li style='margin-bottom: 5px;'>Frecuencia: 80Hz-18KHz\/1W&comma; +\/-0.5dB<\/li>\n<li style='margin-bottom: 5px;'>THD: 20Hz-20KHz\/1W&comma; 0.05%<\/li>\n<li style='margin-bottom: 5px;'>Damping Factor >200@8\u03a9\/400Hz<\/li>\n<li style='margin-bottom: 5px;'>Conversion Rate: 30V\/US<\/li>\n<li style='margin-bottom: 5px;'>Channel Degree of Separation >75dB Radio: >95dB<\/li>\n<li style='margin-bottom: 5px;'>Amplificador: Clase AB<\/li>\n<li style='margin-bottom: 5px;'>Indicador: Alimentaci\u00f3n y energ\u00eda<\/li>\n<li style='margin-bottom: 5px;'>Consumo: 110VAC 50\/60Hz<\/li>\n<li style='margin-bottom: 5px;'>Dimensiones: 183 x 200 x 240mm<\/li>\n<li style='margin-bottom: 0;'>Peso: 4.7KG (por par).<\/li>\n<\/ul><\/div>\n<\/p><\/div>\n<\/p><\/div>\n<\/p><\/div>\n<\/p><\/div>\n","protected":false},"excerpt":{"rendered":"<p>Altavoces Amplificada de Montaje en Pared 5&#8243;+1.5&#8243; | RMS 20W@8ohms y Pasivo 20W | Material ABS | Reja Met\u00e1lica | Bracket de Metal | Color Blanco<\/p>\n","protected":false},"featured_media":120072,"comment_status":"open","ping_status":"closed","template":"","meta":[],"product_brand":[],"product_cat":[108],"product_tag":[110,109],"class_list":{"0":"post-120073","1":"product","2":"type-product","3":"status-publish","4":"has-post-thumbnail","6":"product_cat-epcom-proaudio","7":"product_tag-epcom-proaudio","8":"product_tag-megafonia-y-audioevacuacion","10":"first","11":"instock","12":"sale","13":"shipping-taxable","14":"purchasable","15":"product-type-simple"},"_links":{"self":[{"href":"https:\/\/soydeaqui.ddns.net\/pachuca\/index.php\/wp-json\/wp\/v2\/product\/120073","targetHints":{"allow":["GET"]}}],"collection":[{"href":"https:\/\/soydeaqui.ddns.net\/pachuca\/index.php\/wp-json\/wp\/v2\/product"}],"about":[{"href":"https:\/\/soydeaqui.ddns.net\/pachuca\/index.php\/wp-json\/wp\/v2\/types\/product"}],"replies":[{"embeddable":true,"href":"https:\/\/soydeaqui.ddns.net\/pachuca\/index.php\/wp-json\/wp\/v2\/comments?post=120073"}],"wp:featuredmedia":[{"embeddable":true,"href":"https:\/\/soydeaqui.ddns.net\/pachuca\/index.php\/wp-json\/wp\/v2\/media\/120072"}],"wp:attachment":[{"href":"https:\/\/soydeaqui.ddns.net\/pachuca\/index.php\/wp-json\/wp\/v2\/media?parent=120073"}],"wp:term":[{"taxonomy":"product_brand","embeddable":true,"href":"https:\/\/soydeaqui.ddns.net\/pachuca\/index.php\/wp-json\/wp\/v2\/product_brand?post=120073"},{"taxonomy":"product_cat","embeddable":true,"href":"https:\/\/soydeaqui.ddns.net\/pachuca\/index.php\/wp-json\/wp\/v2\/product_cat?post=120073"},{"taxonomy":"product_tag","embeddable":true,"href":"https:\/\/soydeaqui.ddns.net\/pachuca\/index.php\/wp-json\/wp\/v2\/product_tag?post=120073"}],"curies":[{"name":"wp","href":"https:\/\/api.w.org\/{rel}","templated":true}]}}