{"id":120066,"date":"2026-03-24T05:42:47","date_gmt":"2026-03-24T05:42:47","guid":{"rendered":"https:\/\/soydeaqui.ddns.net\/pachuca\/index.php\/producto\/altavoz-colgante-para-interior-5-6w-100v-material-abs\/"},"modified":"2026-03-24T05:43:06","modified_gmt":"2026-03-24T05:43:06","slug":"altavoz-colgante-para-interior-5-6w-100v-material-abs","status":"publish","type":"product","link":"https:\/\/soydeaqui.ddns.net\/pachuca\/index.php\/producto\/altavoz-colgante-para-interior-5-6w-100v-material-abs\/","title":{"rendered":"Altavoz Colgante para Interior 5&#8243; | 6W | 100V | Material ABS"},"content":{"rendered":"<div style='width: 100%; max-width: 1200px; margin: 0 auto; font-family: sans-serif; line-height: 1.6; color: inherit; background-color: transparent;'> <!-- Secci\u00f3n de descripci\u00f3n --> <\/p>\n<div style='margin-bottom: 30px; text-align: center;'>\n<h1 style='font-size: 24px; margin: 0 0 10px; color: inherit;'><strong>Altavoz colgante para interior 5&#8242;<\/strong><\/h1>\n<h3 style='font-size: 18px; margin: 0 0 20px; color: inherit;'>SF-200<\/h3>\n<p style='font-size: 15px; margin: 0 auto; max-width: 800px; color: inherit;'> El SF-200 es un altavoz colgante con un transformador incorporado de 70v \/ 100v. La tecnolog\u00eda del transformador reduce las p\u00e9rdidas de l\u00ednea en distancias m\u00e1s largas y permite una f\u00e1cil conexi\u00f3n en paralelo de m\u00faltiples altavoces&comma; adecuado para uso de lobby de hoteles o centros comerciales. <\/p>\n<\/p><\/div>\n<p> <!-- Secci\u00f3n de contenido con flex --> <\/p>\n<div style='display: flex; flex-wrap: wrap; gap: 30px; margin-bottom: 30px;'> <!-- Caracter\u00edsticas principales --> <\/p>\n<div style='flex: 1 1 300px; min-width: 280px;'>\n<div style='border: 1px solid rgba(150&comma; 150&comma; 150&comma; 0.3); border-radius: 8px; overflow: hidden;'>\n<div style='background-color: #eee; padding: 15px; border-bottom: 1px solid rgba(150&comma; 150&comma; 150&comma; 0.3);'> <img style='width: 100%; height: auto; border: 1px solid rgba(150&comma;150&comma;150&comma;0.3); border-radius: 8px;' src='https:\/\/ftp3.syscom.mx\/usuarios\/albamaria\/albamaria\/Epcomproaudio\/SF200-AD-1-l.png' alt=''> <\/div>\n<div style='padding: 15px;'>\n<h3 style='font-size: 20px; border-bottom: 2px solid currentColor; padding-bottom: 5px; margin-top: 0; color: inherit; opacity: 0.8;'>Caracter\u00edsticas principales<\/h3>\n<ul style='padding-left: 20px; font-size: 15px; color: inherit;'>\n<li style='margin-bottom: 10px;'>Es la opci\u00f3n ideal para aplicaciones industriales y comerciales para hoteles&comma; supermercados&comma; centros de exposiciones&comma; centros comerciales&comma; en donde se necesita m\u00fasica ambiental y mensajes de voz.<\/li>\n<li style='margin-bottom: 10px;'>Altavoz tipo colgante para aplicaciones de techo alto.<\/li>\n<li style='margin-bottom: 10px;'>Con anillo de seguridad para evitar ca\u00eddas.<\/li>\n<li style='margin-bottom: 10px;'>La carcasa de ABS y el cable del altavoz son de color blanco.<\/li>\n<\/ul><\/div>\n<\/p><\/div>\n<\/p><\/div>\n<p> <!-- Caracter\u00edsticas de audio --> <\/p>\n<div style='flex: 1 1 300px; min-width: 280px;'>\n<div style='border: 1px solid rgba(150&comma; 150&comma; 150&comma; 0.3); border-radius: 8px; overflow: hidden;'>\n<div style='background-color: #eee; padding: 15px; border-bottom: 1px solid rgba(150&comma; 150&comma; 150&comma; 0.3);'> <img style='width: 100%; height: auto; border: 1px solid rgba(150&comma;150&comma;150&comma;0.3); border-radius: 8px;' src='https:\/\/ftp3.syscom.mx\/usuarios\/albamaria\/albamaria\/Epcomproaudio\/SF200-l.png' alt=''> <\/div>\n<div style='padding: 15px;'>\n<h3 style='font-size: 20px; border-bottom: 2px solid currentColor; padding-bottom: 5px; margin-top: 0; color: inherit; opacity: 0.8;'>Caracter\u00edsticas de audio<\/h3>\n<ul style='padding-left: 20px; font-size: 15px; color: inherit;'>\n<li style='margin-bottom: 10px;'><strong>Potencia:<\/strong> 1.5W&comma; 3W y 6W @ 100V&comma; 0.75W&comma; 1.5W&comma; 3W @ 70V<\/li>\n<li style='margin-bottom: 10px;'><strong>Frecuencia de respuesta:<\/strong> 130 \u2013 14KHz.<\/li>\n<li style='margin-bottom: 10px;'><strong>Controlador de altavoz:<\/strong> 5\u201d x 1<\/li>\n<li style='margin-bottom: 10px;'><strong>Max. SPL:<\/strong> 99 dB.<\/li>\n<\/ul><\/div>\n<\/p><\/div>\n<\/p><\/div>\n<p> <!-- Caracter\u00edsticas F\u00edsicas y el\u00e9ctricas --> <\/p>\n<div style='flex: 1 1 300px; min-width: 280px;'>\n<div style='border: 1px solid rgba(150&comma; 150&comma; 150&comma; 0.3); border-radius: 8px; overflow: hidden;'>\n<div style='background-color: #eee; padding: 15px; border-bottom: 1px solid rgba(150&comma; 150&comma; 150&comma; 0.3);'> <img style='width: 100%; height: auto; border: 1px solid rgba(150&comma;150&comma;150&comma;0.3); border-radius: 8px;' src='https:\/\/ftp3.syscom.mx\/usuarios\/albamaria\/albamaria\/Epcomproaudio\/SF200.png' alt=''> <\/div>\n<div style='padding: 15px;'>\n<h3 style='font-size: 20px; border-bottom: 2px solid currentColor; padding-bottom: 5px; margin-top: 0; color: inherit; opacity: 0.8;'>Caracter\u00edsticas F\u00edsicas y el\u00e9ctricas:<\/h3>\n<ul style='padding-left: 20px; font-size: 15px; color: inherit;'>\n<li style='margin-bottom: 10px;'><strong>Materia:<\/strong> ABS.<\/li>\n<li style='margin-bottom: 10px;'><strong>Dimensiones:<\/strong> 205 x 205 mm<\/li>\n<li style='margin-bottom: 10px;'><strong>Peso:<\/strong> 1.1Kg.<\/li>\n<li style='margin-bottom: 10px;'><strong>Montaje:<\/strong> Soporte de montaje fijado por tornillo.<\/li>\n<li style='margin-bottom: 10px;'><strong>Color:<\/strong> Blanco.<\/li>\n<\/ul><\/div>\n<\/p><\/div>\n<\/p><\/div>\n<\/p><\/div>\n<p> <!-- Separador --> <\/p>\n<hr style='border: 0; border-top: 1px solid rgba(150&comma; 150&comma; 150&comma; 0.3); margin: 30px 0;'> <\/div>\n","protected":false},"excerpt":{"rendered":"<p>Altavoz Colgante para Interior 5&#8243; | 6W | 100V | Material ABS<\/p>\n","protected":false},"featured_media":120065,"comment_status":"open","ping_status":"closed","template":"","meta":[],"product_brand":[],"product_cat":[108],"product_tag":[110,109],"class_list":{"0":"post-120066","1":"product","2":"type-product","3":"status-publish","4":"has-post-thumbnail","6":"product_cat-epcom-proaudio","7":"product_tag-epcom-proaudio","8":"product_tag-megafonia-y-audioevacuacion","10":"first","11":"instock","12":"sale","13":"shipping-taxable","14":"purchasable","15":"product-type-simple"},"_links":{"self":[{"href":"https:\/\/soydeaqui.ddns.net\/pachuca\/index.php\/wp-json\/wp\/v2\/product\/120066","targetHints":{"allow":["GET"]}}],"collection":[{"href":"https:\/\/soydeaqui.ddns.net\/pachuca\/index.php\/wp-json\/wp\/v2\/product"}],"about":[{"href":"https:\/\/soydeaqui.ddns.net\/pachuca\/index.php\/wp-json\/wp\/v2\/types\/product"}],"replies":[{"embeddable":true,"href":"https:\/\/soydeaqui.ddns.net\/pachuca\/index.php\/wp-json\/wp\/v2\/comments?post=120066"}],"wp:featuredmedia":[{"embeddable":true,"href":"https:\/\/soydeaqui.ddns.net\/pachuca\/index.php\/wp-json\/wp\/v2\/media\/120065"}],"wp:attachment":[{"href":"https:\/\/soydeaqui.ddns.net\/pachuca\/index.php\/wp-json\/wp\/v2\/media?parent=120066"}],"wp:term":[{"taxonomy":"product_brand","embeddable":true,"href":"https:\/\/soydeaqui.ddns.net\/pachuca\/index.php\/wp-json\/wp\/v2\/product_brand?post=120066"},{"taxonomy":"product_cat","embeddable":true,"href":"https:\/\/soydeaqui.ddns.net\/pachuca\/index.php\/wp-json\/wp\/v2\/product_cat?post=120066"},{"taxonomy":"product_tag","embeddable":true,"href":"https:\/\/soydeaqui.ddns.net\/pachuca\/index.php\/wp-json\/wp\/v2\/product_tag?post=120066"}],"curies":[{"name":"wp","href":"https:\/\/api.w.org\/{rel}","templated":true}]}}