{"id":120061,"date":"2026-03-24T05:42:32","date_gmt":"2026-03-24T05:42:32","guid":{"rendered":"https:\/\/soydeaqui.ddns.net\/pachuca\/index.php\/producto\/altavoz-de-pared-de-2-vias-woofer-4in-1-5in-2-5w-20w-para-sistemas-70-100v-y-8-ohms-material-abs-rejilla-y-bracket-de-metal-color-blanco\/"},"modified":"2026-03-24T05:42:42","modified_gmt":"2026-03-24T05:42:42","slug":"altavoz-de-pared-de-2-vias-woofer-4in-1-5in-2-5w-20w-para-sistemas-70-100v-y-8-ohms-material-abs-rejilla-y-bracket-de-metal-color-blanco","status":"publish","type":"product","link":"https:\/\/soydeaqui.ddns.net\/pachuca\/index.php\/producto\/altavoz-de-pared-de-2-vias-woofer-4in-1-5in-2-5w-20w-para-sistemas-70-100v-y-8-ohms-material-abs-rejilla-y-bracket-de-metal-color-blanco\/","title":{"rendered":"Altavoz de Pared de 2 v\u00edas | Woofer 4in + 1.5in | 2.5W &#8211; 20W | Para Sistemas 70\/100V y 8 ohms | Material ABS | Rejilla y Bracket de Metal | Color Blanco"},"content":{"rendered":"<div style='width: 100%; max-width: 1200px; margin: 0 auto; font-family: sans-serif; line-height: 1.6; color: inherit; background-color: transparent;'> <!-- Imagen 1 --> <\/p>\n<div style='width: 100%; text-align: center; margin-bottom: 30px;'> <img style='width: 40%; max-width: 400px; height: auto; border: 1px solid rgba(150&comma;150&comma;150&comma;0.3); border-radius: 8px;' src='https:\/\/ftp3.syscom.mx\/usuarios\/luis.vargas\/EpcomProAudio\/epcom_proaudio.png' alt='Logo Epcom Proaudio'> <\/div>\n<p> <!-- Separador --> <\/p>\n<hr style='border: 0; border-top: 1px solid rgba(150&comma; 150&comma; 150&comma; 0.3); margin: 30px 0;'> <!-- Caracter\u00edsticas --> <\/p>\n<div style='display: flex; flex-wrap: wrap; gap: 30px; margin-bottom: 30px;'>\n<div style='flex: 1 1 300px; min-width: 280px;'>\n<h3 style='font-size: 22px; border-bottom: 2px solid currentColor; padding-bottom: 5px; margin-top: 0; color: inherit; opacity: 0.8;'>Caracter\u00edsticas<\/h3>\n<ul style='padding-left: 20px; font-size: 15px; color: inherit;'>\n<li style='margin-bottom: 5px;'><strong>TAPS@100V:<\/strong> 2.5W&comma; 5W&comma; 10W&comma; 20W<\/li>\n<li style='margin-bottom: 5px;'><strong>TAPS@70V:<\/strong> 1.25W&comma; 2.5W&comma; 5W&comma; 10W&comma; 20W<\/li>\n<li style='margin-bottom: 5px;'><strong>Impedancia:<\/strong> 4K\u03a9 \/ 2K\u03a9 \/ 1K\u03a9 \/ 500\u03a9 \/ 250\u03a9<\/li>\n<li style='margin-bottom: 5px;'><strong>Entradas:<\/strong> 70\/100V\/8\u03a9<\/li>\n<\/ul><\/div>\n<div style='flex: 1 1 300px; min-width: 280px;'>\n<ul style='padding-left: 20px; font-size: 15px; color: inherit;'>\n<li style='margin-bottom: 5px;'><strong>Sensibilidad:<\/strong> 86dB SPL (1W\/1m)<\/li>\n<li style='margin-bottom: 5px;'><strong>Respuesta de Frecuencia (-10dB):<\/strong> 120-18KHz<\/li>\n<li style='margin-bottom: 5px;'><strong>Acabado:<\/strong> Baffle: ABS&comma; Parrilla: Metal<\/li>\n<li style='margin-bottom: 5px;'><strong>Speaker Driver:<\/strong> 4&#8217;x1; 1.5&#8217;x1<\/li>\n<\/ul><\/div>\n<div style='flex: 1 1 300px; min-width: 280px;'>\n<ul style='padding-left: 20px; font-size: 15px; color: inherit;'>\n<li style='margin-bottom: 5px;'>A Prueba de Humedad<\/li>\n<li style='margin-bottom: 5px;'><strong>Dimensions:<\/strong> 260 x 170 x 170mm<\/li>\n<li style='margin-bottom: 5px;'><strong>Weight:<\/strong> 2.3Kg<\/li>\n<li style='margin-bottom: 5px;'><strong>Montaje:<\/strong> Soporte fijado por tornillo<\/li>\n<\/ul><\/div>\n<\/p><\/div>\n<p> <!-- Separador --> <\/p>\n<hr style='border: 0; border-top: 1px solid rgba(150&comma; 150&comma; 150&comma; 0.3); margin: 30px 0;'> <!-- Imagen 2 y descripci\u00f3n --> <\/p>\n<div style='display: flex; flex-wrap: wrap; gap: 30px; margin-bottom: 30px;'>\n<div style='flex: 1 1 300px; min-width: 280px;'>\n<div style='width: 100%; text-align: center; margin-bottom: 20px;'> <img style='width: 50%; max-width: 300px; height: auto; border: 1px solid rgba(150&comma;150&comma;150&comma;0.3); border-radius: 8px;' src='https:\/\/ftp3.syscom.mx\/usuarios\/luis.vargas\/EpcomProAudio\/SF774\/SF774HW.png' alt='Altavoz SF774HW'> <\/div>\n<\/p><\/div>\n<div style='flex: 2 1 500px; min-width: 300px;'>\n<p style='font-size: 15px; color: inherit; text-align: justify; margin-bottom: 15px;'> El SF-774HW es un altavoz de montaje en pared integrado con transformador de 70v \/ 100v. La t\u00e9cnica del transformador 70v \/ 100v reduce las p\u00e9rdidas de l\u00ednea en distancias m\u00e1s largas y permite una f\u00e1cil conexi\u00f3n en paralelo de varios altavoces. <\/p>\n<p style='font-size: 15px; color: inherit; text-align: justify; margin-bottom: 15px;'> El controlador de altavoz de dos v\u00edas integrado de 4 &#8216;+1.5&#8217; est\u00e1 dise\u00f1ado para una amplia respuesta de frecuencia de 120-18kHz&comma; las m\u00faltiples tomas de corriente de 2.5W&comma; 5W&comma; 10W y 20W son \u00fatiles para diferentes aplicaciones que var\u00edan seg\u00fan el tama\u00f1o de la habitaci\u00f3n y el ruido ambiental. <\/p>\n<\/p><\/div>\n<\/p><\/div>\n<p> <!-- Separador --> <\/p>\n<hr style='border: 0; border-top: 1px solid rgba(150&comma; 150&comma; 150&comma; 0.3); margin: 30px 0;'> <!-- Imagen 3 y descripci\u00f3n --> <\/p>\n<div style='display: flex; flex-wrap: wrap; gap: 30px; margin-bottom: 30px;'>\n<div style='flex: 1 1 500px; min-width: 300px;'>\n<p style='font-size: 15px; color: inherit; text-align: justify; margin-bottom: 15px;'> La rejilla de metal&comma; la caja de ABS y el soporte de montaje de acero inoxidable son de color negro. Instalaci\u00f3n de montaje en pared f\u00e1cil y segura a trav\u00e9s del soporte de montaje suministrado. <\/p>\n<p style='font-size: 15px; color: inherit; text-align: justify; margin-bottom: 15px;'> Es la opci\u00f3n ideal para aplicaciones industriales y comerciales en hoteles&comma; escuelas&comma; oficinas y f\u00e1bricas donde se necesita m\u00fasica de fondo y buscapersonas. <\/p>\n<\/p><\/div>\n<div style='flex: 1 1 300px; min-width: 280px;'>\n<div style='width: 100%; text-align: center;'> <img style='width: 100%; max-width: 400px; height: auto; border: 1px solid rgba(150&comma;150&comma;150&comma;0.3); border-radius: 8px;' src='https:\/\/ftp3.syscom.mx\/usuarios\/luis.vargas\/EpcomProAudio\/SF774\/SF774H_3.png' alt='Instalaci\u00f3n SF774HW'> <\/div>\n<\/p><\/div>\n<\/p><\/div>\n<p> <!-- Separador --> <\/p>\n<hr style='border: 0; border-top: 1px solid rgba(150&comma; 150&comma; 150&comma; 0.3); margin: 30px 0;'> <!-- Videos --> <\/p>\n<h3 style='font-size: 22px; border-bottom: 2px solid currentColor; padding-bottom: 5px; margin-top: 0; margin-bottom: 20px; color: inherit; opacity: 0.8;'>VIDEOS<\/h3>\n<div style='display: flex; flex-wrap: wrap; gap: 30px; margin-bottom: 30px;'>\n<div style='flex: 1 1 300px; min-width: 280px;'>\n<div style='position: relative; padding-bottom: 56.25%; height: 0; overflow: hidden; margin-bottom: 30px;'>   <\/div>\n<\/p><\/div>\n<div style='flex: 1 1 300px; min-width: 280px;'>\n<div style='position: relative; padding-bottom: 56.25%; height: 0; overflow: hidden; margin-bottom: 30px;'>   <\/div>\n<\/p><\/div>\n<div style='flex: 1 1 300px; min-width: 280px;'>\n<div style='position: relative; padding-bottom: 56.25%; height: 0; overflow: hidden; margin-bottom: 30px;'>   <\/div>\n<\/p><\/div>\n<\/p><\/div>\n<\/p><\/div>\n","protected":false},"excerpt":{"rendered":"<p>Altavoz de Pared de 2 v\u00edas | Woofer 4in + 1.5in | 2.5W &#8211; 20W | Para Sistemas 70\/100V y 8 ohms | Material ABS | Rejilla y Bracket de Metal | Color Blanco<\/p>\n","protected":false},"featured_media":120060,"comment_status":"open","ping_status":"closed","template":"","meta":[],"product_brand":[],"product_cat":[108],"product_tag":[110,109],"class_list":{"0":"post-120061","1":"product","2":"type-product","3":"status-publish","4":"has-post-thumbnail","6":"product_cat-epcom-proaudio","7":"product_tag-epcom-proaudio","8":"product_tag-megafonia-y-audioevacuacion","10":"first","11":"instock","12":"sale","13":"shipping-taxable","14":"purchasable","15":"product-type-simple"},"_links":{"self":[{"href":"https:\/\/soydeaqui.ddns.net\/pachuca\/index.php\/wp-json\/wp\/v2\/product\/120061","targetHints":{"allow":["GET"]}}],"collection":[{"href":"https:\/\/soydeaqui.ddns.net\/pachuca\/index.php\/wp-json\/wp\/v2\/product"}],"about":[{"href":"https:\/\/soydeaqui.ddns.net\/pachuca\/index.php\/wp-json\/wp\/v2\/types\/product"}],"replies":[{"embeddable":true,"href":"https:\/\/soydeaqui.ddns.net\/pachuca\/index.php\/wp-json\/wp\/v2\/comments?post=120061"}],"wp:featuredmedia":[{"embeddable":true,"href":"https:\/\/soydeaqui.ddns.net\/pachuca\/index.php\/wp-json\/wp\/v2\/media\/120060"}],"wp:attachment":[{"href":"https:\/\/soydeaqui.ddns.net\/pachuca\/index.php\/wp-json\/wp\/v2\/media?parent=120061"}],"wp:term":[{"taxonomy":"product_brand","embeddable":true,"href":"https:\/\/soydeaqui.ddns.net\/pachuca\/index.php\/wp-json\/wp\/v2\/product_brand?post=120061"},{"taxonomy":"product_cat","embeddable":true,"href":"https:\/\/soydeaqui.ddns.net\/pachuca\/index.php\/wp-json\/wp\/v2\/product_cat?post=120061"},{"taxonomy":"product_tag","embeddable":true,"href":"https:\/\/soydeaqui.ddns.net\/pachuca\/index.php\/wp-json\/wp\/v2\/product_tag?post=120061"}],"curies":[{"name":"wp","href":"https:\/\/api.w.org\/{rel}","templated":true}]}}