{"id":120044,"date":"2026-03-24T05:41:40","date_gmt":"2026-03-24T05:41:40","guid":{"rendered":"https:\/\/soydeaqui.ddns.net\/pachuca\/index.php\/producto\/altavoz-4-montaje-en-techo-3-6w-70-100v-frente-metalico-resistente-a-humedad\/"},"modified":"2026-03-24T05:41:51","modified_gmt":"2026-03-24T05:41:51","slug":"altavoz-4-montaje-en-techo-3-6w-70-100v-frente-metalico-resistente-a-humedad","status":"publish","type":"product","link":"https:\/\/soydeaqui.ddns.net\/pachuca\/index.php\/producto\/altavoz-4-montaje-en-techo-3-6w-70-100v-frente-metalico-resistente-a-humedad\/","title":{"rendered":"Altavoz  4&#8243; | Montaje en Techo | 3 &#8211; 6W | 70\/100V | Frente Met\u00e1lico | Resistente a Humedad"},"content":{"rendered":"<div style='width: 100%; max-width: 1200px; margin: 0 auto; font-family: sans-serif; line-height: 1.6; color: inherit; background-color: transparent;'>\n<p style='text-align: center; margin: 30px 0;'><img style='width: 40%; max-width: 300px; height: auto; border: 1px solid rgba(150&comma;150&comma;150&comma;0.3); border-radius: 8px;' src='https:\/\/ftp3.syscom.mx\/usuarios\/luis.vargas\/EpcomProAudio\/epcom_proaudio.png' alt=''><\/p>\n<hr style='border: 0; border-top: 1px solid rgba(150&comma; 150&comma; 150&comma; 0.3); margin: 30px 0;'>\n<div style='display: flex; flex-wrap: wrap; gap: 30px; margin-bottom: 30px;'>\n<div style='flex: 1 1 300px; min-width: 280px;'>\n<h3 style='font-size: 22px; border-bottom: 2px solid currentColor; padding-bottom: 5px; margin-top: 0; color: inherit; opacity: 0.8;'>Caracter\u00edsticas<\/h3>\n<ul style='padding-left: 20px; font-size: 15px; color: inherit;'>\n<li style='margin-bottom: 5px;'>Transformador Interconstruido de 70V\/100V<\/li>\n<li style='margin-bottom: 5px;'>Mini Altavoz para montaje en techo tipo empotrado<\/li>\n<li style='margin-bottom: 5px;'>Tama\u00f1o de 4&#8242; resitente a la humedad<\/li>\n<li style='margin-bottom: 5px;'>Potencia de 3W y 6W @ 100V<\/li>\n<li style='margin-bottom: 5px;'>Rejilla&comma; deflector y cubierta posterior de METAL<\/li>\n<li style='margin-bottom: 5px;'>Pintura en blanco RAL9016<\/li>\n<\/ul><\/div>\n<div style='flex: 1 1 300px; min-width: 280px;'>\n<h3 style='font-size: 22px; border-bottom: 2px solid currentColor; padding-bottom: 5px; margin-top: 0; color: inherit; opacity: 0.8;'>Descripci\u00f3n<\/h3>\n<ul style='padding-left: 20px; font-size: 15px; color: inherit;'>\n<li style='margin-bottom: 5px;'>El SF-104GD es un altavoz de techo con un transformador incorporado de 70v \/ 100v. La tecnolog\u00eda del transformador reduce las p\u00e9rdidas de l\u00ednea en mayor distancia y permite una f\u00e1cil conexi\u00f3n en paralelo de m\u00faltiples altavoces.<\/li>\n<li style='margin-bottom: 5px;'>El controlador del altavoz de 4&#8242; est\u00e1 dise\u00f1ado con una respuesta de frecuencia amplia de 90-18 kHz&comma; las m\u00faltiples tomas de alimentaci\u00f3n de 3W y 6W son \u00fatiles para diferentes aplicaciones que var\u00edan seg\u00fan el tama\u00f1o de la habitaci\u00f3n y el entorno de ruido ambiental. La rejilla met\u00e1lica y el deflector de metal est\u00e1n pintados en un atractivo color. Su abrazadera de resorte hace la instalaci\u00f3n f\u00e1cil y segura.<\/li>\n<li style='margin-bottom: 5px;'>Es la opci\u00f3n ideal para aplicaciones industriales y comerciales en hoteles&comma; escuelas&comma; oficinas y f\u00e1bricas donde se necesita m\u00fasica ambiental y mensajes de voz.<\/li>\n<\/ul><\/div>\n<div style='flex: 1 1 300px; min-width: 280px;'>\n<h3 style='font-size: 22px; border-bottom: 2px solid currentColor; padding-bottom: 5px; margin-top: 0; color: inherit; opacity: 0.8;'>Medidas<\/h3>\n<ul style='padding-left: 20px; font-size: 15px; color: inherit;'>\n<li style='margin-bottom: 5px;'>Diametro: 135mm<\/li>\n<li style='margin-bottom: 5px;'>Alto: 80mm<\/li>\n<li style='margin-bottom: 5px;'>Distancia entre clips: 110mm<\/li>\n<\/ul><\/div>\n<\/p><\/div>\n<\/p><\/div>\n","protected":false},"excerpt":{"rendered":"<p>Altavoz  4&#8243; | Montaje en Techo | 3 &#8211; 6W | 70\/100V | Frente Met\u00e1lico | Resistente a Humedad<\/p>\n","protected":false},"featured_media":120043,"comment_status":"open","ping_status":"closed","template":"","meta":[],"product_brand":[],"product_cat":[424],"product_tag":[52,425,110],"class_list":{"0":"post-120044","1":"product","2":"type-product","3":"status-publish","4":"has-post-thumbnail","6":"product_cat-bocinas-plafon","7":"product_tag-audio-residencial-comercial","8":"product_tag-bocinas-plafon","9":"product_tag-epcom-proaudio","11":"first","12":"instock","13":"sale","14":"shipping-taxable","15":"purchasable","16":"product-type-simple"},"_links":{"self":[{"href":"https:\/\/soydeaqui.ddns.net\/pachuca\/index.php\/wp-json\/wp\/v2\/product\/120044","targetHints":{"allow":["GET"]}}],"collection":[{"href":"https:\/\/soydeaqui.ddns.net\/pachuca\/index.php\/wp-json\/wp\/v2\/product"}],"about":[{"href":"https:\/\/soydeaqui.ddns.net\/pachuca\/index.php\/wp-json\/wp\/v2\/types\/product"}],"replies":[{"embeddable":true,"href":"https:\/\/soydeaqui.ddns.net\/pachuca\/index.php\/wp-json\/wp\/v2\/comments?post=120044"}],"wp:featuredmedia":[{"embeddable":true,"href":"https:\/\/soydeaqui.ddns.net\/pachuca\/index.php\/wp-json\/wp\/v2\/media\/120043"}],"wp:attachment":[{"href":"https:\/\/soydeaqui.ddns.net\/pachuca\/index.php\/wp-json\/wp\/v2\/media?parent=120044"}],"wp:term":[{"taxonomy":"product_brand","embeddable":true,"href":"https:\/\/soydeaqui.ddns.net\/pachuca\/index.php\/wp-json\/wp\/v2\/product_brand?post=120044"},{"taxonomy":"product_cat","embeddable":true,"href":"https:\/\/soydeaqui.ddns.net\/pachuca\/index.php\/wp-json\/wp\/v2\/product_cat?post=120044"},{"taxonomy":"product_tag","embeddable":true,"href":"https:\/\/soydeaqui.ddns.net\/pachuca\/index.php\/wp-json\/wp\/v2\/product_tag?post=120044"}],"curies":[{"name":"wp","href":"https:\/\/api.w.org\/{rel}","templated":true}]}}