{"id":120006,"date":"2026-03-24T05:39:34","date_gmt":"2026-03-24T05:39:34","guid":{"rendered":"https:\/\/soydeaqui.ddns.net\/pachuca\/index.php\/producto\/monitor-profesional-led-de-19-con-cristal-templado-ideal-para-videovigilancia-uso-24-7-resolucion-1280x1024p-entradas-de-video-hdmi-vga-y-bnc\/"},"modified":"2026-03-24T05:39:36","modified_gmt":"2026-03-24T05:39:36","slug":"monitor-profesional-led-de-19-con-cristal-templado-ideal-para-videovigilancia-uso-24-7-resolucion-1280x1024p-entradas-de-video-hdmi-vga-y-bnc","status":"publish","type":"product","link":"https:\/\/soydeaqui.ddns.net\/pachuca\/index.php\/producto\/monitor-profesional-led-de-19-con-cristal-templado-ideal-para-videovigilancia-uso-24-7-resolucion-1280x1024p-entradas-de-video-hdmi-vga-y-bnc\/","title":{"rendered":"Monitor Profesional LED de 19&#8243; con Cristal templado ideal para Videovigilancia \/ Uso 24\/7 \/ Resoluci\u00f3n 1280x1024p\/ Entradas de video HDMI, VGA y BNC"},"content":{"rendered":"<div style='width: 100%; max-width: 1200px; margin: 0 auto; font-family: sans-serif; line-height: 1.6; color: inherit; background-color: transparent;'> <!-- Im\u00e1genes --> <\/p>\n<div style='display: flex; flex-wrap: wrap; justify-content: center; gap: 20px; margin-bottom: 30px;'> <a href='https:\/\/syscom.mx\/principal\/consultarproductosazul?global_search=htamon&#038;ordenar=Precio_de_Menor_a_Mayor&#038;pag=1' target='_blank' rel='noopener' style='flex: 1 1 300px; max-width: 626px;'> <img style='width: 100%; height: auto; border: 1px solid rgba(150&comma;150&comma;150&comma;0.3); border-radius: 8px;' src='https:\/\/ftp3.syscom.mx\/usuarios\/gmagos\/Hanwha\/fotos\/Wisenet%20Monitores.png' alt=''> <\/a> <a href='https:\/\/www.syscom.mx\/producto\/SYS-B4306-WINSTED-72014.html' target='_blank' rel='noopener' style='flex: 1 1 300px; max-width: 345px;'> <img style='width: 100%; height: auto; border: 1px solid rgba(150&comma;150&comma;150&comma;0.3); border-radius: 8px;' src='https:\/\/ftp3.syscom.mx\/usuarios\/fotos\/SMT1935\/87758-sysb4306_det.jpg' alt=''> <\/a> <\/div>\n<p> <!-- T\u00edtulo --> <\/p>\n<h2 style='text-align: center; font-size: 20px; color: #f37934; margin: 0 0 30px 0; font-weight: bold;'>Monitores Profesionales ideales para Videovigilancia<\/h2>\n<p> <!-- Secci\u00f3n de caracter\u00edsticas --> <\/p>\n<div style='display: flex; flex-wrap: wrap; gap: 30px; margin-bottom: 30px;'>\n<div style='flex: 1 1 300px; min-width: 280px;'>\n<h3 style='font-size: 18px; border-bottom: 2px solid currentColor; padding-bottom: 5px; margin-top: 0; color: inherit; opacity: 0.8;'>Caracter\u00edsticas:<\/h3>\n<ul style='padding-left: 20px; font-size: 15px; color: inherit;'>\n<li style='margin-bottom: 5px;'>Tiempo de respuesta 5 m\/s.<\/li>\n<li style='margin-bottom: 5px;'>Brillantez 250 cd\/m2.<\/li>\n<li style='margin-bottom: 5px;'>Resoluci\u00f3n 1280 x 1024 pixeles (Apariencia 4:3)<\/li>\n<li style='margin-bottom: 5px;'>600+ L\u00edneas de resoluci\u00f3n.<\/li>\n<li style='margin-bottom: 5px;'><strong>Pantalla de vidrio templado.<\/strong><\/li>\n<\/ul><\/div>\n<div style='flex: 1 1 300px; min-width: 280px;'>\n<h3 style='font-size: 18px; border-bottom: 2px solid currentColor; padding-bottom: 5px; margin-top: 0; color: inherit; opacity: 0.8;'>Conectividad:<\/h3>\n<ul style='padding-left: 20px; font-size: 15px; color: inherit;'>\n<li style='margin-bottom: 5px;'><strong>4 Entradas de video<\/strong> (2 BNC&comma; VGA y HDMI).<\/li>\n<li style='margin-bottom: 5px;'>2 Entradas de audio en RCA.<\/li>\n<li style='margin-bottom: 5px;'>Ajuste de soporte giratorio y altura.<\/li>\n<li style='margin-bottom: 5px;'><strong>Bocinas integradas.<\/strong><\/li>\n<\/ul><\/div>\n<div style='flex: 1 1 300px; min-width: 280px;'>\n<h3 style='font-size: 18px; border-bottom: 2px solid currentColor; padding-bottom: 5px; margin-top: 0; color: inherit; opacity: 0.8;'>Especificaciones:<\/h3>\n<ul style='padding-left: 20px; font-size: 15px; color: inherit;'>\n<li style='margin-bottom: 5px;'><strong>Uso 24\/7<\/strong><\/li>\n<li style='margin-bottom: 5px;'>Compatible con montaje VESA.<\/li>\n<li style='margin-bottom: 5px;'>Consumo: 35W.<\/li>\n<li style='margin-bottom: 5px;'>Tama\u00f1o: 412 x 406.5 x 217.4 mm (con soporte).<\/li>\n<\/ul><\/div>\n<\/p><\/div>\n<p> <!-- Enlace a datasheet --> <\/p>\n<div style='text-align: center; margin: 30px 0;'> <a href='https:\/\/ftp3.syscom.mx\/usuarios\/ftp\/2016\/06\/22\/a5786\/SMT-1935_Datasheet_ENG%20(1).pdf' target='_blank' rel='noopener noreferrer' style='color: #f37934; text-decoration: underline; font-weight: bold;'> Para m\u00e1s informaci\u00f3n sobre caracter\u00edsticas t\u00e9cnicas&comma; ingrese aqu\u00ed. <\/a> <\/div>\n<\/p><\/div>\n","protected":false},"excerpt":{"rendered":"<p>Monitor Profesional LED de 19&#8243; con Cristal templado ideal para Videovigilancia \/ Uso 24\/7 \/ Resoluci\u00f3n 1280x1024p\/ Entradas de video HDMI, VGA y BNC<\/p>\n","protected":false},"featured_media":120005,"comment_status":"open","ping_status":"closed","template":"","meta":[],"product_brand":[],"product_cat":[2191],"product_tag":[1055,2089,2192],"class_list":{"0":"post-120006","1":"product","2":"type-product","3":"status-publish","4":"has-post-thumbnail","6":"product_cat-pantallas-monitores-monitores-pantallas-y-mobiliario","7":"product_tag-hanwha-vision","8":"product_tag-monitores-pantallas-y-mobiliario","9":"product_tag-pantallas-monitores-2","11":"first","12":"outofstock","13":"sale","14":"shipping-taxable","15":"purchasable","16":"product-type-simple"},"_links":{"self":[{"href":"https:\/\/soydeaqui.ddns.net\/pachuca\/index.php\/wp-json\/wp\/v2\/product\/120006","targetHints":{"allow":["GET"]}}],"collection":[{"href":"https:\/\/soydeaqui.ddns.net\/pachuca\/index.php\/wp-json\/wp\/v2\/product"}],"about":[{"href":"https:\/\/soydeaqui.ddns.net\/pachuca\/index.php\/wp-json\/wp\/v2\/types\/product"}],"replies":[{"embeddable":true,"href":"https:\/\/soydeaqui.ddns.net\/pachuca\/index.php\/wp-json\/wp\/v2\/comments?post=120006"}],"wp:featuredmedia":[{"embeddable":true,"href":"https:\/\/soydeaqui.ddns.net\/pachuca\/index.php\/wp-json\/wp\/v2\/media\/120005"}],"wp:attachment":[{"href":"https:\/\/soydeaqui.ddns.net\/pachuca\/index.php\/wp-json\/wp\/v2\/media?parent=120006"}],"wp:term":[{"taxonomy":"product_brand","embeddable":true,"href":"https:\/\/soydeaqui.ddns.net\/pachuca\/index.php\/wp-json\/wp\/v2\/product_brand?post=120006"},{"taxonomy":"product_cat","embeddable":true,"href":"https:\/\/soydeaqui.ddns.net\/pachuca\/index.php\/wp-json\/wp\/v2\/product_cat?post=120006"},{"taxonomy":"product_tag","embeddable":true,"href":"https:\/\/soydeaqui.ddns.net\/pachuca\/index.php\/wp-json\/wp\/v2\/product_tag?post=120006"}],"curies":[{"name":"wp","href":"https:\/\/api.w.org\/{rel}","templated":true}]}}