{"id":120004,"date":"2026-03-24T05:39:29","date_gmt":"2026-03-24T05:39:29","guid":{"rendered":"https:\/\/soydeaqui.ddns.net\/pachuca\/index.php\/producto\/monitor-profesional-led-ultra-delgado-de-24-resolucion-1920x1080p-entradas-de-video-hdmi-vga\/"},"modified":"2026-03-24T05:39:31","modified_gmt":"2026-03-24T05:39:31","slug":"monitor-profesional-led-ultra-delgado-de-24-resolucion-1920x1080p-entradas-de-video-hdmi-vga","status":"publish","type":"product","link":"https:\/\/soydeaqui.ddns.net\/pachuca\/index.php\/producto\/monitor-profesional-led-ultra-delgado-de-24-resolucion-1920x1080p-entradas-de-video-hdmi-vga\/","title":{"rendered":"Monitor Profesional LED Ultra Delgado de 24&#8243;, Resoluci\u00f3n 1920x1080p, Entradas de Video HDMI \/ VGA."},"content":{"rendered":"<div style='width: 100%; max-width: 1200px; margin: 0 auto; font-family: sans-serif; line-height: 1.6; color: inherit; background-color: transparent;'> <!-- Secci\u00f3n de garant\u00eda --> <\/p>\n<div style='display: flex; flex-wrap: wrap; gap: 30px; margin-bottom: 30px;'>\n<div style='flex: 1 1 300px; min-width: 280px;'>\n<h3 style='font-size: 22px; border-bottom: 2px solid currentColor; padding-bottom: 5px; margin-top: 0; color: inherit; opacity: 0.8;'>Pol\u00edtica de Garant\u00eda<\/h3>\n<ul style='padding-left: 20px; font-size: 15px; color: inherit;'>\n<li style='margin-bottom: 5px;'>SYSCOM se apega a las pol\u00edticas de garant\u00eda de cada proveedor de la marca y\/o f\u00e1brica.<\/li>\n<li style='margin-bottom: 5px;'>La cobertura de garant\u00eda por defecto de f\u00e1brica y\/o mal funcionamiento es de 30 d\u00edas con Syscom. Posterior a este periodo&comma; la garant\u00eda es directa con el fabricante.<\/li>\n<li style='margin-bottom: 5px;'>En quebraduras&comma; da\u00f1os f\u00edsicos de equipo y\/o empaque da\u00f1ado&comma; reportarlo dentro de las 24 horas posteriores a la fecha de recepci\u00f3n para el reclamo a paqueter\u00eda.<\/li>\n<\/ul><\/div>\n<\/p><\/div>\n<p> <!-- Secci\u00f3n de especificaciones --> <\/p>\n<div style='display: flex; flex-wrap: wrap; gap: 20px; margin-bottom: 30px;'>\n<div style='flex: 1 1 250px; border: 1px solid rgba(150&comma; 150&comma; 150&comma; 0.4); border-radius: 8px; overflow: hidden; display: flex; flex-direction: column;'>\n<div style='padding: 15px; border-bottom: 1px solid rgba(150&comma; 150&comma; 150&comma; 0.2); font-weight: bold; font-size: 18px; color: inherit;'>Especificaciones<\/div>\n<div style='padding: 15px; color: inherit;'>\n<ul style='padding-left: 20px; margin: 0; font-size: 14px; list-style-type: disc;'>\n<li style='margin-bottom: 5px;'><strong>Tama\u00f1o:<\/strong> 23.5&#8242;<\/li>\n<li style='margin-bottom: 5px;'><strong>Tama\u00f1o de \u00e1rea activa (H x V):<\/strong> 521.28 mm (H) x 293.22 mm (V)<\/li>\n<li style='margin-bottom: 5px;'><strong>Relaci\u00f3n de aspecto:<\/strong> 16 : 9<\/li>\n<li style='margin-bottom: 5px;'><strong>Tipo de panel:<\/strong> PLS<\/li>\n<li style='margin-bottom: 5px;'><strong>Brillo (t\u00edpico):<\/strong> 250 cd\/m\u00b2<\/li>\n<li style='margin-bottom: 5px;'><strong>Brillo (m\u00ednimo):<\/strong> 200 cd\/m\u00b2<\/li>\n<li style='margin-bottom: 5px;'><strong>Relaci\u00f3n de contraste est\u00e1tico:<\/strong> 1&comma;000 : 1 (t\u00edpico)&comma; 700 : 1 (m\u00ednimo)<\/li>\n<li style='margin-bottom: 5px;'><strong>Resoluci\u00f3n:<\/strong> 1&comma;920 x 1&comma;080<\/li>\n<li style='margin-bottom: 5px;'><strong>Tama\u00f1o de pixel (H x V):<\/strong> 0.2715 mm (H) x 0.2715 mm (V)<\/li>\n<li style='margin-bottom: 5px;'><strong>Tiempo de respuesta:<\/strong> 4 (GTG)<\/li>\n<li style='margin-bottom: 5px;'><strong>\u00c1ngulo de visualizaci\u00f3n (H \/ V):<\/strong> 178\u00b0 \/ 178\u00b0<\/li>\n<li style='margin-bottom: 5px;'><strong>Soporte de colores:<\/strong> 16.7 M<\/li>\n<li style='margin-bottom: 5px;'><strong>Entradas de video:<\/strong> VGA&comma; HDMI<\/li>\n<li style='margin-bottom: 5px;'><strong>Temperatura de operaci\u00f3n:<\/strong> 10 &#8211; 40 grados<\/li>\n<li style='margin-bottom: 5px;'><strong>Color:<\/strong> Negro<\/li>\n<li style='margin-bottom: 5px;'><strong>Alimentaci\u00f3n:<\/strong> 100 &#8211; 240Vca<\/li>\n<li style='margin-bottom: 5px;'><strong>Montaje compatible:<\/strong> VESA 75 x 75<\/li>\n<\/ul><\/div>\n<\/p><\/div>\n<\/p><\/div>\n<p> <!-- Separador --> <\/p>\n<hr style='border: 0; border-top: 1px solid rgba(150&comma; 150&comma; 150&comma; 0.3); margin: 30px 0;'> <\/div>\n","protected":false},"excerpt":{"rendered":"<p>Monitor Profesional LED Ultra Delgado de 24&#8243;, Resoluci\u00f3n 1920x1080p, Entradas de Video HDMI \/ VGA.<\/p>\n","protected":false},"featured_media":120003,"comment_status":"open","ping_status":"closed","template":"","meta":[],"product_brand":[],"product_cat":[2389],"product_tag":[2390,2161,2193],"class_list":{"0":"post-120004","1":"product","2":"type-product","3":"status-publish","4":"has-post-thumbnail","6":"product_cat-monitores","7":"product_tag-monitores","8":"product_tag-pantallas-monitores","9":"product_tag-samsung-electronics","11":"first","12":"outofstock","13":"sale","14":"shipping-taxable","15":"purchasable","16":"product-type-simple"},"_links":{"self":[{"href":"https:\/\/soydeaqui.ddns.net\/pachuca\/index.php\/wp-json\/wp\/v2\/product\/120004","targetHints":{"allow":["GET"]}}],"collection":[{"href":"https:\/\/soydeaqui.ddns.net\/pachuca\/index.php\/wp-json\/wp\/v2\/product"}],"about":[{"href":"https:\/\/soydeaqui.ddns.net\/pachuca\/index.php\/wp-json\/wp\/v2\/types\/product"}],"replies":[{"embeddable":true,"href":"https:\/\/soydeaqui.ddns.net\/pachuca\/index.php\/wp-json\/wp\/v2\/comments?post=120004"}],"wp:featuredmedia":[{"embeddable":true,"href":"https:\/\/soydeaqui.ddns.net\/pachuca\/index.php\/wp-json\/wp\/v2\/media\/120003"}],"wp:attachment":[{"href":"https:\/\/soydeaqui.ddns.net\/pachuca\/index.php\/wp-json\/wp\/v2\/media?parent=120004"}],"wp:term":[{"taxonomy":"product_brand","embeddable":true,"href":"https:\/\/soydeaqui.ddns.net\/pachuca\/index.php\/wp-json\/wp\/v2\/product_brand?post=120004"},{"taxonomy":"product_cat","embeddable":true,"href":"https:\/\/soydeaqui.ddns.net\/pachuca\/index.php\/wp-json\/wp\/v2\/product_cat?post=120004"},{"taxonomy":"product_tag","embeddable":true,"href":"https:\/\/soydeaqui.ddns.net\/pachuca\/index.php\/wp-json\/wp\/v2\/product_tag?post=120004"}],"curies":[{"name":"wp","href":"https:\/\/api.w.org\/{rel}","templated":true}]}}