{"id":120002,"date":"2026-03-24T05:39:21","date_gmt":"2026-03-24T05:39:21","guid":{"rendered":"https:\/\/soydeaqui.ddns.net\/pachuca\/index.php\/producto\/montaje-de-pared-universal-fijo-para-monitores-de-32-a-60-soporta-hasta-50-kg-vesa-600-x-400-400-x-400-400-x-200-acero-10-de-inclinacion-cuenta-con-nivel-para-ajuste\/"},"modified":"2026-03-24T05:39:24","modified_gmt":"2026-03-24T05:39:24","slug":"montaje-de-pared-universal-fijo-para-monitores-de-32-a-60-soporta-hasta-50-kg-vesa-600-x-400-400-x-400-400-x-200-acero-10-de-inclinacion-cuenta-con-nivel-para-ajuste","status":"publish","type":"product","link":"https:\/\/soydeaqui.ddns.net\/pachuca\/index.php\/producto\/montaje-de-pared-universal-fijo-para-monitores-de-32-a-60-soporta-hasta-50-kg-vesa-600-x-400-400-x-400-400-x-200-acero-10-de-inclinacion-cuenta-con-nivel-para-ajuste\/","title":{"rendered":"Montaje de Pared Universal Fijo para Monitores de 32 a 60 &#8221; \/ Soporta hasta 50 Kg \/ Vesa 600 x 400 \/ 400 x 400 \/ 400 x 200 \/ Acero \/ 10\u00b0 de Inclinaci\u00f3n \/ Cuenta con Nivel para Ajuste"},"content":{"rendered":"<div style='width: 100%; max-width: 1200px; margin: 0 auto; font-family: sans-serif; line-height: 1.6; color: inherit; background-color: transparent;'> <!-- Imagen principal --> <\/p>\n<div style='width: 100%; margin-bottom: 30px;'> <img style='width: 100%; height: auto; border: 1px solid rgba(150&comma;150&comma;150&comma;0.3); border-radius: 8px;' src='https:\/\/ftp3.syscom.mx\/usuarios\/albamaria\/albamaria\/NB\/ESTANDAR-VESA.jpg' alt=''> <\/div>\n<p> <!-- Descripci\u00f3n General --> <\/p>\n<div style='margin-bottom: 30px;'>\n<div style='display: flex; flex-wrap: wrap; gap: 30px;'>\n<div style='flex: 1 1 300px; min-width: 280px;'>\n<h3 style='font-size: 22px; border-bottom: 2px solid currentColor; padding-bottom: 5px; margin-top: 0; color: inherit; opacity: 0.8;'>Descripci\u00f3n General<\/h3>\n<p style='font-size: 15px; color: inherit; text-align: justify;'> Maximiza el espacio en tu comercio u oficina con nuestros montajes de pared universal para TV. Dise\u00f1ados para ofrecer una vista perfecta desde cualquier \u00e1ngulo&comma; estos soportes combinan funcionalidad y estilo&comma; adapt\u00e1ndose a cualquier entorno sin sacrificar espacio <\/p>\n<\/p><\/div>\n<\/p><\/div>\n<\/p><\/div>\n<p> <!-- Im\u00e1genes alineadas --> <\/p>\n<div style='display: flex; flex-wrap: wrap; gap: 15px; margin-bottom: 30px; justify-content: center;'>\n<div style='flex: 1 1 300px; min-width: 280px; max-width: 304px;'> <img style='width: 100%; height: auto; border: 1px solid rgba(150&comma;150&comma;150&comma;0.3); border-radius: 8px;' src='https:\/\/ftp3.syscom.mx\/usuarios\/fotos\/EPB64FW\/95120-epb64fwic1.png' alt=''> <\/div>\n<div style='flex: 1 1 300px; min-width: 280px; max-width: 304px;'> <img style='width: 100%; height: auto; border: 1px solid rgba(150&comma;150&comma;150&comma;0.3); border-radius: 8px;' src='https:\/\/ftp3.syscom.mx\/usuarios\/fotos\/EPB64FW\/95120-epb64fwic2.png' alt=''> <\/div>\n<\/p><\/div>\n<p> <!-- Caracter\u00edsticas Principales --> <\/p>\n<div style='margin-bottom: 30px;'>\n<div style='display: flex; flex-wrap: wrap; gap: 20px;'>\n<div style='flex: 1 1 250px; border: 1px solid rgba(150&comma; 150&comma; 150&comma; 0.4); border-radius: 8px; overflow: hidden; display: flex; flex-direction: column;'>\n<div style='padding: 15px; border-bottom: 1px solid rgba(150&comma; 150&comma; 150&comma; 0.2); font-weight: bold; font-size: 18px; color: inherit; background: #080808; color: #f7f9f9;'>Caracter\u00edsticas Principales<\/div>\n<div style='padding: 15px; color: inherit;'>\n<ul style='padding-left: 20px; margin: 0; font-size: 14px; list-style-type: disc;'>\n<li style='margin-bottom: 5px;'><strong>Monitores compatibles:<\/strong> 32 a 60&#8242;<\/li>\n<li style='margin-bottom: 5px;'><strong>Carga m\u00e1xima:<\/strong> 50Kg<\/li>\n<li style='margin-bottom: 5px;'><strong>VESA compatible:<\/strong> 400&#215;200&comma; 400&#215;400&comma; 600&#215;400<\/li>\n<li style='margin-bottom: 5px;'><strong>Inclinaci\u00f3n:<\/strong> -10\u00ba<\/li>\n<li style='margin-bottom: 5px;'><strong>F\u00e1bricado en:<\/strong> Acero<\/li>\n<li style='margin-bottom: 5px;'><strong>Nivel de ajuste:<\/strong> S\u00ed<\/li>\n<li style='margin-bottom: 5px;'><strong>Separaci\u00f3n de pared:<\/strong> 43mm<\/li>\n<\/ul><\/div>\n<\/p><\/div>\n<\/p><\/div>\n<\/p><\/div>\n<p> <!-- Im\u00e1genes de dimensiones --> <\/p>\n<div style='margin-bottom: 30px;'>\n<div style='display: flex; flex-wrap: wrap; gap: 15px; justify-content: center;'>\n<div style='flex: 1 1 400px; min-width: 300px;'> <img style='width: 100%; height: auto; border: 1px solid rgba(150&comma;150&comma;150&comma;0.3); border-radius: 8px;' src='https:\/\/ftp3.syscom.mx\/usuarios\/fotos\/EPB64FW\/95120-epb64fwimg.png' alt=''> <\/div>\n<div style='flex: 1 1 400px; min-width: 300px;'> <img style='width: 100%; height: auto; border: 1px solid rgba(150&comma;150&comma;150&comma;0.3); border-radius: 8px;' src='https:\/\/ftp3.syscom.mx\/usuarios\/fotos\/EPB64FW\/95120-epb64fwdim.png' alt=''> <\/div>\n<\/p><\/div>\n<\/p><\/div>\n<\/p><\/div>\n","protected":false},"excerpt":{"rendered":"<p>Montaje de Pared Universal Fijo para Monitores de 32 a 60 &#8221; \/ Soporta hasta 50 Kg \/ Vesa 600 x 400 \/ 400 x 400 \/ 400 x 200 \/ Acero \/ 10\u00b0 de Inclinaci\u00f3n \/ Cuenta con Nivel para Ajuste<\/p>\n","protected":false},"featured_media":120001,"comment_status":"open","ping_status":"closed","template":"","meta":[],"product_brand":[],"product_cat":[2115],"product_tag":[93,935,2089],"class_list":{"0":"post-120002","1":"product","2":"type-product","3":"status-publish","4":"has-post-thumbnail","6":"product_cat-accesorios-monitores-pantallas-y-mobiliario","7":"product_tag-accesorios","8":"product_tag-epcom","9":"product_tag-monitores-pantallas-y-mobiliario","11":"first","12":"outofstock","13":"sale","14":"shipping-taxable","15":"purchasable","16":"product-type-simple"},"_links":{"self":[{"href":"https:\/\/soydeaqui.ddns.net\/pachuca\/index.php\/wp-json\/wp\/v2\/product\/120002","targetHints":{"allow":["GET"]}}],"collection":[{"href":"https:\/\/soydeaqui.ddns.net\/pachuca\/index.php\/wp-json\/wp\/v2\/product"}],"about":[{"href":"https:\/\/soydeaqui.ddns.net\/pachuca\/index.php\/wp-json\/wp\/v2\/types\/product"}],"replies":[{"embeddable":true,"href":"https:\/\/soydeaqui.ddns.net\/pachuca\/index.php\/wp-json\/wp\/v2\/comments?post=120002"}],"wp:featuredmedia":[{"embeddable":true,"href":"https:\/\/soydeaqui.ddns.net\/pachuca\/index.php\/wp-json\/wp\/v2\/media\/120001"}],"wp:attachment":[{"href":"https:\/\/soydeaqui.ddns.net\/pachuca\/index.php\/wp-json\/wp\/v2\/media?parent=120002"}],"wp:term":[{"taxonomy":"product_brand","embeddable":true,"href":"https:\/\/soydeaqui.ddns.net\/pachuca\/index.php\/wp-json\/wp\/v2\/product_brand?post=120002"},{"taxonomy":"product_cat","embeddable":true,"href":"https:\/\/soydeaqui.ddns.net\/pachuca\/index.php\/wp-json\/wp\/v2\/product_cat?post=120002"},{"taxonomy":"product_tag","embeddable":true,"href":"https:\/\/soydeaqui.ddns.net\/pachuca\/index.php\/wp-json\/wp\/v2\/product_tag?post=120002"}],"curies":[{"name":"wp","href":"https:\/\/api.w.org\/{rel}","templated":true}]}}