{"id":119997,"date":"2026-03-24T05:39:06","date_gmt":"2026-03-24T05:39:06","guid":{"rendered":"https:\/\/soydeaqui.ddns.net\/pachuca\/index.php\/producto\/pantalla-profesional-led-de-32-resolucion-1920x1080p-entradas-de-video-hdmi-dvi-d-display-port-bocina-integrada-de-10-w-compatible-vesa\/"},"modified":"2026-03-24T05:39:08","modified_gmt":"2026-03-24T05:39:08","slug":"pantalla-profesional-led-de-32-resolucion-1920x1080p-entradas-de-video-hdmi-dvi-d-display-port-bocina-integrada-de-10-w-compatible-vesa","status":"publish","type":"product","link":"https:\/\/soydeaqui.ddns.net\/pachuca\/index.php\/producto\/pantalla-profesional-led-de-32-resolucion-1920x1080p-entradas-de-video-hdmi-dvi-d-display-port-bocina-integrada-de-10-w-compatible-vesa\/","title":{"rendered":"Pantalla Profesional LED de 32&#8243;, Resoluci\u00f3n 1920x1080p, Entradas de Video HDMI \/ DVI-D \/ Display Port. Bocina Integrada de 10 W. Compatible VESA"},"content":{"rendered":"<div style='width: 100%; max-width: 1200px; margin: 0 auto; font-family: sans-serif; line-height: 1.6; color: inherit; background-color: transparent;'>\n<div style='display: flex; flex-wrap: wrap; gap: 30px; margin-bottom: 30px;'>\n<div style='flex: 1 1 300px; min-width: 280px;'>\n<h3 style='font-size: 22px; border-bottom: 2px solid currentColor; padding-bottom: 5px; margin-top: 0; color: inherit; opacity: 0.8;'>Caracter\u00edsticas principales<\/h3>\n<ul style='padding-left: 20px; font-size: 15px; color: inherit;'>\n<li style='margin-bottom: 5px;'><strong>Tama\u00f1o diagonal:<\/strong> 32&#8242;<\/li>\n<li style='margin-bottom: 5px;'><strong>Resoluci\u00f3n:<\/strong> 1920 x 1080 pix.<\/li>\n<li style='margin-bottom: 5px;'><strong>Relaci\u00f3n de aspecto:<\/strong> 16:9<\/li>\n<li style='margin-bottom: 5px;'><strong>Brillo:<\/strong> 350 nit.<\/li>\n<li style='margin-bottom: 5px;'><strong>Bisel:<\/strong> 10.5 (arriba&comma; lados) x 15 (abajo) mm<\/li>\n<li style='margin-bottom: 5px;'><strong>Relaci\u00f3n de contraste:<\/strong> 5000:1<\/li>\n<li style='margin-bottom: 5px;'><strong>Bocinas integradas:<\/strong> 10 W.<\/li>\n<li style='margin-bottom: 5px;'><strong>Aplicable:<\/strong> Solo para video<\/li>\n<li style='margin-bottom: 5px;'><strong>Compatible con:<\/strong> Magicinfo<\/li>\n<li style='margin-bottom: 5px;'><strong>Operaci\u00f3n:<\/strong> 16\/7<\/li>\n<\/ul><\/div>\n<div style='flex: 1 1 300px; min-width: 280px;'>\n<h3 style='font-size: 22px; border-bottom: 2px solid currentColor; padding-bottom: 5px; margin-top: 0; color: inherit; opacity: 0.8;'>Conectividad<\/h3>\n<ul style='padding-left: 20px; font-size: 15px; color: inherit;'>\n<li style='margin-bottom: 5px;'><strong>Entradas de Video:<\/strong> RGB DSUB&comma; DVI-D&comma; HDMI<\/li>\n<li style='margin-bottom: 5px;'><strong>Entrada de Audio:<\/strong> mini Jack Estereo<\/li>\n<li style='margin-bottom: 5px;'><strong>Puerto:<\/strong> USB 2.0<\/li>\n<li style='margin-bottom: 5px;'><strong>Salidas de Audio:<\/strong> mini Jack Estereo<\/li>\n<\/ul>\n<h3 style='font-size: 18px; margin-top: 20px; margin-bottom: 10px; color: inherit;'>Control externo<\/h3>\n<ul style='padding-left: 20px; font-size: 15px; color: inherit;'>\n<li style='margin-bottom: 5px;'>Puerto RS-232C<\/li>\n<li style='margin-bottom: 5px;'>Puerto RJ45<\/li>\n<li style='margin-bottom: 5px;'>Sensor externo IR<\/li>\n<\/ul><\/div>\n<div style='flex: 1 1 300px; min-width: 280px;'>\n<h3 style='font-size: 22px; border-bottom: 2px solid currentColor; padding-bottom: 5px; margin-top: 0; color: inherit; opacity: 0.8;'>Caracter\u00edsticas f\u00edsicas y el\u00e9ctricas<\/h3>\n<ul style='padding-left: 20px; font-size: 15px; color: inherit;'>\n<li style='margin-bottom: 5px;'><strong>Temperatura de operaci\u00f3n:<\/strong> 0 a 40 \u00b0C<\/li>\n<li style='margin-bottom: 5px;'><strong>Alimentaci\u00f3n:<\/strong> 100-240 Vca&comma; 77 W.<\/li>\n<li style='margin-bottom: 5px;'><strong>Compatible con VESA:<\/strong> 200 x 200 mm.<\/li>\n<li style='margin-bottom: 5px;'><strong>Dimensiones:<\/strong> 721.4 x 420.3 x 49.9 mm.<\/li>\n<li style='margin-bottom: 5px;'><strong>Peso:<\/strong> 4.8 Kg.<\/li>\n<li style='margin-bottom: 5px;'><strong>Accesorios:<\/strong> No incluye montajes de pared ni de escritorio<\/li>\n<\/ul><\/div>\n<\/p><\/div>\n<\/p><\/div>\n","protected":false},"excerpt":{"rendered":"<p>Pantalla Profesional LED de 32&#8243;, Resoluci\u00f3n 1920x1080p, Entradas de Video HDMI \/ DVI-D \/ Display Port. Bocina Integrada de 10 W. Compatible VESA<\/p>\n","protected":false},"featured_media":119996,"comment_status":"open","ping_status":"closed","template":"","meta":[],"product_brand":[],"product_cat":[2191],"product_tag":[2089,2192,2193],"class_list":{"0":"post-119997","1":"product","2":"type-product","3":"status-publish","4":"has-post-thumbnail","6":"product_cat-pantallas-monitores-monitores-pantallas-y-mobiliario","7":"product_tag-monitores-pantallas-y-mobiliario","8":"product_tag-pantallas-monitores-2","9":"product_tag-samsung-electronics","11":"first","12":"outofstock","13":"sale","14":"shipping-taxable","15":"purchasable","16":"product-type-simple"},"_links":{"self":[{"href":"https:\/\/soydeaqui.ddns.net\/pachuca\/index.php\/wp-json\/wp\/v2\/product\/119997","targetHints":{"allow":["GET"]}}],"collection":[{"href":"https:\/\/soydeaqui.ddns.net\/pachuca\/index.php\/wp-json\/wp\/v2\/product"}],"about":[{"href":"https:\/\/soydeaqui.ddns.net\/pachuca\/index.php\/wp-json\/wp\/v2\/types\/product"}],"replies":[{"embeddable":true,"href":"https:\/\/soydeaqui.ddns.net\/pachuca\/index.php\/wp-json\/wp\/v2\/comments?post=119997"}],"wp:featuredmedia":[{"embeddable":true,"href":"https:\/\/soydeaqui.ddns.net\/pachuca\/index.php\/wp-json\/wp\/v2\/media\/119996"}],"wp:attachment":[{"href":"https:\/\/soydeaqui.ddns.net\/pachuca\/index.php\/wp-json\/wp\/v2\/media?parent=119997"}],"wp:term":[{"taxonomy":"product_brand","embeddable":true,"href":"https:\/\/soydeaqui.ddns.net\/pachuca\/index.php\/wp-json\/wp\/v2\/product_brand?post=119997"},{"taxonomy":"product_cat","embeddable":true,"href":"https:\/\/soydeaqui.ddns.net\/pachuca\/index.php\/wp-json\/wp\/v2\/product_cat?post=119997"},{"taxonomy":"product_tag","embeddable":true,"href":"https:\/\/soydeaqui.ddns.net\/pachuca\/index.php\/wp-json\/wp\/v2\/product_tag?post=119997"}],"curies":[{"name":"wp","href":"https:\/\/api.w.org\/{rel}","templated":true}]}}