{"id":119967,"date":"2026-03-24T05:37:23","date_gmt":"2026-03-24T05:37:23","guid":{"rendered":"https:\/\/soydeaqui.ddns.net\/pachuca\/index.php\/producto\/ups-de-750-va-300-w-topologia-linea-interactiva-entrada-120-vca-nema-5-15p-y-6-salidas-nema-5-15r-con-regulador-de-voltaje-avr\/"},"modified":"2026-03-24T05:37:38","modified_gmt":"2026-03-24T05:37:38","slug":"ups-de-750-va-300-w-topologia-linea-interactiva-entrada-120-vca-nema-5-15p-y-6-salidas-nema-5-15r-con-regulador-de-voltaje-avr","status":"publish","type":"product","link":"https:\/\/soydeaqui.ddns.net\/pachuca\/index.php\/producto\/ups-de-750-va-300-w-topologia-linea-interactiva-entrada-120-vca-nema-5-15p-y-6-salidas-nema-5-15r-con-regulador-de-voltaje-avr\/","title":{"rendered":"UPS de 750 VA\/300 W, Topolog\u00eda L\u00ednea Interactiva, Entrada 120 Vca NEMA 5-15P, y 6 Salidas NEMA 5-15R, Con Regulador de Voltaje (AVR)"},"content":{"rendered":"<div style='width: 100%; max-width: 1200px; margin: 0 auto; font-family: sans-serif; line-height: 1.6; color: inherit; background-color: transparent;'>\n<div style='display: flex; flex-direction: column; gap: 30px;'>\n<div style='flex: 1 1 300px; min-width: 280px;'> <img style='width: 100%; height: auto; border: 1px solid rgba(150&comma;150&comma;150&comma;0.3); border-radius: 8px;' src='https:\/\/ftp3.syscom.mx\/usuarios\/fotos\/logotipos\/cyberpower.png' alt=''> <\/p>\n<p style='font-size: 15px; color: inherit; margin-top: 20px; margin-bottom: 20px;'>El sistema de voltaje ininterrumpible (UPS) de l\u00ednea interactiva OM750ATLCD de CyberEnergy&comma; protege computadoras personales y otros equipos electr\u00f3nicos (monitores&comma; m\u00f3dems de cable\/DSL&comma; routers VoIP&comma; faxes y sistemas de teatro en casa) contra apagones&comma; variaciones de voltaje&comma; picos&comma; ca\u00eddas de voltaje y otras anomal\u00edas el\u00e9ctricas.<\/p>\n<p style='font-size: 15px; color: inherit; margin-bottom: 20px;'>Con la Regulaci\u00f3n Autom\u00e1tica del Voltaje (AVR) el UPS estabiliza y mantiene un voltaje seguro&comma; manteniendo niveles seguros de voltaje para los equipos conectados&comma; sin tener que recurrir a la energ\u00eda de bater\u00eda.<\/p>\n<\/p><\/div>\n<div style='display: flex; flex-wrap: wrap; gap: 30px;'>\n<div style='flex: 1 1 300px; min-width: 280px;'>\n<h3 style='font-size: 22px; border-bottom: 2px solid currentColor; padding-bottom: 5px; margin-top: 0; color: inherit; opacity: 0.8;'>Caracter\u00edsticas<\/h3>\n<ul style='padding-left: 20px; font-size: 15px; color: inherit;'>\n<li style='margin-bottom: 5px;'>Topolog\u00eda UPS interactiva de l\u00ednea<\/li>\n<li style='margin-bottom: 5px;'>Salida de onda sinusoidal simulada<\/li>\n<li style='margin-bottom: 5px;'>Regulaci\u00f3n autom\u00e1tica de voltaje (AVR)<\/li>\n<li style='margin-bottom: 5px;'>Overload Protection<\/li>\n<li style='margin-bottom: 5px;'>Protecci\u00f3n contra sobretensiones y picos<\/li>\n<li style='margin-bottom: 5px;'>Filtraci\u00f3n EMI y RFI<\/li>\n<li style='margin-bottom: 5px;'>Protecci\u00f3n de tel\u00e9fono&comma; fax&comma; m\u00f3dem&comma; DSL y red<\/li>\n<li style='margin-bottom: 5px;'>Indicador de estado LED<\/li>\n<li style='margin-bottom: 5px;'>Puerto de conexi\u00f3n USB<\/li>\n<li style='margin-bottom: 5px;'>Alarma configurable<\/li>\n<li style='margin-bottom: 5px;'>Software de gesti\u00f3n PowerPanel\u00ae<\/li>\n<li style='margin-bottom: 5px;'>Factor en forma de torre<\/li>\n<\/ul><\/div>\n<div style='flex: 1 1 300px; min-width: 280px;'>\n<h3 style='font-size: 22px; border-bottom: 2px solid currentColor; padding-bottom: 5px; margin-top: 0; color: inherit; opacity: 0.8;'>Especificaciones t\u00e9cnicas<\/h3>\n<ul style='padding-left: 20px; font-size: 15px; color: inherit;'>\n<li style='margin-bottom: 5px;'><strong>Capacidad:<\/strong> 750 VA\/300 W<\/li>\n<li style='margin-bottom: 5px;'><strong>Voltaje de entrada:<\/strong> 120 Vca<\/li>\n<li style='margin-bottom: 5px;'><strong>Rango de frecuencia de entrada:<\/strong> 50\/60Hz \u00b1 5Hz<\/li>\n<li style='margin-bottom: 5px;'><strong>Tipo de Conector de Entrada:<\/strong> NEMA 5-15P <img style='width: 40px; height: auto; vertical-align: middle; border: 1px solid rgba(150&comma;150&comma;150&comma;0.3); border-radius: 4px;' src='https:\/\/www.cyberpower.com\/mx\/es\/File\/GetImageByDocId\/GeneralAttribute-235' alt=''><\/li>\n<li style='margin-bottom: 5px;'><strong>Longitud del cable:<\/strong> 1.8 m<\/li>\n<li style='margin-bottom: 5px;'><strong>Total de Tomas:<\/strong> 6 NEMA 5-15R (3 Bater\u00eda y protecci\u00f3n&comma; 3 solo protecci\u00f3n) <img style='width: 40px; height: auto; vertical-align: middle; border: 1px solid rgba(150&comma;150&comma;150&comma;0.3); border-radius: 4px;' src='https:\/\/www.cyberpower.com\/mx\/es\/File\/GetImageByDocId\/GeneralAttribute-238' alt=''><\/li>\n<li style='margin-bottom: 5px;'><strong>Supresi\u00f3n de picos:<\/strong> 245 Joules<\/li>\n<li style='margin-bottom: 5px;'><strong>Protecci\u00f3n:<\/strong> RJ11 y RJ45<\/li>\n<li style='margin-bottom: 5px;'><strong>Puerto de Comunicaci\u00f3n:<\/strong> USB<\/li>\n<li style='margin-bottom: 5px;'><strong>Panel de control:<\/strong> LCD<\/li>\n<li style='margin-bottom: 5px;'><strong>LED indicadores:<\/strong> Encendido&comma; falla de cableado<\/li>\n<li style='margin-bottom: 5px;'><strong>Dimensiones:<\/strong> 96 x 138 x 286 mm (Ancho x Alto x Profundidad)<\/li>\n<li style='margin-bottom: 5px;'><strong>Peso:<\/strong> 3.97 kg<\/li>\n<li style='margin-bottom: 5px;'><strong>Bater\u00eda:<\/strong> 1 Bater\u00eda 12V\/5Ah<\/li>\n<li style='margin-bottom: 5px;'><strong>NO es compatible con generador de energ\u00eda (plantas de respaldo)<\/strong><\/li>\n<li style='margin-bottom: 5px;'><strong>Garant\u00eda:<\/strong> 2 a\u00f1os (1 a\u00f1o en bater\u00eda)<\/strong><\/li>\n<\/ul><\/div>\n<\/p><\/div>\n<\/p><\/div>\n<hr style='border: 0; border-top: 1px solid rgba(150&comma; 150&comma; 150&comma; 0.3); margin: 30px 0;'> <\/div>\n","protected":false},"excerpt":{"rendered":"<p>UPS de 750 VA\/300 W, Topolog\u00eda L\u00ednea Interactiva, Entrada 120 Vca NEMA 5-15P, y 6 Salidas NEMA 5-15R, Con Regulador de Voltaje (AVR)<\/p>\n","protected":false},"featured_media":119966,"comment_status":"open","ping_status":"closed","template":"","meta":[],"product_brand":[],"product_cat":[1231],"product_tag":[677,142,1232],"class_list":{"0":"post-119967","1":"product","2":"type-product","3":"status-publish","4":"has-post-thumbnail","6":"product_cat-ups-no-break-energia-videovigilancia","7":"product_tag-cyberpower","8":"product_tag-energia","9":"product_tag-ups-no-break-2","11":"first","12":"instock","13":"sale","14":"shipping-taxable","15":"purchasable","16":"product-type-simple"},"_links":{"self":[{"href":"https:\/\/soydeaqui.ddns.net\/pachuca\/index.php\/wp-json\/wp\/v2\/product\/119967","targetHints":{"allow":["GET"]}}],"collection":[{"href":"https:\/\/soydeaqui.ddns.net\/pachuca\/index.php\/wp-json\/wp\/v2\/product"}],"about":[{"href":"https:\/\/soydeaqui.ddns.net\/pachuca\/index.php\/wp-json\/wp\/v2\/types\/product"}],"replies":[{"embeddable":true,"href":"https:\/\/soydeaqui.ddns.net\/pachuca\/index.php\/wp-json\/wp\/v2\/comments?post=119967"}],"wp:featuredmedia":[{"embeddable":true,"href":"https:\/\/soydeaqui.ddns.net\/pachuca\/index.php\/wp-json\/wp\/v2\/media\/119966"}],"wp:attachment":[{"href":"https:\/\/soydeaqui.ddns.net\/pachuca\/index.php\/wp-json\/wp\/v2\/media?parent=119967"}],"wp:term":[{"taxonomy":"product_brand","embeddable":true,"href":"https:\/\/soydeaqui.ddns.net\/pachuca\/index.php\/wp-json\/wp\/v2\/product_brand?post=119967"},{"taxonomy":"product_cat","embeddable":true,"href":"https:\/\/soydeaqui.ddns.net\/pachuca\/index.php\/wp-json\/wp\/v2\/product_cat?post=119967"},{"taxonomy":"product_tag","embeddable":true,"href":"https:\/\/soydeaqui.ddns.net\/pachuca\/index.php\/wp-json\/wp\/v2\/product_tag?post=119967"}],"curies":[{"name":"wp","href":"https:\/\/api.w.org\/{rel}","templated":true}]}}