{"id":119947,"date":"2026-03-24T05:36:17","date_gmt":"2026-03-24T05:36:17","guid":{"rendered":"https:\/\/soydeaqui.ddns.net\/pachuca\/index.php\/producto\/ups-de-8000-va-7200-w-online-doble-conversion-200-240-vac-de-salida-terminal-hardwired-onda-senoidal-pura-torre-o-rack-de-6-ur-con-3-tomas-nema-l6-30r\/"},"modified":"2026-03-24T05:36:30","modified_gmt":"2026-03-24T05:36:30","slug":"ups-de-8000-va-7200-w-online-doble-conversion-200-240-vac-de-salida-terminal-hardwired-onda-senoidal-pura-torre-o-rack-de-6-ur-con-3-tomas-nema-l6-30r","status":"publish","type":"product","link":"https:\/\/soydeaqui.ddns.net\/pachuca\/index.php\/producto\/ups-de-8000-va-7200-w-online-doble-conversion-200-240-vac-de-salida-terminal-hardwired-onda-senoidal-pura-torre-o-rack-de-6-ur-con-3-tomas-nema-l6-30r\/","title":{"rendered":"UPS de 8000 VA\/ 7200 W, Online Doble Conversi\u00f3n, 200 &#8211; 240 Vac de Salida, Terminal Hardwired, Onda Senoidal Pura, Torre o Rack de 6 UR, Con 3 Tomas NEMA L6-30R"},"content":{"rendered":"<div style='width: 100%; max-width: 1200px; margin: 0 auto; font-family: sans-serif; line-height: 1.6; color: inherit;'>\n<div style='display: flex; flex-wrap: wrap; gap: 30px; margin-bottom: 30px;'>\n<div style='flex: 1 1 300px; min-width: 280px;'> <img style='width: 100%; height: auto; border: 1px solid rgba(150&comma;150&comma;150&comma;0.3); border-radius: 8px;' src='https:\/\/ftp3.syscom.mx\/usuarios\/fotos\/logotipos\/cyberpower.png' alt='' \/> <\/div>\n<\/p><\/div>\n<div style='display: flex; flex-wrap: wrap; gap: 30px; margin-bottom: 30px;'>\n<div style='flex: 1 1 300px; min-width: 280px;'>\n<h3 style='font-size: 22px; border-bottom: 2px solid currentColor; padding-bottom: 5px; margin-top: 0; color: inherit; opacity: 0.8;'>Notas Importantes<\/h3>\n<ul style='padding-left: 20px; font-size: 15px; color: inherit;'>\n<li style='margin-bottom: 5px;'><strong>Nota:<\/strong> Este equipo debe ser arrancado por un experto de CyberPower para hacer efectiva la garant\u00eda. Para m\u00e1s informaci\u00f3n comunicarse con el departamento de Ingenier\u00eda.<\/li>\n<li style='margin-bottom: 5px;'><strong>Nota 2:<\/strong> Este equipo entrega voltaje a la salida de 200-240 Vca y NO deriva a 120 Vca por fase. S\u00ed se requiere voltaje de salida a 120 Vca se requiere forzosamente el modelo OL8000RT3UTF con transformador de bajada a la salida.<\/li>\n<\/ul><\/div>\n<\/p><\/div>\n<div style='display: flex; flex-wrap: wrap; gap: 30px; margin-bottom: 30px;'>\n<div style='flex: 1 1 300px; min-width: 280px;'>\n<h3 style='font-size: 22px; border-bottom: 2px solid currentColor; padding-bottom: 5px; margin-top: 0; color: inherit; opacity: 0.8;'>Requisitos de Instalaci\u00f3n<\/h3>\n<ul style='padding-left: 20px; font-size: 15px; color: inherit;'>\n<li style='margin-bottom: 5px;'>Cable 8 AWG cableado al UPS<\/li>\n<li style='margin-bottom: 5px;'>Nivel de voltaje de alimentaci\u00f3n adecuado de 200-240 VAC<\/li>\n<li style='margin-bottom: 5px;'>Interruptor de entrada de 60 Ampers (2&#215;30)<\/li>\n<li style='margin-bottom: 5px;'>Sistema de aterrizaje aislado bien referenciado a tierra<\/li>\n<\/ul><\/div>\n<\/p><\/div>\n<div style='display: flex; flex-wrap: wrap; gap: 30px; margin-bottom: 30px;'>\n<div style='flex: 1 1 300px; min-width: 280px;'>\n<h3 style='font-size: 22px; border-bottom: 2px solid currentColor; padding-bottom: 5px; margin-top: 0; color: inherit; opacity: 0.8;'>Aplicaciones<\/h3>\n<p style='font-size: 15px; color: inherit;'>El UPS Smart App Online OL8000RT3U rack\/torre de CyberPower con panel LCD y onda senoidal pura salvaguarda servidores de misi\u00f3n cr\u00edtica&comma; centros de datos y equipo de telecomunicaciones&comma; VoIP y hardware de interredes que requieren correcci\u00f3n de energ\u00eda. Su topolog\u00eda doble conversi\u00f3n Online es generador compatible y entrega energ\u00eda CA consistente y limpia con cero tiempo de transferencia. El modo configurable GreenPower UPS \u2122 ECO mejora la eficiencia del UPS hasta un 95% y reduce costos de enfriamiento\/energ\u00eda.<\/p>\n<\/p><\/div>\n<\/p><\/div>\n<div style='display: flex; flex-wrap: wrap; gap: 20px; margin-bottom: 30px;'>\n<div style='flex: 1 1 250px; border: 1px solid rgba(150&comma; 150&comma; 150&comma; 0.4); border-radius: 8px; overflow: hidden; display: flex; flex-direction: column;'>\n<div style='padding: 15px; border-bottom: 1px solid rgba(150&comma; 150&comma; 150&comma; 0.2); font-weight: bold; font-size: 18px; color: inherit;'>Especificaciones T\u00e9cnicas<\/div>\n<div style='padding: 15px; color: inherit;'>\n<ul style='padding-left: 20px; margin: 0; font-size: 14px; list-style-type: disc;'>\n<li style='margin-bottom: 5px;'><strong>Voltaje de entrada:<\/strong> 200 &#8211; 240 Vac<\/li>\n<li style='margin-bottom: 5px;'><strong>Frecuencia de entrada:<\/strong> 40 &#8211; 70 Hz<\/li>\n<li style='margin-bottom: 5px;'><strong>Tipo de enchufe de entrada:<\/strong> Hardwired: Cable de Uso Rudo<\/li>\n<li style='margin-bottom: 5px;'><strong>Longitud del cable:<\/strong> N\/A<\/li>\n<li style='margin-bottom: 5px;'><strong>Salida VA:<\/strong> 8&comma;000<\/li>\n<li style='margin-bottom: 5px;'><strong>Salida Watts:<\/strong> 7&comma;200<\/li>\n<li style='margin-bottom: 5px;'><strong>Factor de Potencia:<\/strong> 0.9<\/li>\n<li style='margin-bottom: 5px;'><strong>Voltaje en Bater\u00eda:<\/strong> 200&comma; 208&comma; 220&comma; 230&comma; 240 Vac (Configurable) \u00b12%. <strong>No entrega salida de 120 Vac.<\/strong><\/li>\n<li style='margin-bottom: 5px;'><strong>Transformadores reductores de 220 a 120 disponibles:<\/strong> OL10KRT2UTFHWIOR o OL8K10KRT3UTF<\/li>\n<li style='margin-bottom: 5px;'><strong>Total de tomas de salida:<\/strong> 4<\/li>\n<li style='margin-bottom: 5px;'><strong>Tipo de tomas:<\/strong> NEMA L6-30R (3)&comma; Bloque Terminal Hardwired (1)<\/li>\n<li style='margin-bottom: 5px;'><strong>Tiempo de respaldo con media carga:<\/strong> 13 minutos<\/li>\n<li style='margin-bottom: 5px;'><strong>Tiempo de respaldo con carga completa:<\/strong> 5.6 minutos<\/li>\n<li style='margin-bottom: 5px;'><strong>Protecci\u00f3n de picos:<\/strong> grado de red<\/li>\n<li style='margin-bottom: 5px;'><strong>Administraci\u00f3n Remota SNMP \/ HTTP:<\/strong> RMCARD305 (Opcional)<\/li>\n<li style='margin-bottom: 5px;'><strong>M\u00f3dulo de Bater\u00edas Extendidas:<\/strong> BP240V30ART3U<\/li>\n<li style='margin-bottom: 5px;'><strong>Indicadores:<\/strong> Pantalla LCD de lectura<\/li>\n<li style='margin-bottom: 5px;'><strong>Tama\u00f1o en rack:<\/strong> 6U<\/li>\n<li style='margin-bottom: 5px;'><strong>Dimensiones:<\/strong> 433 x 132 x 660 mm (Ancho x Alto x Profundidad)<\/li>\n<li style='margin-bottom: 5px;'><strong>Peso:<\/strong> 126.75 kg (incluye bater\u00eda)<\/li>\n<\/ul><\/div>\n<\/p><\/div>\n<\/p><\/div>\n<hr style='border: 0; border-top: 1px solid rgba(150&comma; 150&comma; 150&comma; 0.3); margin: 30px 0;'> <\/div>\n","protected":false},"excerpt":{"rendered":"<p>UPS de 8000 VA\/ 7200 W, Online Doble Conversi\u00f3n, 200 &#8211; 240 Vac de Salida, Terminal Hardwired, Onda Senoidal Pura, Torre o Rack de 6 UR, Con 3 Tomas NEMA L6-30R<\/p>\n","protected":false},"featured_media":119946,"comment_status":"open","ping_status":"closed","template":"","meta":[],"product_brand":[],"product_cat":[1231],"product_tag":[677,142,1232],"class_list":{"0":"post-119947","1":"product","2":"type-product","3":"status-publish","4":"has-post-thumbnail","6":"product_cat-ups-no-break-energia-videovigilancia","7":"product_tag-cyberpower","8":"product_tag-energia","9":"product_tag-ups-no-break-2","11":"first","12":"outofstock","13":"sale","14":"shipping-taxable","15":"purchasable","16":"product-type-simple"},"_links":{"self":[{"href":"https:\/\/soydeaqui.ddns.net\/pachuca\/index.php\/wp-json\/wp\/v2\/product\/119947","targetHints":{"allow":["GET"]}}],"collection":[{"href":"https:\/\/soydeaqui.ddns.net\/pachuca\/index.php\/wp-json\/wp\/v2\/product"}],"about":[{"href":"https:\/\/soydeaqui.ddns.net\/pachuca\/index.php\/wp-json\/wp\/v2\/types\/product"}],"replies":[{"embeddable":true,"href":"https:\/\/soydeaqui.ddns.net\/pachuca\/index.php\/wp-json\/wp\/v2\/comments?post=119947"}],"wp:featuredmedia":[{"embeddable":true,"href":"https:\/\/soydeaqui.ddns.net\/pachuca\/index.php\/wp-json\/wp\/v2\/media\/119946"}],"wp:attachment":[{"href":"https:\/\/soydeaqui.ddns.net\/pachuca\/index.php\/wp-json\/wp\/v2\/media?parent=119947"}],"wp:term":[{"taxonomy":"product_brand","embeddable":true,"href":"https:\/\/soydeaqui.ddns.net\/pachuca\/index.php\/wp-json\/wp\/v2\/product_brand?post=119947"},{"taxonomy":"product_cat","embeddable":true,"href":"https:\/\/soydeaqui.ddns.net\/pachuca\/index.php\/wp-json\/wp\/v2\/product_cat?post=119947"},{"taxonomy":"product_tag","embeddable":true,"href":"https:\/\/soydeaqui.ddns.net\/pachuca\/index.php\/wp-json\/wp\/v2\/product_tag?post=119947"}],"curies":[{"name":"wp","href":"https:\/\/api.w.org\/{rel}","templated":true}]}}